{"id":3923,"date":"2015-09-22T12:05:36","date_gmt":"2015-09-22T12:05:36","guid":{"rendered":"https:\/\/www.sunonusa.com\/cooling-modules\/"},"modified":"2018-07-17T15:38:36","modified_gmt":"2018-07-17T22:38:36","slug":"cooling-modules","status":"publish","type":"page","link":"https:\/\/sunonusa.pulsechat.com\/pt-br\/cooling-modules\/","title":{"rendered":"M\u00f3dulos de Resfriamento"},"content":{"rendered":"<p>A Sunon oferece m\u00f3dulos de resfriamento com tr\u00eas tipos de configura\u00e7\u00f5es para escolha &#8211; um dissipador de calor passivo \u00fanico, um dissipador passivo com tubula\u00e7\u00e3o de calor, e um dissipador com ventoinha (tamb\u00e9m dissipador) com ou sem tubula\u00e7\u00e3o de calor a montagem. M\u00f3dulos de resfriamento podem ser configurados e personalizados para dissipar calor em uma convec\u00e7\u00e3o natural ou for\u00e7ada dependendo na aplica\u00e7\u00e3o do sistema.<\/p>\n<p>Dissipadores de calor extrudidos s\u00e3o mais comuns e amplamente usados atualmente por fornecerem uma grande gama de convec\u00e7\u00e3o natural para componentes de alta pot\u00eancia e sistemas. \u00c9 tamb\u00e9m o mais vi\u00e1vel economicamente. Dissipadores de calor extrudidos s\u00e3o tipicamente feitos com alum\u00ednio, e cada forma \u00e9 projetada para alcan\u00e7ar o melhor desempenho t\u00e9rmico e estrutural.<br \/>\nDissipadores com ventoinha fornecem convec\u00e7\u00e3o for\u00e7ada com benef\u00edcios de resfriamento do componente significantes. Projetado com uma ventoinha anexada a uma base dissipadora, este tipo de configura\u00e7\u00e3o t\u00e9rmica aumentar\u00e1 o fluxo de ar localizado e melhorar\u00e1 a efici\u00eancia t\u00e9rmica. A ventoinha ativa melhora o desempenho t\u00e9rmico em espa\u00e7os restritos.<\/p>\n<p><img loading=\"lazy\" decoding=\"async\" class=\"wp-image-2559 size-full aligncenter\" src=\"https:\/\/www.sunonusa.com\/wp-content\/uploads\/2015\/09\/CoolingModule-e1446144405701.jpg\" alt=\"CoolingModule\" width=\"671\" height=\"133\" srcset=\"https:\/\/sunonusa.pulsechat.com\/wp-content\/uploads\/2015\/09\/CoolingModule-e1446144405701.jpg 671w, https:\/\/sunonusa.pulsechat.com\/wp-content\/uploads\/2015\/09\/CoolingModule-e1446144405701-600x119.jpg 600w\" sizes=\"(max-width: 671px) 100vw, 671px\" \/><\/p>\n<p>A Sunon \u00e9 a escolha n\u00famero um para solu\u00e7\u00f5es t\u00e9rmicas otimizadas, pois m\u00f3dulos de resfriamento devem ser personalizados e projetados com base nas necessidades t\u00e9rmicas e estruturais do seu sistema. N\u00f3s oferecemos servi\u00e7os de design complementares tais quais simula\u00e7\u00e3o t\u00e9rmica, otimiza\u00e7\u00e3o de ventila\u00e7\u00e3o, perfil de velocidade, distribui\u00e7\u00e3o de temperatura e press\u00e3o, e an\u00e1lise de teste e desempenho. A Sunon tem a habilidade de desenvolver uma solu\u00e7\u00e3o personalizada para voc\u00ea. Tudo o que n\u00f3s precisamos \u00e9 de um modelo 3D de um sistema de Circuito Impresso. Uma vez que o design \u00e9 finalizado, o prot\u00f3tipo pode ser entregue para avalia\u00e7\u00e3o em t\u00e3o pouco quanto 2 a 10 dias corridos.<\/p>\n<div class=\"video-stage\">\n\t\t\t\t<a href=\"https:\/\/www.youtube.com\/embed\/j84kC3pZjB0?version=3\" data-rel=\"lightcase:videoplay\"><img loading=\"lazy\" decoding=\"async\" src=\"http:\/\/img.youtube.com\/vi\/j84kC3pZjB0\/maxresdefault.jpg\" width=\"570\" height=\"320\"><\/a>\n\t\t\t<\/div><ul class=\"video-playlist\"><\/ul>\n","protected":false},"excerpt":{"rendered":"<p>A Sunon oferece m\u00f3dulos de resfriamento com tr\u00eas tipos de configura\u00e7\u00f5es para escolha &#8211; um dissipador de calor passivo \u00fanico, um dissipador passivo com tubula\u00e7\u00e3o de calor, e um dissipador com ventoinha (tamb\u00e9m dissipador) com ou sem tubula\u00e7\u00e3o de calor a montagem. M\u00f3dulos de resfriamento podem ser configurados e personalizados para dissipar calor em uma [&hellip;]<\/p>\n","protected":false},"author":7,"featured_media":0,"parent":0,"menu_order":0,"comment_status":"closed","ping_status":"closed","template":"","meta":{"_et_pb_use_builder":"","_et_pb_old_content":"","_et_gb_content_width":"","_monsterinsights_skip_tracking":false,"_monsterinsights_sitenote_active":false,"_monsterinsights_sitenote_note":"","_monsterinsights_sitenote_category":0,"ngg_post_thumbnail":0,"footnotes":""},"class_list":["post-3923","page","type-page","status-publish","hentry","wpautop"],"yoast_head":"<!-- This site is optimized with the Yoast SEO plugin v22.8 - https:\/\/yoast.com\/wordpress\/plugins\/seo\/ -->\n<title>M\u00f3dulos de Resfriamento | Sunon Inc.<\/title>\n<meta name=\"robots\" content=\"noindex, follow, max-snippet:-1, max-image-preview:large, max-video-preview:-1\" \/>\n<meta property=\"og:locale\" content=\"pt_BR\" \/>\n<meta property=\"og:type\" content=\"article\" \/>\n<meta property=\"og:title\" content=\"M\u00f3dulos de Resfriamento | Sunon Inc.\" \/>\n<meta property=\"og:description\" content=\"A Sunon oferece m\u00f3dulos de resfriamento com tr\u00eas tipos de configura\u00e7\u00f5es para escolha &#8211; um dissipador de calor passivo \u00fanico, um dissipador passivo com tubula\u00e7\u00e3o de calor, e um dissipador com ventoinha (tamb\u00e9m dissipador) com ou sem tubula\u00e7\u00e3o de calor a montagem. M\u00f3dulos de resfriamento podem ser configurados e personalizados para dissipar calor em uma [&hellip;]\" \/>\n<meta property=\"og:url\" content=\"https:\/\/sunonusa.pulsechat.com\/pt-br\/cooling-modules\/\" \/>\n<meta property=\"og:site_name\" content=\"Sunon Inc.\" \/>\n<meta property=\"article:modified_time\" content=\"2018-07-17T22:38:36+00:00\" \/>\n<meta property=\"og:image\" content=\"https:\/\/www.sunonusa.com\/wp-content\/uploads\/2015\/09\/CoolingModule-e1446144405701.jpg\" \/>\n<meta name=\"twitter:card\" content=\"summary_large_image\" \/>\n<meta name=\"twitter:label1\" content=\"Est. tempo de leitura\" \/>\n\t<meta name=\"twitter:data1\" content=\"2 minutos\" \/>\n<script type=\"application\/ld+json\" class=\"yoast-schema-graph\">{\"@context\":\"https:\/\/schema.org\",\"@graph\":[{\"@type\":\"WebPage\",\"@id\":\"https:\/\/sunonusa.pulsechat.com\/pt-br\/cooling-modules\/\",\"url\":\"https:\/\/sunonusa.pulsechat.com\/pt-br\/cooling-modules\/\",\"name\":\"M\u00f3dulos de Resfriamento | Sunon Inc.\",\"isPartOf\":{\"@id\":\"https:\/\/sunonusa.pulsechat.com\/#website\"},\"primaryImageOfPage\":{\"@id\":\"https:\/\/sunonusa.pulsechat.com\/pt-br\/cooling-modules\/#primaryimage\"},\"image\":{\"@id\":\"https:\/\/sunonusa.pulsechat.com\/pt-br\/cooling-modules\/#primaryimage\"},\"thumbnailUrl\":\"https:\/\/www.sunonusa.com\/wp-content\/uploads\/2015\/09\/CoolingModule-e1446144405701.jpg\",\"datePublished\":\"2015-09-22T12:05:36+00:00\",\"dateModified\":\"2018-07-17T22:38:36+00:00\",\"breadcrumb\":{\"@id\":\"https:\/\/sunonusa.pulsechat.com\/pt-br\/cooling-modules\/#breadcrumb\"},\"inLanguage\":\"pt-BR\",\"potentialAction\":[{\"@type\":\"ReadAction\",\"target\":[\"https:\/\/sunonusa.pulsechat.com\/pt-br\/cooling-modules\/\"]}]},{\"@type\":\"ImageObject\",\"inLanguage\":\"pt-BR\",\"@id\":\"https:\/\/sunonusa.pulsechat.com\/pt-br\/cooling-modules\/#primaryimage\",\"url\":\"https:\/\/www.sunonusa.com\/wp-content\/uploads\/2015\/09\/CoolingModule-e1446144405701.jpg\",\"contentUrl\":\"https:\/\/www.sunonusa.com\/wp-content\/uploads\/2015\/09\/CoolingModule-e1446144405701.jpg\"},{\"@type\":\"BreadcrumbList\",\"@id\":\"https:\/\/sunonusa.pulsechat.com\/pt-br\/cooling-modules\/#breadcrumb\",\"itemListElement\":[{\"@type\":\"ListItem\",\"position\":1,\"name\":\"Home\",\"item\":\"https:\/\/sunonusa.pulsechat.com\/pt-br\/?page_id=12551\"},{\"@type\":\"ListItem\",\"position\":2,\"name\":\"M\u00f3dulos de Resfriamento\"}]},{\"@type\":\"WebSite\",\"@id\":\"https:\/\/sunonusa.pulsechat.com\/#website\",\"url\":\"https:\/\/sunonusa.pulsechat.com\/\",\"name\":\"Sunon Inc.\",\"description\":\"\",\"publisher\":{\"@id\":\"https:\/\/sunonusa.pulsechat.com\/#organization\"},\"potentialAction\":[{\"@type\":\"SearchAction\",\"target\":{\"@type\":\"EntryPoint\",\"urlTemplate\":\"https:\/\/sunonusa.pulsechat.com\/?s={search_term_string}\"},\"query-input\":\"required name=search_term_string\"}],\"inLanguage\":\"pt-BR\"},{\"@type\":\"Organization\",\"@id\":\"https:\/\/sunonusa.pulsechat.com\/#organization\",\"name\":\"Sunon USA\",\"url\":\"https:\/\/sunonusa.pulsechat.com\/\",\"logo\":{\"@type\":\"ImageObject\",\"inLanguage\":\"pt-BR\",\"@id\":\"https:\/\/sunonusa.pulsechat.com\/#\/schema\/logo\/image\/\",\"url\":\"https:\/\/www.sunonusa.com\/wp-content\/uploads\/2015\/11\/sunon-logo-1.jpg\",\"contentUrl\":\"https:\/\/www.sunonusa.com\/wp-content\/uploads\/2015\/11\/sunon-logo-1.jpg\",\"width\":565,\"height\":109,\"caption\":\"Sunon USA\"},\"image\":{\"@id\":\"https:\/\/sunonusa.pulsechat.com\/#\/schema\/logo\/image\/\"}}]}<\/script>\n<!-- \/ Yoast SEO plugin. -->","yoast_head_json":{"title":"M\u00f3dulos de Resfriamento | Sunon Inc.","robots":{"index":"noindex","follow":"follow","max-snippet":"max-snippet:-1","max-image-preview":"max-image-preview:large","max-video-preview":"max-video-preview:-1"},"og_locale":"pt_BR","og_type":"article","og_title":"M\u00f3dulos de Resfriamento | Sunon Inc.","og_description":"A Sunon oferece m\u00f3dulos de resfriamento com tr\u00eas tipos de configura\u00e7\u00f5es para escolha &#8211; um dissipador de calor passivo \u00fanico, um dissipador passivo com tubula\u00e7\u00e3o de calor, e um dissipador com ventoinha (tamb\u00e9m dissipador) com ou sem tubula\u00e7\u00e3o de calor a montagem. M\u00f3dulos de resfriamento podem ser configurados e personalizados para dissipar calor em uma [&hellip;]","og_url":"https:\/\/sunonusa.pulsechat.com\/pt-br\/cooling-modules\/","og_site_name":"Sunon Inc.","article_modified_time":"2018-07-17T22:38:36+00:00","og_image":[{"url":"https:\/\/www.sunonusa.com\/wp-content\/uploads\/2015\/09\/CoolingModule-e1446144405701.jpg"}],"twitter_card":"summary_large_image","twitter_misc":{"Est. tempo de leitura":"2 minutos"},"schema":{"@context":"https:\/\/schema.org","@graph":[{"@type":"WebPage","@id":"https:\/\/sunonusa.pulsechat.com\/pt-br\/cooling-modules\/","url":"https:\/\/sunonusa.pulsechat.com\/pt-br\/cooling-modules\/","name":"M\u00f3dulos de Resfriamento | Sunon Inc.","isPartOf":{"@id":"https:\/\/sunonusa.pulsechat.com\/#website"},"primaryImageOfPage":{"@id":"https:\/\/sunonusa.pulsechat.com\/pt-br\/cooling-modules\/#primaryimage"},"image":{"@id":"https:\/\/sunonusa.pulsechat.com\/pt-br\/cooling-modules\/#primaryimage"},"thumbnailUrl":"https:\/\/www.sunonusa.com\/wp-content\/uploads\/2015\/09\/CoolingModule-e1446144405701.jpg","datePublished":"2015-09-22T12:05:36+00:00","dateModified":"2018-07-17T22:38:36+00:00","breadcrumb":{"@id":"https:\/\/sunonusa.pulsechat.com\/pt-br\/cooling-modules\/#breadcrumb"},"inLanguage":"pt-BR","potentialAction":[{"@type":"ReadAction","target":["https:\/\/sunonusa.pulsechat.com\/pt-br\/cooling-modules\/"]}]},{"@type":"ImageObject","inLanguage":"pt-BR","@id":"https:\/\/sunonusa.pulsechat.com\/pt-br\/cooling-modules\/#primaryimage","url":"https:\/\/www.sunonusa.com\/wp-content\/uploads\/2015\/09\/CoolingModule-e1446144405701.jpg","contentUrl":"https:\/\/www.sunonusa.com\/wp-content\/uploads\/2015\/09\/CoolingModule-e1446144405701.jpg"},{"@type":"BreadcrumbList","@id":"https:\/\/sunonusa.pulsechat.com\/pt-br\/cooling-modules\/#breadcrumb","itemListElement":[{"@type":"ListItem","position":1,"name":"Home","item":"https:\/\/sunonusa.pulsechat.com\/pt-br\/?page_id=12551"},{"@type":"ListItem","position":2,"name":"M\u00f3dulos de Resfriamento"}]},{"@type":"WebSite","@id":"https:\/\/sunonusa.pulsechat.com\/#website","url":"https:\/\/sunonusa.pulsechat.com\/","name":"Sunon Inc.","description":"","publisher":{"@id":"https:\/\/sunonusa.pulsechat.com\/#organization"},"potentialAction":[{"@type":"SearchAction","target":{"@type":"EntryPoint","urlTemplate":"https:\/\/sunonusa.pulsechat.com\/?s={search_term_string}"},"query-input":"required name=search_term_string"}],"inLanguage":"pt-BR"},{"@type":"Organization","@id":"https:\/\/sunonusa.pulsechat.com\/#organization","name":"Sunon USA","url":"https:\/\/sunonusa.pulsechat.com\/","logo":{"@type":"ImageObject","inLanguage":"pt-BR","@id":"https:\/\/sunonusa.pulsechat.com\/#\/schema\/logo\/image\/","url":"https:\/\/www.sunonusa.com\/wp-content\/uploads\/2015\/11\/sunon-logo-1.jpg","contentUrl":"https:\/\/www.sunonusa.com\/wp-content\/uploads\/2015\/11\/sunon-logo-1.jpg","width":565,"height":109,"caption":"Sunon USA"},"image":{"@id":"https:\/\/sunonusa.pulsechat.com\/#\/schema\/logo\/image\/"}}]}},"_links":{"self":[{"href":"https:\/\/sunonusa.pulsechat.com\/pt-br\/wp-json\/wp\/v2\/pages\/3923","targetHints":{"allow":["GET"]}}],"collection":[{"href":"https:\/\/sunonusa.pulsechat.com\/pt-br\/wp-json\/wp\/v2\/pages"}],"about":[{"href":"https:\/\/sunonusa.pulsechat.com\/pt-br\/wp-json\/wp\/v2\/types\/page"}],"author":[{"embeddable":true,"href":"https:\/\/sunonusa.pulsechat.com\/pt-br\/wp-json\/wp\/v2\/users\/7"}],"replies":[{"embeddable":true,"href":"https:\/\/sunonusa.pulsechat.com\/pt-br\/wp-json\/wp\/v2\/comments?post=3923"}],"version-history":[{"count":0,"href":"https:\/\/sunonusa.pulsechat.com\/pt-br\/wp-json\/wp\/v2\/pages\/3923\/revisions"}],"wp:attachment":[{"href":"https:\/\/sunonusa.pulsechat.com\/pt-br\/wp-json\/wp\/v2\/media?parent=3923"}],"curies":[{"name":"wp","href":"https:\/\/api.w.org\/{rel}","templated":true}]}}