{"id":3899,"date":"2015-09-22T05:43:41","date_gmt":"2015-09-22T05:43:41","guid":{"rendered":"https:\/\/www.sunonusa.com\/dc-fan-blower\/"},"modified":"2018-07-17T15:22:50","modified_gmt":"2018-07-17T22:22:50","slug":"dc-fan-blower","status":"publish","type":"page","link":"https:\/\/sunonusa.pulsechat.com\/pt-br\/dc-fan-blower\/","title":{"rendered":"Cooler &#038; Exaustor CC"},"content":{"rendered":"<p>[vc_row el_id=&#8221;cataloque&#8221; el_class=&#8221;cataloque&#8221;][vc_column][vc_column_text]Em sua busca por incr\u00edvel qualidade com inova\u00e7\u00e3o, a SUNON \u00e9 recompensada pela sua posi\u00e7\u00e3o n\u00ba 1 na participa\u00e7\u00e3o de mercado.[\/vc_column_text][vc_column_text]Por d\u00e9cadas, a SUNON constantemente se concentrou em sua tecnologia motora principal e, como resultado, n\u00f3s acumulamos v\u00e1rias inven\u00e7\u00f5es e inova\u00e7\u00f5es neste campo. N\u00f3s agora fornecemos a s\u00e9rie de Exaustores &amp; Coolers CC 17mm~120mm e oferecemos as solu\u00e7\u00f5es t\u00e9rmicas mais eficazes. Em 1999, a SUNON lan\u00e7ou com sucesso o Motor de Cooler MagLev, o primeiro motor de levita\u00e7\u00e3o magn\u00e9tica no mundo. Baseado no excelente desempenho deste produto, produtos de motor de cooler foram lan\u00e7ados em seguida apresentando maior flexibilidade, efici\u00eancia energ\u00e9tica, menor barulho, e maior vida \u00fatil foram criados. A s\u00e9rie de produtos cumpre com a RoHS e tamb\u00e9m \u00e9 certificada de acordo com v\u00e1rios sistemas de acredita\u00e7\u00e3o de gerenciamento de qualidade e ganhou v\u00e1rias acredita\u00e7\u00f5es tais como UL, TUV e VDE. De acordo com o relat\u00f3rio de uma pesquisa no mercado global de mini motores publicada por Fuji Keizai (2009), a participa\u00e7\u00e3o da SUNON no mercado de coolers CC \u00e9 a maior, mantendo sua lideran\u00e7a no mercado.[\/vc_column_text][vc_column_text]<\/p>\n<h4>Cooler CC<a class=\"button text-left right\" href=\"\/product-category\/dc-fan\/\">Ver Todos<\/a><\/h4>\n<p>[\/vc_column_text]<div class=\"woocommerce columns-4 \"><ul class=\"products\"><li class=\"first post-654 product type-product status-publish has-post-thumbnail product_cat-dc-fan wpautop  instock shipping-taxable product-type-simple\">\n\n\t<a href=\"https:\/\/sunonusa.pulsechat.com\/pt-br\/product\/dc-fan-10x10x3-2\/\" class=\"woocommerce-LoopProduct-link woocommerce-loop-product__link\">\n\t<a href=\"https:\/\/sunonusa.pulsechat.com\/pt-br\/product\/dc-fan-10x10x3-2\/\">\n\t\t<figure>\n\t\t<span class=\"et_shop_image\"><img loading=\"lazy\" decoding=\"async\" width=\"118\" height=\"100\" src=\"https:\/\/sunonusa.pulsechat.com\/wp-content\/uploads\/2015\/10\/UF3A3-118x100.jpg\" class=\"attachment-product-thumb size-product-thumb wp-post-image\" alt=\"\" \/><span class=\"et_overlay\"><\/span><\/span>\t\t\t\t<figcaption>UF3A3-700<br\/>10X10X3<\/figcaption>\n\n\t\t<\/figure>\n\t<\/a>\n\n\t<\/a>\n<\/li>\n<li class=\"post-671 product type-product status-publish has-post-thumbnail product_cat-dc-fan wpautop last instock shipping-taxable product-type-simple\">\n\n\t<a href=\"https:\/\/sunonusa.pulsechat.com\/pt-br\/product\/dc-fan-10x10x3-3\/\" class=\"woocommerce-LoopProduct-link woocommerce-loop-product__link\">\n\t<a href=\"https:\/\/sunonusa.pulsechat.com\/pt-br\/product\/dc-fan-10x10x3-3\/\">\n\t\t<figure>\n\t\t<span class=\"et_shop_image\"><img loading=\"lazy\" decoding=\"async\" width=\"118\" height=\"100\" src=\"https:\/\/sunonusa.pulsechat.com\/wp-content\/uploads\/2015\/10\/UF3A3-118x100.jpg\" class=\"attachment-product-thumb size-product-thumb wp-post-image\" alt=\"\" \/><span class=\"et_overlay\"><\/span><\/span>\t\t\t\t<figcaption>UF3A3-500B<br\/>10X10X3<\/figcaption>\n\n\t\t<\/figure>\n\t<\/a>\n\n\t<\/a>\n<\/li>\n<li class=\"first post-672 product type-product status-publish has-post-thumbnail product_cat-dc-fan wpautop  instock shipping-taxable product-type-simple\">\n\n\t<a href=\"https:\/\/sunonusa.pulsechat.com\/pt-br\/product\/dc-fan-10x10x3-4\/\" class=\"woocommerce-LoopProduct-link woocommerce-loop-product__link\">\n\t<a href=\"https:\/\/sunonusa.pulsechat.com\/pt-br\/product\/dc-fan-10x10x3-4\/\">\n\t\t<figure>\n\t\t<span class=\"et_shop_image\"><img loading=\"lazy\" decoding=\"async\" width=\"118\" height=\"100\" src=\"https:\/\/sunonusa.pulsechat.com\/wp-content\/uploads\/2015\/10\/UF3A3-118x100.jpg\" class=\"attachment-product-thumb size-product-thumb wp-post-image\" alt=\"\" \/><span class=\"et_overlay\"><\/span><\/span>\t\t\t\t<figcaption>UF3A3-700B<br\/>10X10X3<\/figcaption>\n\n\t\t<\/figure>\n\t<\/a>\n\n\t<\/a>\n<\/li>\n<li class=\"post-10262 product type-product status-publish product_cat-dc-fan wpautop last instock shipping-taxable product-type-simple\">\n\n\t<a href=\"https:\/\/sunonusa.pulsechat.com\/pt-br\/product\/dc-fan-120x120x25-59\/\" class=\"woocommerce-LoopProduct-link woocommerce-loop-product__link\">\n\t<a href=\"https:\/\/sunonusa.pulsechat.com\/pt-br\/product\/dc-fan-120x120x25-59\/\">\n\t\t<figure>\n\t\t<span class=\"et_shop_image\"><img src='https:\/\/sunonusa.pulsechat.com\/wp-content\/themes\/sunon\/pictures\/dummy-product.jpg'><span class=\"et_overlay\"><\/span><\/span>\t\t\t\t<figcaption>MEC0252V1-000U-F99<br\/>120X120X25<\/figcaption>\n\n\t\t<\/figure>\n\t<\/a>\n\n\t<\/a>\n<\/li>\n<li class=\"first post-10263 product type-product status-publish product_cat-dc-fan wpautop  instock shipping-taxable product-type-simple\">\n\n\t<a href=\"https:\/\/sunonusa.pulsechat.com\/pt-br\/product\/dc-fan-120x120x25-60\/\" class=\"woocommerce-LoopProduct-link woocommerce-loop-product__link\">\n\t<a href=\"https:\/\/sunonusa.pulsechat.com\/pt-br\/product\/dc-fan-120x120x25-60\/\">\n\t\t<figure>\n\t\t<span class=\"et_shop_image\"><img src='https:\/\/sunonusa.pulsechat.com\/wp-content\/themes\/sunon\/pictures\/dummy-product.jpg'><span class=\"et_overlay\"><\/span><\/span>\t\t\t\t<figcaption>MEC0252V1-000U-G99<br\/>120X120X25<\/figcaption>\n\n\t\t<\/figure>\n\t<\/a>\n\n\t<\/a>\n<\/li>\n<li class=\"post-10264 product type-product status-publish product_cat-dc-fan wpautop last instock shipping-taxable product-type-simple\">\n\n\t<a href=\"https:\/\/sunonusa.pulsechat.com\/pt-br\/product\/dc-fan-120x120x25-61\/\" class=\"woocommerce-LoopProduct-link woocommerce-loop-product__link\">\n\t<a href=\"https:\/\/sunonusa.pulsechat.com\/pt-br\/product\/dc-fan-120x120x25-61\/\">\n\t\t<figure>\n\t\t<span class=\"et_shop_image\"><img src='https:\/\/sunonusa.pulsechat.com\/wp-content\/themes\/sunon\/pictures\/dummy-product.jpg'><span class=\"et_overlay\"><\/span><\/span>\t\t\t\t<figcaption>MEC0252V2-000U-F99<br\/>120X120X25<\/figcaption>\n\n\t\t<\/figure>\n\t<\/a>\n\n\t<\/a>\n<\/li>\n<li class=\"first post-10265 product type-product status-publish product_cat-dc-fan wpautop  instock shipping-taxable product-type-simple\">\n\n\t<a href=\"https:\/\/sunonusa.pulsechat.com\/pt-br\/product\/dc-fan-120x120x25-62\/\" class=\"woocommerce-LoopProduct-link woocommerce-loop-product__link\">\n\t<a href=\"https:\/\/sunonusa.pulsechat.com\/pt-br\/product\/dc-fan-120x120x25-62\/\">\n\t\t<figure>\n\t\t<span class=\"et_shop_image\"><img src='https:\/\/sunonusa.pulsechat.com\/wp-content\/themes\/sunon\/pictures\/dummy-product.jpg'><span class=\"et_overlay\"><\/span><\/span>\t\t\t\t<figcaption>MEC0252V2-000U-G99<br\/>120X120X25<\/figcaption>\n\n\t\t<\/figure>\n\t<\/a>\n\n\t<\/a>\n<\/li>\n<li class=\"post-10266 product type-product status-publish product_cat-dc-fan wpautop last instock shipping-taxable product-type-simple\">\n\n\t<a href=\"https:\/\/sunonusa.pulsechat.com\/pt-br\/product\/dc-fan-120x120x25-63\/\" class=\"woocommerce-LoopProduct-link woocommerce-loop-product__link\">\n\t<a href=\"https:\/\/sunonusa.pulsechat.com\/pt-br\/product\/dc-fan-120x120x25-63\/\">\n\t\t<figure>\n\t\t<span class=\"et_shop_image\"><img src='https:\/\/sunonusa.pulsechat.com\/wp-content\/themes\/sunon\/pictures\/dummy-product.jpg'><span class=\"et_overlay\"><\/span><\/span>\t\t\t\t<figcaption>MEC0252V3-000U-F99<br\/>120X120X25<\/figcaption>\n\n\t\t<\/figure>\n\t<\/a>\n\n\t<\/a>\n<\/li>\n<\/ul><\/div>[vc_column_text]<\/p>\n<h4>Exaustor CC<a class=\"button text-left right\" href=\"\/product-category\/dc-blower\/\">Ver Todos<\/a><\/h4>\n<p>[\/vc_column_text]<div class=\"woocommerce columns-4 \"><ul class=\"products\"><li class=\"first post-11062 product type-product status-publish product_cat-dc-blower wpautop  instock shipping-taxable product-type-simple\">\n\n\t<a href=\"https:\/\/sunonusa.pulsechat.com\/pt-br\/product\/dc-blower-100x100x25\/\" class=\"woocommerce-LoopProduct-link woocommerce-loop-product__link\">\n\t<a href=\"https:\/\/sunonusa.pulsechat.com\/pt-br\/product\/dc-blower-100x100x25\/\">\n\t\t<figure>\n\t\t<span class=\"et_shop_image\"><img src='https:\/\/sunonusa.pulsechat.com\/wp-content\/themes\/sunon\/pictures\/dummy-product.jpg'><span class=\"et_overlay\"><\/span><\/span>\t\t\t\t<figcaption>AFA0251B1-1B000-H99<br\/>100X100X25<\/figcaption>\n\n\t\t<\/figure>\n\t<\/a>\n\n\t<\/a>\n<\/li>\n<li class=\"post-11063 product type-product status-publish product_cat-dc-blower wpautop last instock shipping-taxable product-type-simple\">\n\n\t<a href=\"https:\/\/sunonusa.pulsechat.com\/pt-br\/product\/dc-blower-100x100x25-2\/\" class=\"woocommerce-LoopProduct-link woocommerce-loop-product__link\">\n\t<a href=\"https:\/\/sunonusa.pulsechat.com\/pt-br\/product\/dc-blower-100x100x25-2\/\">\n\t\t<figure>\n\t\t<span class=\"et_shop_image\"><img src='https:\/\/sunonusa.pulsechat.com\/wp-content\/themes\/sunon\/pictures\/dummy-product.jpg'><span class=\"et_overlay\"><\/span><\/span>\t\t\t\t<figcaption>AFA0251B1-1B000-S99<br\/>100X100X25<\/figcaption>\n\n\t\t<\/figure>\n\t<\/a>\n\n\t<\/a>\n<\/li>\n<li class=\"first post-11064 product type-product status-publish product_cat-dc-blower wpautop  instock shipping-taxable product-type-simple\">\n\n\t<a href=\"https:\/\/sunonusa.pulsechat.com\/pt-br\/product\/dc-blower-100x100x25-3\/\" class=\"woocommerce-LoopProduct-link woocommerce-loop-product__link\">\n\t<a href=\"https:\/\/sunonusa.pulsechat.com\/pt-br\/product\/dc-blower-100x100x25-3\/\">\n\t\t<figure>\n\t\t<span class=\"et_shop_image\"><img src='https:\/\/sunonusa.pulsechat.com\/wp-content\/themes\/sunon\/pictures\/dummy-product.jpg'><span class=\"et_overlay\"><\/span><\/span>\t\t\t\t<figcaption>AFA0251B1-1B00U-H99<br\/>100X100X25<\/figcaption>\n\n\t\t<\/figure>\n\t<\/a>\n\n\t<\/a>\n<\/li>\n<li class=\"post-11065 product type-product status-publish product_cat-dc-blower wpautop last instock shipping-taxable product-type-simple\">\n\n\t<a href=\"https:\/\/sunonusa.pulsechat.com\/pt-br\/product\/dc-blower-100x100x25-4\/\" class=\"woocommerce-LoopProduct-link woocommerce-loop-product__link\">\n\t<a href=\"https:\/\/sunonusa.pulsechat.com\/pt-br\/product\/dc-blower-100x100x25-4\/\">\n\t\t<figure>\n\t\t<span class=\"et_shop_image\"><img src='https:\/\/sunonusa.pulsechat.com\/wp-content\/themes\/sunon\/pictures\/dummy-product.jpg'><span class=\"et_overlay\"><\/span><\/span>\t\t\t\t<figcaption>AFA0251B1-1B00U-S99<br\/>100X100X25<\/figcaption>\n\n\t\t<\/figure>\n\t<\/a>\n\n\t<\/a>\n<\/li>\n<li class=\"first post-609 product type-product status-publish has-post-thumbnail product_cat-dc-blower wpautop  instock shipping-taxable product-type-simple\">\n\n\t<a href=\"https:\/\/sunonusa.pulsechat.com\/pt-br\/product\/dc-blower-120x120x32\/\" class=\"woocommerce-LoopProduct-link woocommerce-loop-product__link\">\n\t<a href=\"https:\/\/sunonusa.pulsechat.com\/pt-br\/product\/dc-blower-120x120x32\/\">\n\t\t<figure>\n\t\t<span class=\"et_shop_image\"><img loading=\"lazy\" decoding=\"async\" width=\"118\" height=\"100\" src=\"https:\/\/sunonusa.pulsechat.com\/wp-content\/uploads\/2015\/08\/PMB4812-118x100.jpg\" class=\"attachment-product-thumb size-product-thumb wp-post-image\" alt=\"\" \/><span class=\"et_overlay\"><\/span><\/span>\t\t\t\t<figcaption>PMB4812PLB3-A (2).GN<br\/>120X120X32<\/figcaption>\n\n\t\t<\/figure>\n\t<\/a>\n\n\t<\/a>\n<\/li>\n<li class=\"post-610 product type-product status-publish has-post-thumbnail product_cat-dc-blower wpautop last instock shipping-taxable product-type-simple\">\n\n\t<a href=\"https:\/\/sunonusa.pulsechat.com\/pt-br\/product\/dc-blower-120x120x32-2\/\" class=\"woocommerce-LoopProduct-link woocommerce-loop-product__link\">\n\t<a href=\"https:\/\/sunonusa.pulsechat.com\/pt-br\/product\/dc-blower-120x120x32-2\/\">\n\t\t<figure>\n\t\t<span class=\"et_shop_image\"><img loading=\"lazy\" decoding=\"async\" width=\"118\" height=\"100\" src=\"https:\/\/sunonusa.pulsechat.com\/wp-content\/uploads\/2015\/08\/PMB2412-118x100.jpg\" class=\"attachment-product-thumb size-product-thumb wp-post-image\" alt=\"\" \/><span class=\"et_overlay\"><\/span><\/span>\t\t\t\t<figcaption>PMB2412PLB3-A (2).GN<br\/>120X120X32<\/figcaption>\n\n\t\t<\/figure>\n\t<\/a>\n\n\t<\/a>\n<\/li>\n<li class=\"first post-611 product type-product status-publish has-post-thumbnail product_cat-dc-blower wpautop  instock shipping-taxable product-type-simple\">\n\n\t<a href=\"https:\/\/sunonusa.pulsechat.com\/pt-br\/product\/dc-blower-120x120x32-3\/\" class=\"woocommerce-LoopProduct-link woocommerce-loop-product__link\">\n\t<a href=\"https:\/\/sunonusa.pulsechat.com\/pt-br\/product\/dc-blower-120x120x32-3\/\">\n\t\t<figure>\n\t\t<span class=\"et_shop_image\"><img loading=\"lazy\" decoding=\"async\" width=\"118\" height=\"100\" src=\"https:\/\/sunonusa.pulsechat.com\/wp-content\/uploads\/2015\/08\/PMB2412-118x100.jpg\" class=\"attachment-product-thumb size-product-thumb wp-post-image\" alt=\"\" \/><span class=\"et_overlay\"><\/span><\/span>\t\t\t\t<figcaption>PMB2412PLB2-A (2).GN<br\/>120X120X32<\/figcaption>\n\n\t\t<\/figure>\n\t<\/a>\n\n\t<\/a>\n<\/li>\n<li class=\"post-612 product type-product status-publish has-post-thumbnail product_cat-dc-blower wpautop last instock shipping-taxable product-type-simple\">\n\n\t<a href=\"https:\/\/sunonusa.pulsechat.com\/pt-br\/product\/dc-blower-120x120x32-4\/\" class=\"woocommerce-LoopProduct-link woocommerce-loop-product__link\">\n\t<a href=\"https:\/\/sunonusa.pulsechat.com\/pt-br\/product\/dc-blower-120x120x32-4\/\">\n\t\t<figure>\n\t\t<span class=\"et_shop_image\"><img loading=\"lazy\" decoding=\"async\" width=\"118\" height=\"100\" src=\"https:\/\/sunonusa.pulsechat.com\/wp-content\/uploads\/2015\/08\/PMB1212-118x100.jpg\" class=\"attachment-product-thumb size-product-thumb wp-post-image\" alt=\"\" \/><span class=\"et_overlay\"><\/span><\/span>\t\t\t\t<figcaption>PMB1212PLB3-A (2).GN<br\/>120X120X32<\/figcaption>\n\n\t\t<\/figure>\n\t<\/a>\n\n\t<\/a>\n<\/li>\n<\/ul><\/div>[\/vc_column][\/vc_row][vc_row][vc_column][\/vc_column][\/vc_row]<\/p>\n","protected":false},"excerpt":{"rendered":"<p>[vc_row el_id=&#8221;cataloque&#8221; el_class=&#8221;cataloque&#8221;][vc_column][vc_column_text]Em sua busca por incr\u00edvel qualidade com inova\u00e7\u00e3o, a SUNON \u00e9 recompensada pela sua posi\u00e7\u00e3o n\u00ba 1 na participa\u00e7\u00e3o de mercado.[\/vc_column_text][vc_column_text]Por d\u00e9cadas, a SUNON constantemente se concentrou em sua tecnologia motora principal e, como resultado, n\u00f3s acumulamos v\u00e1rias inven\u00e7\u00f5es e inova\u00e7\u00f5es neste campo. N\u00f3s agora fornecemos a s\u00e9rie de Exaustores &amp; Coolers CC [&hellip;]<\/p>\n","protected":false},"author":7,"featured_media":0,"parent":0,"menu_order":0,"comment_status":"closed","ping_status":"closed","template":"","meta":{"_et_pb_use_builder":"","_et_pb_old_content":"","_et_gb_content_width":"","_monsterinsights_skip_tracking":false,"_monsterinsights_sitenote_active":false,"_monsterinsights_sitenote_note":"","_monsterinsights_sitenote_category":0,"ngg_post_thumbnail":0,"footnotes":""},"class_list":["post-3899","page","type-page","status-publish","hentry","wpautop"],"yoast_head":"<!-- This site is optimized with the Yoast SEO plugin v22.8 - https:\/\/yoast.com\/wordpress\/plugins\/seo\/ -->\n<title>Cooler &amp; Exaustor CC | Sunon Inc.<\/title>\n<meta name=\"robots\" content=\"noindex, follow, max-snippet:-1, max-image-preview:large, max-video-preview:-1\" \/>\n<meta property=\"og:locale\" content=\"pt_BR\" \/>\n<meta property=\"og:type\" content=\"article\" \/>\n<meta property=\"og:title\" content=\"Cooler &amp; Exaustor CC | Sunon Inc.\" \/>\n<meta property=\"og:description\" content=\"[vc_row el_id=&#8221;cataloque&#8221; el_class=&#8221;cataloque&#8221;][vc_column][vc_column_text]Em sua busca por incr\u00edvel qualidade com inova\u00e7\u00e3o, a SUNON \u00e9 recompensada pela sua posi\u00e7\u00e3o n\u00ba 1 na participa\u00e7\u00e3o de mercado.[\/vc_column_text][vc_column_text]Por d\u00e9cadas, a SUNON constantemente se concentrou em sua tecnologia motora principal e, como resultado, n\u00f3s acumulamos v\u00e1rias inven\u00e7\u00f5es e inova\u00e7\u00f5es neste campo. N\u00f3s agora fornecemos a s\u00e9rie de Exaustores &amp; Coolers CC [&hellip;]\" \/>\n<meta property=\"og:url\" content=\"https:\/\/sunonusa.pulsechat.com\/pt-br\/dc-fan-blower\/\" \/>\n<meta property=\"og:site_name\" content=\"Sunon Inc.\" \/>\n<meta property=\"article:modified_time\" content=\"2018-07-17T22:22:50+00:00\" \/>\n<meta property=\"og:image\" content=\"https:\/\/sunonusa.pulsechat.com\/wp-content\/uploads\/2015\/11\/sunon-logo-1.jpg\" \/>\n\t<meta property=\"og:image:width\" content=\"565\" \/>\n\t<meta property=\"og:image:height\" content=\"109\" \/>\n\t<meta property=\"og:image:type\" content=\"image\/jpeg\" \/>\n<meta name=\"twitter:card\" content=\"summary_large_image\" \/>\n<meta name=\"twitter:label1\" content=\"Est. tempo de leitura\" \/>\n\t<meta name=\"twitter:data1\" content=\"1 minuto\" \/>\n<script type=\"application\/ld+json\" class=\"yoast-schema-graph\">{\"@context\":\"https:\/\/schema.org\",\"@graph\":[{\"@type\":\"WebPage\",\"@id\":\"https:\/\/sunonusa.pulsechat.com\/pt-br\/dc-fan-blower\/\",\"url\":\"https:\/\/sunonusa.pulsechat.com\/pt-br\/dc-fan-blower\/\",\"name\":\"Cooler & Exaustor CC | Sunon Inc.\",\"isPartOf\":{\"@id\":\"https:\/\/sunonusa.pulsechat.com\/#website\"},\"datePublished\":\"2015-09-22T05:43:41+00:00\",\"dateModified\":\"2018-07-17T22:22:50+00:00\",\"breadcrumb\":{\"@id\":\"https:\/\/sunonusa.pulsechat.com\/pt-br\/dc-fan-blower\/#breadcrumb\"},\"inLanguage\":\"pt-BR\",\"potentialAction\":[{\"@type\":\"ReadAction\",\"target\":[\"https:\/\/sunonusa.pulsechat.com\/pt-br\/dc-fan-blower\/\"]}]},{\"@type\":\"BreadcrumbList\",\"@id\":\"https:\/\/sunonusa.pulsechat.com\/pt-br\/dc-fan-blower\/#breadcrumb\",\"itemListElement\":[{\"@type\":\"ListItem\",\"position\":1,\"name\":\"Home\",\"item\":\"https:\/\/sunonusa.pulsechat.com\/pt-br\/?page_id=12551\"},{\"@type\":\"ListItem\",\"position\":2,\"name\":\"Cooler &#038; Exaustor CC\"}]},{\"@type\":\"WebSite\",\"@id\":\"https:\/\/sunonusa.pulsechat.com\/#website\",\"url\":\"https:\/\/sunonusa.pulsechat.com\/\",\"name\":\"Sunon Inc.\",\"description\":\"\",\"publisher\":{\"@id\":\"https:\/\/sunonusa.pulsechat.com\/#organization\"},\"potentialAction\":[{\"@type\":\"SearchAction\",\"target\":{\"@type\":\"EntryPoint\",\"urlTemplate\":\"https:\/\/sunonusa.pulsechat.com\/?s={search_term_string}\"},\"query-input\":\"required name=search_term_string\"}],\"inLanguage\":\"pt-BR\"},{\"@type\":\"Organization\",\"@id\":\"https:\/\/sunonusa.pulsechat.com\/#organization\",\"name\":\"Sunon USA\",\"url\":\"https:\/\/sunonusa.pulsechat.com\/\",\"logo\":{\"@type\":\"ImageObject\",\"inLanguage\":\"pt-BR\",\"@id\":\"https:\/\/sunonusa.pulsechat.com\/#\/schema\/logo\/image\/\",\"url\":\"https:\/\/www.sunonusa.com\/wp-content\/uploads\/2015\/11\/sunon-logo-1.jpg\",\"contentUrl\":\"https:\/\/www.sunonusa.com\/wp-content\/uploads\/2015\/11\/sunon-logo-1.jpg\",\"width\":565,\"height\":109,\"caption\":\"Sunon USA\"},\"image\":{\"@id\":\"https:\/\/sunonusa.pulsechat.com\/#\/schema\/logo\/image\/\"}}]}<\/script>\n<!-- \/ Yoast SEO plugin. -->","yoast_head_json":{"title":"Cooler & Exaustor CC | Sunon Inc.","robots":{"index":"noindex","follow":"follow","max-snippet":"max-snippet:-1","max-image-preview":"max-image-preview:large","max-video-preview":"max-video-preview:-1"},"og_locale":"pt_BR","og_type":"article","og_title":"Cooler & Exaustor CC | Sunon Inc.","og_description":"[vc_row el_id=&#8221;cataloque&#8221; el_class=&#8221;cataloque&#8221;][vc_column][vc_column_text]Em sua busca por incr\u00edvel qualidade com inova\u00e7\u00e3o, a SUNON \u00e9 recompensada pela sua posi\u00e7\u00e3o n\u00ba 1 na participa\u00e7\u00e3o de mercado.[\/vc_column_text][vc_column_text]Por d\u00e9cadas, a SUNON constantemente se concentrou em sua tecnologia motora principal e, como resultado, n\u00f3s acumulamos v\u00e1rias inven\u00e7\u00f5es e inova\u00e7\u00f5es neste campo. N\u00f3s agora fornecemos a s\u00e9rie de Exaustores &amp; Coolers CC [&hellip;]","og_url":"https:\/\/sunonusa.pulsechat.com\/pt-br\/dc-fan-blower\/","og_site_name":"Sunon Inc.","article_modified_time":"2018-07-17T22:22:50+00:00","og_image":[{"width":565,"height":109,"url":"https:\/\/sunonusa.pulsechat.com\/wp-content\/uploads\/2015\/11\/sunon-logo-1.jpg","type":"image\/jpeg"}],"twitter_card":"summary_large_image","twitter_misc":{"Est. tempo de leitura":"1 minuto"},"schema":{"@context":"https:\/\/schema.org","@graph":[{"@type":"WebPage","@id":"https:\/\/sunonusa.pulsechat.com\/pt-br\/dc-fan-blower\/","url":"https:\/\/sunonusa.pulsechat.com\/pt-br\/dc-fan-blower\/","name":"Cooler & Exaustor CC | Sunon Inc.","isPartOf":{"@id":"https:\/\/sunonusa.pulsechat.com\/#website"},"datePublished":"2015-09-22T05:43:41+00:00","dateModified":"2018-07-17T22:22:50+00:00","breadcrumb":{"@id":"https:\/\/sunonusa.pulsechat.com\/pt-br\/dc-fan-blower\/#breadcrumb"},"inLanguage":"pt-BR","potentialAction":[{"@type":"ReadAction","target":["https:\/\/sunonusa.pulsechat.com\/pt-br\/dc-fan-blower\/"]}]},{"@type":"BreadcrumbList","@id":"https:\/\/sunonusa.pulsechat.com\/pt-br\/dc-fan-blower\/#breadcrumb","itemListElement":[{"@type":"ListItem","position":1,"name":"Home","item":"https:\/\/sunonusa.pulsechat.com\/pt-br\/?page_id=12551"},{"@type":"ListItem","position":2,"name":"Cooler &#038; Exaustor CC"}]},{"@type":"WebSite","@id":"https:\/\/sunonusa.pulsechat.com\/#website","url":"https:\/\/sunonusa.pulsechat.com\/","name":"Sunon Inc.","description":"","publisher":{"@id":"https:\/\/sunonusa.pulsechat.com\/#organization"},"potentialAction":[{"@type":"SearchAction","target":{"@type":"EntryPoint","urlTemplate":"https:\/\/sunonusa.pulsechat.com\/?s={search_term_string}"},"query-input":"required name=search_term_string"}],"inLanguage":"pt-BR"},{"@type":"Organization","@id":"https:\/\/sunonusa.pulsechat.com\/#organization","name":"Sunon USA","url":"https:\/\/sunonusa.pulsechat.com\/","logo":{"@type":"ImageObject","inLanguage":"pt-BR","@id":"https:\/\/sunonusa.pulsechat.com\/#\/schema\/logo\/image\/","url":"https:\/\/www.sunonusa.com\/wp-content\/uploads\/2015\/11\/sunon-logo-1.jpg","contentUrl":"https:\/\/www.sunonusa.com\/wp-content\/uploads\/2015\/11\/sunon-logo-1.jpg","width":565,"height":109,"caption":"Sunon USA"},"image":{"@id":"https:\/\/sunonusa.pulsechat.com\/#\/schema\/logo\/image\/"}}]}},"_links":{"self":[{"href":"https:\/\/sunonusa.pulsechat.com\/pt-br\/wp-json\/wp\/v2\/pages\/3899","targetHints":{"allow":["GET"]}}],"collection":[{"href":"https:\/\/sunonusa.pulsechat.com\/pt-br\/wp-json\/wp\/v2\/pages"}],"about":[{"href":"https:\/\/sunonusa.pulsechat.com\/pt-br\/wp-json\/wp\/v2\/types\/page"}],"author":[{"embeddable":true,"href":"https:\/\/sunonusa.pulsechat.com\/pt-br\/wp-json\/wp\/v2\/users\/7"}],"replies":[{"embeddable":true,"href":"https:\/\/sunonusa.pulsechat.com\/pt-br\/wp-json\/wp\/v2\/comments?post=3899"}],"version-history":[{"count":0,"href":"https:\/\/sunonusa.pulsechat.com\/pt-br\/wp-json\/wp\/v2\/pages\/3899\/revisions"}],"wp:attachment":[{"href":"https:\/\/sunonusa.pulsechat.com\/pt-br\/wp-json\/wp\/v2\/media?parent=3899"}],"curies":[{"name":"wp","href":"https:\/\/api.w.org\/{rel}","templated":true}]}}