{"id":3887,"date":"2015-08-11T14:57:33","date_gmt":"2015-08-11T14:57:33","guid":{"rendered":"https:\/\/www.sunonusa.com\/green-environment\/"},"modified":"2018-07-17T14:20:32","modified_gmt":"2018-07-17T21:20:32","slug":"green-environment","status":"publish","type":"page","link":"https:\/\/sunonusa.pulsechat.com\/pt-br\/green-environment\/","title":{"rendered":"Ambiente Verde"},"content":{"rendered":"<p>\u201cEconomizar Energia, Reduzir Emiss\u00f5es de Carbono, Proteger o Ambiente, e Cuidar da Terra.\u201d<\/p>\n<p>Certifica\u00e7\u00e3o de Produto Verde Sunon<\/p>\n<table border=\"1\" width=\"682\" cellspacing=\"0\" cellpadding=\"0\">\n<tbody>\n<tr>\n<th class=\"copy2-gray666-12\" scope=\"col\" bgcolor=\"#CCCCCC\">\n<div align=\"center\">Documentos de Certifica\u00e7\u00e3o<\/div>\n<\/th>\n<th class=\"copy2-gray666-12\" scope=\"col\" bgcolor=\"#CCCCCC\">\n<div align=\"center\">F\u00e1brica<\/div>\n<\/th>\n<th class=\"copy2-gray666-12\" scope=\"col\" bgcolor=\"#CCCCCC\">\n<div align=\"center\">Download<\/div>\n<\/th>\n<\/tr>\n<tr>\n<td class=\"copy2-gray666-12\" rowspan=\"4\">\n<div align=\"center\">Declara\u00e7\u00e3o de Conflito de Metal<\/div>\n<\/td>\n<td class=\"copy2-gray666-12\">\n<div align=\"center\">Foshan (China)<\/div>\n<\/td>\n<td class=\"copy2-gray666-12\">\n<div align=\"center\"><a href=\"https:\/\/www.sunonusa.com\/wp-content\/uploads\/2015\/10\/Declaration-of-Metal-Conflict-Free-FS.pdf\" target=\"_blank\">PDF<\/a><\/div>\n<\/td>\n<\/tr>\n<tr>\n<td class=\"copy2-gray666-12\">\n<div align=\"center\">Kunshan (China)<\/div>\n<\/td>\n<td class=\"copy2-gray666-12\">\n<div align=\"center\"><a href=\"https:\/\/www.sunonusa.com\/wp-content\/uploads\/2015\/10\/Declaration-of-Metal-Conflict-Free-KS.pdf\" target=\"_blank\">PDF<\/a><\/div>\n<\/td>\n<\/tr>\n<tr>\n<td class=\"copy2-gray666-12\">\n<div align=\"center\">Beihai (China)<\/div>\n<\/td>\n<td class=\"copy2-gray666-12\">\n<div align=\"center\"><a href=\"https:\/\/www.sunonusa.com\/wp-content\/uploads\/2015\/10\/Declaration-of-Metal-Conflict-Free-BH.pdf\" target=\"_blank\">PDF<\/a><\/div>\n<\/td>\n<\/tr>\n<tr>\n<td class=\"copy2-gray666-12\">\n<div align=\"center\">Kaohsiung (Taiwan)<\/div>\n<\/td>\n<td class=\"copy2-gray666-12\">\n<div align=\"center\"><a href=\"https:\/\/www.sunonusa.com\/wp-content\/uploads\/2015\/10\/Declaration-of-Metal-Conflict-Free-TW.pdf\" target=\"_blank\">PDF<\/a><\/div>\n<\/td>\n<\/tr>\n<tr>\n<td class=\"copy2-gray666-12\" rowspan=\"4\">\n<div align=\"center\">Certificado de Conformidade REACH (SVHC 163)<\/div>\n<\/td>\n<td class=\"copy2-gray666-12\">\n<div align=\"center\">Foshan (China)<\/div>\n<\/td>\n<td class=\"copy2-gray666-12\">\n<div align=\"center\"><a href=\"https:\/\/www.sunonusa.com\/wp-content\/uploads\/2015\/10\/REACH-Certificate-of-Compliance-FS.pdf\" target=\"_blank\">PDF<\/a><\/div>\n<\/td>\n<\/tr>\n<tr>\n<td class=\"copy2-gray666-12\">\n<div align=\"center\">Kunshan (China)<\/div>\n<\/td>\n<td class=\"copy2-gray666-12\">\n<div align=\"center\"><a href=\"https:\/\/www.sunonusa.com\/wp-content\/uploads\/2015\/10\/REACH-Certificate-of-Compliance-KS.pdf\" target=\"_blank\">PDF<\/a><\/div>\n<\/td>\n<\/tr>\n<tr>\n<td class=\"copy2-gray666-12\">\n<div align=\"center\">Beihai (China)<\/div>\n<\/td>\n<td class=\"copy2-gray666-12\">\n<div align=\"center\"><a href=\"https:\/\/www.sunonusa.com\/wp-content\/uploads\/2015\/10\/REACH-Certificate-of-Compliance-BS.pdf\" target=\"_blank\">PDF<\/a><\/div>\n<\/td>\n<\/tr>\n<tr>\n<td class=\"copy2-gray666-12\">\n<div align=\"center\">Kaohsiung (Taiwan)<\/div>\n<\/td>\n<td class=\"copy2-gray666-12\">\n<div align=\"center\"><a href=\"https:\/\/www.sunonusa.com\/wp-content\/uploads\/2015\/10\/REACH-Certificate-of-Compliance-TW.pdf\" target=\"_blank\">PDF<\/a><\/div>\n<\/td>\n<\/tr>\n<tr>\n<td class=\"copy2-gray666-12\" rowspan=\"4\">\n<div align=\"center\">Certificado de Conformidade ROHS 2.0<\/div>\n<\/td>\n<td class=\"copy2-gray666-12\">\n<div align=\"center\">Foshan (China)<\/div>\n<\/td>\n<td class=\"copy2-gray666-12\">\n<div align=\"center\"><a href=\"https:\/\/www.sunonusa.com\/wp-content\/uploads\/2015\/10\/ROHS-2-Certificate-of-Compliance-FS.pdf\" target=\"_blank\">PDF<\/a><\/div>\n<\/td>\n<\/tr>\n<tr>\n<td class=\"copy2-gray666-12\">\n<div align=\"center\">Kunshan (China)<\/div>\n<\/td>\n<td class=\"copy2-gray666-12\">\n<div align=\"center\"><a href=\"https:\/\/www.sunonusa.com\/wp-content\/uploads\/2015\/10\/ROHS-2-Certificate-of-Compliance-KS.pdf\" target=\"_blank\">PDF<\/a><\/div>\n<\/td>\n<\/tr>\n<tr>\n<td class=\"copy2-gray666-12\">\n<div align=\"center\">Beihai (China)<\/div>\n<\/td>\n<td class=\"copy2-gray666-12\">\n<div align=\"center\"><a href=\"https:\/\/www.sunonusa.com\/wp-content\/uploads\/2015\/10\/ROHS-2-Certificate-of-Compliance-BH.pdf\" target=\"_blank\">PDF<\/a><\/div>\n<\/td>\n<\/tr>\n<tr>\n<td class=\"copy2-gray666-12\">\n<div align=\"center\">Kaohsiung (Taiwan)<\/div>\n<\/td>\n<td class=\"copy2-gray666-12\">\n<div align=\"center\"><a href=\"https:\/\/www.sunonusa.com\/wp-content\/uploads\/2015\/10\/ROHS-2-Certificate-of-Compliance-TW.pdf\" target=\"_blank\">PDF<\/a><\/div>\n<\/td>\n<\/tr>\n<tr>\n<td class=\"copy2-gray666-12\" rowspan=\"4\">\n<div align=\"center\">Certificado de Conformidade para PFOS<\/div>\n<\/td>\n<td class=\"copy2-gray666-12\">\n<div align=\"center\">Foshan (China)<\/div>\n<\/td>\n<td class=\"copy2-gray666-12\">\n<div align=\"center\"><a href=\"https:\/\/www.sunonusa.com\/wp-content\/uploads\/2015\/10\/Certificate-of-compliance-for-PFOS-FS.pdf\" target=\"_blank\">PDF<\/a><\/div>\n<\/td>\n<\/tr>\n<tr>\n<td class=\"copy2-gray666-12\">\n<div align=\"center\">Kunshan (China)<\/div>\n<\/td>\n<td class=\"copy2-gray666-12\">\n<div align=\"center\"><a href=\"https:\/\/www.sunonusa.com\/wp-content\/uploads\/2015\/10\/Certificate-of-compliance-for-PFOS-KS.pdf\" target=\"_blank\">PDF<\/a><\/div>\n<\/td>\n<\/tr>\n<tr>\n<td class=\"copy2-gray666-12\">\n<div align=\"center\">Beihai (China)<\/div>\n<\/td>\n<td class=\"copy2-gray666-12\">\n<div align=\"center\"><a href=\"https:\/\/www.sunonusa.com\/wp-content\/uploads\/2015\/10\/Certificate-of-compliance-for-PFOS-BH.pdf\" target=\"_blank\">PDF<\/a><\/div>\n<\/td>\n<\/tr>\n<tr>\n<td class=\"copy2-gray666-12\">\n<div align=\"center\">Kaohsiung (Taiwan)<\/div>\n<\/td>\n<td class=\"copy2-gray666-12\">\n<div align=\"center\"><a href=\"https:\/\/www.sunonusa.com\/wp-content\/uploads\/2015\/10\/Certificate-of-compliance-for-PFOS-TW.pdf\" target=\"_blank\">PDF<\/a><\/div>\n<\/td>\n<\/tr>\n<\/tbody>\n<\/table>\n<p>&nbsp;<\/p>\n","protected":false},"excerpt":{"rendered":"<p>\u201cEconomizar Energia, Reduzir Emiss\u00f5es de Carbono, Proteger o Ambiente, e Cuidar da Terra.\u201d Certifica\u00e7\u00e3o de Produto Verde Sunon Documentos de Certifica\u00e7\u00e3o F\u00e1brica Download Declara\u00e7\u00e3o de Conflito de Metal Foshan (China) PDF Kunshan (China) PDF Beihai (China) PDF Kaohsiung (Taiwan) PDF Certificado de Conformidade REACH (SVHC 163) Foshan (China) PDF Kunshan (China) PDF Beihai (China) PDF [&hellip;]<\/p>\n","protected":false},"author":7,"featured_media":0,"parent":0,"menu_order":0,"comment_status":"open","ping_status":"open","template":"","meta":{"_et_pb_use_builder":"","_et_pb_old_content":"","_et_gb_content_width":"","_monsterinsights_skip_tracking":false,"_monsterinsights_sitenote_active":false,"_monsterinsights_sitenote_note":"","_monsterinsights_sitenote_category":0,"ngg_post_thumbnail":0,"footnotes":""},"class_list":["post-3887","page","type-page","status-publish","hentry","wpautop"],"yoast_head":"<!-- This site is optimized with the Yoast SEO plugin v22.8 - https:\/\/yoast.com\/wordpress\/plugins\/seo\/ -->\n<title>Ambiente Verde | Sunon Inc.<\/title>\n<meta name=\"robots\" content=\"noindex, follow, max-snippet:-1, max-image-preview:large, max-video-preview:-1\" \/>\n<meta property=\"og:locale\" content=\"pt_BR\" \/>\n<meta property=\"og:type\" content=\"article\" \/>\n<meta property=\"og:title\" content=\"Ambiente Verde | Sunon Inc.\" \/>\n<meta property=\"og:description\" content=\"\u201cEconomizar Energia, Reduzir Emiss\u00f5es de Carbono, Proteger o Ambiente, e Cuidar da Terra.\u201d Certifica\u00e7\u00e3o de Produto Verde Sunon Documentos de Certifica\u00e7\u00e3o F\u00e1brica Download Declara\u00e7\u00e3o de Conflito de Metal Foshan (China) PDF Kunshan (China) PDF Beihai (China) PDF Kaohsiung (Taiwan) PDF Certificado de Conformidade REACH (SVHC 163) Foshan (China) PDF Kunshan (China) PDF Beihai (China) PDF [&hellip;]\" \/>\n<meta property=\"og:url\" content=\"https:\/\/sunonusa.pulsechat.com\/pt-br\/green-environment\/\" \/>\n<meta property=\"og:site_name\" content=\"Sunon Inc.\" \/>\n<meta property=\"article:modified_time\" content=\"2018-07-17T21:20:32+00:00\" \/>\n<meta property=\"og:image\" content=\"https:\/\/sunonusa.pulsechat.com\/wp-content\/uploads\/2015\/11\/sunon-logo-1.jpg\" \/>\n\t<meta property=\"og:image:width\" content=\"565\" \/>\n\t<meta property=\"og:image:height\" content=\"109\" \/>\n\t<meta property=\"og:image:type\" content=\"image\/jpeg\" \/>\n<meta name=\"twitter:card\" content=\"summary_large_image\" \/>\n<script type=\"application\/ld+json\" class=\"yoast-schema-graph\">{\"@context\":\"https:\/\/schema.org\",\"@graph\":[{\"@type\":\"WebPage\",\"@id\":\"https:\/\/sunonusa.pulsechat.com\/pt-br\/green-environment\/\",\"url\":\"https:\/\/sunonusa.pulsechat.com\/pt-br\/green-environment\/\",\"name\":\"Ambiente Verde | Sunon Inc.\",\"isPartOf\":{\"@id\":\"https:\/\/sunonusa.pulsechat.com\/#website\"},\"datePublished\":\"2015-08-11T14:57:33+00:00\",\"dateModified\":\"2018-07-17T21:20:32+00:00\",\"breadcrumb\":{\"@id\":\"https:\/\/sunonusa.pulsechat.com\/pt-br\/green-environment\/#breadcrumb\"},\"inLanguage\":\"pt-BR\",\"potentialAction\":[{\"@type\":\"ReadAction\",\"target\":[\"https:\/\/sunonusa.pulsechat.com\/pt-br\/green-environment\/\"]}]},{\"@type\":\"BreadcrumbList\",\"@id\":\"https:\/\/sunonusa.pulsechat.com\/pt-br\/green-environment\/#breadcrumb\",\"itemListElement\":[{\"@type\":\"ListItem\",\"position\":1,\"name\":\"Home\",\"item\":\"https:\/\/sunonusa.pulsechat.com\/pt-br\/?page_id=12551\"},{\"@type\":\"ListItem\",\"position\":2,\"name\":\"Ambiente Verde\"}]},{\"@type\":\"WebSite\",\"@id\":\"https:\/\/sunonusa.pulsechat.com\/#website\",\"url\":\"https:\/\/sunonusa.pulsechat.com\/\",\"name\":\"Sunon Inc.\",\"description\":\"\",\"publisher\":{\"@id\":\"https:\/\/sunonusa.pulsechat.com\/#organization\"},\"potentialAction\":[{\"@type\":\"SearchAction\",\"target\":{\"@type\":\"EntryPoint\",\"urlTemplate\":\"https:\/\/sunonusa.pulsechat.com\/?s={search_term_string}\"},\"query-input\":\"required name=search_term_string\"}],\"inLanguage\":\"pt-BR\"},{\"@type\":\"Organization\",\"@id\":\"https:\/\/sunonusa.pulsechat.com\/#organization\",\"name\":\"Sunon USA\",\"url\":\"https:\/\/sunonusa.pulsechat.com\/\",\"logo\":{\"@type\":\"ImageObject\",\"inLanguage\":\"pt-BR\",\"@id\":\"https:\/\/sunonusa.pulsechat.com\/#\/schema\/logo\/image\/\",\"url\":\"https:\/\/www.sunonusa.com\/wp-content\/uploads\/2015\/11\/sunon-logo-1.jpg\",\"contentUrl\":\"https:\/\/www.sunonusa.com\/wp-content\/uploads\/2015\/11\/sunon-logo-1.jpg\",\"width\":565,\"height\":109,\"caption\":\"Sunon USA\"},\"image\":{\"@id\":\"https:\/\/sunonusa.pulsechat.com\/#\/schema\/logo\/image\/\"}}]}<\/script>\n<!-- \/ Yoast SEO plugin. -->","yoast_head_json":{"title":"Ambiente Verde | Sunon Inc.","robots":{"index":"noindex","follow":"follow","max-snippet":"max-snippet:-1","max-image-preview":"max-image-preview:large","max-video-preview":"max-video-preview:-1"},"og_locale":"pt_BR","og_type":"article","og_title":"Ambiente Verde | Sunon Inc.","og_description":"\u201cEconomizar Energia, Reduzir Emiss\u00f5es de Carbono, Proteger o Ambiente, e Cuidar da Terra.\u201d Certifica\u00e7\u00e3o de Produto Verde Sunon Documentos de Certifica\u00e7\u00e3o F\u00e1brica Download Declara\u00e7\u00e3o de Conflito de Metal Foshan (China) PDF Kunshan (China) PDF Beihai (China) PDF Kaohsiung (Taiwan) PDF Certificado de Conformidade REACH (SVHC 163) Foshan (China) PDF Kunshan (China) PDF Beihai (China) PDF [&hellip;]","og_url":"https:\/\/sunonusa.pulsechat.com\/pt-br\/green-environment\/","og_site_name":"Sunon Inc.","article_modified_time":"2018-07-17T21:20:32+00:00","og_image":[{"width":565,"height":109,"url":"https:\/\/sunonusa.pulsechat.com\/wp-content\/uploads\/2015\/11\/sunon-logo-1.jpg","type":"image\/jpeg"}],"twitter_card":"summary_large_image","schema":{"@context":"https:\/\/schema.org","@graph":[{"@type":"WebPage","@id":"https:\/\/sunonusa.pulsechat.com\/pt-br\/green-environment\/","url":"https:\/\/sunonusa.pulsechat.com\/pt-br\/green-environment\/","name":"Ambiente Verde | Sunon Inc.","isPartOf":{"@id":"https:\/\/sunonusa.pulsechat.com\/#website"},"datePublished":"2015-08-11T14:57:33+00:00","dateModified":"2018-07-17T21:20:32+00:00","breadcrumb":{"@id":"https:\/\/sunonusa.pulsechat.com\/pt-br\/green-environment\/#breadcrumb"},"inLanguage":"pt-BR","potentialAction":[{"@type":"ReadAction","target":["https:\/\/sunonusa.pulsechat.com\/pt-br\/green-environment\/"]}]},{"@type":"BreadcrumbList","@id":"https:\/\/sunonusa.pulsechat.com\/pt-br\/green-environment\/#breadcrumb","itemListElement":[{"@type":"ListItem","position":1,"name":"Home","item":"https:\/\/sunonusa.pulsechat.com\/pt-br\/?page_id=12551"},{"@type":"ListItem","position":2,"name":"Ambiente Verde"}]},{"@type":"WebSite","@id":"https:\/\/sunonusa.pulsechat.com\/#website","url":"https:\/\/sunonusa.pulsechat.com\/","name":"Sunon Inc.","description":"","publisher":{"@id":"https:\/\/sunonusa.pulsechat.com\/#organization"},"potentialAction":[{"@type":"SearchAction","target":{"@type":"EntryPoint","urlTemplate":"https:\/\/sunonusa.pulsechat.com\/?s={search_term_string}"},"query-input":"required name=search_term_string"}],"inLanguage":"pt-BR"},{"@type":"Organization","@id":"https:\/\/sunonusa.pulsechat.com\/#organization","name":"Sunon USA","url":"https:\/\/sunonusa.pulsechat.com\/","logo":{"@type":"ImageObject","inLanguage":"pt-BR","@id":"https:\/\/sunonusa.pulsechat.com\/#\/schema\/logo\/image\/","url":"https:\/\/www.sunonusa.com\/wp-content\/uploads\/2015\/11\/sunon-logo-1.jpg","contentUrl":"https:\/\/www.sunonusa.com\/wp-content\/uploads\/2015\/11\/sunon-logo-1.jpg","width":565,"height":109,"caption":"Sunon USA"},"image":{"@id":"https:\/\/sunonusa.pulsechat.com\/#\/schema\/logo\/image\/"}}]}},"_links":{"self":[{"href":"https:\/\/sunonusa.pulsechat.com\/pt-br\/wp-json\/wp\/v2\/pages\/3887","targetHints":{"allow":["GET"]}}],"collection":[{"href":"https:\/\/sunonusa.pulsechat.com\/pt-br\/wp-json\/wp\/v2\/pages"}],"about":[{"href":"https:\/\/sunonusa.pulsechat.com\/pt-br\/wp-json\/wp\/v2\/types\/page"}],"author":[{"embeddable":true,"href":"https:\/\/sunonusa.pulsechat.com\/pt-br\/wp-json\/wp\/v2\/users\/7"}],"replies":[{"embeddable":true,"href":"https:\/\/sunonusa.pulsechat.com\/pt-br\/wp-json\/wp\/v2\/comments?post=3887"}],"version-history":[{"count":0,"href":"https:\/\/sunonusa.pulsechat.com\/pt-br\/wp-json\/wp\/v2\/pages\/3887\/revisions"}],"wp:attachment":[{"href":"https:\/\/sunonusa.pulsechat.com\/pt-br\/wp-json\/wp\/v2\/media?parent=3887"}],"curies":[{"name":"wp","href":"https:\/\/api.w.org\/{rel}","templated":true}]}}