{"id":3875,"date":"2015-09-22T12:18:25","date_gmt":"2015-09-22T12:18:25","guid":{"rendered":"https:\/\/www.sunonusa.com\/applications\/automotive\/"},"modified":"2018-07-17T14:09:01","modified_gmt":"2018-07-17T21:09:01","slug":"automotive","status":"publish","type":"page","link":"https:\/\/sunonusa.pulsechat.com\/pt-br\/applications\/automotive\/","title":{"rendered":"Automotivo"},"content":{"rendered":"<p>Por mais de 30 anos, a Sunon vem fornecendo nossas solu\u00e7\u00f5es de resfriamento a grandes fabricantes de eletr\u00f4nicos e fornecedores, ganhando uma impec\u00e1vel reputa\u00e7\u00e3o como l\u00edder em gerenciamento t\u00e9rmico.<\/p>\n<p>O atual portf\u00f3lio automotivo da Sunon inclui uma grande variedade de solu\u00e7\u00f5es de resfriamento para sistemas de infoentretenimento, ventila\u00e7\u00e3o de acento, baterias de ve\u00edculos el\u00e9tricos, baterias para ve\u00edculos h\u00edbridos e farol de LED. N\u00f3s oferecemos exaustores de sensor de climatiza\u00e7\u00e3o que puxam ar da cabine para conseguir uma leitura da temperatura, fornecendo aos motoristas e passageiros um completo controle de climatiza\u00e7\u00e3o dentro do ve\u00edculo.<\/p>\n<p><img loading=\"lazy\" decoding=\"async\" class=\"wp-image-2550 size-full alignleft\" src=\"https:\/\/www.sunonusa.com\/wp-content\/uploads\/2015\/09\/AutoCoolingSolution-e1446141957262.png\" alt=\"AutoCoolingSolution\" width=\"671\" height=\"429\" srcset=\"https:\/\/sunonusa.pulsechat.com\/wp-content\/uploads\/2015\/09\/AutoCoolingSolution-e1446141957262.png 671w, https:\/\/sunonusa.pulsechat.com\/wp-content\/uploads\/2015\/09\/AutoCoolingSolution-e1446141957262-600x384.png 600w\" sizes=\"(max-width: 671px) 100vw, 671px\" \/><\/p>\n<p>Esteja voc\u00ea procurando por um gerenciamento t\u00e9rmico complexo ou b\u00e1sico, a equipe automotiva da Sunon trabalhar\u00e1 com voc\u00ea para identificar e criar uma solu\u00e7\u00e3o que melhor satisfa\u00e7a suas necessidades. Nossas ventoinhas e exaustores s\u00e3o otimizados para alcan\u00e7ar o perfeito equil\u00edbrio entre fluxo de ar, ru\u00eddo, vibra\u00e7\u00e3o, confian\u00e7a e efici\u00eancia energ\u00e9tica para cada aplica\u00e7\u00e3o. N\u00f3s somos certificados ISO\/TS16949 e temos uma linha de produ\u00e7\u00e3o dedicada especialmente projetada para aplica\u00e7\u00f5es automotivas.<\/p>\n<div class=\"video-stage\">\n\t\t\t\t<a href=\"https:\/\/www.youtube.com\/embed\/11njqQYGUdw?version=3\" data-rel=\"lightcase:videoplay\"><img loading=\"lazy\" decoding=\"async\" src=\"http:\/\/img.youtube.com\/vi\/11njqQYGUdw\/maxresdefault.jpg\" width=\"570\" height=\"320\"><\/a>\n\t\t\t<\/div><ul class=\"video-playlist\"><\/ul>\n","protected":false},"excerpt":{"rendered":"<p>Por mais de 30 anos, a Sunon vem fornecendo nossas solu\u00e7\u00f5es de resfriamento a grandes fabricantes de eletr\u00f4nicos e fornecedores, ganhando uma impec\u00e1vel reputa\u00e7\u00e3o como l\u00edder em gerenciamento t\u00e9rmico. O atual portf\u00f3lio automotivo da Sunon inclui uma grande variedade de solu\u00e7\u00f5es de resfriamento para sistemas de infoentretenimento, ventila\u00e7\u00e3o de acento, baterias de ve\u00edculos el\u00e9tricos, baterias [&hellip;]<\/p>\n","protected":false},"author":7,"featured_media":0,"parent":3715,"menu_order":6,"comment_status":"closed","ping_status":"closed","template":"","meta":{"_et_pb_use_builder":"","_et_pb_old_content":"","_et_gb_content_width":"","_monsterinsights_skip_tracking":false,"_monsterinsights_sitenote_active":false,"_monsterinsights_sitenote_note":"","_monsterinsights_sitenote_category":0,"ngg_post_thumbnail":0,"footnotes":""},"class_list":["post-3875","page","type-page","status-publish","hentry","wpautop"],"yoast_head":"<!-- This site is optimized with the Yoast SEO plugin v22.8 - https:\/\/yoast.com\/wordpress\/plugins\/seo\/ -->\n<title>Automotivo | Sunon Inc.<\/title>\n<meta name=\"robots\" content=\"noindex, follow, max-snippet:-1, max-image-preview:large, max-video-preview:-1\" \/>\n<meta property=\"og:locale\" content=\"pt_BR\" \/>\n<meta property=\"og:type\" content=\"article\" \/>\n<meta property=\"og:title\" content=\"Automotivo | Sunon Inc.\" \/>\n<meta property=\"og:description\" content=\"Por mais de 30 anos, a Sunon vem fornecendo nossas solu\u00e7\u00f5es de resfriamento a grandes fabricantes de eletr\u00f4nicos e fornecedores, ganhando uma impec\u00e1vel reputa\u00e7\u00e3o como l\u00edder em gerenciamento t\u00e9rmico. O atual portf\u00f3lio automotivo da Sunon inclui uma grande variedade de solu\u00e7\u00f5es de resfriamento para sistemas de infoentretenimento, ventila\u00e7\u00e3o de acento, baterias de ve\u00edculos el\u00e9tricos, baterias [&hellip;]\" \/>\n<meta property=\"og:url\" content=\"https:\/\/sunonusa.pulsechat.com\/pt-br\/applications\/automotive\/\" \/>\n<meta property=\"og:site_name\" content=\"Sunon Inc.\" \/>\n<meta property=\"article:modified_time\" content=\"2018-07-17T21:09:01+00:00\" \/>\n<meta property=\"og:image\" content=\"https:\/\/www.sunonusa.com\/wp-content\/uploads\/2015\/09\/AutoCoolingSolution-e1446141957262.png\" \/>\n<meta name=\"twitter:card\" content=\"summary_large_image\" \/>\n<meta name=\"twitter:label1\" content=\"Est. tempo de leitura\" \/>\n\t<meta name=\"twitter:data1\" content=\"1 minuto\" \/>\n<script type=\"application\/ld+json\" class=\"yoast-schema-graph\">{\"@context\":\"https:\/\/schema.org\",\"@graph\":[{\"@type\":\"WebPage\",\"@id\":\"https:\/\/sunonusa.pulsechat.com\/pt-br\/applications\/automotive\/\",\"url\":\"https:\/\/sunonusa.pulsechat.com\/pt-br\/applications\/automotive\/\",\"name\":\"Automotivo | Sunon Inc.\",\"isPartOf\":{\"@id\":\"https:\/\/sunonusa.pulsechat.com\/#website\"},\"primaryImageOfPage\":{\"@id\":\"https:\/\/sunonusa.pulsechat.com\/pt-br\/applications\/automotive\/#primaryimage\"},\"image\":{\"@id\":\"https:\/\/sunonusa.pulsechat.com\/pt-br\/applications\/automotive\/#primaryimage\"},\"thumbnailUrl\":\"https:\/\/www.sunonusa.com\/wp-content\/uploads\/2015\/09\/AutoCoolingSolution-e1446141957262.png\",\"datePublished\":\"2015-09-22T12:18:25+00:00\",\"dateModified\":\"2018-07-17T21:09:01+00:00\",\"breadcrumb\":{\"@id\":\"https:\/\/sunonusa.pulsechat.com\/pt-br\/applications\/automotive\/#breadcrumb\"},\"inLanguage\":\"pt-BR\",\"potentialAction\":[{\"@type\":\"ReadAction\",\"target\":[\"https:\/\/sunonusa.pulsechat.com\/pt-br\/applications\/automotive\/\"]}]},{\"@type\":\"ImageObject\",\"inLanguage\":\"pt-BR\",\"@id\":\"https:\/\/sunonusa.pulsechat.com\/pt-br\/applications\/automotive\/#primaryimage\",\"url\":\"https:\/\/www.sunonusa.com\/wp-content\/uploads\/2015\/09\/AutoCoolingSolution-e1446141957262.png\",\"contentUrl\":\"https:\/\/www.sunonusa.com\/wp-content\/uploads\/2015\/09\/AutoCoolingSolution-e1446141957262.png\"},{\"@type\":\"BreadcrumbList\",\"@id\":\"https:\/\/sunonusa.pulsechat.com\/pt-br\/applications\/automotive\/#breadcrumb\",\"itemListElement\":[{\"@type\":\"ListItem\",\"position\":1,\"name\":\"Home\",\"item\":\"https:\/\/sunonusa.pulsechat.com\/pt-br\/?page_id=12551\"},{\"@type\":\"ListItem\",\"position\":2,\"name\":\"Aplica\u00e7\u00f5es\",\"item\":\"https:\/\/sunonusa.pulsechat.com\/pt-br\/applications\/\"},{\"@type\":\"ListItem\",\"position\":3,\"name\":\"Automotivo\"}]},{\"@type\":\"WebSite\",\"@id\":\"https:\/\/sunonusa.pulsechat.com\/#website\",\"url\":\"https:\/\/sunonusa.pulsechat.com\/\",\"name\":\"Sunon Inc.\",\"description\":\"\",\"publisher\":{\"@id\":\"https:\/\/sunonusa.pulsechat.com\/#organization\"},\"potentialAction\":[{\"@type\":\"SearchAction\",\"target\":{\"@type\":\"EntryPoint\",\"urlTemplate\":\"https:\/\/sunonusa.pulsechat.com\/?s={search_term_string}\"},\"query-input\":\"required name=search_term_string\"}],\"inLanguage\":\"pt-BR\"},{\"@type\":\"Organization\",\"@id\":\"https:\/\/sunonusa.pulsechat.com\/#organization\",\"name\":\"Sunon USA\",\"url\":\"https:\/\/sunonusa.pulsechat.com\/\",\"logo\":{\"@type\":\"ImageObject\",\"inLanguage\":\"pt-BR\",\"@id\":\"https:\/\/sunonusa.pulsechat.com\/#\/schema\/logo\/image\/\",\"url\":\"https:\/\/www.sunonusa.com\/wp-content\/uploads\/2015\/11\/sunon-logo-1.jpg\",\"contentUrl\":\"https:\/\/www.sunonusa.com\/wp-content\/uploads\/2015\/11\/sunon-logo-1.jpg\",\"width\":565,\"height\":109,\"caption\":\"Sunon USA\"},\"image\":{\"@id\":\"https:\/\/sunonusa.pulsechat.com\/#\/schema\/logo\/image\/\"}}]}<\/script>\n<!-- \/ Yoast SEO plugin. -->","yoast_head_json":{"title":"Automotivo | Sunon Inc.","robots":{"index":"noindex","follow":"follow","max-snippet":"max-snippet:-1","max-image-preview":"max-image-preview:large","max-video-preview":"max-video-preview:-1"},"og_locale":"pt_BR","og_type":"article","og_title":"Automotivo | Sunon Inc.","og_description":"Por mais de 30 anos, a Sunon vem fornecendo nossas solu\u00e7\u00f5es de resfriamento a grandes fabricantes de eletr\u00f4nicos e fornecedores, ganhando uma impec\u00e1vel reputa\u00e7\u00e3o como l\u00edder em gerenciamento t\u00e9rmico. O atual portf\u00f3lio automotivo da Sunon inclui uma grande variedade de solu\u00e7\u00f5es de resfriamento para sistemas de infoentretenimento, ventila\u00e7\u00e3o de acento, baterias de ve\u00edculos el\u00e9tricos, baterias [&hellip;]","og_url":"https:\/\/sunonusa.pulsechat.com\/pt-br\/applications\/automotive\/","og_site_name":"Sunon Inc.","article_modified_time":"2018-07-17T21:09:01+00:00","og_image":[{"url":"https:\/\/www.sunonusa.com\/wp-content\/uploads\/2015\/09\/AutoCoolingSolution-e1446141957262.png"}],"twitter_card":"summary_large_image","twitter_misc":{"Est. tempo de leitura":"1 minuto"},"schema":{"@context":"https:\/\/schema.org","@graph":[{"@type":"WebPage","@id":"https:\/\/sunonusa.pulsechat.com\/pt-br\/applications\/automotive\/","url":"https:\/\/sunonusa.pulsechat.com\/pt-br\/applications\/automotive\/","name":"Automotivo | Sunon Inc.","isPartOf":{"@id":"https:\/\/sunonusa.pulsechat.com\/#website"},"primaryImageOfPage":{"@id":"https:\/\/sunonusa.pulsechat.com\/pt-br\/applications\/automotive\/#primaryimage"},"image":{"@id":"https:\/\/sunonusa.pulsechat.com\/pt-br\/applications\/automotive\/#primaryimage"},"thumbnailUrl":"https:\/\/www.sunonusa.com\/wp-content\/uploads\/2015\/09\/AutoCoolingSolution-e1446141957262.png","datePublished":"2015-09-22T12:18:25+00:00","dateModified":"2018-07-17T21:09:01+00:00","breadcrumb":{"@id":"https:\/\/sunonusa.pulsechat.com\/pt-br\/applications\/automotive\/#breadcrumb"},"inLanguage":"pt-BR","potentialAction":[{"@type":"ReadAction","target":["https:\/\/sunonusa.pulsechat.com\/pt-br\/applications\/automotive\/"]}]},{"@type":"ImageObject","inLanguage":"pt-BR","@id":"https:\/\/sunonusa.pulsechat.com\/pt-br\/applications\/automotive\/#primaryimage","url":"https:\/\/www.sunonusa.com\/wp-content\/uploads\/2015\/09\/AutoCoolingSolution-e1446141957262.png","contentUrl":"https:\/\/www.sunonusa.com\/wp-content\/uploads\/2015\/09\/AutoCoolingSolution-e1446141957262.png"},{"@type":"BreadcrumbList","@id":"https:\/\/sunonusa.pulsechat.com\/pt-br\/applications\/automotive\/#breadcrumb","itemListElement":[{"@type":"ListItem","position":1,"name":"Home","item":"https:\/\/sunonusa.pulsechat.com\/pt-br\/?page_id=12551"},{"@type":"ListItem","position":2,"name":"Aplica\u00e7\u00f5es","item":"https:\/\/sunonusa.pulsechat.com\/pt-br\/applications\/"},{"@type":"ListItem","position":3,"name":"Automotivo"}]},{"@type":"WebSite","@id":"https:\/\/sunonusa.pulsechat.com\/#website","url":"https:\/\/sunonusa.pulsechat.com\/","name":"Sunon Inc.","description":"","publisher":{"@id":"https:\/\/sunonusa.pulsechat.com\/#organization"},"potentialAction":[{"@type":"SearchAction","target":{"@type":"EntryPoint","urlTemplate":"https:\/\/sunonusa.pulsechat.com\/?s={search_term_string}"},"query-input":"required name=search_term_string"}],"inLanguage":"pt-BR"},{"@type":"Organization","@id":"https:\/\/sunonusa.pulsechat.com\/#organization","name":"Sunon USA","url":"https:\/\/sunonusa.pulsechat.com\/","logo":{"@type":"ImageObject","inLanguage":"pt-BR","@id":"https:\/\/sunonusa.pulsechat.com\/#\/schema\/logo\/image\/","url":"https:\/\/www.sunonusa.com\/wp-content\/uploads\/2015\/11\/sunon-logo-1.jpg","contentUrl":"https:\/\/www.sunonusa.com\/wp-content\/uploads\/2015\/11\/sunon-logo-1.jpg","width":565,"height":109,"caption":"Sunon USA"},"image":{"@id":"https:\/\/sunonusa.pulsechat.com\/#\/schema\/logo\/image\/"}}]}},"_links":{"self":[{"href":"https:\/\/sunonusa.pulsechat.com\/pt-br\/wp-json\/wp\/v2\/pages\/3875","targetHints":{"allow":["GET"]}}],"collection":[{"href":"https:\/\/sunonusa.pulsechat.com\/pt-br\/wp-json\/wp\/v2\/pages"}],"about":[{"href":"https:\/\/sunonusa.pulsechat.com\/pt-br\/wp-json\/wp\/v2\/types\/page"}],"author":[{"embeddable":true,"href":"https:\/\/sunonusa.pulsechat.com\/pt-br\/wp-json\/wp\/v2\/users\/7"}],"replies":[{"embeddable":true,"href":"https:\/\/sunonusa.pulsechat.com\/pt-br\/wp-json\/wp\/v2\/comments?post=3875"}],"version-history":[{"count":0,"href":"https:\/\/sunonusa.pulsechat.com\/pt-br\/wp-json\/wp\/v2\/pages\/3875\/revisions"}],"up":[{"embeddable":true,"href":"https:\/\/sunonusa.pulsechat.com\/pt-br\/wp-json\/wp\/v2\/pages\/3715"}],"wp:attachment":[{"href":"https:\/\/sunonusa.pulsechat.com\/pt-br\/wp-json\/wp\/v2\/media?parent=3875"}],"curies":[{"name":"wp","href":"https:\/\/api.w.org\/{rel}","templated":true}]}}