{"id":3870,"date":"2015-09-22T12:18:05","date_gmt":"2015-09-22T12:18:05","guid":{"rendered":"https:\/\/www.sunonusa.com\/applications\/refrigeration\/"},"modified":"2018-07-17T13:58:53","modified_gmt":"2018-07-17T20:58:53","slug":"refrigeration","status":"publish","type":"page","link":"https:\/\/sunonusa.pulsechat.com\/pt-br\/applications\/refrigeration\/","title":{"rendered":"Refrigera\u00e7\u00e3o"},"content":{"rendered":"<p>O \u00faltimo desenvolvimento de ventoinhas econ\u00f4micas em energia da Sunon \u00e9 a nossa s\u00e9rie EC, utilizando a avan\u00e7ada tecnologia de motor Eletronicamente Comutada (EC). Ventoinhas EC s\u00e3o motores sem escova de CC que levam Corrente Alternada, usando controles eletr\u00f4nicos para mudar para uma Corrente Cont\u00ednua para energizar o motor. Simplificando, ventoinhas EC s\u00e3o um motor CC com um conversor CA para CC integrado. Ventoinhas EC d\u00e3o a voc\u00ea a vantagem de um ventilador CC, tal qual controle de velocidade ao regular a energia do motor. Motores de alta efici\u00eancia diminuem o consumo de energia em at\u00e9 75%, que se traduz em uma significante redu\u00e7\u00e3o dos custos de opera\u00e7\u00e3o. Isto \u00e9 especialmente crucial para atingir requerimentos Energy Star e requerimentos no mercado consumidor. Al\u00e9m disse, motores EC funcionam resfriados e reduzem dramaticamente a quantidade de calor produzido por um ventilador CA padr\u00e3o.<\/p>\n<p>Em compara\u00e7\u00e3o a motores CA tradicionais, motores EC oferecem menor consumo de energia, vida \u00fatil maior, montagem mais compacta, e s\u00e3o virtualmente silenciosos usando o controle de velocidade. A nova avan\u00e7ada tecnologia EC da Sunon \u00e9 projetada como substitui\u00e7\u00f5es de economia de energia motores CA tradicionais usados em uma variedade de aplica\u00e7\u00f5es. Com o requerimento de efici\u00eancia estabelecido pela Energy Star e TUV em constante mudan\u00e7a, estas ventoinhas EC s\u00e3o \u00f3timas solu\u00e7\u00f5es para eletrodom\u00e9sticos e industriais, tais como refrigeradores, congeladores, m\u00e1quinas de venda autom\u00e1tica e ar-condicionados.<\/p>\n<div class=\"video-stage\">\n\t\t\t\t<a href=\"https:\/\/www.youtube.com\/embed\/gpRWSaDHf-4?version=3\" data-rel=\"lightcase:videoplay\"><img loading=\"lazy\" decoding=\"async\" src=\"http:\/\/img.youtube.com\/vi\/gpRWSaDHf-4\/maxresdefault.jpg\" width=\"570\" height=\"320\"><\/a>\n\t\t\t<\/div><ul class=\"video-playlist\"><\/ul>\n","protected":false},"excerpt":{"rendered":"<p>O \u00faltimo desenvolvimento de ventoinhas econ\u00f4micas em energia da Sunon \u00e9 a nossa s\u00e9rie EC, utilizando a avan\u00e7ada tecnologia de motor Eletronicamente Comutada (EC). Ventoinhas EC s\u00e3o motores sem escova de CC que levam Corrente Alternada, usando controles eletr\u00f4nicos para mudar para uma Corrente Cont\u00ednua para energizar o motor. Simplificando, ventoinhas EC s\u00e3o um motor [&hellip;]<\/p>\n","protected":false},"author":7,"featured_media":0,"parent":3715,"menu_order":5,"comment_status":"closed","ping_status":"closed","template":"","meta":{"_et_pb_use_builder":"","_et_pb_old_content":"","_et_gb_content_width":"","_monsterinsights_skip_tracking":false,"_monsterinsights_sitenote_active":false,"_monsterinsights_sitenote_note":"","_monsterinsights_sitenote_category":0,"ngg_post_thumbnail":0,"footnotes":""},"class_list":["post-3870","page","type-page","status-publish","hentry","wpautop"],"yoast_head":"<!-- This site is optimized with the Yoast SEO plugin v22.8 - https:\/\/yoast.com\/wordpress\/plugins\/seo\/ -->\n<title>Refrigera\u00e7\u00e3o | Sunon Inc.<\/title>\n<meta name=\"robots\" content=\"noindex, follow, max-snippet:-1, max-image-preview:large, max-video-preview:-1\" \/>\n<meta property=\"og:locale\" content=\"pt_BR\" \/>\n<meta property=\"og:type\" content=\"article\" \/>\n<meta property=\"og:title\" content=\"Refrigera\u00e7\u00e3o | Sunon Inc.\" \/>\n<meta property=\"og:description\" content=\"O \u00faltimo desenvolvimento de ventoinhas econ\u00f4micas em energia da Sunon \u00e9 a nossa s\u00e9rie EC, utilizando a avan\u00e7ada tecnologia de motor Eletronicamente Comutada (EC). Ventoinhas EC s\u00e3o motores sem escova de CC que levam Corrente Alternada, usando controles eletr\u00f4nicos para mudar para uma Corrente Cont\u00ednua para energizar o motor. Simplificando, ventoinhas EC s\u00e3o um motor [&hellip;]\" \/>\n<meta property=\"og:url\" content=\"https:\/\/sunonusa.pulsechat.com\/pt-br\/applications\/refrigeration\/\" \/>\n<meta property=\"og:site_name\" content=\"Sunon Inc.\" \/>\n<meta property=\"article:modified_time\" content=\"2018-07-17T20:58:53+00:00\" \/>\n<meta property=\"og:image\" content=\"https:\/\/sunonusa.pulsechat.com\/wp-content\/uploads\/2015\/11\/sunon-logo-1.jpg\" \/>\n\t<meta property=\"og:image:width\" content=\"565\" \/>\n\t<meta property=\"og:image:height\" content=\"109\" \/>\n\t<meta property=\"og:image:type\" content=\"image\/jpeg\" \/>\n<meta name=\"twitter:card\" content=\"summary_large_image\" \/>\n<meta name=\"twitter:label1\" content=\"Est. tempo de leitura\" \/>\n\t<meta name=\"twitter:data1\" content=\"1 minuto\" \/>\n<script type=\"application\/ld+json\" class=\"yoast-schema-graph\">{\"@context\":\"https:\/\/schema.org\",\"@graph\":[{\"@type\":\"WebPage\",\"@id\":\"https:\/\/sunonusa.pulsechat.com\/pt-br\/applications\/refrigeration\/\",\"url\":\"https:\/\/sunonusa.pulsechat.com\/pt-br\/applications\/refrigeration\/\",\"name\":\"Refrigera\u00e7\u00e3o | Sunon Inc.\",\"isPartOf\":{\"@id\":\"https:\/\/sunonusa.pulsechat.com\/#website\"},\"datePublished\":\"2015-09-22T12:18:05+00:00\",\"dateModified\":\"2018-07-17T20:58:53+00:00\",\"breadcrumb\":{\"@id\":\"https:\/\/sunonusa.pulsechat.com\/pt-br\/applications\/refrigeration\/#breadcrumb\"},\"inLanguage\":\"pt-BR\",\"potentialAction\":[{\"@type\":\"ReadAction\",\"target\":[\"https:\/\/sunonusa.pulsechat.com\/pt-br\/applications\/refrigeration\/\"]}]},{\"@type\":\"BreadcrumbList\",\"@id\":\"https:\/\/sunonusa.pulsechat.com\/pt-br\/applications\/refrigeration\/#breadcrumb\",\"itemListElement\":[{\"@type\":\"ListItem\",\"position\":1,\"name\":\"Home\",\"item\":\"https:\/\/sunonusa.pulsechat.com\/pt-br\/?page_id=12551\"},{\"@type\":\"ListItem\",\"position\":2,\"name\":\"Aplica\u00e7\u00f5es\",\"item\":\"https:\/\/sunonusa.pulsechat.com\/pt-br\/applications\/\"},{\"@type\":\"ListItem\",\"position\":3,\"name\":\"Refrigera\u00e7\u00e3o\"}]},{\"@type\":\"WebSite\",\"@id\":\"https:\/\/sunonusa.pulsechat.com\/#website\",\"url\":\"https:\/\/sunonusa.pulsechat.com\/\",\"name\":\"Sunon Inc.\",\"description\":\"\",\"publisher\":{\"@id\":\"https:\/\/sunonusa.pulsechat.com\/#organization\"},\"potentialAction\":[{\"@type\":\"SearchAction\",\"target\":{\"@type\":\"EntryPoint\",\"urlTemplate\":\"https:\/\/sunonusa.pulsechat.com\/?s={search_term_string}\"},\"query-input\":\"required name=search_term_string\"}],\"inLanguage\":\"pt-BR\"},{\"@type\":\"Organization\",\"@id\":\"https:\/\/sunonusa.pulsechat.com\/#organization\",\"name\":\"Sunon USA\",\"url\":\"https:\/\/sunonusa.pulsechat.com\/\",\"logo\":{\"@type\":\"ImageObject\",\"inLanguage\":\"pt-BR\",\"@id\":\"https:\/\/sunonusa.pulsechat.com\/#\/schema\/logo\/image\/\",\"url\":\"https:\/\/www.sunonusa.com\/wp-content\/uploads\/2015\/11\/sunon-logo-1.jpg\",\"contentUrl\":\"https:\/\/www.sunonusa.com\/wp-content\/uploads\/2015\/11\/sunon-logo-1.jpg\",\"width\":565,\"height\":109,\"caption\":\"Sunon USA\"},\"image\":{\"@id\":\"https:\/\/sunonusa.pulsechat.com\/#\/schema\/logo\/image\/\"}}]}<\/script>\n<!-- \/ Yoast SEO plugin. -->","yoast_head_json":{"title":"Refrigera\u00e7\u00e3o | Sunon Inc.","robots":{"index":"noindex","follow":"follow","max-snippet":"max-snippet:-1","max-image-preview":"max-image-preview:large","max-video-preview":"max-video-preview:-1"},"og_locale":"pt_BR","og_type":"article","og_title":"Refrigera\u00e7\u00e3o | Sunon Inc.","og_description":"O \u00faltimo desenvolvimento de ventoinhas econ\u00f4micas em energia da Sunon \u00e9 a nossa s\u00e9rie EC, utilizando a avan\u00e7ada tecnologia de motor Eletronicamente Comutada (EC). Ventoinhas EC s\u00e3o motores sem escova de CC que levam Corrente Alternada, usando controles eletr\u00f4nicos para mudar para uma Corrente Cont\u00ednua para energizar o motor. Simplificando, ventoinhas EC s\u00e3o um motor [&hellip;]","og_url":"https:\/\/sunonusa.pulsechat.com\/pt-br\/applications\/refrigeration\/","og_site_name":"Sunon Inc.","article_modified_time":"2018-07-17T20:58:53+00:00","og_image":[{"width":565,"height":109,"url":"https:\/\/sunonusa.pulsechat.com\/wp-content\/uploads\/2015\/11\/sunon-logo-1.jpg","type":"image\/jpeg"}],"twitter_card":"summary_large_image","twitter_misc":{"Est. tempo de leitura":"1 minuto"},"schema":{"@context":"https:\/\/schema.org","@graph":[{"@type":"WebPage","@id":"https:\/\/sunonusa.pulsechat.com\/pt-br\/applications\/refrigeration\/","url":"https:\/\/sunonusa.pulsechat.com\/pt-br\/applications\/refrigeration\/","name":"Refrigera\u00e7\u00e3o | Sunon Inc.","isPartOf":{"@id":"https:\/\/sunonusa.pulsechat.com\/#website"},"datePublished":"2015-09-22T12:18:05+00:00","dateModified":"2018-07-17T20:58:53+00:00","breadcrumb":{"@id":"https:\/\/sunonusa.pulsechat.com\/pt-br\/applications\/refrigeration\/#breadcrumb"},"inLanguage":"pt-BR","potentialAction":[{"@type":"ReadAction","target":["https:\/\/sunonusa.pulsechat.com\/pt-br\/applications\/refrigeration\/"]}]},{"@type":"BreadcrumbList","@id":"https:\/\/sunonusa.pulsechat.com\/pt-br\/applications\/refrigeration\/#breadcrumb","itemListElement":[{"@type":"ListItem","position":1,"name":"Home","item":"https:\/\/sunonusa.pulsechat.com\/pt-br\/?page_id=12551"},{"@type":"ListItem","position":2,"name":"Aplica\u00e7\u00f5es","item":"https:\/\/sunonusa.pulsechat.com\/pt-br\/applications\/"},{"@type":"ListItem","position":3,"name":"Refrigera\u00e7\u00e3o"}]},{"@type":"WebSite","@id":"https:\/\/sunonusa.pulsechat.com\/#website","url":"https:\/\/sunonusa.pulsechat.com\/","name":"Sunon Inc.","description":"","publisher":{"@id":"https:\/\/sunonusa.pulsechat.com\/#organization"},"potentialAction":[{"@type":"SearchAction","target":{"@type":"EntryPoint","urlTemplate":"https:\/\/sunonusa.pulsechat.com\/?s={search_term_string}"},"query-input":"required name=search_term_string"}],"inLanguage":"pt-BR"},{"@type":"Organization","@id":"https:\/\/sunonusa.pulsechat.com\/#organization","name":"Sunon USA","url":"https:\/\/sunonusa.pulsechat.com\/","logo":{"@type":"ImageObject","inLanguage":"pt-BR","@id":"https:\/\/sunonusa.pulsechat.com\/#\/schema\/logo\/image\/","url":"https:\/\/www.sunonusa.com\/wp-content\/uploads\/2015\/11\/sunon-logo-1.jpg","contentUrl":"https:\/\/www.sunonusa.com\/wp-content\/uploads\/2015\/11\/sunon-logo-1.jpg","width":565,"height":109,"caption":"Sunon USA"},"image":{"@id":"https:\/\/sunonusa.pulsechat.com\/#\/schema\/logo\/image\/"}}]}},"_links":{"self":[{"href":"https:\/\/sunonusa.pulsechat.com\/pt-br\/wp-json\/wp\/v2\/pages\/3870","targetHints":{"allow":["GET"]}}],"collection":[{"href":"https:\/\/sunonusa.pulsechat.com\/pt-br\/wp-json\/wp\/v2\/pages"}],"about":[{"href":"https:\/\/sunonusa.pulsechat.com\/pt-br\/wp-json\/wp\/v2\/types\/page"}],"author":[{"embeddable":true,"href":"https:\/\/sunonusa.pulsechat.com\/pt-br\/wp-json\/wp\/v2\/users\/7"}],"replies":[{"embeddable":true,"href":"https:\/\/sunonusa.pulsechat.com\/pt-br\/wp-json\/wp\/v2\/comments?post=3870"}],"version-history":[{"count":0,"href":"https:\/\/sunonusa.pulsechat.com\/pt-br\/wp-json\/wp\/v2\/pages\/3870\/revisions"}],"up":[{"embeddable":true,"href":"https:\/\/sunonusa.pulsechat.com\/pt-br\/wp-json\/wp\/v2\/pages\/3715"}],"wp:attachment":[{"href":"https:\/\/sunonusa.pulsechat.com\/pt-br\/wp-json\/wp\/v2\/media?parent=3870"}],"curies":[{"name":"wp","href":"https:\/\/api.w.org\/{rel}","templated":true}]}}