{"id":3863,"date":"2015-09-22T12:17:46","date_gmt":"2015-09-22T12:17:46","guid":{"rendered":"https:\/\/www.sunonusa.com\/applications\/mobile-device\/"},"modified":"2018-07-17T13:57:18","modified_gmt":"2018-07-17T20:57:18","slug":"mobile-device","status":"publish","type":"page","link":"https:\/\/sunonusa.pulsechat.com\/pt-br\/applications\/mobile-device\/","title":{"rendered":"Dispositivo M\u00f3vel"},"content":{"rendered":"<p>Com a tend\u00eancia em ascens\u00e3o de eletr\u00f4nicos compactos e port\u00e1teis, a Sunon oferece as Poderosas Mini Ventoinhas e exaustores para uma variedade de dispositivos m\u00f3veis, tais como PDAs, smartphones, tablets, m\u00f3dulos de GPS, consoles port\u00e1teis de v\u00eddeo-game, projetores pico, reprodutores de m\u00eddia port\u00e1teis e discos r\u00edgidos, e muito mais.<\/p>\n<p>As Poderosas Mini Ventoinhas e exaustores s\u00e3o os menores, mais finos e mais leves ventoinhas e exaustores do mundo, medindo entre 8-30 mm de largura, e 2 mm de espessura. Apoiado pelo P&#038;D superior da Sunon em tecnologias t\u00e9rmicas, estas Poderosas Mini Ventoinhas e exaustores oferecem as vantagens de baixo ru\u00eddo e menos consumo de energia. Em adi\u00e7\u00e3o, a s\u00e9rie Poderosos Mini s\u00e3o classificados IP (IP55 e IP58) e apropriados em aplica\u00e7\u00f5es externas com prote\u00e7\u00e3o contra poeira e \u00e1gua. Os Poderosos Mini ventoinhas e exaustores da Sunon s\u00e3o a solu\u00e7\u00e3o t\u00e9rmica definitiva de designers e engenheiros com limita\u00e7\u00e3o de espa\u00e7o em dissipa\u00e7\u00e3o de calor para quaisquer dispositivos eletr\u00f4nicos port\u00e1teis.<\/p>\n<p><img loading=\"lazy\" decoding=\"async\" class=\"alignleft wp-image-2568 size-full\" src=\"https:\/\/www.sunonusa.com\/wp-content\/uploads\/2015\/09\/MMF-e1446147061789.jpg\" alt=\"MMF\" width=\"671\" height=\"450\" srcset=\"https:\/\/sunonusa.pulsechat.com\/wp-content\/uploads\/2015\/09\/MMF-e1446147061789.jpg 671w, https:\/\/sunonusa.pulsechat.com\/wp-content\/uploads\/2015\/09\/MMF-e1446147061789-600x402.jpg 600w\" sizes=\"(max-width: 671px) 100vw, 671px\" \/><\/p>\n","protected":false},"excerpt":{"rendered":"<p>Com a tend\u00eancia em ascens\u00e3o de eletr\u00f4nicos compactos e port\u00e1teis, a Sunon oferece as Poderosas Mini Ventoinhas e exaustores para uma variedade de dispositivos m\u00f3veis, tais como PDAs, smartphones, tablets, m\u00f3dulos de GPS, consoles port\u00e1teis de v\u00eddeo-game, projetores pico, reprodutores de m\u00eddia port\u00e1teis e discos r\u00edgidos, e muito mais. As Poderosas Mini Ventoinhas e exaustores [&hellip;]<\/p>\n","protected":false},"author":7,"featured_media":0,"parent":3715,"menu_order":4,"comment_status":"closed","ping_status":"closed","template":"","meta":{"_et_pb_use_builder":"","_et_pb_old_content":"","_et_gb_content_width":"","_monsterinsights_skip_tracking":false,"_monsterinsights_sitenote_active":false,"_monsterinsights_sitenote_note":"","_monsterinsights_sitenote_category":0,"ngg_post_thumbnail":0,"footnotes":""},"class_list":["post-3863","page","type-page","status-publish","hentry","wpautop"],"yoast_head":"<!-- This site is optimized with the Yoast SEO plugin v22.8 - https:\/\/yoast.com\/wordpress\/plugins\/seo\/ -->\n<title>Dispositivo M\u00f3vel | Sunon Inc.<\/title>\n<meta name=\"robots\" content=\"noindex, follow, max-snippet:-1, max-image-preview:large, max-video-preview:-1\" \/>\n<meta property=\"og:locale\" content=\"pt_BR\" \/>\n<meta property=\"og:type\" content=\"article\" \/>\n<meta property=\"og:title\" content=\"Dispositivo M\u00f3vel | Sunon Inc.\" \/>\n<meta property=\"og:description\" content=\"Com a tend\u00eancia em ascens\u00e3o de eletr\u00f4nicos compactos e port\u00e1teis, a Sunon oferece as Poderosas Mini Ventoinhas e exaustores para uma variedade de dispositivos m\u00f3veis, tais como PDAs, smartphones, tablets, m\u00f3dulos de GPS, consoles port\u00e1teis de v\u00eddeo-game, projetores pico, reprodutores de m\u00eddia port\u00e1teis e discos r\u00edgidos, e muito mais. As Poderosas Mini Ventoinhas e exaustores [&hellip;]\" \/>\n<meta property=\"og:url\" content=\"https:\/\/sunonusa.pulsechat.com\/pt-br\/applications\/mobile-device\/\" \/>\n<meta property=\"og:site_name\" content=\"Sunon Inc.\" \/>\n<meta property=\"article:modified_time\" content=\"2018-07-17T20:57:18+00:00\" \/>\n<meta property=\"og:image\" content=\"https:\/\/www.sunonusa.com\/wp-content\/uploads\/2015\/09\/MMF-e1446147061789.jpg\" \/>\n<meta name=\"twitter:card\" content=\"summary_large_image\" \/>\n<meta name=\"twitter:label1\" content=\"Est. tempo de leitura\" \/>\n\t<meta name=\"twitter:data1\" content=\"1 minuto\" \/>\n<script type=\"application\/ld+json\" class=\"yoast-schema-graph\">{\"@context\":\"https:\/\/schema.org\",\"@graph\":[{\"@type\":\"WebPage\",\"@id\":\"https:\/\/sunonusa.pulsechat.com\/pt-br\/applications\/mobile-device\/\",\"url\":\"https:\/\/sunonusa.pulsechat.com\/pt-br\/applications\/mobile-device\/\",\"name\":\"Dispositivo M\u00f3vel | Sunon Inc.\",\"isPartOf\":{\"@id\":\"https:\/\/sunonusa.pulsechat.com\/#website\"},\"primaryImageOfPage\":{\"@id\":\"https:\/\/sunonusa.pulsechat.com\/pt-br\/applications\/mobile-device\/#primaryimage\"},\"image\":{\"@id\":\"https:\/\/sunonusa.pulsechat.com\/pt-br\/applications\/mobile-device\/#primaryimage\"},\"thumbnailUrl\":\"https:\/\/www.sunonusa.com\/wp-content\/uploads\/2015\/09\/MMF-e1446147061789.jpg\",\"datePublished\":\"2015-09-22T12:17:46+00:00\",\"dateModified\":\"2018-07-17T20:57:18+00:00\",\"breadcrumb\":{\"@id\":\"https:\/\/sunonusa.pulsechat.com\/pt-br\/applications\/mobile-device\/#breadcrumb\"},\"inLanguage\":\"pt-BR\",\"potentialAction\":[{\"@type\":\"ReadAction\",\"target\":[\"https:\/\/sunonusa.pulsechat.com\/pt-br\/applications\/mobile-device\/\"]}]},{\"@type\":\"ImageObject\",\"inLanguage\":\"pt-BR\",\"@id\":\"https:\/\/sunonusa.pulsechat.com\/pt-br\/applications\/mobile-device\/#primaryimage\",\"url\":\"https:\/\/www.sunonusa.com\/wp-content\/uploads\/2015\/09\/MMF-e1446147061789.jpg\",\"contentUrl\":\"https:\/\/www.sunonusa.com\/wp-content\/uploads\/2015\/09\/MMF-e1446147061789.jpg\"},{\"@type\":\"BreadcrumbList\",\"@id\":\"https:\/\/sunonusa.pulsechat.com\/pt-br\/applications\/mobile-device\/#breadcrumb\",\"itemListElement\":[{\"@type\":\"ListItem\",\"position\":1,\"name\":\"Home\",\"item\":\"https:\/\/sunonusa.pulsechat.com\/pt-br\/?page_id=12551\"},{\"@type\":\"ListItem\",\"position\":2,\"name\":\"Aplica\u00e7\u00f5es\",\"item\":\"https:\/\/sunonusa.pulsechat.com\/pt-br\/applications\/\"},{\"@type\":\"ListItem\",\"position\":3,\"name\":\"Dispositivo M\u00f3vel\"}]},{\"@type\":\"WebSite\",\"@id\":\"https:\/\/sunonusa.pulsechat.com\/#website\",\"url\":\"https:\/\/sunonusa.pulsechat.com\/\",\"name\":\"Sunon Inc.\",\"description\":\"\",\"publisher\":{\"@id\":\"https:\/\/sunonusa.pulsechat.com\/#organization\"},\"potentialAction\":[{\"@type\":\"SearchAction\",\"target\":{\"@type\":\"EntryPoint\",\"urlTemplate\":\"https:\/\/sunonusa.pulsechat.com\/?s={search_term_string}\"},\"query-input\":\"required name=search_term_string\"}],\"inLanguage\":\"pt-BR\"},{\"@type\":\"Organization\",\"@id\":\"https:\/\/sunonusa.pulsechat.com\/#organization\",\"name\":\"Sunon USA\",\"url\":\"https:\/\/sunonusa.pulsechat.com\/\",\"logo\":{\"@type\":\"ImageObject\",\"inLanguage\":\"pt-BR\",\"@id\":\"https:\/\/sunonusa.pulsechat.com\/#\/schema\/logo\/image\/\",\"url\":\"https:\/\/www.sunonusa.com\/wp-content\/uploads\/2015\/11\/sunon-logo-1.jpg\",\"contentUrl\":\"https:\/\/www.sunonusa.com\/wp-content\/uploads\/2015\/11\/sunon-logo-1.jpg\",\"width\":565,\"height\":109,\"caption\":\"Sunon USA\"},\"image\":{\"@id\":\"https:\/\/sunonusa.pulsechat.com\/#\/schema\/logo\/image\/\"}}]}<\/script>\n<!-- \/ Yoast SEO plugin. -->","yoast_head_json":{"title":"Dispositivo M\u00f3vel | Sunon Inc.","robots":{"index":"noindex","follow":"follow","max-snippet":"max-snippet:-1","max-image-preview":"max-image-preview:large","max-video-preview":"max-video-preview:-1"},"og_locale":"pt_BR","og_type":"article","og_title":"Dispositivo M\u00f3vel | Sunon Inc.","og_description":"Com a tend\u00eancia em ascens\u00e3o de eletr\u00f4nicos compactos e port\u00e1teis, a Sunon oferece as Poderosas Mini Ventoinhas e exaustores para uma variedade de dispositivos m\u00f3veis, tais como PDAs, smartphones, tablets, m\u00f3dulos de GPS, consoles port\u00e1teis de v\u00eddeo-game, projetores pico, reprodutores de m\u00eddia port\u00e1teis e discos r\u00edgidos, e muito mais. As Poderosas Mini Ventoinhas e exaustores [&hellip;]","og_url":"https:\/\/sunonusa.pulsechat.com\/pt-br\/applications\/mobile-device\/","og_site_name":"Sunon Inc.","article_modified_time":"2018-07-17T20:57:18+00:00","og_image":[{"url":"https:\/\/www.sunonusa.com\/wp-content\/uploads\/2015\/09\/MMF-e1446147061789.jpg"}],"twitter_card":"summary_large_image","twitter_misc":{"Est. tempo de leitura":"1 minuto"},"schema":{"@context":"https:\/\/schema.org","@graph":[{"@type":"WebPage","@id":"https:\/\/sunonusa.pulsechat.com\/pt-br\/applications\/mobile-device\/","url":"https:\/\/sunonusa.pulsechat.com\/pt-br\/applications\/mobile-device\/","name":"Dispositivo M\u00f3vel | Sunon Inc.","isPartOf":{"@id":"https:\/\/sunonusa.pulsechat.com\/#website"},"primaryImageOfPage":{"@id":"https:\/\/sunonusa.pulsechat.com\/pt-br\/applications\/mobile-device\/#primaryimage"},"image":{"@id":"https:\/\/sunonusa.pulsechat.com\/pt-br\/applications\/mobile-device\/#primaryimage"},"thumbnailUrl":"https:\/\/www.sunonusa.com\/wp-content\/uploads\/2015\/09\/MMF-e1446147061789.jpg","datePublished":"2015-09-22T12:17:46+00:00","dateModified":"2018-07-17T20:57:18+00:00","breadcrumb":{"@id":"https:\/\/sunonusa.pulsechat.com\/pt-br\/applications\/mobile-device\/#breadcrumb"},"inLanguage":"pt-BR","potentialAction":[{"@type":"ReadAction","target":["https:\/\/sunonusa.pulsechat.com\/pt-br\/applications\/mobile-device\/"]}]},{"@type":"ImageObject","inLanguage":"pt-BR","@id":"https:\/\/sunonusa.pulsechat.com\/pt-br\/applications\/mobile-device\/#primaryimage","url":"https:\/\/www.sunonusa.com\/wp-content\/uploads\/2015\/09\/MMF-e1446147061789.jpg","contentUrl":"https:\/\/www.sunonusa.com\/wp-content\/uploads\/2015\/09\/MMF-e1446147061789.jpg"},{"@type":"BreadcrumbList","@id":"https:\/\/sunonusa.pulsechat.com\/pt-br\/applications\/mobile-device\/#breadcrumb","itemListElement":[{"@type":"ListItem","position":1,"name":"Home","item":"https:\/\/sunonusa.pulsechat.com\/pt-br\/?page_id=12551"},{"@type":"ListItem","position":2,"name":"Aplica\u00e7\u00f5es","item":"https:\/\/sunonusa.pulsechat.com\/pt-br\/applications\/"},{"@type":"ListItem","position":3,"name":"Dispositivo M\u00f3vel"}]},{"@type":"WebSite","@id":"https:\/\/sunonusa.pulsechat.com\/#website","url":"https:\/\/sunonusa.pulsechat.com\/","name":"Sunon Inc.","description":"","publisher":{"@id":"https:\/\/sunonusa.pulsechat.com\/#organization"},"potentialAction":[{"@type":"SearchAction","target":{"@type":"EntryPoint","urlTemplate":"https:\/\/sunonusa.pulsechat.com\/?s={search_term_string}"},"query-input":"required name=search_term_string"}],"inLanguage":"pt-BR"},{"@type":"Organization","@id":"https:\/\/sunonusa.pulsechat.com\/#organization","name":"Sunon USA","url":"https:\/\/sunonusa.pulsechat.com\/","logo":{"@type":"ImageObject","inLanguage":"pt-BR","@id":"https:\/\/sunonusa.pulsechat.com\/#\/schema\/logo\/image\/","url":"https:\/\/www.sunonusa.com\/wp-content\/uploads\/2015\/11\/sunon-logo-1.jpg","contentUrl":"https:\/\/www.sunonusa.com\/wp-content\/uploads\/2015\/11\/sunon-logo-1.jpg","width":565,"height":109,"caption":"Sunon USA"},"image":{"@id":"https:\/\/sunonusa.pulsechat.com\/#\/schema\/logo\/image\/"}}]}},"_links":{"self":[{"href":"https:\/\/sunonusa.pulsechat.com\/pt-br\/wp-json\/wp\/v2\/pages\/3863","targetHints":{"allow":["GET"]}}],"collection":[{"href":"https:\/\/sunonusa.pulsechat.com\/pt-br\/wp-json\/wp\/v2\/pages"}],"about":[{"href":"https:\/\/sunonusa.pulsechat.com\/pt-br\/wp-json\/wp\/v2\/types\/page"}],"author":[{"embeddable":true,"href":"https:\/\/sunonusa.pulsechat.com\/pt-br\/wp-json\/wp\/v2\/users\/7"}],"replies":[{"embeddable":true,"href":"https:\/\/sunonusa.pulsechat.com\/pt-br\/wp-json\/wp\/v2\/comments?post=3863"}],"version-history":[{"count":0,"href":"https:\/\/sunonusa.pulsechat.com\/pt-br\/wp-json\/wp\/v2\/pages\/3863\/revisions"}],"up":[{"embeddable":true,"href":"https:\/\/sunonusa.pulsechat.com\/pt-br\/wp-json\/wp\/v2\/pages\/3715"}],"wp:attachment":[{"href":"https:\/\/sunonusa.pulsechat.com\/pt-br\/wp-json\/wp\/v2\/media?parent=3863"}],"curies":[{"name":"wp","href":"https:\/\/api.w.org\/{rel}","templated":true}]}}