{"id":3846,"date":"2015-09-22T12:16:49","date_gmt":"2015-09-22T12:16:49","guid":{"rendered":"https:\/\/www.sunonusa.com\/applications\/serverstorage\/"},"modified":"2018-07-17T13:36:02","modified_gmt":"2018-07-17T20:36:02","slug":"serverstorage","status":"publish","type":"page","link":"https:\/\/sunonusa.pulsechat.com\/pt-br\/applications\/serverstorage\/","title":{"rendered":"Servidor\/Armazenamento"},"content":{"rendered":"<p>A s\u00e9rie P &#038; V da Sunon de coolers de alta pot\u00eancia atingem novos padr\u00f5es para desempenho do fluxo de ar e s\u00e3o os coolers mais eficientes no mercado hoje. As ventoinhas da s\u00e9rie P &#038; V da Sunon s\u00e3o desenvolvidas com novos materiais estatores com menor condutividade el\u00e9trica. O resultado \u00e9 maior efici\u00eancia, maior desempenho, e menor vibra\u00e7\u00e3o, uma solu\u00e7\u00e3o de resfriamento completa sem comprometimentos. Com o aumento nas demandas de controle t\u00e9rmico, a s\u00e9rie P da Sunon oferece fun\u00e7\u00f5es de 4 cabos de Modula\u00e7\u00e3o por Largura de Pulso (MLP) de entrada e de Tac\u00f4metro de sa\u00edda em modelos selecionados para regular o sinal de voltagem entre ciclos de trabalho para controlar a velocidade do ventilador enquanto fornece feedback no RPM do ventilador.<\/p>\n<p>A Sunon luta para ajudar a simplificar seus processos de design e tempo de espera ao fazer uma fun\u00e7\u00e3o confi\u00e1vel de 4 cabos de MLP prontamente dispon\u00edvel. Adicionalmente, n\u00f3s oferecemos recursos de aprimoramento, tais como revestimento IP e contra rota\u00e7\u00e3o aos coolers da s\u00e9rie P &#038; V para satisfazer suas necessidades. A s\u00e9rie P &#038; V de ventoinhas DC da Sunon s\u00e3o ideais para armazenamento de dados e sistemas de rack de servidor, aplica\u00e7\u00f5es em roteadores\/interruptores e fornecimentos de energia, entre outros.<\/p>\n<p>Nossos coolers da s\u00e9rie P &#038; V s\u00e3o ideais para aplica\u00e7\u00f5es 1U, 2U, 3U e 4U, variando de 36&#215;28 a 120&#215;28 em tamanho.<\/p>\n<div class=\"video-stage\">\n\t\t\t\t<a href=\"https:\/\/www.youtube.com\/embed\/QSRjg-88B5Y?version=3\" data-rel=\"lightcase:videoplay\"><img loading=\"lazy\" decoding=\"async\" src=\"http:\/\/img.youtube.com\/vi\/QSRjg-88B5Y\/maxresdefault.jpg\" width=\"570\" height=\"320\"><\/a>\n\t\t\t<\/div><ul class=\"video-playlist\"><\/ul>\n","protected":false},"excerpt":{"rendered":"<p>A s\u00e9rie P &#038; V da Sunon de coolers de alta pot\u00eancia atingem novos padr\u00f5es para desempenho do fluxo de ar e s\u00e3o os coolers mais eficientes no mercado hoje. As ventoinhas da s\u00e9rie P &#038; V da Sunon s\u00e3o desenvolvidas com novos materiais estatores com menor condutividade el\u00e9trica. O resultado \u00e9 maior efici\u00eancia, maior [&hellip;]<\/p>\n","protected":false},"author":7,"featured_media":0,"parent":3715,"menu_order":1,"comment_status":"closed","ping_status":"closed","template":"","meta":{"_et_pb_use_builder":"","_et_pb_old_content":"","_et_gb_content_width":"","_monsterinsights_skip_tracking":false,"_monsterinsights_sitenote_active":false,"_monsterinsights_sitenote_note":"","_monsterinsights_sitenote_category":0,"ngg_post_thumbnail":0,"footnotes":""},"class_list":["post-3846","page","type-page","status-publish","hentry","wpautop"],"yoast_head":"<!-- This site is optimized with the Yoast SEO plugin v22.8 - https:\/\/yoast.com\/wordpress\/plugins\/seo\/ -->\n<title>Servidor\/Armazenamento | Sunon Inc.<\/title>\n<meta name=\"robots\" content=\"noindex, follow, max-snippet:-1, max-image-preview:large, max-video-preview:-1\" \/>\n<meta property=\"og:locale\" content=\"pt_BR\" \/>\n<meta property=\"og:type\" content=\"article\" \/>\n<meta property=\"og:title\" content=\"Servidor\/Armazenamento | Sunon Inc.\" \/>\n<meta property=\"og:description\" content=\"A s\u00e9rie P &#038; V da Sunon de coolers de alta pot\u00eancia atingem novos padr\u00f5es para desempenho do fluxo de ar e s\u00e3o os coolers mais eficientes no mercado hoje. As ventoinhas da s\u00e9rie P &#038; V da Sunon s\u00e3o desenvolvidas com novos materiais estatores com menor condutividade el\u00e9trica. O resultado \u00e9 maior efici\u00eancia, maior [&hellip;]\" \/>\n<meta property=\"og:url\" content=\"https:\/\/sunonusa.pulsechat.com\/pt-br\/applications\/serverstorage\/\" \/>\n<meta property=\"og:site_name\" content=\"Sunon Inc.\" \/>\n<meta property=\"article:modified_time\" content=\"2018-07-17T20:36:02+00:00\" \/>\n<meta property=\"og:image\" content=\"https:\/\/sunonusa.pulsechat.com\/wp-content\/uploads\/2015\/11\/sunon-logo-1.jpg\" \/>\n\t<meta property=\"og:image:width\" content=\"565\" \/>\n\t<meta property=\"og:image:height\" content=\"109\" \/>\n\t<meta property=\"og:image:type\" content=\"image\/jpeg\" \/>\n<meta name=\"twitter:card\" content=\"summary_large_image\" \/>\n<meta name=\"twitter:label1\" content=\"Est. tempo de leitura\" \/>\n\t<meta name=\"twitter:data1\" content=\"1 minuto\" \/>\n<script type=\"application\/ld+json\" class=\"yoast-schema-graph\">{\"@context\":\"https:\/\/schema.org\",\"@graph\":[{\"@type\":\"WebPage\",\"@id\":\"https:\/\/sunonusa.pulsechat.com\/pt-br\/applications\/serverstorage\/\",\"url\":\"https:\/\/sunonusa.pulsechat.com\/pt-br\/applications\/serverstorage\/\",\"name\":\"Servidor\/Armazenamento | Sunon Inc.\",\"isPartOf\":{\"@id\":\"https:\/\/sunonusa.pulsechat.com\/#website\"},\"datePublished\":\"2015-09-22T12:16:49+00:00\",\"dateModified\":\"2018-07-17T20:36:02+00:00\",\"breadcrumb\":{\"@id\":\"https:\/\/sunonusa.pulsechat.com\/pt-br\/applications\/serverstorage\/#breadcrumb\"},\"inLanguage\":\"pt-BR\",\"potentialAction\":[{\"@type\":\"ReadAction\",\"target\":[\"https:\/\/sunonusa.pulsechat.com\/pt-br\/applications\/serverstorage\/\"]}]},{\"@type\":\"BreadcrumbList\",\"@id\":\"https:\/\/sunonusa.pulsechat.com\/pt-br\/applications\/serverstorage\/#breadcrumb\",\"itemListElement\":[{\"@type\":\"ListItem\",\"position\":1,\"name\":\"Home\",\"item\":\"https:\/\/sunonusa.pulsechat.com\/pt-br\/?page_id=12551\"},{\"@type\":\"ListItem\",\"position\":2,\"name\":\"Aplica\u00e7\u00f5es\",\"item\":\"https:\/\/sunonusa.pulsechat.com\/pt-br\/applications\/\"},{\"@type\":\"ListItem\",\"position\":3,\"name\":\"Servidor\/Armazenamento\"}]},{\"@type\":\"WebSite\",\"@id\":\"https:\/\/sunonusa.pulsechat.com\/#website\",\"url\":\"https:\/\/sunonusa.pulsechat.com\/\",\"name\":\"Sunon Inc.\",\"description\":\"\",\"publisher\":{\"@id\":\"https:\/\/sunonusa.pulsechat.com\/#organization\"},\"potentialAction\":[{\"@type\":\"SearchAction\",\"target\":{\"@type\":\"EntryPoint\",\"urlTemplate\":\"https:\/\/sunonusa.pulsechat.com\/?s={search_term_string}\"},\"query-input\":\"required name=search_term_string\"}],\"inLanguage\":\"pt-BR\"},{\"@type\":\"Organization\",\"@id\":\"https:\/\/sunonusa.pulsechat.com\/#organization\",\"name\":\"Sunon USA\",\"url\":\"https:\/\/sunonusa.pulsechat.com\/\",\"logo\":{\"@type\":\"ImageObject\",\"inLanguage\":\"pt-BR\",\"@id\":\"https:\/\/sunonusa.pulsechat.com\/#\/schema\/logo\/image\/\",\"url\":\"https:\/\/www.sunonusa.com\/wp-content\/uploads\/2015\/11\/sunon-logo-1.jpg\",\"contentUrl\":\"https:\/\/www.sunonusa.com\/wp-content\/uploads\/2015\/11\/sunon-logo-1.jpg\",\"width\":565,\"height\":109,\"caption\":\"Sunon USA\"},\"image\":{\"@id\":\"https:\/\/sunonusa.pulsechat.com\/#\/schema\/logo\/image\/\"}}]}<\/script>\n<!-- \/ Yoast SEO plugin. -->","yoast_head_json":{"title":"Servidor\/Armazenamento | Sunon Inc.","robots":{"index":"noindex","follow":"follow","max-snippet":"max-snippet:-1","max-image-preview":"max-image-preview:large","max-video-preview":"max-video-preview:-1"},"og_locale":"pt_BR","og_type":"article","og_title":"Servidor\/Armazenamento | Sunon Inc.","og_description":"A s\u00e9rie P &#038; V da Sunon de coolers de alta pot\u00eancia atingem novos padr\u00f5es para desempenho do fluxo de ar e s\u00e3o os coolers mais eficientes no mercado hoje. As ventoinhas da s\u00e9rie P &#038; V da Sunon s\u00e3o desenvolvidas com novos materiais estatores com menor condutividade el\u00e9trica. O resultado \u00e9 maior efici\u00eancia, maior [&hellip;]","og_url":"https:\/\/sunonusa.pulsechat.com\/pt-br\/applications\/serverstorage\/","og_site_name":"Sunon Inc.","article_modified_time":"2018-07-17T20:36:02+00:00","og_image":[{"width":565,"height":109,"url":"https:\/\/sunonusa.pulsechat.com\/wp-content\/uploads\/2015\/11\/sunon-logo-1.jpg","type":"image\/jpeg"}],"twitter_card":"summary_large_image","twitter_misc":{"Est. tempo de leitura":"1 minuto"},"schema":{"@context":"https:\/\/schema.org","@graph":[{"@type":"WebPage","@id":"https:\/\/sunonusa.pulsechat.com\/pt-br\/applications\/serverstorage\/","url":"https:\/\/sunonusa.pulsechat.com\/pt-br\/applications\/serverstorage\/","name":"Servidor\/Armazenamento | Sunon Inc.","isPartOf":{"@id":"https:\/\/sunonusa.pulsechat.com\/#website"},"datePublished":"2015-09-22T12:16:49+00:00","dateModified":"2018-07-17T20:36:02+00:00","breadcrumb":{"@id":"https:\/\/sunonusa.pulsechat.com\/pt-br\/applications\/serverstorage\/#breadcrumb"},"inLanguage":"pt-BR","potentialAction":[{"@type":"ReadAction","target":["https:\/\/sunonusa.pulsechat.com\/pt-br\/applications\/serverstorage\/"]}]},{"@type":"BreadcrumbList","@id":"https:\/\/sunonusa.pulsechat.com\/pt-br\/applications\/serverstorage\/#breadcrumb","itemListElement":[{"@type":"ListItem","position":1,"name":"Home","item":"https:\/\/sunonusa.pulsechat.com\/pt-br\/?page_id=12551"},{"@type":"ListItem","position":2,"name":"Aplica\u00e7\u00f5es","item":"https:\/\/sunonusa.pulsechat.com\/pt-br\/applications\/"},{"@type":"ListItem","position":3,"name":"Servidor\/Armazenamento"}]},{"@type":"WebSite","@id":"https:\/\/sunonusa.pulsechat.com\/#website","url":"https:\/\/sunonusa.pulsechat.com\/","name":"Sunon Inc.","description":"","publisher":{"@id":"https:\/\/sunonusa.pulsechat.com\/#organization"},"potentialAction":[{"@type":"SearchAction","target":{"@type":"EntryPoint","urlTemplate":"https:\/\/sunonusa.pulsechat.com\/?s={search_term_string}"},"query-input":"required name=search_term_string"}],"inLanguage":"pt-BR"},{"@type":"Organization","@id":"https:\/\/sunonusa.pulsechat.com\/#organization","name":"Sunon USA","url":"https:\/\/sunonusa.pulsechat.com\/","logo":{"@type":"ImageObject","inLanguage":"pt-BR","@id":"https:\/\/sunonusa.pulsechat.com\/#\/schema\/logo\/image\/","url":"https:\/\/www.sunonusa.com\/wp-content\/uploads\/2015\/11\/sunon-logo-1.jpg","contentUrl":"https:\/\/www.sunonusa.com\/wp-content\/uploads\/2015\/11\/sunon-logo-1.jpg","width":565,"height":109,"caption":"Sunon USA"},"image":{"@id":"https:\/\/sunonusa.pulsechat.com\/#\/schema\/logo\/image\/"}}]}},"_links":{"self":[{"href":"https:\/\/sunonusa.pulsechat.com\/pt-br\/wp-json\/wp\/v2\/pages\/3846","targetHints":{"allow":["GET"]}}],"collection":[{"href":"https:\/\/sunonusa.pulsechat.com\/pt-br\/wp-json\/wp\/v2\/pages"}],"about":[{"href":"https:\/\/sunonusa.pulsechat.com\/pt-br\/wp-json\/wp\/v2\/types\/page"}],"author":[{"embeddable":true,"href":"https:\/\/sunonusa.pulsechat.com\/pt-br\/wp-json\/wp\/v2\/users\/7"}],"replies":[{"embeddable":true,"href":"https:\/\/sunonusa.pulsechat.com\/pt-br\/wp-json\/wp\/v2\/comments?post=3846"}],"version-history":[{"count":0,"href":"https:\/\/sunonusa.pulsechat.com\/pt-br\/wp-json\/wp\/v2\/pages\/3846\/revisions"}],"up":[{"embeddable":true,"href":"https:\/\/sunonusa.pulsechat.com\/pt-br\/wp-json\/wp\/v2\/pages\/3715"}],"wp:attachment":[{"href":"https:\/\/sunonusa.pulsechat.com\/pt-br\/wp-json\/wp\/v2\/media?parent=3846"}],"curies":[{"name":"wp","href":"https:\/\/api.w.org\/{rel}","templated":true}]}}