{"id":3840,"date":"2015-09-22T12:16:30","date_gmt":"2015-09-22T12:16:30","guid":{"rendered":"https:\/\/www.sunonusa.com\/applications\/telecom\/"},"modified":"2018-07-17T13:33:51","modified_gmt":"2018-07-17T20:33:51","slug":"telecom","status":"publish","type":"page","link":"https:\/\/sunonusa.pulsechat.com\/pt-br\/applications\/telecom\/","title":{"rendered":"Telecomunica\u00e7\u00e3o"},"content":{"rendered":"<p>Com a cont\u00ednua tend\u00eancia da globaliza\u00e7\u00e3o em tecnologia de rede, o equipamento de comunica\u00e7\u00e3o se tornou uma parte chave da infraestrutura em todos os pa\u00edses ao redor do mundo. Recursos como opera\u00e7\u00e3o constante, comunica\u00e7\u00e3o veloz e ininterrupta, economia de energia, resist\u00eancia a intemp\u00e9ries, e mais, tornaram-se requerimentos padr\u00f5es para todos os produtos de comunica\u00e7\u00e3o. Para que possamos fornecer a melhor solu\u00e7\u00e3o de resfriamento para equipamentos de comunica\u00e7\u00e3o, a Sunon oferece ventoinhas e produtos de moduladores de ventoinhas possuindo alto fluxo de ar, alta press\u00e3o do ar, alta prote\u00e7\u00e3o IP, economia de energia, design de circuito de freio de desligamento, e outros recursos feitos especificamente para a ind\u00fastria.<\/p>\n<div class=\"video-stage\">\n\t\t\t\t<a href=\"https:\/\/www.youtube.com\/embed\/-X-Ue63geOk?version=3\" data-rel=\"lightcase:videoplay\"><img loading=\"lazy\" decoding=\"async\" src=\"http:\/\/img.youtube.com\/vi\/-X-Ue63geOk\/maxresdefault.jpg\" width=\"570\" height=\"320\"><\/a>\n\t\t\t<\/div><ul class=\"video-playlist\"><\/ul>\n<p><img loading=\"lazy\" decoding=\"async\" class=\"size-full wp-image-2556 alignleft\" src=\"https:\/\/www.sunonusa.com\/wp-content\/uploads\/2015\/09\/Telecom.jpg\" alt=\"Telecom\" width=\"514\" height=\"385\" srcset=\"https:\/\/sunonusa.pulsechat.com\/wp-content\/uploads\/2015\/09\/Telecom.jpg 514w, https:\/\/sunonusa.pulsechat.com\/wp-content\/uploads\/2015\/09\/Telecom-300x225.jpg 300w\" sizes=\"(max-width: 514px) 100vw, 514px\" \/><\/p>\n","protected":false},"excerpt":{"rendered":"<p>Com a cont\u00ednua tend\u00eancia da globaliza\u00e7\u00e3o em tecnologia de rede, o equipamento de comunica\u00e7\u00e3o se tornou uma parte chave da infraestrutura em todos os pa\u00edses ao redor do mundo. Recursos como opera\u00e7\u00e3o constante, comunica\u00e7\u00e3o veloz e ininterrupta, economia de energia, resist\u00eancia a intemp\u00e9ries, e mais, tornaram-se requerimentos padr\u00f5es para todos os produtos de comunica\u00e7\u00e3o. Para [&hellip;]<\/p>\n","protected":false},"author":7,"featured_media":0,"parent":3715,"menu_order":0,"comment_status":"closed","ping_status":"closed","template":"","meta":{"_et_pb_use_builder":"","_et_pb_old_content":"","_et_gb_content_width":"","_monsterinsights_skip_tracking":false,"_monsterinsights_sitenote_active":false,"_monsterinsights_sitenote_note":"","_monsterinsights_sitenote_category":0,"ngg_post_thumbnail":0,"footnotes":""},"class_list":["post-3840","page","type-page","status-publish","hentry","wpautop"],"yoast_head":"<!-- This site is optimized with the Yoast SEO plugin v22.8 - https:\/\/yoast.com\/wordpress\/plugins\/seo\/ -->\n<title>Telecomunica\u00e7\u00e3o | Sunon Inc.<\/title>\n<meta name=\"robots\" content=\"noindex, follow, max-snippet:-1, max-image-preview:large, max-video-preview:-1\" \/>\n<meta property=\"og:locale\" content=\"pt_BR\" \/>\n<meta property=\"og:type\" content=\"article\" \/>\n<meta property=\"og:title\" content=\"Telecomunica\u00e7\u00e3o | Sunon Inc.\" \/>\n<meta property=\"og:description\" content=\"Com a cont\u00ednua tend\u00eancia da globaliza\u00e7\u00e3o em tecnologia de rede, o equipamento de comunica\u00e7\u00e3o se tornou uma parte chave da infraestrutura em todos os pa\u00edses ao redor do mundo. Recursos como opera\u00e7\u00e3o constante, comunica\u00e7\u00e3o veloz e ininterrupta, economia de energia, resist\u00eancia a intemp\u00e9ries, e mais, tornaram-se requerimentos padr\u00f5es para todos os produtos de comunica\u00e7\u00e3o. Para [&hellip;]\" \/>\n<meta property=\"og:url\" content=\"https:\/\/sunonusa.pulsechat.com\/pt-br\/applications\/telecom\/\" \/>\n<meta property=\"og:site_name\" content=\"Sunon Inc.\" \/>\n<meta property=\"article:modified_time\" content=\"2018-07-17T20:33:51+00:00\" \/>\n<meta property=\"og:image\" content=\"https:\/\/www.sunonusa.com\/wp-content\/uploads\/2015\/09\/Telecom.jpg\" \/>\n<meta name=\"twitter:card\" content=\"summary_large_image\" \/>\n<meta name=\"twitter:label1\" content=\"Est. tempo de leitura\" \/>\n\t<meta name=\"twitter:data1\" content=\"1 minuto\" \/>\n<script type=\"application\/ld+json\" class=\"yoast-schema-graph\">{\"@context\":\"https:\/\/schema.org\",\"@graph\":[{\"@type\":\"WebPage\",\"@id\":\"https:\/\/sunonusa.pulsechat.com\/pt-br\/applications\/telecom\/\",\"url\":\"https:\/\/sunonusa.pulsechat.com\/pt-br\/applications\/telecom\/\",\"name\":\"Telecomunica\u00e7\u00e3o | Sunon Inc.\",\"isPartOf\":{\"@id\":\"https:\/\/sunonusa.pulsechat.com\/#website\"},\"primaryImageOfPage\":{\"@id\":\"https:\/\/sunonusa.pulsechat.com\/pt-br\/applications\/telecom\/#primaryimage\"},\"image\":{\"@id\":\"https:\/\/sunonusa.pulsechat.com\/pt-br\/applications\/telecom\/#primaryimage\"},\"thumbnailUrl\":\"https:\/\/www.sunonusa.com\/wp-content\/uploads\/2015\/09\/Telecom.jpg\",\"datePublished\":\"2015-09-22T12:16:30+00:00\",\"dateModified\":\"2018-07-17T20:33:51+00:00\",\"breadcrumb\":{\"@id\":\"https:\/\/sunonusa.pulsechat.com\/pt-br\/applications\/telecom\/#breadcrumb\"},\"inLanguage\":\"pt-BR\",\"potentialAction\":[{\"@type\":\"ReadAction\",\"target\":[\"https:\/\/sunonusa.pulsechat.com\/pt-br\/applications\/telecom\/\"]}]},{\"@type\":\"ImageObject\",\"inLanguage\":\"pt-BR\",\"@id\":\"https:\/\/sunonusa.pulsechat.com\/pt-br\/applications\/telecom\/#primaryimage\",\"url\":\"https:\/\/www.sunonusa.com\/wp-content\/uploads\/2015\/09\/Telecom.jpg\",\"contentUrl\":\"https:\/\/www.sunonusa.com\/wp-content\/uploads\/2015\/09\/Telecom.jpg\"},{\"@type\":\"BreadcrumbList\",\"@id\":\"https:\/\/sunonusa.pulsechat.com\/pt-br\/applications\/telecom\/#breadcrumb\",\"itemListElement\":[{\"@type\":\"ListItem\",\"position\":1,\"name\":\"Home\",\"item\":\"https:\/\/sunonusa.pulsechat.com\/pt-br\/?page_id=12551\"},{\"@type\":\"ListItem\",\"position\":2,\"name\":\"Aplica\u00e7\u00f5es\",\"item\":\"https:\/\/sunonusa.pulsechat.com\/pt-br\/applications\/\"},{\"@type\":\"ListItem\",\"position\":3,\"name\":\"Telecomunica\u00e7\u00e3o\"}]},{\"@type\":\"WebSite\",\"@id\":\"https:\/\/sunonusa.pulsechat.com\/#website\",\"url\":\"https:\/\/sunonusa.pulsechat.com\/\",\"name\":\"Sunon Inc.\",\"description\":\"\",\"publisher\":{\"@id\":\"https:\/\/sunonusa.pulsechat.com\/#organization\"},\"potentialAction\":[{\"@type\":\"SearchAction\",\"target\":{\"@type\":\"EntryPoint\",\"urlTemplate\":\"https:\/\/sunonusa.pulsechat.com\/?s={search_term_string}\"},\"query-input\":\"required name=search_term_string\"}],\"inLanguage\":\"pt-BR\"},{\"@type\":\"Organization\",\"@id\":\"https:\/\/sunonusa.pulsechat.com\/#organization\",\"name\":\"Sunon USA\",\"url\":\"https:\/\/sunonusa.pulsechat.com\/\",\"logo\":{\"@type\":\"ImageObject\",\"inLanguage\":\"pt-BR\",\"@id\":\"https:\/\/sunonusa.pulsechat.com\/#\/schema\/logo\/image\/\",\"url\":\"https:\/\/www.sunonusa.com\/wp-content\/uploads\/2015\/11\/sunon-logo-1.jpg\",\"contentUrl\":\"https:\/\/www.sunonusa.com\/wp-content\/uploads\/2015\/11\/sunon-logo-1.jpg\",\"width\":565,\"height\":109,\"caption\":\"Sunon USA\"},\"image\":{\"@id\":\"https:\/\/sunonusa.pulsechat.com\/#\/schema\/logo\/image\/\"}}]}<\/script>\n<!-- \/ Yoast SEO plugin. -->","yoast_head_json":{"title":"Telecomunica\u00e7\u00e3o | Sunon Inc.","robots":{"index":"noindex","follow":"follow","max-snippet":"max-snippet:-1","max-image-preview":"max-image-preview:large","max-video-preview":"max-video-preview:-1"},"og_locale":"pt_BR","og_type":"article","og_title":"Telecomunica\u00e7\u00e3o | Sunon Inc.","og_description":"Com a cont\u00ednua tend\u00eancia da globaliza\u00e7\u00e3o em tecnologia de rede, o equipamento de comunica\u00e7\u00e3o se tornou uma parte chave da infraestrutura em todos os pa\u00edses ao redor do mundo. Recursos como opera\u00e7\u00e3o constante, comunica\u00e7\u00e3o veloz e ininterrupta, economia de energia, resist\u00eancia a intemp\u00e9ries, e mais, tornaram-se requerimentos padr\u00f5es para todos os produtos de comunica\u00e7\u00e3o. Para [&hellip;]","og_url":"https:\/\/sunonusa.pulsechat.com\/pt-br\/applications\/telecom\/","og_site_name":"Sunon Inc.","article_modified_time":"2018-07-17T20:33:51+00:00","og_image":[{"url":"https:\/\/www.sunonusa.com\/wp-content\/uploads\/2015\/09\/Telecom.jpg"}],"twitter_card":"summary_large_image","twitter_misc":{"Est. tempo de leitura":"1 minuto"},"schema":{"@context":"https:\/\/schema.org","@graph":[{"@type":"WebPage","@id":"https:\/\/sunonusa.pulsechat.com\/pt-br\/applications\/telecom\/","url":"https:\/\/sunonusa.pulsechat.com\/pt-br\/applications\/telecom\/","name":"Telecomunica\u00e7\u00e3o | Sunon Inc.","isPartOf":{"@id":"https:\/\/sunonusa.pulsechat.com\/#website"},"primaryImageOfPage":{"@id":"https:\/\/sunonusa.pulsechat.com\/pt-br\/applications\/telecom\/#primaryimage"},"image":{"@id":"https:\/\/sunonusa.pulsechat.com\/pt-br\/applications\/telecom\/#primaryimage"},"thumbnailUrl":"https:\/\/www.sunonusa.com\/wp-content\/uploads\/2015\/09\/Telecom.jpg","datePublished":"2015-09-22T12:16:30+00:00","dateModified":"2018-07-17T20:33:51+00:00","breadcrumb":{"@id":"https:\/\/sunonusa.pulsechat.com\/pt-br\/applications\/telecom\/#breadcrumb"},"inLanguage":"pt-BR","potentialAction":[{"@type":"ReadAction","target":["https:\/\/sunonusa.pulsechat.com\/pt-br\/applications\/telecom\/"]}]},{"@type":"ImageObject","inLanguage":"pt-BR","@id":"https:\/\/sunonusa.pulsechat.com\/pt-br\/applications\/telecom\/#primaryimage","url":"https:\/\/www.sunonusa.com\/wp-content\/uploads\/2015\/09\/Telecom.jpg","contentUrl":"https:\/\/www.sunonusa.com\/wp-content\/uploads\/2015\/09\/Telecom.jpg"},{"@type":"BreadcrumbList","@id":"https:\/\/sunonusa.pulsechat.com\/pt-br\/applications\/telecom\/#breadcrumb","itemListElement":[{"@type":"ListItem","position":1,"name":"Home","item":"https:\/\/sunonusa.pulsechat.com\/pt-br\/?page_id=12551"},{"@type":"ListItem","position":2,"name":"Aplica\u00e7\u00f5es","item":"https:\/\/sunonusa.pulsechat.com\/pt-br\/applications\/"},{"@type":"ListItem","position":3,"name":"Telecomunica\u00e7\u00e3o"}]},{"@type":"WebSite","@id":"https:\/\/sunonusa.pulsechat.com\/#website","url":"https:\/\/sunonusa.pulsechat.com\/","name":"Sunon Inc.","description":"","publisher":{"@id":"https:\/\/sunonusa.pulsechat.com\/#organization"},"potentialAction":[{"@type":"SearchAction","target":{"@type":"EntryPoint","urlTemplate":"https:\/\/sunonusa.pulsechat.com\/?s={search_term_string}"},"query-input":"required name=search_term_string"}],"inLanguage":"pt-BR"},{"@type":"Organization","@id":"https:\/\/sunonusa.pulsechat.com\/#organization","name":"Sunon USA","url":"https:\/\/sunonusa.pulsechat.com\/","logo":{"@type":"ImageObject","inLanguage":"pt-BR","@id":"https:\/\/sunonusa.pulsechat.com\/#\/schema\/logo\/image\/","url":"https:\/\/www.sunonusa.com\/wp-content\/uploads\/2015\/11\/sunon-logo-1.jpg","contentUrl":"https:\/\/www.sunonusa.com\/wp-content\/uploads\/2015\/11\/sunon-logo-1.jpg","width":565,"height":109,"caption":"Sunon USA"},"image":{"@id":"https:\/\/sunonusa.pulsechat.com\/#\/schema\/logo\/image\/"}}]}},"_links":{"self":[{"href":"https:\/\/sunonusa.pulsechat.com\/pt-br\/wp-json\/wp\/v2\/pages\/3840","targetHints":{"allow":["GET"]}}],"collection":[{"href":"https:\/\/sunonusa.pulsechat.com\/pt-br\/wp-json\/wp\/v2\/pages"}],"about":[{"href":"https:\/\/sunonusa.pulsechat.com\/pt-br\/wp-json\/wp\/v2\/types\/page"}],"author":[{"embeddable":true,"href":"https:\/\/sunonusa.pulsechat.com\/pt-br\/wp-json\/wp\/v2\/users\/7"}],"replies":[{"embeddable":true,"href":"https:\/\/sunonusa.pulsechat.com\/pt-br\/wp-json\/wp\/v2\/comments?post=3840"}],"version-history":[{"count":0,"href":"https:\/\/sunonusa.pulsechat.com\/pt-br\/wp-json\/wp\/v2\/pages\/3840\/revisions"}],"up":[{"embeddable":true,"href":"https:\/\/sunonusa.pulsechat.com\/pt-br\/wp-json\/wp\/v2\/pages\/3715"}],"wp:attachment":[{"href":"https:\/\/sunonusa.pulsechat.com\/pt-br\/wp-json\/wp\/v2\/media?parent=3840"}],"curies":[{"name":"wp","href":"https:\/\/api.w.org\/{rel}","templated":true}]}}