{"id":3807,"date":"2015-08-19T16:00:35","date_gmt":"2015-08-19T16:00:35","guid":{"rendered":"https:\/\/www.sunonusa.com\/engineering-lab\/"},"modified":"2018-07-17T12:27:27","modified_gmt":"2018-07-17T19:27:27","slug":"engineering-lab","status":"publish","type":"page","link":"https:\/\/sunonusa.pulsechat.com\/pt-br\/engineering-lab\/","title":{"rendered":"Laborat\u00f3rio de Engenharia"},"content":{"rendered":"<h6>Tecnologia de ponta<\/h6>\n<p><img loading=\"lazy\" decoding=\"async\" class=\"alignright wp-image-1476 size-full\" src=\"https:\/\/www.sunonusa.com\/wp-content\/uploads\/2015\/08\/eng_lrgmachine.jpg\" alt=\"eng_lrgmachine\" width=\"163\" height=\"265\" \/>O Departamento de P&#038;D reside no pr\u00f3prio alicerce da Sunon. Inova\u00e7\u00e3o sempre foi nossa \u00eanfase e for\u00e7a.<\/p>\n<p>Em nossos laborat\u00f3rios, n\u00f3s criamos solu\u00e7\u00f5es para nossos clientes para ajud\u00e1-los a combater seus crescentes complexos problemas relacionados a calor.<\/p>\n<p>N\u00f3s acumulamos as habilidades de mais de 400 engenheiros, localizados em Taiwan e as v\u00e1rias subsidi\u00e1rias ao redor do globo, para oferecer apoio inigual\u00e1vel a nossos clientes.<\/p>\n<p><img loading=\"lazy\" decoding=\"async\" class=\"alignleft wp-image-1478 size-full\" src=\"https:\/\/www.sunonusa.com\/wp-content\/uploads\/2015\/08\/eng_machine2.jpg\" alt=\"eng_machine2\" width=\"234\" height=\"168\" \/>No laborat\u00f3rio estadunidense, localizado em Brea, Calif\u00f3rnia, nossa miss\u00e3o \u00e9 responder a demandas espec\u00edficas conectadas aos mercados americanos, do Canad\u00e1 no Norte \u00e0 ponta sul do Chile e Argentina.<\/p>\n<p>&nbsp;<\/p>\n<p>Nosso foco \u00e9:<\/p>\n<ul>\n<li>Responder a quest\u00f5es t\u00e9cnicas e fornecer assist\u00eancia de design em tempo real.<\/li>\n<li>Analisar e avaliar a necessidade do cliente para fornecer a melhor solu\u00e7\u00e3o para a sua aplica\u00e7\u00e3o.<\/li>\n<li>\u2022\tCooperar de perto na pesquisa e desenvolvimento de novos produtos em colabora\u00e7\u00e3o com o departamento de P&#038;D da sede em Taiwan.<\/li>\n<\/ul>\n<p><img loading=\"lazy\" decoding=\"async\" class=\"alignright wp-image-1482 size-full\" src=\"https:\/\/www.sunonusa.com\/wp-content\/uploads\/2015\/08\/eng_machine.jpg\" alt=\"eng_machine\" width=\"150\" height=\"171\" \/>Nosso laborat\u00f3rio da Calif\u00f3rnia possui equipamento de ponta que nos permite oferecer:<\/p>\n<ul>\n<li>Ventoinhas termo controladas.<\/li>\n<li>Ventoinhas com Modula\u00e7\u00e3o de Largura de Pulso (MLP) e ventoinhas com Velocidade Personalizada.<\/li>\n<li>Circuitos Impressos especialmente projetados para ventoinhas controladas por calor ou MLP.<\/li>\n<li>Ambiente de testes com temperatura controlada.<\/li>\n<li>Testes de fluxo de ar e press\u00e3o est\u00e1tica precisos.<\/li>\n<li>Design personalizado para ventila\u00e7\u00f5es de motor \u00fanico.<\/li>\n<\/ul>\n<p>&nbsp;<\/p>\n","protected":false},"excerpt":{"rendered":"<p>Tecnologia de ponta O Departamento de P&#038;D reside no pr\u00f3prio alicerce da Sunon. Inova\u00e7\u00e3o sempre foi nossa \u00eanfase e for\u00e7a. Em nossos laborat\u00f3rios, n\u00f3s criamos solu\u00e7\u00f5es para nossos clientes para ajud\u00e1-los a combater seus crescentes complexos problemas relacionados a calor. N\u00f3s acumulamos as habilidades de mais de 400 engenheiros, localizados em Taiwan e as v\u00e1rias [&hellip;]<\/p>\n","protected":false},"author":7,"featured_media":0,"parent":0,"menu_order":0,"comment_status":"closed","ping_status":"closed","template":"","meta":{"_et_pb_use_builder":"","_et_pb_old_content":"","_et_gb_content_width":"","_monsterinsights_skip_tracking":false,"_monsterinsights_sitenote_active":false,"_monsterinsights_sitenote_note":"","_monsterinsights_sitenote_category":0,"ngg_post_thumbnail":0,"footnotes":""},"class_list":["post-3807","page","type-page","status-publish","hentry","wpautop"],"yoast_head":"<!-- This site is optimized with the Yoast SEO plugin v22.8 - https:\/\/yoast.com\/wordpress\/plugins\/seo\/ -->\n<title>Laborat\u00f3rio de Engenharia | Sunon Inc.<\/title>\n<meta name=\"robots\" content=\"noindex, follow, max-snippet:-1, max-image-preview:large, max-video-preview:-1\" \/>\n<meta property=\"og:locale\" content=\"pt_BR\" \/>\n<meta property=\"og:type\" content=\"article\" \/>\n<meta property=\"og:title\" content=\"Laborat\u00f3rio de Engenharia | Sunon Inc.\" \/>\n<meta property=\"og:description\" content=\"Tecnologia de ponta O Departamento de P&#038;D reside no pr\u00f3prio alicerce da Sunon. Inova\u00e7\u00e3o sempre foi nossa \u00eanfase e for\u00e7a. Em nossos laborat\u00f3rios, n\u00f3s criamos solu\u00e7\u00f5es para nossos clientes para ajud\u00e1-los a combater seus crescentes complexos problemas relacionados a calor. N\u00f3s acumulamos as habilidades de mais de 400 engenheiros, localizados em Taiwan e as v\u00e1rias [&hellip;]\" \/>\n<meta property=\"og:url\" content=\"https:\/\/sunonusa.pulsechat.com\/pt-br\/engineering-lab\/\" \/>\n<meta property=\"og:site_name\" content=\"Sunon Inc.\" \/>\n<meta property=\"article:modified_time\" content=\"2018-07-17T19:27:27+00:00\" \/>\n<meta property=\"og:image\" content=\"https:\/\/www.sunonusa.com\/wp-content\/uploads\/2015\/08\/eng_lrgmachine.jpg\" \/>\n<meta name=\"twitter:card\" content=\"summary_large_image\" \/>\n<meta name=\"twitter:label1\" content=\"Est. tempo de leitura\" \/>\n\t<meta name=\"twitter:data1\" content=\"1 minuto\" \/>\n<script type=\"application\/ld+json\" class=\"yoast-schema-graph\">{\"@context\":\"https:\/\/schema.org\",\"@graph\":[{\"@type\":\"WebPage\",\"@id\":\"https:\/\/sunonusa.pulsechat.com\/pt-br\/engineering-lab\/\",\"url\":\"https:\/\/sunonusa.pulsechat.com\/pt-br\/engineering-lab\/\",\"name\":\"Laborat\u00f3rio de Engenharia | Sunon Inc.\",\"isPartOf\":{\"@id\":\"https:\/\/sunonusa.pulsechat.com\/#website\"},\"primaryImageOfPage\":{\"@id\":\"https:\/\/sunonusa.pulsechat.com\/pt-br\/engineering-lab\/#primaryimage\"},\"image\":{\"@id\":\"https:\/\/sunonusa.pulsechat.com\/pt-br\/engineering-lab\/#primaryimage\"},\"thumbnailUrl\":\"https:\/\/www.sunonusa.com\/wp-content\/uploads\/2015\/08\/eng_lrgmachine.jpg\",\"datePublished\":\"2015-08-19T16:00:35+00:00\",\"dateModified\":\"2018-07-17T19:27:27+00:00\",\"breadcrumb\":{\"@id\":\"https:\/\/sunonusa.pulsechat.com\/pt-br\/engineering-lab\/#breadcrumb\"},\"inLanguage\":\"pt-BR\",\"potentialAction\":[{\"@type\":\"ReadAction\",\"target\":[\"https:\/\/sunonusa.pulsechat.com\/pt-br\/engineering-lab\/\"]}]},{\"@type\":\"ImageObject\",\"inLanguage\":\"pt-BR\",\"@id\":\"https:\/\/sunonusa.pulsechat.com\/pt-br\/engineering-lab\/#primaryimage\",\"url\":\"https:\/\/www.sunonusa.com\/wp-content\/uploads\/2015\/08\/eng_lrgmachine.jpg\",\"contentUrl\":\"https:\/\/www.sunonusa.com\/wp-content\/uploads\/2015\/08\/eng_lrgmachine.jpg\"},{\"@type\":\"BreadcrumbList\",\"@id\":\"https:\/\/sunonusa.pulsechat.com\/pt-br\/engineering-lab\/#breadcrumb\",\"itemListElement\":[{\"@type\":\"ListItem\",\"position\":1,\"name\":\"Home\",\"item\":\"https:\/\/sunonusa.pulsechat.com\/pt-br\/?page_id=12551\"},{\"@type\":\"ListItem\",\"position\":2,\"name\":\"Laborat\u00f3rio de Engenharia\"}]},{\"@type\":\"WebSite\",\"@id\":\"https:\/\/sunonusa.pulsechat.com\/#website\",\"url\":\"https:\/\/sunonusa.pulsechat.com\/\",\"name\":\"Sunon Inc.\",\"description\":\"\",\"publisher\":{\"@id\":\"https:\/\/sunonusa.pulsechat.com\/#organization\"},\"potentialAction\":[{\"@type\":\"SearchAction\",\"target\":{\"@type\":\"EntryPoint\",\"urlTemplate\":\"https:\/\/sunonusa.pulsechat.com\/?s={search_term_string}\"},\"query-input\":\"required name=search_term_string\"}],\"inLanguage\":\"pt-BR\"},{\"@type\":\"Organization\",\"@id\":\"https:\/\/sunonusa.pulsechat.com\/#organization\",\"name\":\"Sunon USA\",\"url\":\"https:\/\/sunonusa.pulsechat.com\/\",\"logo\":{\"@type\":\"ImageObject\",\"inLanguage\":\"pt-BR\",\"@id\":\"https:\/\/sunonusa.pulsechat.com\/#\/schema\/logo\/image\/\",\"url\":\"https:\/\/www.sunonusa.com\/wp-content\/uploads\/2015\/11\/sunon-logo-1.jpg\",\"contentUrl\":\"https:\/\/www.sunonusa.com\/wp-content\/uploads\/2015\/11\/sunon-logo-1.jpg\",\"width\":565,\"height\":109,\"caption\":\"Sunon USA\"},\"image\":{\"@id\":\"https:\/\/sunonusa.pulsechat.com\/#\/schema\/logo\/image\/\"}}]}<\/script>\n<!-- \/ Yoast SEO plugin. -->","yoast_head_json":{"title":"Laborat\u00f3rio de Engenharia | Sunon Inc.","robots":{"index":"noindex","follow":"follow","max-snippet":"max-snippet:-1","max-image-preview":"max-image-preview:large","max-video-preview":"max-video-preview:-1"},"og_locale":"pt_BR","og_type":"article","og_title":"Laborat\u00f3rio de Engenharia | Sunon Inc.","og_description":"Tecnologia de ponta O Departamento de P&#038;D reside no pr\u00f3prio alicerce da Sunon. Inova\u00e7\u00e3o sempre foi nossa \u00eanfase e for\u00e7a. Em nossos laborat\u00f3rios, n\u00f3s criamos solu\u00e7\u00f5es para nossos clientes para ajud\u00e1-los a combater seus crescentes complexos problemas relacionados a calor. N\u00f3s acumulamos as habilidades de mais de 400 engenheiros, localizados em Taiwan e as v\u00e1rias [&hellip;]","og_url":"https:\/\/sunonusa.pulsechat.com\/pt-br\/engineering-lab\/","og_site_name":"Sunon Inc.","article_modified_time":"2018-07-17T19:27:27+00:00","og_image":[{"url":"https:\/\/www.sunonusa.com\/wp-content\/uploads\/2015\/08\/eng_lrgmachine.jpg"}],"twitter_card":"summary_large_image","twitter_misc":{"Est. tempo de leitura":"1 minuto"},"schema":{"@context":"https:\/\/schema.org","@graph":[{"@type":"WebPage","@id":"https:\/\/sunonusa.pulsechat.com\/pt-br\/engineering-lab\/","url":"https:\/\/sunonusa.pulsechat.com\/pt-br\/engineering-lab\/","name":"Laborat\u00f3rio de Engenharia | Sunon Inc.","isPartOf":{"@id":"https:\/\/sunonusa.pulsechat.com\/#website"},"primaryImageOfPage":{"@id":"https:\/\/sunonusa.pulsechat.com\/pt-br\/engineering-lab\/#primaryimage"},"image":{"@id":"https:\/\/sunonusa.pulsechat.com\/pt-br\/engineering-lab\/#primaryimage"},"thumbnailUrl":"https:\/\/www.sunonusa.com\/wp-content\/uploads\/2015\/08\/eng_lrgmachine.jpg","datePublished":"2015-08-19T16:00:35+00:00","dateModified":"2018-07-17T19:27:27+00:00","breadcrumb":{"@id":"https:\/\/sunonusa.pulsechat.com\/pt-br\/engineering-lab\/#breadcrumb"},"inLanguage":"pt-BR","potentialAction":[{"@type":"ReadAction","target":["https:\/\/sunonusa.pulsechat.com\/pt-br\/engineering-lab\/"]}]},{"@type":"ImageObject","inLanguage":"pt-BR","@id":"https:\/\/sunonusa.pulsechat.com\/pt-br\/engineering-lab\/#primaryimage","url":"https:\/\/www.sunonusa.com\/wp-content\/uploads\/2015\/08\/eng_lrgmachine.jpg","contentUrl":"https:\/\/www.sunonusa.com\/wp-content\/uploads\/2015\/08\/eng_lrgmachine.jpg"},{"@type":"BreadcrumbList","@id":"https:\/\/sunonusa.pulsechat.com\/pt-br\/engineering-lab\/#breadcrumb","itemListElement":[{"@type":"ListItem","position":1,"name":"Home","item":"https:\/\/sunonusa.pulsechat.com\/pt-br\/?page_id=12551"},{"@type":"ListItem","position":2,"name":"Laborat\u00f3rio de Engenharia"}]},{"@type":"WebSite","@id":"https:\/\/sunonusa.pulsechat.com\/#website","url":"https:\/\/sunonusa.pulsechat.com\/","name":"Sunon Inc.","description":"","publisher":{"@id":"https:\/\/sunonusa.pulsechat.com\/#organization"},"potentialAction":[{"@type":"SearchAction","target":{"@type":"EntryPoint","urlTemplate":"https:\/\/sunonusa.pulsechat.com\/?s={search_term_string}"},"query-input":"required name=search_term_string"}],"inLanguage":"pt-BR"},{"@type":"Organization","@id":"https:\/\/sunonusa.pulsechat.com\/#organization","name":"Sunon USA","url":"https:\/\/sunonusa.pulsechat.com\/","logo":{"@type":"ImageObject","inLanguage":"pt-BR","@id":"https:\/\/sunonusa.pulsechat.com\/#\/schema\/logo\/image\/","url":"https:\/\/www.sunonusa.com\/wp-content\/uploads\/2015\/11\/sunon-logo-1.jpg","contentUrl":"https:\/\/www.sunonusa.com\/wp-content\/uploads\/2015\/11\/sunon-logo-1.jpg","width":565,"height":109,"caption":"Sunon USA"},"image":{"@id":"https:\/\/sunonusa.pulsechat.com\/#\/schema\/logo\/image\/"}}]}},"_links":{"self":[{"href":"https:\/\/sunonusa.pulsechat.com\/pt-br\/wp-json\/wp\/v2\/pages\/3807","targetHints":{"allow":["GET"]}}],"collection":[{"href":"https:\/\/sunonusa.pulsechat.com\/pt-br\/wp-json\/wp\/v2\/pages"}],"about":[{"href":"https:\/\/sunonusa.pulsechat.com\/pt-br\/wp-json\/wp\/v2\/types\/page"}],"author":[{"embeddable":true,"href":"https:\/\/sunonusa.pulsechat.com\/pt-br\/wp-json\/wp\/v2\/users\/7"}],"replies":[{"embeddable":true,"href":"https:\/\/sunonusa.pulsechat.com\/pt-br\/wp-json\/wp\/v2\/comments?post=3807"}],"version-history":[{"count":0,"href":"https:\/\/sunonusa.pulsechat.com\/pt-br\/wp-json\/wp\/v2\/pages\/3807\/revisions"}],"wp:attachment":[{"href":"https:\/\/sunonusa.pulsechat.com\/pt-br\/wp-json\/wp\/v2\/media?parent=3807"}],"curies":[{"name":"wp","href":"https:\/\/api.w.org\/{rel}","templated":true}]}}