{"id":3794,"date":"2015-08-19T15:46:52","date_gmt":"2015-08-19T15:46:52","guid":{"rendered":"https:\/\/www.sunonusa.com\/patents\/"},"modified":"2018-07-17T12:13:46","modified_gmt":"2018-07-17T19:13:46","slug":"patents","status":"publish","type":"page","link":"https:\/\/sunonusa.pulsechat.com\/pt-br\/patents\/","title":{"rendered":"Patentes"},"content":{"rendered":"<h6>Fornecendo a melhor prote\u00e7\u00e3o de patente para seus produtos.<\/h6>\n<p><a href=\"https:\/\/www.sunonusa.com\/wp-content\/uploads\/2015\/08\/sunonpatentachievement.jpg\"><img loading=\"lazy\" decoding=\"async\" class=\"alignright wp-image-1464 size-medium\" src=\"https:\/\/www.sunonusa.com\/wp-content\/uploads\/2015\/08\/sunonpatentachievement-224x300.jpg\" alt=\"sunonpatentachievement\" width=\"224\" height=\"300\" srcset=\"https:\/\/sunonusa.pulsechat.com\/wp-content\/uploads\/2015\/08\/sunonpatentachievement-224x300.jpg 224w, https:\/\/sunonusa.pulsechat.com\/wp-content\/uploads\/2015\/08\/sunonpatentachievement.jpg 550w\" sizes=\"(max-width: 224px) 100vw, 224px\" \/><\/a>De acordo com o relat\u00f3rio publicado na MIT Technology Review, que classificou a habilidade tecnol\u00f3gica e cient\u00edfica das melhores empresas de tecnologia do mundo, a Sunon ficou em 48 no mundo e 4\u00aa em Taiwan entre as empresas da ind\u00fastria de computadores e foi a \u00fanica fabricante profissional de ventoinhas listada.<\/p>\n<p>Atrav\u00e9s da cont\u00ednua aplica\u00e7\u00e3o de especialidade de engenharia e disciplinas em novas gera\u00e7\u00f5es de tecnologias, resultou em mais de 621 patentes. O foco cont\u00ednuo da Sunon em pesquisa e desenvolvimento, atrelado a uma inerente \u201cautotecnologia\u201d surgida dentro da empresa, oferece aos clientes um n\u00edvel sem precedentes de tecnologia do produto e anos de desempenho seguro, ao plicar estas e futuras patentes \u00e0 nossa fam\u00edlia de produtos.<\/p>\n<p>&lt;Os materiais foram citados do Business Next n\u00ba 98 (15\/01\/2005)&gt;<\/p>\n<p>&nbsp;<\/p>\n<p><a href=\"https:\/\/www.sunonusa.com\/wp-content\/uploads\/2015\/08\/MIT_list.jpg\"><img loading=\"lazy\" decoding=\"async\" class=\"aligncenter wp-image-1468\" src=\"https:\/\/www.sunonusa.com\/wp-content\/uploads\/2015\/08\/MIT_list-300x197.jpg\" alt=\"MIT_list\" width=\"500\" height=\"329\" srcset=\"https:\/\/sunonusa.pulsechat.com\/wp-content\/uploads\/2015\/08\/MIT_list-300x197.jpg 300w, https:\/\/sunonusa.pulsechat.com\/wp-content\/uploads\/2015\/08\/MIT_list-600x395.jpg 600w, https:\/\/sunonusa.pulsechat.com\/wp-content\/uploads\/2015\/08\/MIT_list-1024x673.jpg 1024w\" sizes=\"(max-width: 500px) 100vw, 500px\" \/><\/a><\/p>\n","protected":false},"excerpt":{"rendered":"<p>Fornecendo a melhor prote\u00e7\u00e3o de patente para seus produtos. De acordo com o relat\u00f3rio publicado na MIT Technology Review, que classificou a habilidade tecnol\u00f3gica e cient\u00edfica das melhores empresas de tecnologia do mundo, a Sunon ficou em 48 no mundo e 4\u00aa em Taiwan entre as empresas da ind\u00fastria de computadores e foi a \u00fanica [&hellip;]<\/p>\n","protected":false},"author":7,"featured_media":0,"parent":0,"menu_order":0,"comment_status":"closed","ping_status":"closed","template":"","meta":{"_et_pb_use_builder":"","_et_pb_old_content":"","_et_gb_content_width":"","_monsterinsights_skip_tracking":false,"_monsterinsights_sitenote_active":false,"_monsterinsights_sitenote_note":"","_monsterinsights_sitenote_category":0,"ngg_post_thumbnail":0,"footnotes":""},"class_list":["post-3794","page","type-page","status-publish","hentry","wpautop"],"yoast_head":"<!-- This site is optimized with the Yoast SEO plugin v22.8 - https:\/\/yoast.com\/wordpress\/plugins\/seo\/ -->\n<title>Patentes | Sunon Inc.<\/title>\n<meta name=\"robots\" content=\"noindex, follow, max-snippet:-1, max-image-preview:large, max-video-preview:-1\" \/>\n<meta property=\"og:locale\" content=\"pt_BR\" \/>\n<meta property=\"og:type\" content=\"article\" \/>\n<meta property=\"og:title\" content=\"Patentes | Sunon Inc.\" \/>\n<meta property=\"og:description\" content=\"Fornecendo a melhor prote\u00e7\u00e3o de patente para seus produtos. De acordo com o relat\u00f3rio publicado na MIT Technology Review, que classificou a habilidade tecnol\u00f3gica e cient\u00edfica das melhores empresas de tecnologia do mundo, a Sunon ficou em 48 no mundo e 4\u00aa em Taiwan entre as empresas da ind\u00fastria de computadores e foi a \u00fanica [&hellip;]\" \/>\n<meta property=\"og:url\" content=\"https:\/\/sunonusa.pulsechat.com\/pt-br\/patents\/\" \/>\n<meta property=\"og:site_name\" content=\"Sunon Inc.\" \/>\n<meta property=\"article:modified_time\" content=\"2018-07-17T19:13:46+00:00\" \/>\n<meta property=\"og:image\" content=\"https:\/\/www.sunonusa.com\/wp-content\/uploads\/2015\/08\/sunonpatentachievement-224x300.jpg\" \/>\n<meta name=\"twitter:card\" content=\"summary_large_image\" \/>\n<meta name=\"twitter:label1\" content=\"Est. tempo de leitura\" \/>\n\t<meta name=\"twitter:data1\" content=\"1 minuto\" \/>\n<script type=\"application\/ld+json\" class=\"yoast-schema-graph\">{\"@context\":\"https:\/\/schema.org\",\"@graph\":[{\"@type\":\"WebPage\",\"@id\":\"https:\/\/sunonusa.pulsechat.com\/pt-br\/patents\/\",\"url\":\"https:\/\/sunonusa.pulsechat.com\/pt-br\/patents\/\",\"name\":\"Patentes | Sunon Inc.\",\"isPartOf\":{\"@id\":\"https:\/\/sunonusa.pulsechat.com\/#website\"},\"primaryImageOfPage\":{\"@id\":\"https:\/\/sunonusa.pulsechat.com\/pt-br\/patents\/#primaryimage\"},\"image\":{\"@id\":\"https:\/\/sunonusa.pulsechat.com\/pt-br\/patents\/#primaryimage\"},\"thumbnailUrl\":\"https:\/\/www.sunonusa.com\/wp-content\/uploads\/2015\/08\/sunonpatentachievement-224x300.jpg\",\"datePublished\":\"2015-08-19T15:46:52+00:00\",\"dateModified\":\"2018-07-17T19:13:46+00:00\",\"breadcrumb\":{\"@id\":\"https:\/\/sunonusa.pulsechat.com\/pt-br\/patents\/#breadcrumb\"},\"inLanguage\":\"pt-BR\",\"potentialAction\":[{\"@type\":\"ReadAction\",\"target\":[\"https:\/\/sunonusa.pulsechat.com\/pt-br\/patents\/\"]}]},{\"@type\":\"ImageObject\",\"inLanguage\":\"pt-BR\",\"@id\":\"https:\/\/sunonusa.pulsechat.com\/pt-br\/patents\/#primaryimage\",\"url\":\"https:\/\/www.sunonusa.com\/wp-content\/uploads\/2015\/08\/sunonpatentachievement-224x300.jpg\",\"contentUrl\":\"https:\/\/www.sunonusa.com\/wp-content\/uploads\/2015\/08\/sunonpatentachievement-224x300.jpg\"},{\"@type\":\"BreadcrumbList\",\"@id\":\"https:\/\/sunonusa.pulsechat.com\/pt-br\/patents\/#breadcrumb\",\"itemListElement\":[{\"@type\":\"ListItem\",\"position\":1,\"name\":\"Home\",\"item\":\"https:\/\/sunonusa.pulsechat.com\/pt-br\/?page_id=12551\"},{\"@type\":\"ListItem\",\"position\":2,\"name\":\"Patentes\"}]},{\"@type\":\"WebSite\",\"@id\":\"https:\/\/sunonusa.pulsechat.com\/#website\",\"url\":\"https:\/\/sunonusa.pulsechat.com\/\",\"name\":\"Sunon Inc.\",\"description\":\"\",\"publisher\":{\"@id\":\"https:\/\/sunonusa.pulsechat.com\/#organization\"},\"potentialAction\":[{\"@type\":\"SearchAction\",\"target\":{\"@type\":\"EntryPoint\",\"urlTemplate\":\"https:\/\/sunonusa.pulsechat.com\/?s={search_term_string}\"},\"query-input\":\"required name=search_term_string\"}],\"inLanguage\":\"pt-BR\"},{\"@type\":\"Organization\",\"@id\":\"https:\/\/sunonusa.pulsechat.com\/#organization\",\"name\":\"Sunon USA\",\"url\":\"https:\/\/sunonusa.pulsechat.com\/\",\"logo\":{\"@type\":\"ImageObject\",\"inLanguage\":\"pt-BR\",\"@id\":\"https:\/\/sunonusa.pulsechat.com\/#\/schema\/logo\/image\/\",\"url\":\"https:\/\/www.sunonusa.com\/wp-content\/uploads\/2015\/11\/sunon-logo-1.jpg\",\"contentUrl\":\"https:\/\/www.sunonusa.com\/wp-content\/uploads\/2015\/11\/sunon-logo-1.jpg\",\"width\":565,\"height\":109,\"caption\":\"Sunon USA\"},\"image\":{\"@id\":\"https:\/\/sunonusa.pulsechat.com\/#\/schema\/logo\/image\/\"}}]}<\/script>\n<!-- \/ Yoast SEO plugin. -->","yoast_head_json":{"title":"Patentes | Sunon Inc.","robots":{"index":"noindex","follow":"follow","max-snippet":"max-snippet:-1","max-image-preview":"max-image-preview:large","max-video-preview":"max-video-preview:-1"},"og_locale":"pt_BR","og_type":"article","og_title":"Patentes | Sunon Inc.","og_description":"Fornecendo a melhor prote\u00e7\u00e3o de patente para seus produtos. De acordo com o relat\u00f3rio publicado na MIT Technology Review, que classificou a habilidade tecnol\u00f3gica e cient\u00edfica das melhores empresas de tecnologia do mundo, a Sunon ficou em 48 no mundo e 4\u00aa em Taiwan entre as empresas da ind\u00fastria de computadores e foi a \u00fanica [&hellip;]","og_url":"https:\/\/sunonusa.pulsechat.com\/pt-br\/patents\/","og_site_name":"Sunon Inc.","article_modified_time":"2018-07-17T19:13:46+00:00","og_image":[{"url":"https:\/\/www.sunonusa.com\/wp-content\/uploads\/2015\/08\/sunonpatentachievement-224x300.jpg"}],"twitter_card":"summary_large_image","twitter_misc":{"Est. tempo de leitura":"1 minuto"},"schema":{"@context":"https:\/\/schema.org","@graph":[{"@type":"WebPage","@id":"https:\/\/sunonusa.pulsechat.com\/pt-br\/patents\/","url":"https:\/\/sunonusa.pulsechat.com\/pt-br\/patents\/","name":"Patentes | Sunon Inc.","isPartOf":{"@id":"https:\/\/sunonusa.pulsechat.com\/#website"},"primaryImageOfPage":{"@id":"https:\/\/sunonusa.pulsechat.com\/pt-br\/patents\/#primaryimage"},"image":{"@id":"https:\/\/sunonusa.pulsechat.com\/pt-br\/patents\/#primaryimage"},"thumbnailUrl":"https:\/\/www.sunonusa.com\/wp-content\/uploads\/2015\/08\/sunonpatentachievement-224x300.jpg","datePublished":"2015-08-19T15:46:52+00:00","dateModified":"2018-07-17T19:13:46+00:00","breadcrumb":{"@id":"https:\/\/sunonusa.pulsechat.com\/pt-br\/patents\/#breadcrumb"},"inLanguage":"pt-BR","potentialAction":[{"@type":"ReadAction","target":["https:\/\/sunonusa.pulsechat.com\/pt-br\/patents\/"]}]},{"@type":"ImageObject","inLanguage":"pt-BR","@id":"https:\/\/sunonusa.pulsechat.com\/pt-br\/patents\/#primaryimage","url":"https:\/\/www.sunonusa.com\/wp-content\/uploads\/2015\/08\/sunonpatentachievement-224x300.jpg","contentUrl":"https:\/\/www.sunonusa.com\/wp-content\/uploads\/2015\/08\/sunonpatentachievement-224x300.jpg"},{"@type":"BreadcrumbList","@id":"https:\/\/sunonusa.pulsechat.com\/pt-br\/patents\/#breadcrumb","itemListElement":[{"@type":"ListItem","position":1,"name":"Home","item":"https:\/\/sunonusa.pulsechat.com\/pt-br\/?page_id=12551"},{"@type":"ListItem","position":2,"name":"Patentes"}]},{"@type":"WebSite","@id":"https:\/\/sunonusa.pulsechat.com\/#website","url":"https:\/\/sunonusa.pulsechat.com\/","name":"Sunon Inc.","description":"","publisher":{"@id":"https:\/\/sunonusa.pulsechat.com\/#organization"},"potentialAction":[{"@type":"SearchAction","target":{"@type":"EntryPoint","urlTemplate":"https:\/\/sunonusa.pulsechat.com\/?s={search_term_string}"},"query-input":"required name=search_term_string"}],"inLanguage":"pt-BR"},{"@type":"Organization","@id":"https:\/\/sunonusa.pulsechat.com\/#organization","name":"Sunon USA","url":"https:\/\/sunonusa.pulsechat.com\/","logo":{"@type":"ImageObject","inLanguage":"pt-BR","@id":"https:\/\/sunonusa.pulsechat.com\/#\/schema\/logo\/image\/","url":"https:\/\/www.sunonusa.com\/wp-content\/uploads\/2015\/11\/sunon-logo-1.jpg","contentUrl":"https:\/\/www.sunonusa.com\/wp-content\/uploads\/2015\/11\/sunon-logo-1.jpg","width":565,"height":109,"caption":"Sunon USA"},"image":{"@id":"https:\/\/sunonusa.pulsechat.com\/#\/schema\/logo\/image\/"}}]}},"_links":{"self":[{"href":"https:\/\/sunonusa.pulsechat.com\/pt-br\/wp-json\/wp\/v2\/pages\/3794","targetHints":{"allow":["GET"]}}],"collection":[{"href":"https:\/\/sunonusa.pulsechat.com\/pt-br\/wp-json\/wp\/v2\/pages"}],"about":[{"href":"https:\/\/sunonusa.pulsechat.com\/pt-br\/wp-json\/wp\/v2\/types\/page"}],"author":[{"embeddable":true,"href":"https:\/\/sunonusa.pulsechat.com\/pt-br\/wp-json\/wp\/v2\/users\/7"}],"replies":[{"embeddable":true,"href":"https:\/\/sunonusa.pulsechat.com\/pt-br\/wp-json\/wp\/v2\/comments?post=3794"}],"version-history":[{"count":0,"href":"https:\/\/sunonusa.pulsechat.com\/pt-br\/wp-json\/wp\/v2\/pages\/3794\/revisions"}],"wp:attachment":[{"href":"https:\/\/sunonusa.pulsechat.com\/pt-br\/wp-json\/wp\/v2\/media?parent=3794"}],"curies":[{"name":"wp","href":"https:\/\/api.w.org\/{rel}","templated":true}]}}