{"id":3792,"date":"2015-08-19T15:09:18","date_gmt":"2015-08-19T15:09:18","guid":{"rendered":"https:\/\/www.sunonusa.com\/emi-resolution\/"},"modified":"2018-07-17T12:04:48","modified_gmt":"2018-07-17T19:04:48","slug":"emi-resolution","status":"publish","type":"page","link":"https:\/\/sunonusa.pulsechat.com\/pt-br\/emi-resolution\/","title":{"rendered":"Resolu\u00e7\u00e3o IEM"},"content":{"rendered":"<h4>Interfer\u00eancia Eletromagn\u00e9tica<\/h4>\n<p>H\u00e1 dois tipos de Interfer\u00eancia Eletromagn\u00e9tica (IEM), referido por energia de interfer\u00eancia n\u00e3o desejadas conduzidas como correntes ou radiadas como campos eletromagn\u00e9ticos. Ag\u00eancias, tais como a Comiss\u00e3o Federal de Comunica\u00e7\u00f5es (FCC) e a Verband Deutscher Elektrotechniker (VDE), estabeleceram normas gerindo emiss\u00f5es IEM. \u00c9 importante que os engenheiros filtrem o ru\u00eddo ou eliminem loops de terra. Se resolvido na fase inicial do design da ventoinha, um simples capacitor de desvio ou n\u00facleo de ferrita podem melhorar o problema de IEM.<\/p>\n","protected":false},"excerpt":{"rendered":"<p>Interfer\u00eancia Eletromagn\u00e9tica H\u00e1 dois tipos de Interfer\u00eancia Eletromagn\u00e9tica (IEM), referido por energia de interfer\u00eancia n\u00e3o desejadas conduzidas como correntes ou radiadas como campos eletromagn\u00e9ticos. Ag\u00eancias, tais como a Comiss\u00e3o Federal de Comunica\u00e7\u00f5es (FCC) e a Verband Deutscher Elektrotechniker (VDE), estabeleceram normas gerindo emiss\u00f5es IEM. \u00c9 importante que os engenheiros filtrem o ru\u00eddo ou eliminem loops [&hellip;]<\/p>\n","protected":false},"author":7,"featured_media":0,"parent":0,"menu_order":0,"comment_status":"closed","ping_status":"closed","template":"","meta":{"_et_pb_use_builder":"","_et_pb_old_content":"","_et_gb_content_width":"","_monsterinsights_skip_tracking":false,"_monsterinsights_sitenote_active":false,"_monsterinsights_sitenote_note":"","_monsterinsights_sitenote_category":0,"ngg_post_thumbnail":0,"footnotes":""},"class_list":["post-3792","page","type-page","status-publish","hentry","wpautop"],"yoast_head":"<!-- This site is optimized with the Yoast SEO plugin v22.8 - https:\/\/yoast.com\/wordpress\/plugins\/seo\/ -->\n<title>Resolu\u00e7\u00e3o IEM | Sunon Inc.<\/title>\n<meta name=\"robots\" content=\"noindex, follow, max-snippet:-1, max-image-preview:large, max-video-preview:-1\" \/>\n<meta property=\"og:locale\" content=\"pt_BR\" \/>\n<meta property=\"og:type\" content=\"article\" \/>\n<meta property=\"og:title\" content=\"Resolu\u00e7\u00e3o IEM | Sunon Inc.\" \/>\n<meta property=\"og:description\" content=\"Interfer\u00eancia Eletromagn\u00e9tica H\u00e1 dois tipos de Interfer\u00eancia Eletromagn\u00e9tica (IEM), referido por energia de interfer\u00eancia n\u00e3o desejadas conduzidas como correntes ou radiadas como campos eletromagn\u00e9ticos. Ag\u00eancias, tais como a Comiss\u00e3o Federal de Comunica\u00e7\u00f5es (FCC) e a Verband Deutscher Elektrotechniker (VDE), estabeleceram normas gerindo emiss\u00f5es IEM. \u00c9 importante que os engenheiros filtrem o ru\u00eddo ou eliminem loops [&hellip;]\" \/>\n<meta property=\"og:url\" content=\"https:\/\/sunonusa.pulsechat.com\/pt-br\/emi-resolution\/\" \/>\n<meta property=\"og:site_name\" content=\"Sunon Inc.\" \/>\n<meta property=\"article:modified_time\" content=\"2018-07-17T19:04:48+00:00\" \/>\n<meta property=\"og:image\" content=\"https:\/\/sunonusa.pulsechat.com\/wp-content\/uploads\/2015\/11\/sunon-logo-1.jpg\" \/>\n\t<meta property=\"og:image:width\" content=\"565\" \/>\n\t<meta property=\"og:image:height\" content=\"109\" \/>\n\t<meta property=\"og:image:type\" content=\"image\/jpeg\" \/>\n<meta name=\"twitter:card\" content=\"summary_large_image\" \/>\n<script type=\"application\/ld+json\" class=\"yoast-schema-graph\">{\"@context\":\"https:\/\/schema.org\",\"@graph\":[{\"@type\":\"WebPage\",\"@id\":\"https:\/\/sunonusa.pulsechat.com\/pt-br\/emi-resolution\/\",\"url\":\"https:\/\/sunonusa.pulsechat.com\/pt-br\/emi-resolution\/\",\"name\":\"Resolu\u00e7\u00e3o IEM | Sunon Inc.\",\"isPartOf\":{\"@id\":\"https:\/\/sunonusa.pulsechat.com\/#website\"},\"datePublished\":\"2015-08-19T15:09:18+00:00\",\"dateModified\":\"2018-07-17T19:04:48+00:00\",\"breadcrumb\":{\"@id\":\"https:\/\/sunonusa.pulsechat.com\/pt-br\/emi-resolution\/#breadcrumb\"},\"inLanguage\":\"pt-BR\",\"potentialAction\":[{\"@type\":\"ReadAction\",\"target\":[\"https:\/\/sunonusa.pulsechat.com\/pt-br\/emi-resolution\/\"]}]},{\"@type\":\"BreadcrumbList\",\"@id\":\"https:\/\/sunonusa.pulsechat.com\/pt-br\/emi-resolution\/#breadcrumb\",\"itemListElement\":[{\"@type\":\"ListItem\",\"position\":1,\"name\":\"Home\",\"item\":\"https:\/\/sunonusa.pulsechat.com\/pt-br\/?page_id=12551\"},{\"@type\":\"ListItem\",\"position\":2,\"name\":\"Resolu\u00e7\u00e3o IEM\"}]},{\"@type\":\"WebSite\",\"@id\":\"https:\/\/sunonusa.pulsechat.com\/#website\",\"url\":\"https:\/\/sunonusa.pulsechat.com\/\",\"name\":\"Sunon Inc.\",\"description\":\"\",\"publisher\":{\"@id\":\"https:\/\/sunonusa.pulsechat.com\/#organization\"},\"potentialAction\":[{\"@type\":\"SearchAction\",\"target\":{\"@type\":\"EntryPoint\",\"urlTemplate\":\"https:\/\/sunonusa.pulsechat.com\/?s={search_term_string}\"},\"query-input\":\"required name=search_term_string\"}],\"inLanguage\":\"pt-BR\"},{\"@type\":\"Organization\",\"@id\":\"https:\/\/sunonusa.pulsechat.com\/#organization\",\"name\":\"Sunon USA\",\"url\":\"https:\/\/sunonusa.pulsechat.com\/\",\"logo\":{\"@type\":\"ImageObject\",\"inLanguage\":\"pt-BR\",\"@id\":\"https:\/\/sunonusa.pulsechat.com\/#\/schema\/logo\/image\/\",\"url\":\"https:\/\/www.sunonusa.com\/wp-content\/uploads\/2015\/11\/sunon-logo-1.jpg\",\"contentUrl\":\"https:\/\/www.sunonusa.com\/wp-content\/uploads\/2015\/11\/sunon-logo-1.jpg\",\"width\":565,\"height\":109,\"caption\":\"Sunon USA\"},\"image\":{\"@id\":\"https:\/\/sunonusa.pulsechat.com\/#\/schema\/logo\/image\/\"}}]}<\/script>\n<!-- \/ Yoast SEO plugin. -->","yoast_head_json":{"title":"Resolu\u00e7\u00e3o IEM | Sunon Inc.","robots":{"index":"noindex","follow":"follow","max-snippet":"max-snippet:-1","max-image-preview":"max-image-preview:large","max-video-preview":"max-video-preview:-1"},"og_locale":"pt_BR","og_type":"article","og_title":"Resolu\u00e7\u00e3o IEM | Sunon Inc.","og_description":"Interfer\u00eancia Eletromagn\u00e9tica H\u00e1 dois tipos de Interfer\u00eancia Eletromagn\u00e9tica (IEM), referido por energia de interfer\u00eancia n\u00e3o desejadas conduzidas como correntes ou radiadas como campos eletromagn\u00e9ticos. Ag\u00eancias, tais como a Comiss\u00e3o Federal de Comunica\u00e7\u00f5es (FCC) e a Verband Deutscher Elektrotechniker (VDE), estabeleceram normas gerindo emiss\u00f5es IEM. \u00c9 importante que os engenheiros filtrem o ru\u00eddo ou eliminem loops [&hellip;]","og_url":"https:\/\/sunonusa.pulsechat.com\/pt-br\/emi-resolution\/","og_site_name":"Sunon Inc.","article_modified_time":"2018-07-17T19:04:48+00:00","og_image":[{"width":565,"height":109,"url":"https:\/\/sunonusa.pulsechat.com\/wp-content\/uploads\/2015\/11\/sunon-logo-1.jpg","type":"image\/jpeg"}],"twitter_card":"summary_large_image","schema":{"@context":"https:\/\/schema.org","@graph":[{"@type":"WebPage","@id":"https:\/\/sunonusa.pulsechat.com\/pt-br\/emi-resolution\/","url":"https:\/\/sunonusa.pulsechat.com\/pt-br\/emi-resolution\/","name":"Resolu\u00e7\u00e3o IEM | Sunon Inc.","isPartOf":{"@id":"https:\/\/sunonusa.pulsechat.com\/#website"},"datePublished":"2015-08-19T15:09:18+00:00","dateModified":"2018-07-17T19:04:48+00:00","breadcrumb":{"@id":"https:\/\/sunonusa.pulsechat.com\/pt-br\/emi-resolution\/#breadcrumb"},"inLanguage":"pt-BR","potentialAction":[{"@type":"ReadAction","target":["https:\/\/sunonusa.pulsechat.com\/pt-br\/emi-resolution\/"]}]},{"@type":"BreadcrumbList","@id":"https:\/\/sunonusa.pulsechat.com\/pt-br\/emi-resolution\/#breadcrumb","itemListElement":[{"@type":"ListItem","position":1,"name":"Home","item":"https:\/\/sunonusa.pulsechat.com\/pt-br\/?page_id=12551"},{"@type":"ListItem","position":2,"name":"Resolu\u00e7\u00e3o IEM"}]},{"@type":"WebSite","@id":"https:\/\/sunonusa.pulsechat.com\/#website","url":"https:\/\/sunonusa.pulsechat.com\/","name":"Sunon Inc.","description":"","publisher":{"@id":"https:\/\/sunonusa.pulsechat.com\/#organization"},"potentialAction":[{"@type":"SearchAction","target":{"@type":"EntryPoint","urlTemplate":"https:\/\/sunonusa.pulsechat.com\/?s={search_term_string}"},"query-input":"required name=search_term_string"}],"inLanguage":"pt-BR"},{"@type":"Organization","@id":"https:\/\/sunonusa.pulsechat.com\/#organization","name":"Sunon USA","url":"https:\/\/sunonusa.pulsechat.com\/","logo":{"@type":"ImageObject","inLanguage":"pt-BR","@id":"https:\/\/sunonusa.pulsechat.com\/#\/schema\/logo\/image\/","url":"https:\/\/www.sunonusa.com\/wp-content\/uploads\/2015\/11\/sunon-logo-1.jpg","contentUrl":"https:\/\/www.sunonusa.com\/wp-content\/uploads\/2015\/11\/sunon-logo-1.jpg","width":565,"height":109,"caption":"Sunon USA"},"image":{"@id":"https:\/\/sunonusa.pulsechat.com\/#\/schema\/logo\/image\/"}}]}},"_links":{"self":[{"href":"https:\/\/sunonusa.pulsechat.com\/pt-br\/wp-json\/wp\/v2\/pages\/3792","targetHints":{"allow":["GET"]}}],"collection":[{"href":"https:\/\/sunonusa.pulsechat.com\/pt-br\/wp-json\/wp\/v2\/pages"}],"about":[{"href":"https:\/\/sunonusa.pulsechat.com\/pt-br\/wp-json\/wp\/v2\/types\/page"}],"author":[{"embeddable":true,"href":"https:\/\/sunonusa.pulsechat.com\/pt-br\/wp-json\/wp\/v2\/users\/7"}],"replies":[{"embeddable":true,"href":"https:\/\/sunonusa.pulsechat.com\/pt-br\/wp-json\/wp\/v2\/comments?post=3792"}],"version-history":[{"count":0,"href":"https:\/\/sunonusa.pulsechat.com\/pt-br\/wp-json\/wp\/v2\/pages\/3792\/revisions"}],"wp:attachment":[{"href":"https:\/\/sunonusa.pulsechat.com\/pt-br\/wp-json\/wp\/v2\/media?parent=3792"}],"curies":[{"name":"wp","href":"https:\/\/api.w.org\/{rel}","templated":true}]}}