{"id":3780,"date":"2015-08-19T15:07:09","date_gmt":"2015-08-19T15:07:09","guid":{"rendered":"https:\/\/www.sunonusa.com\/low-noise-design\/"},"modified":"2018-07-17T11:28:37","modified_gmt":"2018-07-17T18:28:37","slug":"low-noise-design","status":"publish","type":"page","link":"https:\/\/sunonusa.pulsechat.com\/pt-br\/low-noise-design\/","title":{"rendered":"Design de Ru\u00eddo Baixo"},"content":{"rendered":"<h4>N\u00edvel Ac\u00fastico de Ru\u00eddo<\/h4>\n<p><img loading=\"lazy\" decoding=\"async\" class=\"alignright wp-image-1438 size-full\" src=\"https:\/\/www.sunonusa.com\/wp-content\/uploads\/2015\/08\/emi_drawing.gif\" alt=\"emi_drawing\" width=\"240\" height=\"95\" \/>A medi\u00e7\u00e3o de som ac\u00fastico dos produtos SUNON \u00e9 feita em uma sala sem eco com ru\u00eddo de fundo menor que 15dBA. A ventoinha medida est\u00e1 funcionando em ar livre com um microfone a uma dist\u00e2ncia de um metro da entrada da ventoinha.<\/p>\n<p>O N\u00edvel de Press\u00e3o Sonora (NPS), que \u00e9 dependente do ambiente, e o N\u00edvel de Pot\u00eancia Sonora (NPtS) s\u00e3o definidos conforme a seguir:<\/p>\n<p>NPS = 20\u00a1\u00ea P\u00a1\u00fePref e NPtS= 10\u00a1\u00ea W\u00a1\u00feWref<\/p>\n<p>onde,<\/p>\n<ul>\n<li>P = Press\u00e3o<\/li>\n<li>Pref = Press\u00e3o refer\u00eancia<\/li>\n<li>W = Pot\u00eancia Ac\u00fastica da Fonte<\/li>\n<li>Wref = Pot\u00eancia Ac\u00fastica Refer\u00eancia<\/li>\n<\/ul>\n<p>Dados de barulho de ventoinha s\u00e3o geralmente plotados como NPS contra bandas de frequ\u00eancia de oitava. Os seguintes fornecem uma indica\u00e7\u00e3o do efeito de mudan\u00e7as dBA:<\/p>\n<ul>\n<li>3 dBA Quase Impercept\u00edvel<\/li>\n<li>5 dBA  Percept\u00edvel<\/li>\n<li>10 dBA Duas vezes mais barulhento<\/li>\n<\/ul>\n<p>N\u00edveis de ru\u00eddo:<\/p>\n<ul>\n<li>0 ~ 20 dBA Muito baixo<\/li>\n<li>20 ~ 40 dBA Baixo<\/li>\n<li>40 ~ 60 dBA Moderado<\/li>\n<li>60 ~ 80 dBA Alto<\/li>\n<li>80 ~ 100 dBA Muito Alto<\/li>\n<li>100 ~ 140 dBA Ensurdecedor<\/li>\n<\/ul>\n<h5>Como Atingir Baixo Ru\u00eddo<\/h5>\n<p>As cinco diretrizes a seguir fornecem aos usu\u00e1rios as melhores abordagens em minimizar o ru\u00eddo da ventoinha.<\/p>\n<ol>\n<li><strong>Imped\u00e2ncia do Sistema \u00a0<\/strong>como conhecida, a \u00e1rea entre as portas de entrada e sa\u00edda de um gabinete forma de 60% a 80% da imped\u00e2ncia total do sistema. Al\u00e9m disso, quanto maior o fluxo de ar, maior o n\u00edvel de barulho. Quanto maior for a imped\u00e2ncia total do sistema, mais fluxo de ar \u00e9 necess\u00e1rio para fornecer o resfriamento necess\u00e1rio. Assim sendo, a imped\u00e2ncia do sistema deve ser reduzida para o mais baixo poss\u00edvel para reduzir o ru\u00eddo ao m\u00ednimo.<\/li>\n<li><strong>Dist\u00farbio no Fluxo <\/strong>s\u00e3o obstru\u00e7\u00f5es ao longo do caminho do fluxo de barulho turbulento gerado pelo ar. Portanto, obstru\u00e7\u00f5es, especialmente na \u00e1rea de entrada e sa\u00edda cr\u00edtica, deve ser evitada para reduzir o n\u00edvel de ru\u00eddo.<\/li>\n<li><strong>Velocidade e Tamanho da Ventoinha <\/strong>j\u00e1 que ventoinhas de alta velocidade geram maior barulho do que uma de baixa velocidade. Uma ventoinha de baixa velocidade deve ser testada e usada quando poss\u00edvel. Frequentemente, uma ventoinha maior e mais lenta \u00e9 mais silenciosa do que uma menor e mais r\u00e1pida enquanto entrega o mesmo fluxo de ar.<\/li>\n<li><strong>Aumento de Temperatura. <\/strong>O fluxo de ar \u00e9 inversamente proporcional ao aumento de temperatura permiss\u00edvel dentro de um sistema. Uma pequena mudan\u00e7a no aumento de temperatura permiss\u00edvel leva a uma significante mudan\u00e7a no fluxo de ar necess\u00e1rio. Assim sendo, se houver um pequeno comprometimento imposto no aumento de temperatura permiss\u00edvel, haver\u00e1 consideravelmente menos quantidades de fluxo de ar requerido. Como resultado, o barulho \u00e9 drasticamente reduzido.<\/li>\n<li><strong>Vibra\u00e7\u00e3o <\/strong>em alguns casos, o sistema \u00e9 leve ou especificado em alguns certos m\u00e9todos de opera\u00e7\u00e3o, um isolador macio e flex\u00edvel \u00e9 altamente recomendado para evitar a transmiss\u00e3o de vibra\u00e7\u00e3o.<\/li>\n<li><strong>Varia\u00e7\u00e3o de Voltagem <\/strong>afeta o n\u00edvel do ru\u00eddo ac\u00fastico. Quando uma voltagem maior \u00e9 aplicada \u00e0 ventoinha, uma maior vibra\u00e7\u00e3o \u00e9 gerada devido ao aumento de RPM. Portanto, um n\u00edvel maior de ru\u00eddo \u00e9 gerado.<\/li>\n<li><strong>Considera\u00e7\u00f5es do Design. <\/strong>O design de todo componente da ventoinha afeta o n\u00edvel de ru\u00eddo ac\u00fastico. Baixos n\u00edveis podem ser alcan\u00e7ados pela dimens\u00e3o do n\u00facleo de ventila\u00e7\u00e3o, pelo design das l\u00e2minas e caixa do impulsor e por fabrica\u00e7\u00e3o e equil\u00edbrio de precis\u00e3o.<\/li>\n<\/ol>\n","protected":false},"excerpt":{"rendered":"<p>N\u00edvel Ac\u00fastico de Ru\u00eddo A medi\u00e7\u00e3o de som ac\u00fastico dos produtos SUNON \u00e9 feita em uma sala sem eco com ru\u00eddo de fundo menor que 15dBA. A ventoinha medida est\u00e1 funcionando em ar livre com um microfone a uma dist\u00e2ncia de um metro da entrada da ventoinha. O N\u00edvel de Press\u00e3o Sonora (NPS), que \u00e9 [&hellip;]<\/p>\n","protected":false},"author":7,"featured_media":0,"parent":0,"menu_order":0,"comment_status":"closed","ping_status":"closed","template":"","meta":{"_et_pb_use_builder":"","_et_pb_old_content":"","_et_gb_content_width":"","_monsterinsights_skip_tracking":false,"_monsterinsights_sitenote_active":false,"_monsterinsights_sitenote_note":"","_monsterinsights_sitenote_category":0,"ngg_post_thumbnail":0,"footnotes":""},"class_list":["post-3780","page","type-page","status-publish","hentry","wpautop"],"yoast_head":"<!-- This site is optimized with the Yoast SEO plugin v22.8 - https:\/\/yoast.com\/wordpress\/plugins\/seo\/ -->\n<title>Design de Ru\u00eddo Baixo | Sunon Inc.<\/title>\n<meta name=\"robots\" content=\"noindex, follow, max-snippet:-1, max-image-preview:large, max-video-preview:-1\" \/>\n<meta property=\"og:locale\" content=\"pt_BR\" \/>\n<meta property=\"og:type\" content=\"article\" \/>\n<meta property=\"og:title\" content=\"Design de Ru\u00eddo Baixo | Sunon Inc.\" \/>\n<meta property=\"og:description\" content=\"N\u00edvel Ac\u00fastico de Ru\u00eddo A medi\u00e7\u00e3o de som ac\u00fastico dos produtos SUNON \u00e9 feita em uma sala sem eco com ru\u00eddo de fundo menor que 15dBA. A ventoinha medida est\u00e1 funcionando em ar livre com um microfone a uma dist\u00e2ncia de um metro da entrada da ventoinha. O N\u00edvel de Press\u00e3o Sonora (NPS), que \u00e9 [&hellip;]\" \/>\n<meta property=\"og:url\" content=\"https:\/\/sunonusa.pulsechat.com\/pt-br\/low-noise-design\/\" \/>\n<meta property=\"og:site_name\" content=\"Sunon Inc.\" \/>\n<meta property=\"article:modified_time\" content=\"2018-07-17T18:28:37+00:00\" \/>\n<meta property=\"og:image\" content=\"https:\/\/www.sunonusa.com\/wp-content\/uploads\/2015\/08\/emi_drawing.gif\" \/>\n<meta name=\"twitter:card\" content=\"summary_large_image\" \/>\n<meta name=\"twitter:label1\" content=\"Est. tempo de leitura\" \/>\n\t<meta name=\"twitter:data1\" content=\"3 minutos\" \/>\n<script type=\"application\/ld+json\" class=\"yoast-schema-graph\">{\"@context\":\"https:\/\/schema.org\",\"@graph\":[{\"@type\":\"WebPage\",\"@id\":\"https:\/\/sunonusa.pulsechat.com\/pt-br\/low-noise-design\/\",\"url\":\"https:\/\/sunonusa.pulsechat.com\/pt-br\/low-noise-design\/\",\"name\":\"Design de Ru\u00eddo Baixo | Sunon Inc.\",\"isPartOf\":{\"@id\":\"https:\/\/sunonusa.pulsechat.com\/#website\"},\"primaryImageOfPage\":{\"@id\":\"https:\/\/sunonusa.pulsechat.com\/pt-br\/low-noise-design\/#primaryimage\"},\"image\":{\"@id\":\"https:\/\/sunonusa.pulsechat.com\/pt-br\/low-noise-design\/#primaryimage\"},\"thumbnailUrl\":\"https:\/\/www.sunonusa.com\/wp-content\/uploads\/2015\/08\/emi_drawing.gif\",\"datePublished\":\"2015-08-19T15:07:09+00:00\",\"dateModified\":\"2018-07-17T18:28:37+00:00\",\"breadcrumb\":{\"@id\":\"https:\/\/sunonusa.pulsechat.com\/pt-br\/low-noise-design\/#breadcrumb\"},\"inLanguage\":\"pt-BR\",\"potentialAction\":[{\"@type\":\"ReadAction\",\"target\":[\"https:\/\/sunonusa.pulsechat.com\/pt-br\/low-noise-design\/\"]}]},{\"@type\":\"ImageObject\",\"inLanguage\":\"pt-BR\",\"@id\":\"https:\/\/sunonusa.pulsechat.com\/pt-br\/low-noise-design\/#primaryimage\",\"url\":\"https:\/\/www.sunonusa.com\/wp-content\/uploads\/2015\/08\/emi_drawing.gif\",\"contentUrl\":\"https:\/\/www.sunonusa.com\/wp-content\/uploads\/2015\/08\/emi_drawing.gif\"},{\"@type\":\"BreadcrumbList\",\"@id\":\"https:\/\/sunonusa.pulsechat.com\/pt-br\/low-noise-design\/#breadcrumb\",\"itemListElement\":[{\"@type\":\"ListItem\",\"position\":1,\"name\":\"Home\",\"item\":\"https:\/\/sunonusa.pulsechat.com\/pt-br\/?page_id=12551\"},{\"@type\":\"ListItem\",\"position\":2,\"name\":\"Design de Ru\u00eddo Baixo\"}]},{\"@type\":\"WebSite\",\"@id\":\"https:\/\/sunonusa.pulsechat.com\/#website\",\"url\":\"https:\/\/sunonusa.pulsechat.com\/\",\"name\":\"Sunon Inc.\",\"description\":\"\",\"publisher\":{\"@id\":\"https:\/\/sunonusa.pulsechat.com\/#organization\"},\"potentialAction\":[{\"@type\":\"SearchAction\",\"target\":{\"@type\":\"EntryPoint\",\"urlTemplate\":\"https:\/\/sunonusa.pulsechat.com\/?s={search_term_string}\"},\"query-input\":\"required name=search_term_string\"}],\"inLanguage\":\"pt-BR\"},{\"@type\":\"Organization\",\"@id\":\"https:\/\/sunonusa.pulsechat.com\/#organization\",\"name\":\"Sunon USA\",\"url\":\"https:\/\/sunonusa.pulsechat.com\/\",\"logo\":{\"@type\":\"ImageObject\",\"inLanguage\":\"pt-BR\",\"@id\":\"https:\/\/sunonusa.pulsechat.com\/#\/schema\/logo\/image\/\",\"url\":\"https:\/\/www.sunonusa.com\/wp-content\/uploads\/2015\/11\/sunon-logo-1.jpg\",\"contentUrl\":\"https:\/\/www.sunonusa.com\/wp-content\/uploads\/2015\/11\/sunon-logo-1.jpg\",\"width\":565,\"height\":109,\"caption\":\"Sunon USA\"},\"image\":{\"@id\":\"https:\/\/sunonusa.pulsechat.com\/#\/schema\/logo\/image\/\"}}]}<\/script>\n<!-- \/ Yoast SEO plugin. -->","yoast_head_json":{"title":"Design de Ru\u00eddo Baixo | Sunon Inc.","robots":{"index":"noindex","follow":"follow","max-snippet":"max-snippet:-1","max-image-preview":"max-image-preview:large","max-video-preview":"max-video-preview:-1"},"og_locale":"pt_BR","og_type":"article","og_title":"Design de Ru\u00eddo Baixo | Sunon Inc.","og_description":"N\u00edvel Ac\u00fastico de Ru\u00eddo A medi\u00e7\u00e3o de som ac\u00fastico dos produtos SUNON \u00e9 feita em uma sala sem eco com ru\u00eddo de fundo menor que 15dBA. A ventoinha medida est\u00e1 funcionando em ar livre com um microfone a uma dist\u00e2ncia de um metro da entrada da ventoinha. O N\u00edvel de Press\u00e3o Sonora (NPS), que \u00e9 [&hellip;]","og_url":"https:\/\/sunonusa.pulsechat.com\/pt-br\/low-noise-design\/","og_site_name":"Sunon Inc.","article_modified_time":"2018-07-17T18:28:37+00:00","og_image":[{"url":"https:\/\/www.sunonusa.com\/wp-content\/uploads\/2015\/08\/emi_drawing.gif"}],"twitter_card":"summary_large_image","twitter_misc":{"Est. tempo de leitura":"3 minutos"},"schema":{"@context":"https:\/\/schema.org","@graph":[{"@type":"WebPage","@id":"https:\/\/sunonusa.pulsechat.com\/pt-br\/low-noise-design\/","url":"https:\/\/sunonusa.pulsechat.com\/pt-br\/low-noise-design\/","name":"Design de Ru\u00eddo Baixo | Sunon Inc.","isPartOf":{"@id":"https:\/\/sunonusa.pulsechat.com\/#website"},"primaryImageOfPage":{"@id":"https:\/\/sunonusa.pulsechat.com\/pt-br\/low-noise-design\/#primaryimage"},"image":{"@id":"https:\/\/sunonusa.pulsechat.com\/pt-br\/low-noise-design\/#primaryimage"},"thumbnailUrl":"https:\/\/www.sunonusa.com\/wp-content\/uploads\/2015\/08\/emi_drawing.gif","datePublished":"2015-08-19T15:07:09+00:00","dateModified":"2018-07-17T18:28:37+00:00","breadcrumb":{"@id":"https:\/\/sunonusa.pulsechat.com\/pt-br\/low-noise-design\/#breadcrumb"},"inLanguage":"pt-BR","potentialAction":[{"@type":"ReadAction","target":["https:\/\/sunonusa.pulsechat.com\/pt-br\/low-noise-design\/"]}]},{"@type":"ImageObject","inLanguage":"pt-BR","@id":"https:\/\/sunonusa.pulsechat.com\/pt-br\/low-noise-design\/#primaryimage","url":"https:\/\/www.sunonusa.com\/wp-content\/uploads\/2015\/08\/emi_drawing.gif","contentUrl":"https:\/\/www.sunonusa.com\/wp-content\/uploads\/2015\/08\/emi_drawing.gif"},{"@type":"BreadcrumbList","@id":"https:\/\/sunonusa.pulsechat.com\/pt-br\/low-noise-design\/#breadcrumb","itemListElement":[{"@type":"ListItem","position":1,"name":"Home","item":"https:\/\/sunonusa.pulsechat.com\/pt-br\/?page_id=12551"},{"@type":"ListItem","position":2,"name":"Design de Ru\u00eddo Baixo"}]},{"@type":"WebSite","@id":"https:\/\/sunonusa.pulsechat.com\/#website","url":"https:\/\/sunonusa.pulsechat.com\/","name":"Sunon Inc.","description":"","publisher":{"@id":"https:\/\/sunonusa.pulsechat.com\/#organization"},"potentialAction":[{"@type":"SearchAction","target":{"@type":"EntryPoint","urlTemplate":"https:\/\/sunonusa.pulsechat.com\/?s={search_term_string}"},"query-input":"required name=search_term_string"}],"inLanguage":"pt-BR"},{"@type":"Organization","@id":"https:\/\/sunonusa.pulsechat.com\/#organization","name":"Sunon USA","url":"https:\/\/sunonusa.pulsechat.com\/","logo":{"@type":"ImageObject","inLanguage":"pt-BR","@id":"https:\/\/sunonusa.pulsechat.com\/#\/schema\/logo\/image\/","url":"https:\/\/www.sunonusa.com\/wp-content\/uploads\/2015\/11\/sunon-logo-1.jpg","contentUrl":"https:\/\/www.sunonusa.com\/wp-content\/uploads\/2015\/11\/sunon-logo-1.jpg","width":565,"height":109,"caption":"Sunon USA"},"image":{"@id":"https:\/\/sunonusa.pulsechat.com\/#\/schema\/logo\/image\/"}}]}},"_links":{"self":[{"href":"https:\/\/sunonusa.pulsechat.com\/pt-br\/wp-json\/wp\/v2\/pages\/3780","targetHints":{"allow":["GET"]}}],"collection":[{"href":"https:\/\/sunonusa.pulsechat.com\/pt-br\/wp-json\/wp\/v2\/pages"}],"about":[{"href":"https:\/\/sunonusa.pulsechat.com\/pt-br\/wp-json\/wp\/v2\/types\/page"}],"author":[{"embeddable":true,"href":"https:\/\/sunonusa.pulsechat.com\/pt-br\/wp-json\/wp\/v2\/users\/7"}],"replies":[{"embeddable":true,"href":"https:\/\/sunonusa.pulsechat.com\/pt-br\/wp-json\/wp\/v2\/comments?post=3780"}],"version-history":[{"count":0,"href":"https:\/\/sunonusa.pulsechat.com\/pt-br\/wp-json\/wp\/v2\/pages\/3780\/revisions"}],"wp:attachment":[{"href":"https:\/\/sunonusa.pulsechat.com\/pt-br\/wp-json\/wp\/v2\/media?parent=3780"}],"curies":[{"name":"wp","href":"https:\/\/api.w.org\/{rel}","templated":true}]}}