{"id":3723,"date":"2015-08-19T13:12:49","date_gmt":"2015-08-19T13:12:49","guid":{"rendered":"https:\/\/www.sunonusa.com\/company-profile\/"},"modified":"2018-07-16T14:34:33","modified_gmt":"2018-07-16T21:34:33","slug":"company-profile","status":"publish","type":"page","link":"https:\/\/sunonusa.pulsechat.com\/pt-br\/company-profile\/","title":{"rendered":"Perfil da Empresa"},"content":{"rendered":"<p>[vc_row][vc_column width=&#8221;3\/4&#8243;][vc_column_text]<\/p>\n<h6>Sunon Inc.<\/h6>\n<p>Estabelecida em 1999 como uma subsidi\u00e1ria da Sunonwalth Electric Machine Industrial Company, Ltd., a Sunon Inc. \u00e9 devotada a fornecer per\u00edcia e apoio excelente em engenharia aos nossos clientes nos E.U.A., Canad\u00e1 e Am\u00e9rica Latina. Localizada em Brea, Calif\u00f3rnia, o escrit\u00f3rio da Sunon Inc. inclui um centro de design, um laborat\u00f3rio de testes de produto e uma instala\u00e7\u00e3o de valor acrescido para fornecer apoio a montagens especializadas que s\u00e3o \u00fanicas aos requerimentos do mercado local. Os representantes do fabricante, representantes de servi\u00e7o ao cliente e distribuidores de vendas da Sunon Inc. s\u00e3o altamente treinados para proporcionar gerenciamento de pedidos eficientes e garantir o fornecimento de componentes. Nossos engenheiros de qualidade est\u00e3o aqui para resolver problemas de motor e ventilador dos clientes.[\/vc_column_text][\/vc_column][vc_column width=&#8221;1\/4&#8243;][vc_column_text css=&#8221;.vc_custom_1531506911074{margin-top: 40px !important;}&#8221;]<\/p>\n<div id=\"attachment_1416\" style=\"width: 145px\" class=\"wp-caption aligncenter\"><a href=\"\/wp-content\/uploads\/2015\/08\/Company_Profile.pdf\" target=\"_blank\" rel=\"noopener\"><img loading=\"lazy\" decoding=\"async\" aria-describedby=\"caption-attachment-1416\" class=\"wp-image-1416 size-full\" src=\"https:\/\/www.sunonusa.com\/wp-content\/uploads\/2015\/08\/CompanyProfile.jpg\" alt=\"CompanyProfile\" width=\"135\" height=\"175\" \/><\/a><p id=\"caption-attachment-1416\" class=\"wp-caption-text\">PDF file download<\/p><\/div>\n<p>[\/vc_column_text][\/vc_column][\/vc_row][vc_row][vc_column][vc_column_text]<\/p>\n<h6>Sobre a Sunonwealth<\/h6>\n<p>Sunonwealth Electric Machine Industrial Company, Ltd, foi fundada em 1980 por Alex Horng, Presidente, como uma fabricante especialista de motores e ventiladores. O r\u00e1pido crescimento da empresa ao redor do mundo acompanhou a ascens\u00e3o do computador, redes de comunica\u00e7\u00e3o e das ind\u00fastrias de telecomunica\u00e7\u00f5es. Desde a funda\u00e7\u00e3o da Sunon, a empresa se comprometeu em desenvolver novos produtos e tecnologias. Ela \u00e9 reconhecida por suas capacidades de design inovadoras e flex\u00edveis, produtos consistentemente confi\u00e1veis e efici\u00eancia de fabrica\u00e7\u00e3o. A Sunon \u00e9 uma empresa global com sede em Taiwan, com uma presen\u00e7a geogr\u00e1fica estrat\u00e9gica na \u00c1sia, Europa e nas Am\u00e9ricas. Com 5 subsidi\u00e1rias regionais, 70 distribuidores e 1.000 representantes de vendas, a Sunon est\u00e1 estrategicamente posicionada para oferecer aos seus parceiros globais uma grande variedade de servi\u00e7os de marketing, t\u00e9cnicos, treinamento e outros servi\u00e7os de apoio.[\/vc_column_text][vc_column_text]<\/p>\n<h6>Produtos<\/h6>\n<p>A Sunon projeta e fabrica uma gama completa de ventiladores, exaustores e coolers de alto desempenho. A empresa \u00e9 comprometida em fornecer a maior sele\u00e7\u00e3o de ventiladores e exaustores axiais, que incluem ventoinhas sem escova CC, microexaustores CC, coolers para CPU, coolers de placa de v\u00eddeo e ventiladores CA. A Sunon fabrica alguns dos menores, mais finos e mais eficientes ventiladores e exaustores em tamanhos que variam de 0,315 polegadas (8 mm) a 10 polegadas (250 mm) em di\u00e2metro exterior e de 0,157 polegadas (4 mm) a 1,5 polegadas (38 mm) em espessura. Mais de 700 modelos diferentes est\u00e3o dispon\u00edveis aos clientes.[\/vc_column_text][vc_column_text]<\/p>\n<h6>Mercados<\/h6>\n<p>Os ventiladores, exaustores e coolers da Sunon t\u00eam aplica\u00e7\u00e3o em uma diversa gama de ind\u00fastrias e produtos. Os produtos da empresa s\u00e3o usados em muitos dos mais populares computadores, esta\u00e7\u00f5es de trabalho, servidores, hubs de rede, scanners, impressores e mais. Em equipamento de escrit\u00f3rio, produtos Sunon podem ser encontrados em copiadores, m\u00e1quinas de fax e projetores. A Sunon est\u00e1 igualmente em casa no mercado de eletrodom\u00e9sticos, com aplica\u00e7\u00f5es para refrigeradores, purificadores de ar e aquecedores de ar. Outros mercados incluem equipamento m\u00e9dico, laboratorial e para f\u00e1bricas, assim como m\u00e1quinas de venda autom\u00e1tica.[\/vc_column_text][vc_column_text]<\/p>\n<h6>Pesquisa &amp; Desenvolvimento<\/h6>\n<p>A Sunon acumulou um rico portf\u00f3lio de mais de 2157 patentes. N\u00f3s focamos e investimos 8-12% do faturamento a cada ano em atividades de pesquisa e desenvolvimento. O Centro de Inova\u00e7\u00e3o &amp; Inven\u00e7\u00e3o da Sunon cont\u00e9m um laborat\u00f3rio de vibra\u00e7\u00e3o &amp; ac\u00fastica e um laborat\u00f3rio de materiais. Estes laborat\u00f3rios s\u00e3o equipados com os mais avan\u00e7ados equipamentos, tais como HMS de ac\u00fastica, Analisador de Modo de Vibra\u00e7\u00e3o, Analisador de Termografia IR e Sistemas de Termografia de Alta Precis\u00e3o. Utilizando o software CAE mais recente, n\u00f3s temos a capacidade de conduzir an\u00e1lises digitais\/anal\u00f3gicas em fluxo de calor, ac\u00fastica, circuito magn\u00e9tico de motores, modos de vibra\u00e7\u00e3o, for\u00e7a estrutural, simula\u00e7\u00e3o de queda, fluxo modular e muitos outros.[\/vc_column_text][vc_column_text]<\/p>\n<h6>Fabrica\u00e7\u00e3o<\/h6>\n<p>A Sunon fabrica seus produtos em quatro instala\u00e7\u00f5es de produ\u00e7\u00e3o na China (Beihai, Foshan e duas usinas em Kunshan) e uma em Taiwan (Kaohsiung), que s\u00e3o capazes de aceitar pedidos grandes, de alto volume. Nossas usinas de fabrica\u00e7\u00e3o s\u00e3o instala\u00e7\u00f5es grandes, modernas e limpas empregando o mais recente em equipamento de montagem mecanizado e totalmente automatizado. A Sunon mant\u00e9m um extenso laborat\u00f3rio e instala\u00e7\u00e3o de testes para garantir que seus produtos atinjam os mais rigorosos padr\u00f5es de ambiente e performance da energia da ind\u00fastria.[\/vc_column_text][vc_column_text]<\/p>\n<p style=\"float: left; font-size: 9pt; text-align: center; width: 19%; margin-right: 0.5%; margin-bottom: 0.5em;\"><img decoding=\"async\" style=\"width: 100%;\" src=\"https:\/\/www.sunonusa.com\/wp-content\/uploads\/2015\/08\/Beihai-Plant-150x150.jpg\" alt=\"\" \/>Beihai Plant<\/p>\n<p style=\"float: left; font-size: 9pt; text-align: center; width: 19%; margin-right: 0.5%; margin-bottom: 0.5em;\"><img decoding=\"async\" style=\"width: 100%;\" src=\"https:\/\/www.sunonusa.com\/wp-content\/uploads\/2015\/08\/Foshan-Plant-150x150.jpg\" alt=\"\" \/>Foshan Plant<\/p>\n<p style=\"float: left; font-size: 9pt; text-align: center; width: 19%; margin-right: 0.5%; margin-bottom: 0.5em;\"><img decoding=\"async\" style=\"width: 100%;\" src=\"https:\/\/www.sunonusa.com\/wp-content\/uploads\/2015\/08\/kunshan-Plant-1-150x150.jpg\" alt=\"\" \/>Kunshan Plant<\/p>\n<p style=\"float: left; font-size: 9pt; text-align: center; width: 19%; margin-right: 0.5%; margin-bottom: 0.5em;\"><img decoding=\"async\" style=\"width: 100%;\" src=\"https:\/\/www.sunonusa.com\/wp-content\/uploads\/2015\/08\/kun-shan-Plant-2-150x150.jpg\" alt=\"\" \/>Hefei Plant<\/p>\n<p style=\"float: left; font-size: 9pt; text-align: center; width: 19%; margin-right: 0.5%; margin-bottom: 0.5em;\"><img decoding=\"async\" style=\"width: 100%;\" src=\"https:\/\/www.sunonusa.com\/wp-content\/uploads\/2015\/08\/Kaohsiung-Plant-150x150.jpg\" alt=\"\" \/>Kaohsiung Plant<\/p>\n<p>[\/vc_column_text][\/vc_column][\/vc_row]<\/p>\n","protected":false},"excerpt":{"rendered":"<p>[vc_row][vc_column&#8230;<\/p>\n","protected":false},"author":7,"featured_media":0,"parent":0,"menu_order":0,"comment_status":"closed","ping_status":"closed","template":"no-sidebar.php","meta":{"_et_pb_use_builder":"on","_et_pb_old_content":"","_et_gb_content_width":"","_monsterinsights_skip_tracking":false,"_monsterinsights_sitenote_active":false,"_monsterinsights_sitenote_note":"","_monsterinsights_sitenote_category":0,"ngg_post_thumbnail":0,"footnotes":""},"class_list":["post-3723","page","type-page","status-publish","hentry","wpautop"],"yoast_head":"<!-- This site is optimized with the Yoast SEO plugin v22.8 - https:\/\/yoast.com\/wordpress\/plugins\/seo\/ -->\n<title>Perfil da Empresa | Sunon Inc.<\/title>\n<meta name=\"robots\" content=\"noindex, follow, max-snippet:-1, max-image-preview:large, max-video-preview:-1\" \/>\n<meta property=\"og:locale\" content=\"pt_BR\" \/>\n<meta property=\"og:type\" content=\"article\" \/>\n<meta property=\"og:title\" content=\"Perfil da Empresa | Sunon Inc.\" \/>\n<meta property=\"og:description\" content=\"[vc_row][vc_column...\" \/>\n<meta property=\"og:url\" content=\"https:\/\/sunonusa.pulsechat.com\/pt-br\/company-profile\/\" \/>\n<meta property=\"og:site_name\" content=\"Sunon Inc.\" \/>\n<meta property=\"article:modified_time\" content=\"2018-07-16T21:34:33+00:00\" \/>\n<meta property=\"og:image\" content=\"https:\/\/www.sunonusa.com\/wp-content\/uploads\/2015\/08\/CompanyProfile.jpg\" \/>\n<meta name=\"twitter:card\" content=\"summary_large_image\" \/>\n<meta name=\"twitter:label1\" content=\"Est. tempo de leitura\" \/>\n\t<meta name=\"twitter:data1\" content=\"4 minutos\" \/>\n<script type=\"application\/ld+json\" class=\"yoast-schema-graph\">{\"@context\":\"https:\/\/schema.org\",\"@graph\":[{\"@type\":\"WebPage\",\"@id\":\"https:\/\/sunonusa.pulsechat.com\/pt-br\/company-profile\/\",\"url\":\"https:\/\/sunonusa.pulsechat.com\/pt-br\/company-profile\/\",\"name\":\"Perfil da Empresa | Sunon Inc.\",\"isPartOf\":{\"@id\":\"https:\/\/sunonusa.pulsechat.com\/#website\"},\"primaryImageOfPage\":{\"@id\":\"https:\/\/sunonusa.pulsechat.com\/pt-br\/company-profile\/#primaryimage\"},\"image\":{\"@id\":\"https:\/\/sunonusa.pulsechat.com\/pt-br\/company-profile\/#primaryimage\"},\"thumbnailUrl\":\"https:\/\/www.sunonusa.com\/wp-content\/uploads\/2015\/08\/CompanyProfile.jpg\",\"datePublished\":\"2015-08-19T13:12:49+00:00\",\"dateModified\":\"2018-07-16T21:34:33+00:00\",\"breadcrumb\":{\"@id\":\"https:\/\/sunonusa.pulsechat.com\/pt-br\/company-profile\/#breadcrumb\"},\"inLanguage\":\"pt-BR\",\"potentialAction\":[{\"@type\":\"ReadAction\",\"target\":[\"https:\/\/sunonusa.pulsechat.com\/pt-br\/company-profile\/\"]}]},{\"@type\":\"ImageObject\",\"inLanguage\":\"pt-BR\",\"@id\":\"https:\/\/sunonusa.pulsechat.com\/pt-br\/company-profile\/#primaryimage\",\"url\":\"https:\/\/www.sunonusa.com\/wp-content\/uploads\/2015\/08\/CompanyProfile.jpg\",\"contentUrl\":\"https:\/\/www.sunonusa.com\/wp-content\/uploads\/2015\/08\/CompanyProfile.jpg\"},{\"@type\":\"BreadcrumbList\",\"@id\":\"https:\/\/sunonusa.pulsechat.com\/pt-br\/company-profile\/#breadcrumb\",\"itemListElement\":[{\"@type\":\"ListItem\",\"position\":1,\"name\":\"Home\",\"item\":\"https:\/\/sunonusa.pulsechat.com\/pt-br\/?page_id=12551\"},{\"@type\":\"ListItem\",\"position\":2,\"name\":\"Perfil da Empresa\"}]},{\"@type\":\"WebSite\",\"@id\":\"https:\/\/sunonusa.pulsechat.com\/#website\",\"url\":\"https:\/\/sunonusa.pulsechat.com\/\",\"name\":\"Sunon Inc.\",\"description\":\"\",\"publisher\":{\"@id\":\"https:\/\/sunonusa.pulsechat.com\/#organization\"},\"potentialAction\":[{\"@type\":\"SearchAction\",\"target\":{\"@type\":\"EntryPoint\",\"urlTemplate\":\"https:\/\/sunonusa.pulsechat.com\/?s={search_term_string}\"},\"query-input\":\"required name=search_term_string\"}],\"inLanguage\":\"pt-BR\"},{\"@type\":\"Organization\",\"@id\":\"https:\/\/sunonusa.pulsechat.com\/#organization\",\"name\":\"Sunon USA\",\"url\":\"https:\/\/sunonusa.pulsechat.com\/\",\"logo\":{\"@type\":\"ImageObject\",\"inLanguage\":\"pt-BR\",\"@id\":\"https:\/\/sunonusa.pulsechat.com\/#\/schema\/logo\/image\/\",\"url\":\"https:\/\/www.sunonusa.com\/wp-content\/uploads\/2015\/11\/sunon-logo-1.jpg\",\"contentUrl\":\"https:\/\/www.sunonusa.com\/wp-content\/uploads\/2015\/11\/sunon-logo-1.jpg\",\"width\":565,\"height\":109,\"caption\":\"Sunon USA\"},\"image\":{\"@id\":\"https:\/\/sunonusa.pulsechat.com\/#\/schema\/logo\/image\/\"}}]}<\/script>\n<!-- \/ Yoast SEO plugin. -->","yoast_head_json":{"title":"Perfil da Empresa | Sunon Inc.","robots":{"index":"noindex","follow":"follow","max-snippet":"max-snippet:-1","max-image-preview":"max-image-preview:large","max-video-preview":"max-video-preview:-1"},"og_locale":"pt_BR","og_type":"article","og_title":"Perfil da Empresa | Sunon Inc.","og_description":"[vc_row][vc_column...","og_url":"https:\/\/sunonusa.pulsechat.com\/pt-br\/company-profile\/","og_site_name":"Sunon Inc.","article_modified_time":"2018-07-16T21:34:33+00:00","og_image":[{"url":"https:\/\/www.sunonusa.com\/wp-content\/uploads\/2015\/08\/CompanyProfile.jpg"}],"twitter_card":"summary_large_image","twitter_misc":{"Est. tempo de leitura":"4 minutos"},"schema":{"@context":"https:\/\/schema.org","@graph":[{"@type":"WebPage","@id":"https:\/\/sunonusa.pulsechat.com\/pt-br\/company-profile\/","url":"https:\/\/sunonusa.pulsechat.com\/pt-br\/company-profile\/","name":"Perfil da Empresa | Sunon Inc.","isPartOf":{"@id":"https:\/\/sunonusa.pulsechat.com\/#website"},"primaryImageOfPage":{"@id":"https:\/\/sunonusa.pulsechat.com\/pt-br\/company-profile\/#primaryimage"},"image":{"@id":"https:\/\/sunonusa.pulsechat.com\/pt-br\/company-profile\/#primaryimage"},"thumbnailUrl":"https:\/\/www.sunonusa.com\/wp-content\/uploads\/2015\/08\/CompanyProfile.jpg","datePublished":"2015-08-19T13:12:49+00:00","dateModified":"2018-07-16T21:34:33+00:00","breadcrumb":{"@id":"https:\/\/sunonusa.pulsechat.com\/pt-br\/company-profile\/#breadcrumb"},"inLanguage":"pt-BR","potentialAction":[{"@type":"ReadAction","target":["https:\/\/sunonusa.pulsechat.com\/pt-br\/company-profile\/"]}]},{"@type":"ImageObject","inLanguage":"pt-BR","@id":"https:\/\/sunonusa.pulsechat.com\/pt-br\/company-profile\/#primaryimage","url":"https:\/\/www.sunonusa.com\/wp-content\/uploads\/2015\/08\/CompanyProfile.jpg","contentUrl":"https:\/\/www.sunonusa.com\/wp-content\/uploads\/2015\/08\/CompanyProfile.jpg"},{"@type":"BreadcrumbList","@id":"https:\/\/sunonusa.pulsechat.com\/pt-br\/company-profile\/#breadcrumb","itemListElement":[{"@type":"ListItem","position":1,"name":"Home","item":"https:\/\/sunonusa.pulsechat.com\/pt-br\/?page_id=12551"},{"@type":"ListItem","position":2,"name":"Perfil da Empresa"}]},{"@type":"WebSite","@id":"https:\/\/sunonusa.pulsechat.com\/#website","url":"https:\/\/sunonusa.pulsechat.com\/","name":"Sunon Inc.","description":"","publisher":{"@id":"https:\/\/sunonusa.pulsechat.com\/#organization"},"potentialAction":[{"@type":"SearchAction","target":{"@type":"EntryPoint","urlTemplate":"https:\/\/sunonusa.pulsechat.com\/?s={search_term_string}"},"query-input":"required name=search_term_string"}],"inLanguage":"pt-BR"},{"@type":"Organization","@id":"https:\/\/sunonusa.pulsechat.com\/#organization","name":"Sunon USA","url":"https:\/\/sunonusa.pulsechat.com\/","logo":{"@type":"ImageObject","inLanguage":"pt-BR","@id":"https:\/\/sunonusa.pulsechat.com\/#\/schema\/logo\/image\/","url":"https:\/\/www.sunonusa.com\/wp-content\/uploads\/2015\/11\/sunon-logo-1.jpg","contentUrl":"https:\/\/www.sunonusa.com\/wp-content\/uploads\/2015\/11\/sunon-logo-1.jpg","width":565,"height":109,"caption":"Sunon USA"},"image":{"@id":"https:\/\/sunonusa.pulsechat.com\/#\/schema\/logo\/image\/"}}]}},"_links":{"self":[{"href":"https:\/\/sunonusa.pulsechat.com\/pt-br\/wp-json\/wp\/v2\/pages\/3723","targetHints":{"allow":["GET"]}}],"collection":[{"href":"https:\/\/sunonusa.pulsechat.com\/pt-br\/wp-json\/wp\/v2\/pages"}],"about":[{"href":"https:\/\/sunonusa.pulsechat.com\/pt-br\/wp-json\/wp\/v2\/types\/page"}],"author":[{"embeddable":true,"href":"https:\/\/sunonusa.pulsechat.com\/pt-br\/wp-json\/wp\/v2\/users\/7"}],"replies":[{"embeddable":true,"href":"https:\/\/sunonusa.pulsechat.com\/pt-br\/wp-json\/wp\/v2\/comments?post=3723"}],"version-history":[{"count":0,"href":"https:\/\/sunonusa.pulsechat.com\/pt-br\/wp-json\/wp\/v2\/pages\/3723\/revisions"}],"wp:attachment":[{"href":"https:\/\/sunonusa.pulsechat.com\/pt-br\/wp-json\/wp\/v2\/media?parent=3723"}],"curies":[{"name":"wp","href":"https:\/\/api.w.org\/{rel}","templated":true}]}}