{"id":3715,"date":"2015-09-22T12:14:27","date_gmt":"2015-09-22T12:14:27","guid":{"rendered":"https:\/\/www.sunonusa.com\/applications\/"},"modified":"2018-07-16T14:22:37","modified_gmt":"2018-07-16T21:22:37","slug":"applications","status":"publish","type":"page","link":"https:\/\/sunonusa.pulsechat.com\/pt-br\/applications\/","title":{"rendered":"Aplica\u00e7\u00f5es"},"content":{"rendered":"<p>[vc_row][vc_column][vc_column_text]As ventoinhas, exaustores e coolers da Sunon t\u00eam aplica\u00e7\u00f5es em uma diversa gama de ind\u00fastrias e produtos. Os produtos da empresa s\u00e3o usados em muitos dos mais populares computadores, esta\u00e7\u00f5es de trabalho, servidores, hubs de rede, scanners, impressores e mais. Em equipamento de escrit\u00f3rio, os produtos Sunon podem ser encontrados em copiadores, m\u00e1quinas de fax e projetores. A Sunon est\u00e1 igualmente nas casas, no mercado de eletrodom\u00e9sticos, com aplica\u00e7\u00f5es para refrigeradores, purificadores de ar e aquecedores de ar. Outros mercados incluem equipamento m\u00e9dico, laboratorial e para f\u00e1bricas, assim como m\u00e1quinas de venda autom\u00e1tica.<\/p>\n<table width=\"100%\">\n<tbody>\n<tr>\n<td>\u00a0<img loading=\"lazy\" decoding=\"async\" class=\"wp-image-2556 size-thumbnail alignleft\" src=\"https:\/\/www.sunonusa.com\/wp-content\/uploads\/2015\/09\/Telecom-150x150.jpg\" alt=\"Telecom\" width=\"150\" height=\"150\" srcset=\"https:\/\/sunonusa.pulsechat.com\/wp-content\/uploads\/2015\/09\/Telecom-150x150.jpg 150w, https:\/\/sunonusa.pulsechat.com\/wp-content\/uploads\/2015\/09\/Telecom-300x300.jpg 300w, https:\/\/sunonusa.pulsechat.com\/wp-content\/uploads\/2015\/09\/Telecom-100x100.jpg 100w, https:\/\/sunonusa.pulsechat.com\/wp-content\/uploads\/2015\/09\/Telecom-45x45.jpg 45w\" sizes=\"(max-width: 150px) 100vw, 150px\" \/><\/td>\n<td><a href=\"https:\/\/www.sunonusa.com\/pt-br\/applications\/telecom\/\"><strong>Solu\u00e7\u00e3o de Telecomunica\u00e7\u00e3o<\/strong><\/a><\/p>\n<p>A Sunon oferece ventoinhas e produtos de m\u00f3dulo de ventilador possuindo alto fluxo de ar, alta press\u00e3o do ar, alta prote\u00e7\u00e3o IP, economia de energia, design de circuito de freio de desligamento, e outros recursos, especialmente feitos para a ind\u00fastria.<\/td>\n<\/tr>\n<tr>\n<td>\u00a0<img loading=\"lazy\" decoding=\"async\" class=\"alignleft size-thumbnail wp-image-2793\" src=\"https:\/\/www.sunonusa.com\/wp-content\/uploads\/2015\/09\/DATA-STORAGE-150x150.jpg\" alt=\"DATA-STORAGE\" width=\"150\" height=\"150\" srcset=\"https:\/\/sunonusa.pulsechat.com\/wp-content\/uploads\/2015\/09\/DATA-STORAGE-150x150.jpg 150w, https:\/\/sunonusa.pulsechat.com\/wp-content\/uploads\/2015\/09\/DATA-STORAGE-300x300.jpg 300w, https:\/\/sunonusa.pulsechat.com\/wp-content\/uploads\/2015\/09\/DATA-STORAGE-100x100.jpg 100w, https:\/\/sunonusa.pulsechat.com\/wp-content\/uploads\/2015\/09\/DATA-STORAGE-45x45.jpg 45w\" sizes=\"(max-width: 150px) 100vw, 150px\" \/><\/td>\n<td>\u00a0<a href=\"https:\/\/www.sunonusa.com\/pt-br\/applications\/serverstorage\/\"><strong>Solu\u00e7\u00e3o de Servidor\/Armazenamento<\/strong><\/a><\/p>\n<p>As ventoinhas das s\u00e9ries P &amp; V da Sunon s\u00e3o ideais para aplica\u00e7\u00f5es 1U, 2U, 3U e 4U, variando de 36&#215;28 a 120&#215;28 em tamanho.<\/td>\n<\/tr>\n<tr>\n<td>\u00a0<img loading=\"lazy\" decoding=\"async\" class=\"alignleft size-thumbnail wp-image-2799\" src=\"https:\/\/www.sunonusa.com\/wp-content\/uploads\/2015\/09\/high_bay-150x150.jpg\" alt=\"high_bay\" width=\"150\" height=\"150\" srcset=\"https:\/\/sunonusa.pulsechat.com\/wp-content\/uploads\/2015\/09\/high_bay-150x150.jpg 150w, https:\/\/sunonusa.pulsechat.com\/wp-content\/uploads\/2015\/09\/high_bay-300x300.jpg 300w, https:\/\/sunonusa.pulsechat.com\/wp-content\/uploads\/2015\/09\/high_bay-100x100.jpg 100w, https:\/\/sunonusa.pulsechat.com\/wp-content\/uploads\/2015\/09\/high_bay-600x600.jpg 600w, https:\/\/sunonusa.pulsechat.com\/wp-content\/uploads\/2015\/09\/high_bay-45x45.jpg 45w, https:\/\/sunonusa.pulsechat.com\/wp-content\/uploads\/2015\/09\/high_bay.jpg 1024w\" sizes=\"(max-width: 150px) 100vw, 150px\" \/><\/td>\n<td>\u00a0<a href=\"https:\/\/www.sunonusa.com\/pt-br\/applications\/led-lighting\/\"><strong>Solu\u00e7\u00e3o de Ilumina\u00e7\u00e3o de LED<\/strong><\/a><\/p>\n<p>A Sunon oferece uma diversa gama de solu\u00e7\u00f5es t\u00e9rmicas personalizadas (resfriamento ativo &amp; passivo) projetado especificamente para aplica\u00e7\u00f5es LED.<\/td>\n<\/tr>\n<tr>\n<td>\u00a0<img loading=\"lazy\" decoding=\"async\" class=\"alignleft size-thumbnail wp-image-2802\" src=\"https:\/\/www.sunonusa.com\/wp-content\/uploads\/2015\/09\/20110131174824-handheld-150x150.jpg\" alt=\"20110131174824-handheld\" width=\"150\" height=\"150\" srcset=\"https:\/\/sunonusa.pulsechat.com\/wp-content\/uploads\/2015\/09\/20110131174824-handheld-150x150.jpg 150w, https:\/\/sunonusa.pulsechat.com\/wp-content\/uploads\/2015\/09\/20110131174824-handheld-100x100.jpg 100w, https:\/\/sunonusa.pulsechat.com\/wp-content\/uploads\/2015\/09\/20110131174824-handheld-45x45.jpg 45w\" sizes=\"(max-width: 150px) 100vw, 150px\" \/><\/td>\n<td>\u00a0<a href=\"https:\/\/www.sunonusa.com\/pt-br\/applications\/mobile-device\/\"><strong>Solu\u00e7\u00e3o T\u00e9rmica para Dispositivo M\u00f3vel<\/strong><\/a><br \/>\nAs Poderosas Mini Ventoinhas e exaustores s\u00e3o as menores, mais finas e mais leves ventoinhas e exaustores do mundo, medindo entre 8-30 mm de largura, e 2 mm de espessura, ideais para dispositivos m\u00f3veis e port\u00e1teis.<\/td>\n<\/tr>\n<tr>\n<td>\u00a0<img loading=\"lazy\" decoding=\"async\" class=\"alignleft size-thumbnail wp-image-2803\" src=\"https:\/\/www.sunonusa.com\/wp-content\/uploads\/2015\/09\/Commercial-Grade-Refrigeration-150x150.jpg\" alt=\"Commercial-Grade-Refrigeration\" width=\"150\" height=\"150\" srcset=\"https:\/\/sunonusa.pulsechat.com\/wp-content\/uploads\/2015\/09\/Commercial-Grade-Refrigeration-150x150.jpg 150w, https:\/\/sunonusa.pulsechat.com\/wp-content\/uploads\/2015\/09\/Commercial-Grade-Refrigeration-300x300.jpg 300w, https:\/\/sunonusa.pulsechat.com\/wp-content\/uploads\/2015\/09\/Commercial-Grade-Refrigeration-100x100.jpg 100w, https:\/\/sunonusa.pulsechat.com\/wp-content\/uploads\/2015\/09\/Commercial-Grade-Refrigeration-45x45.jpg 45w\" sizes=\"(max-width: 150px) 100vw, 150px\" \/><\/td>\n<td>\u00a0<a href=\"https:\/\/www.sunonusa.com\/pt-br\/applications\/refrigeration\/\"><strong>Solu\u00e7\u00e3o de Refrigera\u00e7\u00e3o<\/strong><\/a><br \/>\nO \u00faltimo desenvolvimento de ventoinhas econ\u00f4micas em energia da Sunon \u00e9 a nossa s\u00e9rie EC, utilizando a avan\u00e7ada tecnologia de motor Eletronicamente Comutada (EC)<\/td>\n<\/tr>\n<tr>\n<td>\u00a0<img loading=\"lazy\" decoding=\"async\" class=\"alignleft size-thumbnail wp-image-2550\" src=\"https:\/\/www.sunonusa.com\/wp-content\/uploads\/2015\/09\/AutoCoolingSolution-150x150.png\" alt=\"AutoCoolingSolution\" width=\"150\" height=\"150\" \/><\/td>\n<td>\u00a0<a href=\"https:\/\/www.sunonusa.com\/pt-br\/applications\/automotive\/\"><strong>Solu\u00e7\u00e3o Automotiva<\/strong><\/a><br \/>\nEsteja voc\u00ea procurando por um gerenciamento t\u00e9rmico b\u00e1sico ou complexo, a equipe automotiva da Sunon trabalhar\u00e1 com voc\u00ea para identificar e criar a solu\u00e7\u00e3o que melhor satisfa\u00e7a suas necessidades. Nossas ventoinhas e exaustores s\u00e3o otimizados para alcan\u00e7ar o perfeito equil\u00edbrio entre fluxo de ar, ru\u00eddo, vibra\u00e7\u00e3o, confian\u00e7a e efici\u00eancia energ\u00e9tica para cada aplica\u00e7\u00e3o.<\/td>\n<\/tr>\n<\/tbody>\n<\/table>\n<p>[\/vc_column_text][\/vc_column][\/vc_row]<\/p>\n","protected":false},"excerpt":{"rendered":"<p>[vc_row][vc_column][vc_column_text]As ventoinhas, exaustores e coolers da Sunon t\u00eam aplica\u00e7\u00f5es em uma diversa gama de ind\u00fastrias e produtos. Os produtos da empresa s\u00e3o usados em muitos dos mais populares computadores, esta\u00e7\u00f5es de trabalho, servidores, hubs de rede, scanners, impressores e mais. Em equipamento de escrit\u00f3rio, os produtos Sunon podem ser encontrados em copiadores, m\u00e1quinas de fax [&hellip;]<\/p>\n","protected":false},"author":7,"featured_media":0,"parent":0,"menu_order":0,"comment_status":"closed","ping_status":"closed","template":"","meta":{"_et_pb_use_builder":"","_et_pb_old_content":"","_et_gb_content_width":"","_monsterinsights_skip_tracking":false,"_monsterinsights_sitenote_active":false,"_monsterinsights_sitenote_note":"","_monsterinsights_sitenote_category":0,"ngg_post_thumbnail":0,"footnotes":""},"class_list":["post-3715","page","type-page","status-publish","hentry","wpautop"],"yoast_head":"<!-- This site is optimized with the Yoast SEO plugin v22.8 - https:\/\/yoast.com\/wordpress\/plugins\/seo\/ -->\n<title>Aplica\u00e7\u00f5es | Sunon Inc.<\/title>\n<meta name=\"robots\" content=\"noindex, follow, max-snippet:-1, max-image-preview:large, max-video-preview:-1\" \/>\n<meta property=\"og:locale\" content=\"pt_BR\" \/>\n<meta property=\"og:type\" content=\"article\" \/>\n<meta property=\"og:title\" content=\"Aplica\u00e7\u00f5es | Sunon Inc.\" \/>\n<meta property=\"og:description\" content=\"[vc_row][vc_column][vc_column_text]As ventoinhas, exaustores e coolers da Sunon t\u00eam aplica\u00e7\u00f5es em uma diversa gama de ind\u00fastrias e produtos. Os produtos da empresa s\u00e3o usados em muitos dos mais populares computadores, esta\u00e7\u00f5es de trabalho, servidores, hubs de rede, scanners, impressores e mais. Em equipamento de escrit\u00f3rio, os produtos Sunon podem ser encontrados em copiadores, m\u00e1quinas de fax [&hellip;]\" \/>\n<meta property=\"og:url\" content=\"https:\/\/sunonusa.pulsechat.com\/pt-br\/applications\/\" \/>\n<meta property=\"og:site_name\" content=\"Sunon Inc.\" \/>\n<meta property=\"article:modified_time\" content=\"2018-07-16T21:22:37+00:00\" \/>\n<meta property=\"og:image\" content=\"https:\/\/www.sunonusa.com\/wp-content\/uploads\/2015\/09\/Telecom-150x150.jpg\" \/>\n<meta name=\"twitter:card\" content=\"summary_large_image\" \/>\n<meta name=\"twitter:label1\" content=\"Est. tempo de leitura\" \/>\n\t<meta name=\"twitter:data1\" content=\"2 minutos\" \/>\n<script type=\"application\/ld+json\" class=\"yoast-schema-graph\">{\"@context\":\"https:\/\/schema.org\",\"@graph\":[{\"@type\":\"WebPage\",\"@id\":\"https:\/\/sunonusa.pulsechat.com\/pt-br\/applications\/\",\"url\":\"https:\/\/sunonusa.pulsechat.com\/pt-br\/applications\/\",\"name\":\"Aplica\u00e7\u00f5es | Sunon Inc.\",\"isPartOf\":{\"@id\":\"https:\/\/sunonusa.pulsechat.com\/#website\"},\"primaryImageOfPage\":{\"@id\":\"https:\/\/sunonusa.pulsechat.com\/pt-br\/applications\/#primaryimage\"},\"image\":{\"@id\":\"https:\/\/sunonusa.pulsechat.com\/pt-br\/applications\/#primaryimage\"},\"thumbnailUrl\":\"https:\/\/www.sunonusa.com\/wp-content\/uploads\/2015\/09\/Telecom-150x150.jpg\",\"datePublished\":\"2015-09-22T12:14:27+00:00\",\"dateModified\":\"2018-07-16T21:22:37+00:00\",\"breadcrumb\":{\"@id\":\"https:\/\/sunonusa.pulsechat.com\/pt-br\/applications\/#breadcrumb\"},\"inLanguage\":\"pt-BR\",\"potentialAction\":[{\"@type\":\"ReadAction\",\"target\":[\"https:\/\/sunonusa.pulsechat.com\/pt-br\/applications\/\"]}]},{\"@type\":\"ImageObject\",\"inLanguage\":\"pt-BR\",\"@id\":\"https:\/\/sunonusa.pulsechat.com\/pt-br\/applications\/#primaryimage\",\"url\":\"https:\/\/www.sunonusa.com\/wp-content\/uploads\/2015\/09\/Telecom-150x150.jpg\",\"contentUrl\":\"https:\/\/www.sunonusa.com\/wp-content\/uploads\/2015\/09\/Telecom-150x150.jpg\"},{\"@type\":\"BreadcrumbList\",\"@id\":\"https:\/\/sunonusa.pulsechat.com\/pt-br\/applications\/#breadcrumb\",\"itemListElement\":[{\"@type\":\"ListItem\",\"position\":1,\"name\":\"Home\",\"item\":\"https:\/\/sunonusa.pulsechat.com\/pt-br\/?page_id=12551\"},{\"@type\":\"ListItem\",\"position\":2,\"name\":\"Aplica\u00e7\u00f5es\"}]},{\"@type\":\"WebSite\",\"@id\":\"https:\/\/sunonusa.pulsechat.com\/#website\",\"url\":\"https:\/\/sunonusa.pulsechat.com\/\",\"name\":\"Sunon Inc.\",\"description\":\"\",\"publisher\":{\"@id\":\"https:\/\/sunonusa.pulsechat.com\/#organization\"},\"potentialAction\":[{\"@type\":\"SearchAction\",\"target\":{\"@type\":\"EntryPoint\",\"urlTemplate\":\"https:\/\/sunonusa.pulsechat.com\/?s={search_term_string}\"},\"query-input\":\"required name=search_term_string\"}],\"inLanguage\":\"pt-BR\"},{\"@type\":\"Organization\",\"@id\":\"https:\/\/sunonusa.pulsechat.com\/#organization\",\"name\":\"Sunon USA\",\"url\":\"https:\/\/sunonusa.pulsechat.com\/\",\"logo\":{\"@type\":\"ImageObject\",\"inLanguage\":\"pt-BR\",\"@id\":\"https:\/\/sunonusa.pulsechat.com\/#\/schema\/logo\/image\/\",\"url\":\"https:\/\/www.sunonusa.com\/wp-content\/uploads\/2015\/11\/sunon-logo-1.jpg\",\"contentUrl\":\"https:\/\/www.sunonusa.com\/wp-content\/uploads\/2015\/11\/sunon-logo-1.jpg\",\"width\":565,\"height\":109,\"caption\":\"Sunon USA\"},\"image\":{\"@id\":\"https:\/\/sunonusa.pulsechat.com\/#\/schema\/logo\/image\/\"}}]}<\/script>\n<!-- \/ Yoast SEO plugin. -->","yoast_head_json":{"title":"Aplica\u00e7\u00f5es | Sunon Inc.","robots":{"index":"noindex","follow":"follow","max-snippet":"max-snippet:-1","max-image-preview":"max-image-preview:large","max-video-preview":"max-video-preview:-1"},"og_locale":"pt_BR","og_type":"article","og_title":"Aplica\u00e7\u00f5es | Sunon Inc.","og_description":"[vc_row][vc_column][vc_column_text]As ventoinhas, exaustores e coolers da Sunon t\u00eam aplica\u00e7\u00f5es em uma diversa gama de ind\u00fastrias e produtos. Os produtos da empresa s\u00e3o usados em muitos dos mais populares computadores, esta\u00e7\u00f5es de trabalho, servidores, hubs de rede, scanners, impressores e mais. Em equipamento de escrit\u00f3rio, os produtos Sunon podem ser encontrados em copiadores, m\u00e1quinas de fax [&hellip;]","og_url":"https:\/\/sunonusa.pulsechat.com\/pt-br\/applications\/","og_site_name":"Sunon Inc.","article_modified_time":"2018-07-16T21:22:37+00:00","og_image":[{"url":"https:\/\/www.sunonusa.com\/wp-content\/uploads\/2015\/09\/Telecom-150x150.jpg"}],"twitter_card":"summary_large_image","twitter_misc":{"Est. tempo de leitura":"2 minutos"},"schema":{"@context":"https:\/\/schema.org","@graph":[{"@type":"WebPage","@id":"https:\/\/sunonusa.pulsechat.com\/pt-br\/applications\/","url":"https:\/\/sunonusa.pulsechat.com\/pt-br\/applications\/","name":"Aplica\u00e7\u00f5es | Sunon Inc.","isPartOf":{"@id":"https:\/\/sunonusa.pulsechat.com\/#website"},"primaryImageOfPage":{"@id":"https:\/\/sunonusa.pulsechat.com\/pt-br\/applications\/#primaryimage"},"image":{"@id":"https:\/\/sunonusa.pulsechat.com\/pt-br\/applications\/#primaryimage"},"thumbnailUrl":"https:\/\/www.sunonusa.com\/wp-content\/uploads\/2015\/09\/Telecom-150x150.jpg","datePublished":"2015-09-22T12:14:27+00:00","dateModified":"2018-07-16T21:22:37+00:00","breadcrumb":{"@id":"https:\/\/sunonusa.pulsechat.com\/pt-br\/applications\/#breadcrumb"},"inLanguage":"pt-BR","potentialAction":[{"@type":"ReadAction","target":["https:\/\/sunonusa.pulsechat.com\/pt-br\/applications\/"]}]},{"@type":"ImageObject","inLanguage":"pt-BR","@id":"https:\/\/sunonusa.pulsechat.com\/pt-br\/applications\/#primaryimage","url":"https:\/\/www.sunonusa.com\/wp-content\/uploads\/2015\/09\/Telecom-150x150.jpg","contentUrl":"https:\/\/www.sunonusa.com\/wp-content\/uploads\/2015\/09\/Telecom-150x150.jpg"},{"@type":"BreadcrumbList","@id":"https:\/\/sunonusa.pulsechat.com\/pt-br\/applications\/#breadcrumb","itemListElement":[{"@type":"ListItem","position":1,"name":"Home","item":"https:\/\/sunonusa.pulsechat.com\/pt-br\/?page_id=12551"},{"@type":"ListItem","position":2,"name":"Aplica\u00e7\u00f5es"}]},{"@type":"WebSite","@id":"https:\/\/sunonusa.pulsechat.com\/#website","url":"https:\/\/sunonusa.pulsechat.com\/","name":"Sunon Inc.","description":"","publisher":{"@id":"https:\/\/sunonusa.pulsechat.com\/#organization"},"potentialAction":[{"@type":"SearchAction","target":{"@type":"EntryPoint","urlTemplate":"https:\/\/sunonusa.pulsechat.com\/?s={search_term_string}"},"query-input":"required name=search_term_string"}],"inLanguage":"pt-BR"},{"@type":"Organization","@id":"https:\/\/sunonusa.pulsechat.com\/#organization","name":"Sunon USA","url":"https:\/\/sunonusa.pulsechat.com\/","logo":{"@type":"ImageObject","inLanguage":"pt-BR","@id":"https:\/\/sunonusa.pulsechat.com\/#\/schema\/logo\/image\/","url":"https:\/\/www.sunonusa.com\/wp-content\/uploads\/2015\/11\/sunon-logo-1.jpg","contentUrl":"https:\/\/www.sunonusa.com\/wp-content\/uploads\/2015\/11\/sunon-logo-1.jpg","width":565,"height":109,"caption":"Sunon USA"},"image":{"@id":"https:\/\/sunonusa.pulsechat.com\/#\/schema\/logo\/image\/"}}]}},"_links":{"self":[{"href":"https:\/\/sunonusa.pulsechat.com\/pt-br\/wp-json\/wp\/v2\/pages\/3715","targetHints":{"allow":["GET"]}}],"collection":[{"href":"https:\/\/sunonusa.pulsechat.com\/pt-br\/wp-json\/wp\/v2\/pages"}],"about":[{"href":"https:\/\/sunonusa.pulsechat.com\/pt-br\/wp-json\/wp\/v2\/types\/page"}],"author":[{"embeddable":true,"href":"https:\/\/sunonusa.pulsechat.com\/pt-br\/wp-json\/wp\/v2\/users\/7"}],"replies":[{"embeddable":true,"href":"https:\/\/sunonusa.pulsechat.com\/pt-br\/wp-json\/wp\/v2\/comments?post=3715"}],"version-history":[{"count":0,"href":"https:\/\/sunonusa.pulsechat.com\/pt-br\/wp-json\/wp\/v2\/pages\/3715\/revisions"}],"wp:attachment":[{"href":"https:\/\/sunonusa.pulsechat.com\/pt-br\/wp-json\/wp\/v2\/media?parent=3715"}],"curies":[{"name":"wp","href":"https:\/\/api.w.org\/{rel}","templated":true}]}}