{"id":6217,"date":"2019-06-26T13:21:02","date_gmt":"2019-06-26T20:21:02","guid":{"rendered":"https:\/\/www.sunonusa.com\/market-solutions\/"},"modified":"2019-09-05T13:08:46","modified_gmt":"2019-09-05T20:08:46","slug":"market-solutions","status":"publish","type":"page","link":"https:\/\/sunonusa.pulsechat.com\/es\/market-solutions\/","title":{"rendered":"Soluciones De Mercado"},"content":{"rendered":"<p><em><strong>Debajo esta la traducci\u00f3n de<\/strong><\/em> Sunon le facilita la tarea de seleccionar o dise\u00f1ar las partes de soluci\u00f3n t\u00e9rmica necesarias para sus productos el\u00e9ctricos. Los ventiladores, sopladores y disipadores de Sunon encuentran aplicaci\u00f3n en una amplia gama de industrias y productos. Nuestras soluciones de mercado incluyen refrigeraci\u00f3n, telecomunicaciones \/ servidores, equipos m\u00e9dicos, impresores 3D, iluminaci\u00f3n, herramientas el\u00e9ctricas, placas fr\u00edas y m\u00e1s.<\/p>\n<p><img loading=\"lazy\" decoding=\"async\" class=\"alignleft wp-image-5988\" style=\"border: none;\" src=\"https:\/\/www.sunonusa.com\/wp-content\/uploads\/2019\/08\/gogreen.jpg\" alt=\"\" width=\"800\" height=\"534\" srcset=\"https:\/\/sunonusa.pulsechat.com\/wp-content\/uploads\/2019\/08\/gogreen.jpg 1000w, https:\/\/sunonusa.pulsechat.com\/wp-content\/uploads\/2019\/08\/gogreen-300x200.jpg 300w, https:\/\/sunonusa.pulsechat.com\/wp-content\/uploads\/2019\/08\/gogreen-768x512.jpg 768w, https:\/\/sunonusa.pulsechat.com\/wp-content\/uploads\/2019\/08\/gogreen-600x400.jpg 600w\" sizes=\"(max-width: 800px) 100vw, 800px\" \/><\/p>\n","protected":false},"excerpt":{"rendered":"<p>Debajo esta la traducci\u00f3n de Sunon le facilita la tarea de seleccionar o dise\u00f1ar las partes de soluci\u00f3n t\u00e9rmica necesarias para sus productos el\u00e9ctricos. Los ventiladores, sopladores y disipadores de Sunon encuentran aplicaci\u00f3n en una amplia gama de industrias y productos. Nuestras soluciones de mercado incluyen refrigeraci\u00f3n, telecomunicaciones \/ servidores, equipos m\u00e9dicos, impresores 3D, iluminaci\u00f3n, [&hellip;]<\/p>\n","protected":false},"author":9,"featured_media":0,"parent":0,"menu_order":0,"comment_status":"closed","ping_status":"closed","template":"","meta":{"_et_pb_use_builder":"","_et_pb_old_content":"","_et_gb_content_width":"","_monsterinsights_skip_tracking":false,"_monsterinsights_sitenote_active":false,"_monsterinsights_sitenote_note":"","_monsterinsights_sitenote_category":0,"ngg_post_thumbnail":0,"footnotes":""},"class_list":["post-6217","page","type-page","status-publish","hentry","wpautop"],"yoast_head":"<!-- This site is optimized with the Yoast SEO plugin v22.8 - https:\/\/yoast.com\/wordpress\/plugins\/seo\/ -->\n<title>Soluciones De Mercado | Sunon Inc.<\/title>\n<meta name=\"robots\" content=\"noindex, follow, max-snippet:-1, max-image-preview:large, max-video-preview:-1\" \/>\n<meta property=\"og:locale\" content=\"es_ES\" \/>\n<meta property=\"og:type\" content=\"article\" \/>\n<meta property=\"og:title\" content=\"Soluciones De Mercado | Sunon Inc.\" \/>\n<meta property=\"og:description\" content=\"Debajo esta la traducci\u00f3n de Sunon le facilita la tarea de seleccionar o dise\u00f1ar las partes de soluci\u00f3n t\u00e9rmica necesarias para sus productos el\u00e9ctricos. Los ventiladores, sopladores y disipadores de Sunon encuentran aplicaci\u00f3n en una amplia gama de industrias y productos. Nuestras soluciones de mercado incluyen refrigeraci\u00f3n, telecomunicaciones \/ servidores, equipos m\u00e9dicos, impresores 3D, iluminaci\u00f3n, [&hellip;]\" \/>\n<meta property=\"og:url\" content=\"https:\/\/sunonusa.pulsechat.com\/es\/market-solutions\/\" \/>\n<meta property=\"og:site_name\" content=\"Sunon Inc.\" \/>\n<meta property=\"article:modified_time\" content=\"2019-09-05T20:08:46+00:00\" \/>\n<meta property=\"og:image\" content=\"https:\/\/www.sunonusa.com\/wp-content\/uploads\/2019\/08\/gogreen.jpg\" \/>\n<meta name=\"twitter:card\" content=\"summary_large_image\" \/>\n<script type=\"application\/ld+json\" class=\"yoast-schema-graph\">{\"@context\":\"https:\/\/schema.org\",\"@graph\":[{\"@type\":\"WebPage\",\"@id\":\"https:\/\/sunonusa.pulsechat.com\/es\/market-solutions\/\",\"url\":\"https:\/\/sunonusa.pulsechat.com\/es\/market-solutions\/\",\"name\":\"Soluciones De Mercado | Sunon Inc.\",\"isPartOf\":{\"@id\":\"https:\/\/sunonusa.pulsechat.com\/#website\"},\"primaryImageOfPage\":{\"@id\":\"https:\/\/sunonusa.pulsechat.com\/es\/market-solutions\/#primaryimage\"},\"image\":{\"@id\":\"https:\/\/sunonusa.pulsechat.com\/es\/market-solutions\/#primaryimage\"},\"thumbnailUrl\":\"https:\/\/www.sunonusa.com\/wp-content\/uploads\/2019\/08\/gogreen.jpg\",\"datePublished\":\"2019-06-26T20:21:02+00:00\",\"dateModified\":\"2019-09-05T20:08:46+00:00\",\"breadcrumb\":{\"@id\":\"https:\/\/sunonusa.pulsechat.com\/es\/market-solutions\/#breadcrumb\"},\"inLanguage\":\"es\",\"potentialAction\":[{\"@type\":\"ReadAction\",\"target\":[\"https:\/\/sunonusa.pulsechat.com\/es\/market-solutions\/\"]}]},{\"@type\":\"ImageObject\",\"inLanguage\":\"es\",\"@id\":\"https:\/\/sunonusa.pulsechat.com\/es\/market-solutions\/#primaryimage\",\"url\":\"https:\/\/www.sunonusa.com\/wp-content\/uploads\/2019\/08\/gogreen.jpg\",\"contentUrl\":\"https:\/\/www.sunonusa.com\/wp-content\/uploads\/2019\/08\/gogreen.jpg\"},{\"@type\":\"BreadcrumbList\",\"@id\":\"https:\/\/sunonusa.pulsechat.com\/es\/market-solutions\/#breadcrumb\",\"itemListElement\":[{\"@type\":\"ListItem\",\"position\":1,\"name\":\"Home\",\"item\":\"https:\/\/sunonusa.pulsechat.com\/es\/?page_id=12550\"},{\"@type\":\"ListItem\",\"position\":2,\"name\":\"Soluciones De Mercado\"}]},{\"@type\":\"WebSite\",\"@id\":\"https:\/\/sunonusa.pulsechat.com\/#website\",\"url\":\"https:\/\/sunonusa.pulsechat.com\/\",\"name\":\"Sunon Inc.\",\"description\":\"\",\"publisher\":{\"@id\":\"https:\/\/sunonusa.pulsechat.com\/#organization\"},\"potentialAction\":[{\"@type\":\"SearchAction\",\"target\":{\"@type\":\"EntryPoint\",\"urlTemplate\":\"https:\/\/sunonusa.pulsechat.com\/?s={search_term_string}\"},\"query-input\":\"required name=search_term_string\"}],\"inLanguage\":\"es\"},{\"@type\":\"Organization\",\"@id\":\"https:\/\/sunonusa.pulsechat.com\/#organization\",\"name\":\"Sunon USA\",\"url\":\"https:\/\/sunonusa.pulsechat.com\/\",\"logo\":{\"@type\":\"ImageObject\",\"inLanguage\":\"es\",\"@id\":\"https:\/\/sunonusa.pulsechat.com\/#\/schema\/logo\/image\/\",\"url\":\"https:\/\/www.sunonusa.com\/wp-content\/uploads\/2015\/11\/sunon-logo-1.jpg\",\"contentUrl\":\"https:\/\/www.sunonusa.com\/wp-content\/uploads\/2015\/11\/sunon-logo-1.jpg\",\"width\":565,\"height\":109,\"caption\":\"Sunon USA\"},\"image\":{\"@id\":\"https:\/\/sunonusa.pulsechat.com\/#\/schema\/logo\/image\/\"}}]}<\/script>\n<!-- \/ Yoast SEO plugin. -->","yoast_head_json":{"title":"Soluciones De Mercado | Sunon Inc.","robots":{"index":"noindex","follow":"follow","max-snippet":"max-snippet:-1","max-image-preview":"max-image-preview:large","max-video-preview":"max-video-preview:-1"},"og_locale":"es_ES","og_type":"article","og_title":"Soluciones De Mercado | Sunon Inc.","og_description":"Debajo esta la traducci\u00f3n de Sunon le facilita la tarea de seleccionar o dise\u00f1ar las partes de soluci\u00f3n t\u00e9rmica necesarias para sus productos el\u00e9ctricos. Los ventiladores, sopladores y disipadores de Sunon encuentran aplicaci\u00f3n en una amplia gama de industrias y productos. Nuestras soluciones de mercado incluyen refrigeraci\u00f3n, telecomunicaciones \/ servidores, equipos m\u00e9dicos, impresores 3D, iluminaci\u00f3n, [&hellip;]","og_url":"https:\/\/sunonusa.pulsechat.com\/es\/market-solutions\/","og_site_name":"Sunon Inc.","article_modified_time":"2019-09-05T20:08:46+00:00","og_image":[{"url":"https:\/\/www.sunonusa.com\/wp-content\/uploads\/2019\/08\/gogreen.jpg"}],"twitter_card":"summary_large_image","schema":{"@context":"https:\/\/schema.org","@graph":[{"@type":"WebPage","@id":"https:\/\/sunonusa.pulsechat.com\/es\/market-solutions\/","url":"https:\/\/sunonusa.pulsechat.com\/es\/market-solutions\/","name":"Soluciones De Mercado | Sunon Inc.","isPartOf":{"@id":"https:\/\/sunonusa.pulsechat.com\/#website"},"primaryImageOfPage":{"@id":"https:\/\/sunonusa.pulsechat.com\/es\/market-solutions\/#primaryimage"},"image":{"@id":"https:\/\/sunonusa.pulsechat.com\/es\/market-solutions\/#primaryimage"},"thumbnailUrl":"https:\/\/www.sunonusa.com\/wp-content\/uploads\/2019\/08\/gogreen.jpg","datePublished":"2019-06-26T20:21:02+00:00","dateModified":"2019-09-05T20:08:46+00:00","breadcrumb":{"@id":"https:\/\/sunonusa.pulsechat.com\/es\/market-solutions\/#breadcrumb"},"inLanguage":"es","potentialAction":[{"@type":"ReadAction","target":["https:\/\/sunonusa.pulsechat.com\/es\/market-solutions\/"]}]},{"@type":"ImageObject","inLanguage":"es","@id":"https:\/\/sunonusa.pulsechat.com\/es\/market-solutions\/#primaryimage","url":"https:\/\/www.sunonusa.com\/wp-content\/uploads\/2019\/08\/gogreen.jpg","contentUrl":"https:\/\/www.sunonusa.com\/wp-content\/uploads\/2019\/08\/gogreen.jpg"},{"@type":"BreadcrumbList","@id":"https:\/\/sunonusa.pulsechat.com\/es\/market-solutions\/#breadcrumb","itemListElement":[{"@type":"ListItem","position":1,"name":"Home","item":"https:\/\/sunonusa.pulsechat.com\/es\/?page_id=12550"},{"@type":"ListItem","position":2,"name":"Soluciones De Mercado"}]},{"@type":"WebSite","@id":"https:\/\/sunonusa.pulsechat.com\/#website","url":"https:\/\/sunonusa.pulsechat.com\/","name":"Sunon Inc.","description":"","publisher":{"@id":"https:\/\/sunonusa.pulsechat.com\/#organization"},"potentialAction":[{"@type":"SearchAction","target":{"@type":"EntryPoint","urlTemplate":"https:\/\/sunonusa.pulsechat.com\/?s={search_term_string}"},"query-input":"required name=search_term_string"}],"inLanguage":"es"},{"@type":"Organization","@id":"https:\/\/sunonusa.pulsechat.com\/#organization","name":"Sunon USA","url":"https:\/\/sunonusa.pulsechat.com\/","logo":{"@type":"ImageObject","inLanguage":"es","@id":"https:\/\/sunonusa.pulsechat.com\/#\/schema\/logo\/image\/","url":"https:\/\/www.sunonusa.com\/wp-content\/uploads\/2015\/11\/sunon-logo-1.jpg","contentUrl":"https:\/\/www.sunonusa.com\/wp-content\/uploads\/2015\/11\/sunon-logo-1.jpg","width":565,"height":109,"caption":"Sunon USA"},"image":{"@id":"https:\/\/sunonusa.pulsechat.com\/#\/schema\/logo\/image\/"}}]}},"_links":{"self":[{"href":"https:\/\/sunonusa.pulsechat.com\/es\/wp-json\/wp\/v2\/pages\/6217","targetHints":{"allow":["GET"]}}],"collection":[{"href":"https:\/\/sunonusa.pulsechat.com\/es\/wp-json\/wp\/v2\/pages"}],"about":[{"href":"https:\/\/sunonusa.pulsechat.com\/es\/wp-json\/wp\/v2\/types\/page"}],"author":[{"embeddable":true,"href":"https:\/\/sunonusa.pulsechat.com\/es\/wp-json\/wp\/v2\/users\/9"}],"replies":[{"embeddable":true,"href":"https:\/\/sunonusa.pulsechat.com\/es\/wp-json\/wp\/v2\/comments?post=6217"}],"version-history":[{"count":1,"href":"https:\/\/sunonusa.pulsechat.com\/es\/wp-json\/wp\/v2\/pages\/6217\/revisions"}],"predecessor-version":[{"id":6259,"href":"https:\/\/sunonusa.pulsechat.com\/es\/wp-json\/wp\/v2\/pages\/6217\/revisions\/6259"}],"wp:attachment":[{"href":"https:\/\/sunonusa.pulsechat.com\/es\/wp-json\/wp\/v2\/media?parent=6217"}],"curies":[{"name":"wp","href":"https:\/\/api.w.org\/{rel}","templated":true}]}}