{"id":3925,"date":"2015-09-22T12:05:36","date_gmt":"2015-09-22T12:05:36","guid":{"rendered":"https:\/\/www.sunonusa.com\/cooling-modules\/"},"modified":"2018-07-17T15:39:38","modified_gmt":"2018-07-17T22:39:38","slug":"cooling-modules","status":"publish","type":"page","link":"https:\/\/sunonusa.pulsechat.com\/es\/cooling-modules\/","title":{"rendered":"M\u00f3dulos de enfriamiento"},"content":{"rendered":"<p>SUNON ofrece m\u00f3dulos de enfriamiento con tres tipos de configuraciones para elegir \u2013 un disipador de calor pasivo independiente, disipador de calor pasivo con pipas de calor y un disipador de calor con ventilador con o sin pipas de calor hacia el montaje. Los m\u00f3dulos de enfriamiento se pueden configurar y personalizar para disipar calor en convecci\u00f3n natural o convecci\u00f3n forzada dependiendo de la aplicaci\u00f3n del sistema.<\/p>\n<p>Los disipadores de calor extruidos son los m\u00e1s comunes y se utilizan ampliamente hoy en d\u00eda porque proporcionan una gran variedad de convecci\u00f3n natural para componentes y sistemas de alta potencia. Tambi\u00e9n es el m\u00e1s rentable. T\u00edpicamente, los disipadores de calor extruidos se fabrican con aluminio y cada forma est\u00e1 dise\u00f1ada para lograr el rendimiento t\u00e9rmico y estructural \u00f3ptimo.<br \/>\nLos disipadores de calor con ventilador proporcionan convecci\u00f3n forzada con importantes beneficios de enfriamiento de componentes. Dise\u00f1ado con un ventilador conectado a una base de disipador de calor, este tipo de configuraci\u00f3n t\u00e9rmica aumentar\u00e1 el flujo de aire localizado y mejorar\u00e1 la eficiencia t\u00e9rmica. El disipador de calor con ventilador activo mejora el rendimiento t\u00e9rmico en un espacio restringido.<\/p>\n<p><img loading=\"lazy\" decoding=\"async\" class=\"wp-image-2559 size-full aligncenter\" src=\"https:\/\/www.sunonusa.com\/wp-content\/uploads\/2015\/09\/CoolingModule-e1446144405701.jpg\" alt=\"CoolingModule\" width=\"671\" height=\"133\" srcset=\"https:\/\/sunonusa.pulsechat.com\/wp-content\/uploads\/2015\/09\/CoolingModule-e1446144405701.jpg 671w, https:\/\/sunonusa.pulsechat.com\/wp-content\/uploads\/2015\/09\/CoolingModule-e1446144405701-600x119.jpg 600w\" sizes=\"(max-width: 671px) 100vw, 671px\" \/><\/p>\n<p>Sunon es la opci\u00f3n n\u00famero uno para una soluci\u00f3n t\u00e9rmica \u00f3ptima, ya que los m\u00f3dulos de enfriamiento deben personalizarse y dise\u00f1arse seg\u00fan la estructura del sistema y las necesidades t\u00e9rmicas. Ofrecemos servicios complementarios de dise\u00f1o tales como simulaci\u00f3n t\u00e9rmica, optimizaci\u00f3n de ventilaci\u00f3n, perfil de velocidad, distribuci\u00f3n de temperatura y presi\u00f3n, y an\u00e1lisis de rendimiento y pruebas. Sunon tiene la capacidad de desarrollar una soluci\u00f3n personalizada para usted. Todo lo que necesitamos es un modelo 3D de un sistema de PCB. Una vez que se finaliza el dise\u00f1o, la muestra del prototipo se puede entregar para su evaluaci\u00f3n en tan solo 2-10 d\u00edas.<\/p>\n<div class=\"video-stage\">\n\t\t\t\t<a href=\"https:\/\/www.youtube.com\/embed\/j84kC3pZjB0?version=3\" data-rel=\"lightcase:videoplay\"><img loading=\"lazy\" decoding=\"async\" src=\"http:\/\/img.youtube.com\/vi\/j84kC3pZjB0\/maxresdefault.jpg\" width=\"570\" height=\"320\"><\/a>\n\t\t\t<\/div><ul class=\"video-playlist\"><\/ul>\n","protected":false},"excerpt":{"rendered":"<p>SUNON ofrece m\u00f3dulos de enfriamiento con tres tipos de configuraciones para elegir \u2013 un disipador de calor pasivo independiente, disipador de calor pasivo con pipas de calor y un disipador de calor con ventilador con o sin pipas de calor hacia el montaje. Los m\u00f3dulos de enfriamiento se pueden configurar y personalizar para disipar calor [&hellip;]<\/p>\n","protected":false},"author":7,"featured_media":0,"parent":0,"menu_order":0,"comment_status":"closed","ping_status":"closed","template":"","meta":{"_et_pb_use_builder":"","_et_pb_old_content":"","_et_gb_content_width":"","_monsterinsights_skip_tracking":false,"_monsterinsights_sitenote_active":false,"_monsterinsights_sitenote_note":"","_monsterinsights_sitenote_category":0,"ngg_post_thumbnail":0,"footnotes":""},"class_list":["post-3925","page","type-page","status-publish","hentry","wpautop"],"yoast_head":"<!-- This site is optimized with the Yoast SEO plugin v22.8 - https:\/\/yoast.com\/wordpress\/plugins\/seo\/ -->\n<title>M\u00f3dulos de enfriamiento | Sunon Inc.<\/title>\n<meta name=\"robots\" content=\"noindex, follow, max-snippet:-1, max-image-preview:large, max-video-preview:-1\" \/>\n<meta property=\"og:locale\" content=\"es_ES\" \/>\n<meta property=\"og:type\" content=\"article\" \/>\n<meta property=\"og:title\" content=\"M\u00f3dulos de enfriamiento | Sunon Inc.\" \/>\n<meta property=\"og:description\" content=\"SUNON ofrece m\u00f3dulos de enfriamiento con tres tipos de configuraciones para elegir \u2013 un disipador de calor pasivo independiente, disipador de calor pasivo con pipas de calor y un disipador de calor con ventilador con o sin pipas de calor hacia el montaje. Los m\u00f3dulos de enfriamiento se pueden configurar y personalizar para disipar calor [&hellip;]\" \/>\n<meta property=\"og:url\" content=\"https:\/\/sunonusa.pulsechat.com\/es\/cooling-modules\/\" \/>\n<meta property=\"og:site_name\" content=\"Sunon Inc.\" \/>\n<meta property=\"article:modified_time\" content=\"2018-07-17T22:39:38+00:00\" \/>\n<meta property=\"og:image\" content=\"https:\/\/www.sunonusa.com\/wp-content\/uploads\/2015\/09\/CoolingModule-e1446144405701.jpg\" \/>\n<meta name=\"twitter:card\" content=\"summary_large_image\" \/>\n<meta name=\"twitter:label1\" content=\"Tiempo de lectura\" \/>\n\t<meta name=\"twitter:data1\" content=\"2 minutos\" \/>\n<script type=\"application\/ld+json\" class=\"yoast-schema-graph\">{\"@context\":\"https:\/\/schema.org\",\"@graph\":[{\"@type\":\"WebPage\",\"@id\":\"https:\/\/sunonusa.pulsechat.com\/es\/cooling-modules\/\",\"url\":\"https:\/\/sunonusa.pulsechat.com\/es\/cooling-modules\/\",\"name\":\"M\u00f3dulos de enfriamiento | Sunon Inc.\",\"isPartOf\":{\"@id\":\"https:\/\/sunonusa.pulsechat.com\/#website\"},\"primaryImageOfPage\":{\"@id\":\"https:\/\/sunonusa.pulsechat.com\/es\/cooling-modules\/#primaryimage\"},\"image\":{\"@id\":\"https:\/\/sunonusa.pulsechat.com\/es\/cooling-modules\/#primaryimage\"},\"thumbnailUrl\":\"https:\/\/www.sunonusa.com\/wp-content\/uploads\/2015\/09\/CoolingModule-e1446144405701.jpg\",\"datePublished\":\"2015-09-22T12:05:36+00:00\",\"dateModified\":\"2018-07-17T22:39:38+00:00\",\"breadcrumb\":{\"@id\":\"https:\/\/sunonusa.pulsechat.com\/es\/cooling-modules\/#breadcrumb\"},\"inLanguage\":\"es\",\"potentialAction\":[{\"@type\":\"ReadAction\",\"target\":[\"https:\/\/sunonusa.pulsechat.com\/es\/cooling-modules\/\"]}]},{\"@type\":\"ImageObject\",\"inLanguage\":\"es\",\"@id\":\"https:\/\/sunonusa.pulsechat.com\/es\/cooling-modules\/#primaryimage\",\"url\":\"https:\/\/www.sunonusa.com\/wp-content\/uploads\/2015\/09\/CoolingModule-e1446144405701.jpg\",\"contentUrl\":\"https:\/\/www.sunonusa.com\/wp-content\/uploads\/2015\/09\/CoolingModule-e1446144405701.jpg\"},{\"@type\":\"BreadcrumbList\",\"@id\":\"https:\/\/sunonusa.pulsechat.com\/es\/cooling-modules\/#breadcrumb\",\"itemListElement\":[{\"@type\":\"ListItem\",\"position\":1,\"name\":\"Home\",\"item\":\"https:\/\/sunonusa.pulsechat.com\/es\/?page_id=12550\"},{\"@type\":\"ListItem\",\"position\":2,\"name\":\"M\u00f3dulos de enfriamiento\"}]},{\"@type\":\"WebSite\",\"@id\":\"https:\/\/sunonusa.pulsechat.com\/#website\",\"url\":\"https:\/\/sunonusa.pulsechat.com\/\",\"name\":\"Sunon Inc.\",\"description\":\"\",\"publisher\":{\"@id\":\"https:\/\/sunonusa.pulsechat.com\/#organization\"},\"potentialAction\":[{\"@type\":\"SearchAction\",\"target\":{\"@type\":\"EntryPoint\",\"urlTemplate\":\"https:\/\/sunonusa.pulsechat.com\/?s={search_term_string}\"},\"query-input\":\"required name=search_term_string\"}],\"inLanguage\":\"es\"},{\"@type\":\"Organization\",\"@id\":\"https:\/\/sunonusa.pulsechat.com\/#organization\",\"name\":\"Sunon USA\",\"url\":\"https:\/\/sunonusa.pulsechat.com\/\",\"logo\":{\"@type\":\"ImageObject\",\"inLanguage\":\"es\",\"@id\":\"https:\/\/sunonusa.pulsechat.com\/#\/schema\/logo\/image\/\",\"url\":\"https:\/\/www.sunonusa.com\/wp-content\/uploads\/2015\/11\/sunon-logo-1.jpg\",\"contentUrl\":\"https:\/\/www.sunonusa.com\/wp-content\/uploads\/2015\/11\/sunon-logo-1.jpg\",\"width\":565,\"height\":109,\"caption\":\"Sunon USA\"},\"image\":{\"@id\":\"https:\/\/sunonusa.pulsechat.com\/#\/schema\/logo\/image\/\"}}]}<\/script>\n<!-- \/ Yoast SEO plugin. -->","yoast_head_json":{"title":"M\u00f3dulos de enfriamiento | Sunon Inc.","robots":{"index":"noindex","follow":"follow","max-snippet":"max-snippet:-1","max-image-preview":"max-image-preview:large","max-video-preview":"max-video-preview:-1"},"og_locale":"es_ES","og_type":"article","og_title":"M\u00f3dulos de enfriamiento | Sunon Inc.","og_description":"SUNON ofrece m\u00f3dulos de enfriamiento con tres tipos de configuraciones para elegir \u2013 un disipador de calor pasivo independiente, disipador de calor pasivo con pipas de calor y un disipador de calor con ventilador con o sin pipas de calor hacia el montaje. Los m\u00f3dulos de enfriamiento se pueden configurar y personalizar para disipar calor [&hellip;]","og_url":"https:\/\/sunonusa.pulsechat.com\/es\/cooling-modules\/","og_site_name":"Sunon Inc.","article_modified_time":"2018-07-17T22:39:38+00:00","og_image":[{"url":"https:\/\/www.sunonusa.com\/wp-content\/uploads\/2015\/09\/CoolingModule-e1446144405701.jpg"}],"twitter_card":"summary_large_image","twitter_misc":{"Tiempo de lectura":"2 minutos"},"schema":{"@context":"https:\/\/schema.org","@graph":[{"@type":"WebPage","@id":"https:\/\/sunonusa.pulsechat.com\/es\/cooling-modules\/","url":"https:\/\/sunonusa.pulsechat.com\/es\/cooling-modules\/","name":"M\u00f3dulos de enfriamiento | Sunon Inc.","isPartOf":{"@id":"https:\/\/sunonusa.pulsechat.com\/#website"},"primaryImageOfPage":{"@id":"https:\/\/sunonusa.pulsechat.com\/es\/cooling-modules\/#primaryimage"},"image":{"@id":"https:\/\/sunonusa.pulsechat.com\/es\/cooling-modules\/#primaryimage"},"thumbnailUrl":"https:\/\/www.sunonusa.com\/wp-content\/uploads\/2015\/09\/CoolingModule-e1446144405701.jpg","datePublished":"2015-09-22T12:05:36+00:00","dateModified":"2018-07-17T22:39:38+00:00","breadcrumb":{"@id":"https:\/\/sunonusa.pulsechat.com\/es\/cooling-modules\/#breadcrumb"},"inLanguage":"es","potentialAction":[{"@type":"ReadAction","target":["https:\/\/sunonusa.pulsechat.com\/es\/cooling-modules\/"]}]},{"@type":"ImageObject","inLanguage":"es","@id":"https:\/\/sunonusa.pulsechat.com\/es\/cooling-modules\/#primaryimage","url":"https:\/\/www.sunonusa.com\/wp-content\/uploads\/2015\/09\/CoolingModule-e1446144405701.jpg","contentUrl":"https:\/\/www.sunonusa.com\/wp-content\/uploads\/2015\/09\/CoolingModule-e1446144405701.jpg"},{"@type":"BreadcrumbList","@id":"https:\/\/sunonusa.pulsechat.com\/es\/cooling-modules\/#breadcrumb","itemListElement":[{"@type":"ListItem","position":1,"name":"Home","item":"https:\/\/sunonusa.pulsechat.com\/es\/?page_id=12550"},{"@type":"ListItem","position":2,"name":"M\u00f3dulos de enfriamiento"}]},{"@type":"WebSite","@id":"https:\/\/sunonusa.pulsechat.com\/#website","url":"https:\/\/sunonusa.pulsechat.com\/","name":"Sunon Inc.","description":"","publisher":{"@id":"https:\/\/sunonusa.pulsechat.com\/#organization"},"potentialAction":[{"@type":"SearchAction","target":{"@type":"EntryPoint","urlTemplate":"https:\/\/sunonusa.pulsechat.com\/?s={search_term_string}"},"query-input":"required name=search_term_string"}],"inLanguage":"es"},{"@type":"Organization","@id":"https:\/\/sunonusa.pulsechat.com\/#organization","name":"Sunon USA","url":"https:\/\/sunonusa.pulsechat.com\/","logo":{"@type":"ImageObject","inLanguage":"es","@id":"https:\/\/sunonusa.pulsechat.com\/#\/schema\/logo\/image\/","url":"https:\/\/www.sunonusa.com\/wp-content\/uploads\/2015\/11\/sunon-logo-1.jpg","contentUrl":"https:\/\/www.sunonusa.com\/wp-content\/uploads\/2015\/11\/sunon-logo-1.jpg","width":565,"height":109,"caption":"Sunon USA"},"image":{"@id":"https:\/\/sunonusa.pulsechat.com\/#\/schema\/logo\/image\/"}}]}},"_links":{"self":[{"href":"https:\/\/sunonusa.pulsechat.com\/es\/wp-json\/wp\/v2\/pages\/3925","targetHints":{"allow":["GET"]}}],"collection":[{"href":"https:\/\/sunonusa.pulsechat.com\/es\/wp-json\/wp\/v2\/pages"}],"about":[{"href":"https:\/\/sunonusa.pulsechat.com\/es\/wp-json\/wp\/v2\/types\/page"}],"author":[{"embeddable":true,"href":"https:\/\/sunonusa.pulsechat.com\/es\/wp-json\/wp\/v2\/users\/7"}],"replies":[{"embeddable":true,"href":"https:\/\/sunonusa.pulsechat.com\/es\/wp-json\/wp\/v2\/comments?post=3925"}],"version-history":[{"count":0,"href":"https:\/\/sunonusa.pulsechat.com\/es\/wp-json\/wp\/v2\/pages\/3925\/revisions"}],"wp:attachment":[{"href":"https:\/\/sunonusa.pulsechat.com\/es\/wp-json\/wp\/v2\/media?parent=3925"}],"curies":[{"name":"wp","href":"https:\/\/api.w.org\/{rel}","templated":true}]}}