{"id":3914,"date":"2016-07-27T17:48:09","date_gmt":"2016-07-27T17:48:09","guid":{"rendered":"https:\/\/www.sunonusa.com\/ec-fan\/"},"modified":"2018-07-17T15:31:01","modified_gmt":"2018-07-17T22:31:01","slug":"ec-fan","status":"publish","type":"page","link":"https:\/\/sunonusa.pulsechat.com\/es\/ec-fan\/","title":{"rendered":"Ventilador CE"},"content":{"rendered":"<p>[vc_row][vc_column][vc_column_text]El ventilador axial CE de SUNON es un motor CC de alta eficiencia sin escobillas que se acciona directamente desde una fuente de alimentaci\u00f3n de CA. El consumo de energ\u00eda se reduce aproximadamente un 80% en comparaci\u00f3n con nuestros ventiladores CA convencionales y motores de polos sombreados; adem\u00e1s, algunos de nuestros ventiladores CE tambi\u00e9n superan las clasificaciones a prueba de polvo, a prueba de agua IP21, IP55 e IP68. Por seguridad, algunos de nuestros ventiladores CE tambi\u00e9n cumplen con la directiva ATEX para garantizar la seguridad de la aplicaci\u00f3n comercial de refrigeradores y congeladores.[\/vc_column_text][vc_column_text]<strong>Ventilador CE<\/strong>[\/vc_column_text][\/vc_column][\/vc_row][vc_row][vc_column]<div class=\"woocommerce columns-4 \"><ul class=\"products\"><li class=\"first post-2964 product type-product status-publish has-post-thumbnail product_cat-ec-axial-fan wpautop  instock featured shipping-taxable product-type-simple\">\n\n\t<a href=\"https:\/\/sunonusa.pulsechat.com\/es\/product\/ec-fan-120x120x38\/\" class=\"woocommerce-LoopProduct-link woocommerce-loop-product__link\">\n\t<a href=\"https:\/\/sunonusa.pulsechat.com\/es\/product\/ec-fan-120x120x38\/\">\n\t\t<figure>\n\t\t<span class=\"et_shop_image\"><img loading=\"lazy\" decoding=\"async\" width=\"118\" height=\"100\" src=\"https:\/\/sunonusa.pulsechat.com\/wp-content\/uploads\/2016\/07\/EC12038_640x640-118x100.jpg\" class=\"attachment-product-thumb size-product-thumb wp-post-image\" alt=\"\" \/><span class=\"et_overlay\"><\/span><\/span>\t\t\t\t<figcaption>CF4113HBL-000U-AB9<br\/>120X120X38<\/figcaption>\n\n\t\t<\/figure>\n\t<\/a>\n\n\t<\/a>\n<\/li>\n<li class=\"post-2986 product type-product status-publish has-post-thumbnail product_cat-ec-axial-fan wpautop last instock featured shipping-taxable product-type-simple\">\n\n\t<a href=\"https:\/\/sunonusa.pulsechat.com\/es\/product\/ec-fan-120x120x38-2\/\" class=\"woocommerce-LoopProduct-link woocommerce-loop-product__link\">\n\t<a href=\"https:\/\/sunonusa.pulsechat.com\/es\/product\/ec-fan-120x120x38-2\/\">\n\t\t<figure>\n\t\t<span class=\"et_shop_image\"><img loading=\"lazy\" decoding=\"async\" width=\"118\" height=\"100\" src=\"https:\/\/sunonusa.pulsechat.com\/wp-content\/uploads\/2016\/07\/EC12038_640x640-118x100.jpg\" class=\"attachment-product-thumb size-product-thumb wp-post-image\" alt=\"\" \/><span class=\"et_overlay\"><\/span><\/span>\t\t\t\t<figcaption>CF4113HBL-000U-AA9<br\/>120X120X38<\/figcaption>\n\n\t\t<\/figure>\n\t<\/a>\n\n\t<\/a>\n<\/li>\n<li class=\"first post-2987 product type-product status-publish has-post-thumbnail product_cat-ec-axial-fan wpautop  instock featured shipping-taxable product-type-simple\">\n\n\t<a href=\"https:\/\/sunonusa.pulsechat.com\/es\/product\/ec-fan-120x120x38-3\/\" class=\"woocommerce-LoopProduct-link woocommerce-loop-product__link\">\n\t<a href=\"https:\/\/sunonusa.pulsechat.com\/es\/product\/ec-fan-120x120x38-3\/\">\n\t\t<figure>\n\t\t<span class=\"et_shop_image\"><img loading=\"lazy\" decoding=\"async\" width=\"118\" height=\"100\" src=\"https:\/\/sunonusa.pulsechat.com\/wp-content\/uploads\/2016\/07\/EC12038_640x640-118x100.jpg\" class=\"attachment-product-thumb size-product-thumb wp-post-image\" alt=\"\" \/><span class=\"et_overlay\"><\/span><\/span>\t\t\t\t<figcaption>CF4113HBL-000U-AE9<br\/>120X120X38<\/figcaption>\n\n\t\t<\/figure>\n\t<\/a>\n\n\t<\/a>\n<\/li>\n<li class=\"post-2988 product type-product status-publish has-post-thumbnail product_cat-ec-axial-fan wpautop last instock featured shipping-taxable product-type-simple\">\n\n\t<a href=\"https:\/\/sunonusa.pulsechat.com\/es\/product\/ec-fan-120x120x38-4\/\" class=\"woocommerce-LoopProduct-link woocommerce-loop-product__link\">\n\t<a href=\"https:\/\/sunonusa.pulsechat.com\/es\/product\/ec-fan-120x120x38-4\/\">\n\t\t<figure>\n\t\t<span class=\"et_shop_image\"><img loading=\"lazy\" decoding=\"async\" width=\"118\" height=\"100\" src=\"https:\/\/sunonusa.pulsechat.com\/wp-content\/uploads\/2016\/07\/EC12038_640x640-118x100.jpg\" class=\"attachment-product-thumb size-product-thumb wp-post-image\" alt=\"\" \/><span class=\"et_overlay\"><\/span><\/span>\t\t\t\t<figcaption>CF4113HBL-000U-A99<br\/>120X120X38<\/figcaption>\n\n\t\t<\/figure>\n\t<\/a>\n\n\t<\/a>\n<\/li>\n<\/ul><\/div>[\/vc_column][\/vc_row]<\/p>\n","protected":false},"excerpt":{"rendered":"<p>[vc_row][vc_column][vc_column_text]El ventilador axial CE de SUNON es un motor CC de alta eficiencia sin escobillas que se acciona directamente desde una fuente de alimentaci\u00f3n de CA. El consumo de energ\u00eda se reduce aproximadamente un 80% en comparaci\u00f3n con nuestros ventiladores CA convencionales y motores de polos sombreados; adem\u00e1s, algunos de nuestros ventiladores CE tambi\u00e9n superan [&hellip;]<\/p>\n","protected":false},"author":7,"featured_media":0,"parent":0,"menu_order":0,"comment_status":"closed","ping_status":"closed","template":"no-sidebar.php","meta":{"_et_pb_use_builder":"","_et_pb_old_content":"","_et_gb_content_width":"","_monsterinsights_skip_tracking":false,"_monsterinsights_sitenote_active":false,"_monsterinsights_sitenote_note":"","_monsterinsights_sitenote_category":0,"ngg_post_thumbnail":0,"footnotes":""},"class_list":["post-3914","page","type-page","status-publish","hentry","wpautop"],"yoast_head":"<!-- This site is optimized with the Yoast SEO plugin v22.8 - https:\/\/yoast.com\/wordpress\/plugins\/seo\/ -->\n<title>Ventilador CE | Sunon Inc.<\/title>\n<meta name=\"robots\" content=\"noindex, follow, max-snippet:-1, max-image-preview:large, max-video-preview:-1\" \/>\n<meta property=\"og:locale\" content=\"es_ES\" \/>\n<meta property=\"og:type\" content=\"article\" \/>\n<meta property=\"og:title\" content=\"Ventilador CE | Sunon Inc.\" \/>\n<meta property=\"og:description\" content=\"[vc_row][vc_column][vc_column_text]El ventilador axial CE de SUNON es un motor CC de alta eficiencia sin escobillas que se acciona directamente desde una fuente de alimentaci\u00f3n de CA. El consumo de energ\u00eda se reduce aproximadamente un 80% en comparaci\u00f3n con nuestros ventiladores CA convencionales y motores de polos sombreados; adem\u00e1s, algunos de nuestros ventiladores CE tambi\u00e9n superan [&hellip;]\" \/>\n<meta property=\"og:url\" content=\"https:\/\/sunonusa.pulsechat.com\/es\/ec-fan\/\" \/>\n<meta property=\"og:site_name\" content=\"Sunon Inc.\" \/>\n<meta property=\"article:modified_time\" content=\"2018-07-17T22:31:01+00:00\" \/>\n<meta property=\"og:image\" content=\"https:\/\/sunonusa.pulsechat.com\/wp-content\/uploads\/2015\/11\/sunon-logo-1.jpg\" \/>\n\t<meta property=\"og:image:width\" content=\"565\" \/>\n\t<meta property=\"og:image:height\" content=\"109\" \/>\n\t<meta property=\"og:image:type\" content=\"image\/jpeg\" \/>\n<meta name=\"twitter:card\" content=\"summary_large_image\" \/>\n<meta name=\"twitter:label1\" content=\"Tiempo de lectura\" \/>\n\t<meta name=\"twitter:data1\" content=\"1 minuto\" \/>\n<script type=\"application\/ld+json\" class=\"yoast-schema-graph\">{\"@context\":\"https:\/\/schema.org\",\"@graph\":[{\"@type\":\"WebPage\",\"@id\":\"https:\/\/sunonusa.pulsechat.com\/es\/ec-fan\/\",\"url\":\"https:\/\/sunonusa.pulsechat.com\/es\/ec-fan\/\",\"name\":\"Ventilador CE | Sunon Inc.\",\"isPartOf\":{\"@id\":\"https:\/\/sunonusa.pulsechat.com\/#website\"},\"datePublished\":\"2016-07-27T17:48:09+00:00\",\"dateModified\":\"2018-07-17T22:31:01+00:00\",\"breadcrumb\":{\"@id\":\"https:\/\/sunonusa.pulsechat.com\/es\/ec-fan\/#breadcrumb\"},\"inLanguage\":\"es\",\"potentialAction\":[{\"@type\":\"ReadAction\",\"target\":[\"https:\/\/sunonusa.pulsechat.com\/es\/ec-fan\/\"]}]},{\"@type\":\"BreadcrumbList\",\"@id\":\"https:\/\/sunonusa.pulsechat.com\/es\/ec-fan\/#breadcrumb\",\"itemListElement\":[{\"@type\":\"ListItem\",\"position\":1,\"name\":\"Home\",\"item\":\"https:\/\/sunonusa.pulsechat.com\/es\/?page_id=12550\"},{\"@type\":\"ListItem\",\"position\":2,\"name\":\"Ventilador CE\"}]},{\"@type\":\"WebSite\",\"@id\":\"https:\/\/sunonusa.pulsechat.com\/#website\",\"url\":\"https:\/\/sunonusa.pulsechat.com\/\",\"name\":\"Sunon Inc.\",\"description\":\"\",\"publisher\":{\"@id\":\"https:\/\/sunonusa.pulsechat.com\/#organization\"},\"potentialAction\":[{\"@type\":\"SearchAction\",\"target\":{\"@type\":\"EntryPoint\",\"urlTemplate\":\"https:\/\/sunonusa.pulsechat.com\/?s={search_term_string}\"},\"query-input\":\"required name=search_term_string\"}],\"inLanguage\":\"es\"},{\"@type\":\"Organization\",\"@id\":\"https:\/\/sunonusa.pulsechat.com\/#organization\",\"name\":\"Sunon USA\",\"url\":\"https:\/\/sunonusa.pulsechat.com\/\",\"logo\":{\"@type\":\"ImageObject\",\"inLanguage\":\"es\",\"@id\":\"https:\/\/sunonusa.pulsechat.com\/#\/schema\/logo\/image\/\",\"url\":\"https:\/\/www.sunonusa.com\/wp-content\/uploads\/2015\/11\/sunon-logo-1.jpg\",\"contentUrl\":\"https:\/\/www.sunonusa.com\/wp-content\/uploads\/2015\/11\/sunon-logo-1.jpg\",\"width\":565,\"height\":109,\"caption\":\"Sunon USA\"},\"image\":{\"@id\":\"https:\/\/sunonusa.pulsechat.com\/#\/schema\/logo\/image\/\"}}]}<\/script>\n<!-- \/ Yoast SEO plugin. -->","yoast_head_json":{"title":"Ventilador CE | Sunon Inc.","robots":{"index":"noindex","follow":"follow","max-snippet":"max-snippet:-1","max-image-preview":"max-image-preview:large","max-video-preview":"max-video-preview:-1"},"og_locale":"es_ES","og_type":"article","og_title":"Ventilador CE | Sunon Inc.","og_description":"[vc_row][vc_column][vc_column_text]El ventilador axial CE de SUNON es un motor CC de alta eficiencia sin escobillas que se acciona directamente desde una fuente de alimentaci\u00f3n de CA. El consumo de energ\u00eda se reduce aproximadamente un 80% en comparaci\u00f3n con nuestros ventiladores CA convencionales y motores de polos sombreados; adem\u00e1s, algunos de nuestros ventiladores CE tambi\u00e9n superan [&hellip;]","og_url":"https:\/\/sunonusa.pulsechat.com\/es\/ec-fan\/","og_site_name":"Sunon Inc.","article_modified_time":"2018-07-17T22:31:01+00:00","og_image":[{"width":565,"height":109,"url":"https:\/\/sunonusa.pulsechat.com\/wp-content\/uploads\/2015\/11\/sunon-logo-1.jpg","type":"image\/jpeg"}],"twitter_card":"summary_large_image","twitter_misc":{"Tiempo de lectura":"1 minuto"},"schema":{"@context":"https:\/\/schema.org","@graph":[{"@type":"WebPage","@id":"https:\/\/sunonusa.pulsechat.com\/es\/ec-fan\/","url":"https:\/\/sunonusa.pulsechat.com\/es\/ec-fan\/","name":"Ventilador CE | Sunon Inc.","isPartOf":{"@id":"https:\/\/sunonusa.pulsechat.com\/#website"},"datePublished":"2016-07-27T17:48:09+00:00","dateModified":"2018-07-17T22:31:01+00:00","breadcrumb":{"@id":"https:\/\/sunonusa.pulsechat.com\/es\/ec-fan\/#breadcrumb"},"inLanguage":"es","potentialAction":[{"@type":"ReadAction","target":["https:\/\/sunonusa.pulsechat.com\/es\/ec-fan\/"]}]},{"@type":"BreadcrumbList","@id":"https:\/\/sunonusa.pulsechat.com\/es\/ec-fan\/#breadcrumb","itemListElement":[{"@type":"ListItem","position":1,"name":"Home","item":"https:\/\/sunonusa.pulsechat.com\/es\/?page_id=12550"},{"@type":"ListItem","position":2,"name":"Ventilador CE"}]},{"@type":"WebSite","@id":"https:\/\/sunonusa.pulsechat.com\/#website","url":"https:\/\/sunonusa.pulsechat.com\/","name":"Sunon Inc.","description":"","publisher":{"@id":"https:\/\/sunonusa.pulsechat.com\/#organization"},"potentialAction":[{"@type":"SearchAction","target":{"@type":"EntryPoint","urlTemplate":"https:\/\/sunonusa.pulsechat.com\/?s={search_term_string}"},"query-input":"required name=search_term_string"}],"inLanguage":"es"},{"@type":"Organization","@id":"https:\/\/sunonusa.pulsechat.com\/#organization","name":"Sunon USA","url":"https:\/\/sunonusa.pulsechat.com\/","logo":{"@type":"ImageObject","inLanguage":"es","@id":"https:\/\/sunonusa.pulsechat.com\/#\/schema\/logo\/image\/","url":"https:\/\/www.sunonusa.com\/wp-content\/uploads\/2015\/11\/sunon-logo-1.jpg","contentUrl":"https:\/\/www.sunonusa.com\/wp-content\/uploads\/2015\/11\/sunon-logo-1.jpg","width":565,"height":109,"caption":"Sunon USA"},"image":{"@id":"https:\/\/sunonusa.pulsechat.com\/#\/schema\/logo\/image\/"}}]}},"_links":{"self":[{"href":"https:\/\/sunonusa.pulsechat.com\/es\/wp-json\/wp\/v2\/pages\/3914","targetHints":{"allow":["GET"]}}],"collection":[{"href":"https:\/\/sunonusa.pulsechat.com\/es\/wp-json\/wp\/v2\/pages"}],"about":[{"href":"https:\/\/sunonusa.pulsechat.com\/es\/wp-json\/wp\/v2\/types\/page"}],"author":[{"embeddable":true,"href":"https:\/\/sunonusa.pulsechat.com\/es\/wp-json\/wp\/v2\/users\/7"}],"replies":[{"embeddable":true,"href":"https:\/\/sunonusa.pulsechat.com\/es\/wp-json\/wp\/v2\/comments?post=3914"}],"version-history":[{"count":0,"href":"https:\/\/sunonusa.pulsechat.com\/es\/wp-json\/wp\/v2\/pages\/3914\/revisions"}],"wp:attachment":[{"href":"https:\/\/sunonusa.pulsechat.com\/es\/wp-json\/wp\/v2\/media?parent=3914"}],"curies":[{"name":"wp","href":"https:\/\/api.w.org\/{rel}","templated":true}]}}