{"id":3900,"date":"2015-09-22T05:43:41","date_gmt":"2015-09-22T05:43:41","guid":{"rendered":"https:\/\/www.sunonusa.com\/dc-fan-blower\/"},"modified":"2018-07-17T15:24:14","modified_gmt":"2018-07-17T22:24:14","slug":"dc-fan-blower","status":"publish","type":"page","link":"https:\/\/sunonusa.pulsechat.com\/es\/dc-fan-blower\/","title":{"rendered":"Ventilador y Soplador CC"},"content":{"rendered":"<p>[vc_row el_id=\u00bbcataloque\u00bb el_class=\u00bbcataloque\u00bb][vc_column][vc_column_text]En su b\u00fasqueda de calidad superior con innovaci\u00f3n, SUNON se ve recompensado con su posici\u00f3n n\u00famero 1 en cuota de mercado.[\/vc_column_text][vc_column_text]Durante d\u00e9cadas, SUNON se ha enfocado de forma constante en su tecnolog\u00eda de motor central, y como resultado, hemos acumulado varios inventos e innovaciones en este \u00e1mbito. Ahora ofrecemos las series de Ventiladores y Sopladores CC de 17 mm a 120 mm y ofrecemos las soluciones t\u00e9rmicas m\u00e1s efectivas. En 1999, SUNON lanz\u00f3 con \u00e9xito el Ventilador de Motor MagLev, el primer motor de levitaci\u00f3n magn\u00e9tica en el mundo. En funci\u00f3n del excelente rendimiento de este producto, se han creado productos para ventiladores de motores con mayor flexibilidad, eficiencia energ\u00e9tica, menos ruido y mayor vida \u00fatil. La serie de productos cumple con RoHS y tambi\u00e9n est\u00e1 certificada seg\u00fan muchos sistemas de acreditaci\u00f3n de gesti\u00f3n de calidad y ha obtenido varias acreditaciones, como UL, TUV y VDE. Seg\u00fan un informe global de la encuesta del mercado de miniauditores publicado por Fuji Keizai (2009), la participaci\u00f3n de SUNON en el mercado de Ventiladores CC encabeza el mundo, manteniendo su liderazgo en el mercado.[\/vc_column_text][vc_column_text]<\/p>\n<h4>Ventilador CC <a class=\"button text-left right\" href=\"\/product-category\/dc-fan\/\">Ver todos<\/a><\/h4>\n<p>[\/vc_column_text]<div class=\"woocommerce columns-4 \"><ul class=\"products\"><li class=\"first post-653 product type-product status-publish has-post-thumbnail product_cat-dc-fan wpautop  instock shipping-taxable product-type-simple\">\n\n\t<a href=\"https:\/\/sunonusa.pulsechat.com\/es\/product\/dc-fan-10x10x3\/\" class=\"woocommerce-LoopProduct-link woocommerce-loop-product__link\">\n\t<a href=\"https:\/\/sunonusa.pulsechat.com\/es\/product\/dc-fan-10x10x3\/\">\n\t\t<figure>\n\t\t<span class=\"et_shop_image\"><img loading=\"lazy\" decoding=\"async\" width=\"118\" height=\"100\" src=\"https:\/\/sunonusa.pulsechat.com\/wp-content\/uploads\/2015\/10\/UF3A3-118x100.jpg\" class=\"attachment-product-thumb size-product-thumb wp-post-image\" alt=\"\" \/><span class=\"et_overlay\"><\/span><\/span>\t\t\t\t<figcaption>UF3A3-500<br\/>10X10X3<\/figcaption>\n\n\t\t<\/figure>\n\t<\/a>\n\n\t<\/a>\n<\/li>\n<li class=\"post-654 product type-product status-publish has-post-thumbnail product_cat-dc-fan wpautop last instock shipping-taxable product-type-simple\">\n\n\t<a href=\"https:\/\/sunonusa.pulsechat.com\/es\/product\/dc-fan-10x10x3-2\/\" class=\"woocommerce-LoopProduct-link woocommerce-loop-product__link\">\n\t<a href=\"https:\/\/sunonusa.pulsechat.com\/es\/product\/dc-fan-10x10x3-2\/\">\n\t\t<figure>\n\t\t<span class=\"et_shop_image\"><img loading=\"lazy\" decoding=\"async\" width=\"118\" height=\"100\" src=\"https:\/\/sunonusa.pulsechat.com\/wp-content\/uploads\/2015\/10\/UF3A3-118x100.jpg\" class=\"attachment-product-thumb size-product-thumb wp-post-image\" alt=\"\" \/><span class=\"et_overlay\"><\/span><\/span>\t\t\t\t<figcaption>UF3A3-700<br\/>10X10X3<\/figcaption>\n\n\t\t<\/figure>\n\t<\/a>\n\n\t<\/a>\n<\/li>\n<li class=\"first post-671 product type-product status-publish has-post-thumbnail product_cat-dc-fan wpautop  instock shipping-taxable product-type-simple\">\n\n\t<a href=\"https:\/\/sunonusa.pulsechat.com\/es\/product\/dc-fan-10x10x3-3\/\" class=\"woocommerce-LoopProduct-link woocommerce-loop-product__link\">\n\t<a href=\"https:\/\/sunonusa.pulsechat.com\/es\/product\/dc-fan-10x10x3-3\/\">\n\t\t<figure>\n\t\t<span class=\"et_shop_image\"><img loading=\"lazy\" decoding=\"async\" width=\"118\" height=\"100\" src=\"https:\/\/sunonusa.pulsechat.com\/wp-content\/uploads\/2015\/10\/UF3A3-118x100.jpg\" class=\"attachment-product-thumb size-product-thumb wp-post-image\" alt=\"\" \/><span class=\"et_overlay\"><\/span><\/span>\t\t\t\t<figcaption>UF3A3-500B<br\/>10X10X3<\/figcaption>\n\n\t\t<\/figure>\n\t<\/a>\n\n\t<\/a>\n<\/li>\n<li class=\"post-672 product type-product status-publish has-post-thumbnail product_cat-dc-fan wpautop last instock shipping-taxable product-type-simple\">\n\n\t<a href=\"https:\/\/sunonusa.pulsechat.com\/es\/product\/dc-fan-10x10x3-4\/\" class=\"woocommerce-LoopProduct-link woocommerce-loop-product__link\">\n\t<a href=\"https:\/\/sunonusa.pulsechat.com\/es\/product\/dc-fan-10x10x3-4\/\">\n\t\t<figure>\n\t\t<span class=\"et_shop_image\"><img loading=\"lazy\" decoding=\"async\" width=\"118\" height=\"100\" src=\"https:\/\/sunonusa.pulsechat.com\/wp-content\/uploads\/2015\/10\/UF3A3-118x100.jpg\" class=\"attachment-product-thumb size-product-thumb wp-post-image\" alt=\"\" \/><span class=\"et_overlay\"><\/span><\/span>\t\t\t\t<figcaption>UF3A3-700B<br\/>10X10X3<\/figcaption>\n\n\t\t<\/figure>\n\t<\/a>\n\n\t<\/a>\n<\/li>\n<li class=\"first post-10262 product type-product status-publish product_cat-dc-fan wpautop  instock shipping-taxable product-type-simple\">\n\n\t<a href=\"https:\/\/sunonusa.pulsechat.com\/es\/product\/dc-fan-120x120x25-59\/\" class=\"woocommerce-LoopProduct-link woocommerce-loop-product__link\">\n\t<a href=\"https:\/\/sunonusa.pulsechat.com\/es\/product\/dc-fan-120x120x25-59\/\">\n\t\t<figure>\n\t\t<span class=\"et_shop_image\"><img src='https:\/\/sunonusa.pulsechat.com\/wp-content\/themes\/sunon\/pictures\/dummy-product.jpg'><span class=\"et_overlay\"><\/span><\/span>\t\t\t\t<figcaption>MEC0252V1-000U-F99<br\/>120X120X25<\/figcaption>\n\n\t\t<\/figure>\n\t<\/a>\n\n\t<\/a>\n<\/li>\n<li class=\"post-10263 product type-product status-publish product_cat-dc-fan wpautop last instock shipping-taxable product-type-simple\">\n\n\t<a href=\"https:\/\/sunonusa.pulsechat.com\/es\/product\/dc-fan-120x120x25-60\/\" class=\"woocommerce-LoopProduct-link woocommerce-loop-product__link\">\n\t<a href=\"https:\/\/sunonusa.pulsechat.com\/es\/product\/dc-fan-120x120x25-60\/\">\n\t\t<figure>\n\t\t<span class=\"et_shop_image\"><img src='https:\/\/sunonusa.pulsechat.com\/wp-content\/themes\/sunon\/pictures\/dummy-product.jpg'><span class=\"et_overlay\"><\/span><\/span>\t\t\t\t<figcaption>MEC0252V1-000U-G99<br\/>120X120X25<\/figcaption>\n\n\t\t<\/figure>\n\t<\/a>\n\n\t<\/a>\n<\/li>\n<li class=\"first post-10264 product type-product status-publish product_cat-dc-fan wpautop  instock shipping-taxable product-type-simple\">\n\n\t<a href=\"https:\/\/sunonusa.pulsechat.com\/es\/product\/dc-fan-120x120x25-61\/\" class=\"woocommerce-LoopProduct-link woocommerce-loop-product__link\">\n\t<a href=\"https:\/\/sunonusa.pulsechat.com\/es\/product\/dc-fan-120x120x25-61\/\">\n\t\t<figure>\n\t\t<span class=\"et_shop_image\"><img src='https:\/\/sunonusa.pulsechat.com\/wp-content\/themes\/sunon\/pictures\/dummy-product.jpg'><span class=\"et_overlay\"><\/span><\/span>\t\t\t\t<figcaption>MEC0252V2-000U-F99<br\/>120X120X25<\/figcaption>\n\n\t\t<\/figure>\n\t<\/a>\n\n\t<\/a>\n<\/li>\n<li class=\"post-10265 product type-product status-publish product_cat-dc-fan wpautop last instock shipping-taxable product-type-simple\">\n\n\t<a href=\"https:\/\/sunonusa.pulsechat.com\/es\/product\/dc-fan-120x120x25-62\/\" class=\"woocommerce-LoopProduct-link woocommerce-loop-product__link\">\n\t<a href=\"https:\/\/sunonusa.pulsechat.com\/es\/product\/dc-fan-120x120x25-62\/\">\n\t\t<figure>\n\t\t<span class=\"et_shop_image\"><img src='https:\/\/sunonusa.pulsechat.com\/wp-content\/themes\/sunon\/pictures\/dummy-product.jpg'><span class=\"et_overlay\"><\/span><\/span>\t\t\t\t<figcaption>MEC0252V2-000U-G99<br\/>120X120X25<\/figcaption>\n\n\t\t<\/figure>\n\t<\/a>\n\n\t<\/a>\n<\/li>\n<\/ul><\/div>[vc_column_text]<\/p>\n<h4>Soplador CC <a class=\"button text-left right\" href=\"\/product-category\/dc-blower\/\">Ver todos<\/a><\/h4>\n<p>[\/vc_column_text]<div class=\"woocommerce columns-4 \"><ul class=\"products\"><li class=\"first post-11062 product type-product status-publish product_cat-dc-blower wpautop  instock shipping-taxable product-type-simple\">\n\n\t<a href=\"https:\/\/sunonusa.pulsechat.com\/es\/product\/dc-blower-100x100x25\/\" class=\"woocommerce-LoopProduct-link woocommerce-loop-product__link\">\n\t<a href=\"https:\/\/sunonusa.pulsechat.com\/es\/product\/dc-blower-100x100x25\/\">\n\t\t<figure>\n\t\t<span class=\"et_shop_image\"><img src='https:\/\/sunonusa.pulsechat.com\/wp-content\/themes\/sunon\/pictures\/dummy-product.jpg'><span class=\"et_overlay\"><\/span><\/span>\t\t\t\t<figcaption>AFA0251B1-1B000-H99<br\/>100X100X25<\/figcaption>\n\n\t\t<\/figure>\n\t<\/a>\n\n\t<\/a>\n<\/li>\n<li class=\"post-11063 product type-product status-publish product_cat-dc-blower wpautop last instock shipping-taxable product-type-simple\">\n\n\t<a href=\"https:\/\/sunonusa.pulsechat.com\/es\/product\/dc-blower-100x100x25-2\/\" class=\"woocommerce-LoopProduct-link woocommerce-loop-product__link\">\n\t<a href=\"https:\/\/sunonusa.pulsechat.com\/es\/product\/dc-blower-100x100x25-2\/\">\n\t\t<figure>\n\t\t<span class=\"et_shop_image\"><img src='https:\/\/sunonusa.pulsechat.com\/wp-content\/themes\/sunon\/pictures\/dummy-product.jpg'><span class=\"et_overlay\"><\/span><\/span>\t\t\t\t<figcaption>AFA0251B1-1B000-S99<br\/>100X100X25<\/figcaption>\n\n\t\t<\/figure>\n\t<\/a>\n\n\t<\/a>\n<\/li>\n<li class=\"first post-11064 product type-product status-publish product_cat-dc-blower wpautop  instock shipping-taxable product-type-simple\">\n\n\t<a href=\"https:\/\/sunonusa.pulsechat.com\/es\/product\/dc-blower-100x100x25-3\/\" class=\"woocommerce-LoopProduct-link woocommerce-loop-product__link\">\n\t<a href=\"https:\/\/sunonusa.pulsechat.com\/es\/product\/dc-blower-100x100x25-3\/\">\n\t\t<figure>\n\t\t<span class=\"et_shop_image\"><img src='https:\/\/sunonusa.pulsechat.com\/wp-content\/themes\/sunon\/pictures\/dummy-product.jpg'><span class=\"et_overlay\"><\/span><\/span>\t\t\t\t<figcaption>AFA0251B1-1B00U-H99<br\/>100X100X25<\/figcaption>\n\n\t\t<\/figure>\n\t<\/a>\n\n\t<\/a>\n<\/li>\n<li class=\"post-11065 product type-product status-publish product_cat-dc-blower wpautop last instock shipping-taxable product-type-simple\">\n\n\t<a href=\"https:\/\/sunonusa.pulsechat.com\/es\/product\/dc-blower-100x100x25-4\/\" class=\"woocommerce-LoopProduct-link woocommerce-loop-product__link\">\n\t<a href=\"https:\/\/sunonusa.pulsechat.com\/es\/product\/dc-blower-100x100x25-4\/\">\n\t\t<figure>\n\t\t<span class=\"et_shop_image\"><img src='https:\/\/sunonusa.pulsechat.com\/wp-content\/themes\/sunon\/pictures\/dummy-product.jpg'><span class=\"et_overlay\"><\/span><\/span>\t\t\t\t<figcaption>AFA0251B1-1B00U-S99<br\/>100X100X25<\/figcaption>\n\n\t\t<\/figure>\n\t<\/a>\n\n\t<\/a>\n<\/li>\n<li class=\"first post-609 product type-product status-publish has-post-thumbnail product_cat-dc-blower wpautop  instock shipping-taxable product-type-simple\">\n\n\t<a href=\"https:\/\/sunonusa.pulsechat.com\/es\/product\/dc-blower-120x120x32\/\" class=\"woocommerce-LoopProduct-link woocommerce-loop-product__link\">\n\t<a href=\"https:\/\/sunonusa.pulsechat.com\/es\/product\/dc-blower-120x120x32\/\">\n\t\t<figure>\n\t\t<span class=\"et_shop_image\"><img loading=\"lazy\" decoding=\"async\" width=\"118\" height=\"100\" src=\"https:\/\/sunonusa.pulsechat.com\/wp-content\/uploads\/2015\/08\/PMB4812-118x100.jpg\" class=\"attachment-product-thumb size-product-thumb wp-post-image\" alt=\"\" \/><span class=\"et_overlay\"><\/span><\/span>\t\t\t\t<figcaption>PMB4812PLB3-A (2).GN<br\/>120X120X32<\/figcaption>\n\n\t\t<\/figure>\n\t<\/a>\n\n\t<\/a>\n<\/li>\n<li class=\"post-610 product type-product status-publish has-post-thumbnail product_cat-dc-blower wpautop last instock shipping-taxable product-type-simple\">\n\n\t<a href=\"https:\/\/sunonusa.pulsechat.com\/es\/product\/dc-blower-120x120x32-2\/\" class=\"woocommerce-LoopProduct-link woocommerce-loop-product__link\">\n\t<a href=\"https:\/\/sunonusa.pulsechat.com\/es\/product\/dc-blower-120x120x32-2\/\">\n\t\t<figure>\n\t\t<span class=\"et_shop_image\"><img loading=\"lazy\" decoding=\"async\" width=\"118\" height=\"100\" src=\"https:\/\/sunonusa.pulsechat.com\/wp-content\/uploads\/2015\/08\/PMB2412-118x100.jpg\" class=\"attachment-product-thumb size-product-thumb wp-post-image\" alt=\"\" \/><span class=\"et_overlay\"><\/span><\/span>\t\t\t\t<figcaption>PMB2412PLB3-A (2).GN<br\/>120X120X32<\/figcaption>\n\n\t\t<\/figure>\n\t<\/a>\n\n\t<\/a>\n<\/li>\n<li class=\"first post-611 product type-product status-publish has-post-thumbnail product_cat-dc-blower wpautop  instock shipping-taxable product-type-simple\">\n\n\t<a href=\"https:\/\/sunonusa.pulsechat.com\/es\/product\/dc-blower-120x120x32-3\/\" class=\"woocommerce-LoopProduct-link woocommerce-loop-product__link\">\n\t<a href=\"https:\/\/sunonusa.pulsechat.com\/es\/product\/dc-blower-120x120x32-3\/\">\n\t\t<figure>\n\t\t<span class=\"et_shop_image\"><img loading=\"lazy\" decoding=\"async\" width=\"118\" height=\"100\" src=\"https:\/\/sunonusa.pulsechat.com\/wp-content\/uploads\/2015\/08\/PMB2412-118x100.jpg\" class=\"attachment-product-thumb size-product-thumb wp-post-image\" alt=\"\" \/><span class=\"et_overlay\"><\/span><\/span>\t\t\t\t<figcaption>PMB2412PLB2-A (2).GN<br\/>120X120X32<\/figcaption>\n\n\t\t<\/figure>\n\t<\/a>\n\n\t<\/a>\n<\/li>\n<li class=\"post-612 product type-product status-publish has-post-thumbnail product_cat-dc-blower wpautop last instock shipping-taxable product-type-simple\">\n\n\t<a href=\"https:\/\/sunonusa.pulsechat.com\/es\/product\/dc-blower-120x120x32-4\/\" class=\"woocommerce-LoopProduct-link woocommerce-loop-product__link\">\n\t<a href=\"https:\/\/sunonusa.pulsechat.com\/es\/product\/dc-blower-120x120x32-4\/\">\n\t\t<figure>\n\t\t<span class=\"et_shop_image\"><img loading=\"lazy\" decoding=\"async\" width=\"118\" height=\"100\" src=\"https:\/\/sunonusa.pulsechat.com\/wp-content\/uploads\/2015\/08\/PMB1212-118x100.jpg\" class=\"attachment-product-thumb size-product-thumb wp-post-image\" alt=\"\" \/><span class=\"et_overlay\"><\/span><\/span>\t\t\t\t<figcaption>PMB1212PLB3-A (2).GN<br\/>120X120X32<\/figcaption>\n\n\t\t<\/figure>\n\t<\/a>\n\n\t<\/a>\n<\/li>\n<\/ul><\/div>[\/vc_column][\/vc_row][vc_row][vc_column][\/vc_column][\/vc_row]<\/p>\n","protected":false},"excerpt":{"rendered":"<p>[vc_row el_id=\u00bbcataloque\u00bb el_class=\u00bbcataloque\u00bb][vc_column][vc_column_text]En su b\u00fasqueda de calidad superior con innovaci\u00f3n, SUNON se ve recompensado con su posici\u00f3n n\u00famero 1 en cuota de mercado.[\/vc_column_text][vc_column_text]Durante d\u00e9cadas, SUNON se ha enfocado de forma constante en su tecnolog\u00eda de motor central, y como resultado, hemos acumulado varios inventos e innovaciones en este \u00e1mbito. Ahora ofrecemos las series de Ventiladores [&hellip;]<\/p>\n","protected":false},"author":7,"featured_media":0,"parent":0,"menu_order":0,"comment_status":"closed","ping_status":"closed","template":"","meta":{"_et_pb_use_builder":"","_et_pb_old_content":"","_et_gb_content_width":"","_monsterinsights_skip_tracking":false,"_monsterinsights_sitenote_active":false,"_monsterinsights_sitenote_note":"","_monsterinsights_sitenote_category":0,"ngg_post_thumbnail":0,"footnotes":""},"class_list":["post-3900","page","type-page","status-publish","hentry","wpautop"],"yoast_head":"<!-- This site is optimized with the Yoast SEO plugin v22.8 - https:\/\/yoast.com\/wordpress\/plugins\/seo\/ -->\n<title>Ventilador y Soplador CC | Sunon Inc.<\/title>\n<meta name=\"robots\" content=\"noindex, follow, max-snippet:-1, max-image-preview:large, max-video-preview:-1\" \/>\n<meta property=\"og:locale\" content=\"es_ES\" \/>\n<meta property=\"og:type\" content=\"article\" \/>\n<meta property=\"og:title\" content=\"Ventilador y Soplador CC | Sunon Inc.\" \/>\n<meta property=\"og:description\" content=\"[vc_row el_id=\u00bbcataloque\u00bb el_class=\u00bbcataloque\u00bb][vc_column][vc_column_text]En su b\u00fasqueda de calidad superior con innovaci\u00f3n, SUNON se ve recompensado con su posici\u00f3n n\u00famero 1 en cuota de mercado.[\/vc_column_text][vc_column_text]Durante d\u00e9cadas, SUNON se ha enfocado de forma constante en su tecnolog\u00eda de motor central, y como resultado, hemos acumulado varios inventos e innovaciones en este \u00e1mbito. Ahora ofrecemos las series de Ventiladores [&hellip;]\" \/>\n<meta property=\"og:url\" content=\"https:\/\/sunonusa.pulsechat.com\/es\/dc-fan-blower\/\" \/>\n<meta property=\"og:site_name\" content=\"Sunon Inc.\" \/>\n<meta property=\"article:modified_time\" content=\"2018-07-17T22:24:14+00:00\" \/>\n<meta property=\"og:image\" content=\"https:\/\/sunonusa.pulsechat.com\/wp-content\/uploads\/2015\/11\/sunon-logo-1.jpg\" \/>\n\t<meta property=\"og:image:width\" content=\"565\" \/>\n\t<meta property=\"og:image:height\" content=\"109\" \/>\n\t<meta property=\"og:image:type\" content=\"image\/jpeg\" \/>\n<meta name=\"twitter:card\" content=\"summary_large_image\" \/>\n<meta name=\"twitter:label1\" content=\"Tiempo de lectura\" \/>\n\t<meta name=\"twitter:data1\" content=\"1 minuto\" \/>\n<script type=\"application\/ld+json\" class=\"yoast-schema-graph\">{\"@context\":\"https:\/\/schema.org\",\"@graph\":[{\"@type\":\"WebPage\",\"@id\":\"https:\/\/sunonusa.pulsechat.com\/es\/dc-fan-blower\/\",\"url\":\"https:\/\/sunonusa.pulsechat.com\/es\/dc-fan-blower\/\",\"name\":\"Ventilador y Soplador CC | Sunon Inc.\",\"isPartOf\":{\"@id\":\"https:\/\/sunonusa.pulsechat.com\/#website\"},\"datePublished\":\"2015-09-22T05:43:41+00:00\",\"dateModified\":\"2018-07-17T22:24:14+00:00\",\"breadcrumb\":{\"@id\":\"https:\/\/sunonusa.pulsechat.com\/es\/dc-fan-blower\/#breadcrumb\"},\"inLanguage\":\"es\",\"potentialAction\":[{\"@type\":\"ReadAction\",\"target\":[\"https:\/\/sunonusa.pulsechat.com\/es\/dc-fan-blower\/\"]}]},{\"@type\":\"BreadcrumbList\",\"@id\":\"https:\/\/sunonusa.pulsechat.com\/es\/dc-fan-blower\/#breadcrumb\",\"itemListElement\":[{\"@type\":\"ListItem\",\"position\":1,\"name\":\"Home\",\"item\":\"https:\/\/sunonusa.pulsechat.com\/es\/?page_id=12550\"},{\"@type\":\"ListItem\",\"position\":2,\"name\":\"Ventilador y Soplador CC\"}]},{\"@type\":\"WebSite\",\"@id\":\"https:\/\/sunonusa.pulsechat.com\/#website\",\"url\":\"https:\/\/sunonusa.pulsechat.com\/\",\"name\":\"Sunon Inc.\",\"description\":\"\",\"publisher\":{\"@id\":\"https:\/\/sunonusa.pulsechat.com\/#organization\"},\"potentialAction\":[{\"@type\":\"SearchAction\",\"target\":{\"@type\":\"EntryPoint\",\"urlTemplate\":\"https:\/\/sunonusa.pulsechat.com\/?s={search_term_string}\"},\"query-input\":\"required name=search_term_string\"}],\"inLanguage\":\"es\"},{\"@type\":\"Organization\",\"@id\":\"https:\/\/sunonusa.pulsechat.com\/#organization\",\"name\":\"Sunon USA\",\"url\":\"https:\/\/sunonusa.pulsechat.com\/\",\"logo\":{\"@type\":\"ImageObject\",\"inLanguage\":\"es\",\"@id\":\"https:\/\/sunonusa.pulsechat.com\/#\/schema\/logo\/image\/\",\"url\":\"https:\/\/www.sunonusa.com\/wp-content\/uploads\/2015\/11\/sunon-logo-1.jpg\",\"contentUrl\":\"https:\/\/www.sunonusa.com\/wp-content\/uploads\/2015\/11\/sunon-logo-1.jpg\",\"width\":565,\"height\":109,\"caption\":\"Sunon USA\"},\"image\":{\"@id\":\"https:\/\/sunonusa.pulsechat.com\/#\/schema\/logo\/image\/\"}}]}<\/script>\n<!-- \/ Yoast SEO plugin. -->","yoast_head_json":{"title":"Ventilador y Soplador CC | Sunon Inc.","robots":{"index":"noindex","follow":"follow","max-snippet":"max-snippet:-1","max-image-preview":"max-image-preview:large","max-video-preview":"max-video-preview:-1"},"og_locale":"es_ES","og_type":"article","og_title":"Ventilador y Soplador CC | Sunon Inc.","og_description":"[vc_row el_id=\u00bbcataloque\u00bb el_class=\u00bbcataloque\u00bb][vc_column][vc_column_text]En su b\u00fasqueda de calidad superior con innovaci\u00f3n, SUNON se ve recompensado con su posici\u00f3n n\u00famero 1 en cuota de mercado.[\/vc_column_text][vc_column_text]Durante d\u00e9cadas, SUNON se ha enfocado de forma constante en su tecnolog\u00eda de motor central, y como resultado, hemos acumulado varios inventos e innovaciones en este \u00e1mbito. Ahora ofrecemos las series de Ventiladores [&hellip;]","og_url":"https:\/\/sunonusa.pulsechat.com\/es\/dc-fan-blower\/","og_site_name":"Sunon Inc.","article_modified_time":"2018-07-17T22:24:14+00:00","og_image":[{"width":565,"height":109,"url":"https:\/\/sunonusa.pulsechat.com\/wp-content\/uploads\/2015\/11\/sunon-logo-1.jpg","type":"image\/jpeg"}],"twitter_card":"summary_large_image","twitter_misc":{"Tiempo de lectura":"1 minuto"},"schema":{"@context":"https:\/\/schema.org","@graph":[{"@type":"WebPage","@id":"https:\/\/sunonusa.pulsechat.com\/es\/dc-fan-blower\/","url":"https:\/\/sunonusa.pulsechat.com\/es\/dc-fan-blower\/","name":"Ventilador y Soplador CC | Sunon Inc.","isPartOf":{"@id":"https:\/\/sunonusa.pulsechat.com\/#website"},"datePublished":"2015-09-22T05:43:41+00:00","dateModified":"2018-07-17T22:24:14+00:00","breadcrumb":{"@id":"https:\/\/sunonusa.pulsechat.com\/es\/dc-fan-blower\/#breadcrumb"},"inLanguage":"es","potentialAction":[{"@type":"ReadAction","target":["https:\/\/sunonusa.pulsechat.com\/es\/dc-fan-blower\/"]}]},{"@type":"BreadcrumbList","@id":"https:\/\/sunonusa.pulsechat.com\/es\/dc-fan-blower\/#breadcrumb","itemListElement":[{"@type":"ListItem","position":1,"name":"Home","item":"https:\/\/sunonusa.pulsechat.com\/es\/?page_id=12550"},{"@type":"ListItem","position":2,"name":"Ventilador y Soplador CC"}]},{"@type":"WebSite","@id":"https:\/\/sunonusa.pulsechat.com\/#website","url":"https:\/\/sunonusa.pulsechat.com\/","name":"Sunon Inc.","description":"","publisher":{"@id":"https:\/\/sunonusa.pulsechat.com\/#organization"},"potentialAction":[{"@type":"SearchAction","target":{"@type":"EntryPoint","urlTemplate":"https:\/\/sunonusa.pulsechat.com\/?s={search_term_string}"},"query-input":"required name=search_term_string"}],"inLanguage":"es"},{"@type":"Organization","@id":"https:\/\/sunonusa.pulsechat.com\/#organization","name":"Sunon USA","url":"https:\/\/sunonusa.pulsechat.com\/","logo":{"@type":"ImageObject","inLanguage":"es","@id":"https:\/\/sunonusa.pulsechat.com\/#\/schema\/logo\/image\/","url":"https:\/\/www.sunonusa.com\/wp-content\/uploads\/2015\/11\/sunon-logo-1.jpg","contentUrl":"https:\/\/www.sunonusa.com\/wp-content\/uploads\/2015\/11\/sunon-logo-1.jpg","width":565,"height":109,"caption":"Sunon USA"},"image":{"@id":"https:\/\/sunonusa.pulsechat.com\/#\/schema\/logo\/image\/"}}]}},"_links":{"self":[{"href":"https:\/\/sunonusa.pulsechat.com\/es\/wp-json\/wp\/v2\/pages\/3900","targetHints":{"allow":["GET"]}}],"collection":[{"href":"https:\/\/sunonusa.pulsechat.com\/es\/wp-json\/wp\/v2\/pages"}],"about":[{"href":"https:\/\/sunonusa.pulsechat.com\/es\/wp-json\/wp\/v2\/types\/page"}],"author":[{"embeddable":true,"href":"https:\/\/sunonusa.pulsechat.com\/es\/wp-json\/wp\/v2\/users\/7"}],"replies":[{"embeddable":true,"href":"https:\/\/sunonusa.pulsechat.com\/es\/wp-json\/wp\/v2\/comments?post=3900"}],"version-history":[{"count":0,"href":"https:\/\/sunonusa.pulsechat.com\/es\/wp-json\/wp\/v2\/pages\/3900\/revisions"}],"wp:attachment":[{"href":"https:\/\/sunonusa.pulsechat.com\/es\/wp-json\/wp\/v2\/media?parent=3900"}],"curies":[{"name":"wp","href":"https:\/\/api.w.org\/{rel}","templated":true}]}}