{"id":3882,"date":"2015-08-19T13:19:43","date_gmt":"2015-08-19T13:19:43","guid":{"rendered":"https:\/\/www.sunonusa.com\/certifications\/"},"modified":"2018-07-17T14:16:46","modified_gmt":"2018-07-17T21:16:46","slug":"certifications","status":"publish","type":"page","link":"https:\/\/sunonusa.pulsechat.com\/es\/certifications\/","title":{"rendered":"Certificaciones"},"content":{"rendered":"<p>[vc_row][vc_column][vc_column_text]Aseguramiento de la Calidad<\/p>\n<p>Los productos se fabrican en instalaciones certificadas ISO9001:2000 e ISO4001 para garantizar excelentes est\u00e1ndares de calidad y procesos, y para cumplir con los requisitos medioambientales a nivel mundial. Para garantizar la m\u00e1s alta calidad, la compa\u00f1\u00eda ha unificado sus operaciones y est\u00e1ndares de proceso para control de producci\u00f3n y calidad. Su fuerza de trabajo tambi\u00e9n recibe capacitaci\u00f3n rigurosa en m\u00e9todos de calidad, as\u00ed como en la operaci\u00f3n de los sofisticados equipos de fabricaci\u00f3n en sus instalaciones. El resultado es una fuerza de trabajo de fabricaci\u00f3n altamente capacitada, capaz de implementar los estrictos est\u00e1ndares de calidad de la compa\u00f1\u00eda. Sunon tambi\u00e9n audita todos los procesos de fabricaci\u00f3n y proporciona pruebas completas de productos 100 por ciento en l\u00ednea.[\/vc_column_text][vc_column_text]<\/p>\n<table border=\"1\" width=\"682\" cellspacing=\"0\" cellpadding=\"0\">\n<tbody>\n<tr>\n<th class=\"copy2-gray666-12\" scope=\"col\" bgcolor=\"#CCCCCC\">\n<div align=\"center\">F\u00e1brica<\/div>\n<\/th>\n<th class=\"copy2-gray666-12\" scope=\"col\" bgcolor=\"#CCCCCC\">\n<div align=\"center\">Documentos de certificaci\u00f3n<\/div>\n<\/th>\n<th class=\"copy2-gray666-12\" scope=\"col\" bgcolor=\"#CCCCCC\">\n<div align=\"center\">Fecha de emisi\u00f3n<\/div>\n<\/th>\n<th class=\"copy2-gray666-12\" scope=\"col\" bgcolor=\"#CCCCCC\">\n<div align=\"center\">Descargar<\/div>\n<\/th>\n<\/tr>\n<tr>\n<td class=\"copy2-gray666-12\" rowspan=\"6\">\n<div align=\"center\">Foshan (China)<\/div>\n<\/td>\n<td class=\"copy2-gray666-12\">\n<div align=\"center\">ISO 9001:2008<\/div>\n<\/td>\n<td class=\"copy2-gray666-12\">\n<div align=\"center\">2012\/08\/31<\/div>\n<\/td>\n<td class=\"copy2-gray666-12\">\n<div align=\"center\"><a href=\"https:\/\/www.sunonusa.com\/wp-content\/uploads\/2015\/10\/ISO-9001.pdf\" target=\"_blank\" rel=\"noopener\">PDF<\/a><\/div>\n<\/td>\n<\/tr>\n<tr>\n<td class=\"copy2-gray666-12\">\n<div align=\"center\">ISO 14001: 2004<\/div>\n<\/td>\n<td class=\"copy2-gray666-12\">\n<div align=\"center\">2014\/01\/14<\/div>\n<\/td>\n<td class=\"copy2-gray666-12\">\n<div align=\"center\"><a href=\"https:\/\/www.sunonusa.com\/wp-content\/uploads\/2015\/10\/ISO-14001.pdf\" target=\"_blank\" rel=\"noopener\">PDF<\/a><\/div>\n<\/td>\n<\/tr>\n<tr>\n<td class=\"copy2-gray666-12\">\n<div align=\"center\">OHSAS 18001:2007<\/div>\n<\/td>\n<td class=\"copy2-gray666-12\">\n<div align=\"center\">2014\/02\/18<\/div>\n<\/td>\n<td class=\"copy2-gray666-12\">\n<div align=\"center\"><a href=\"https:\/\/www.sunonusa.com\/wp-content\/uploads\/2015\/10\/OHSAS-18001.pdf\" target=\"_blank\" rel=\"noopener\">PDF<\/a><\/div>\n<\/td>\n<\/tr>\n<tr>\n<td class=\"copy2-gray666-12\">\n<div align=\"center\">TS 16949:2009<\/div>\n<\/td>\n<td class=\"copy2-gray666-12\">\n<div align=\"center\">2012\/08\/01<\/div>\n<\/td>\n<td class=\"copy2-gray666-12\">\n<div align=\"center\"><a href=\"https:\/\/www.sunonusa.com\/wp-content\/uploads\/2015\/10\/TS-16949_foshan.pdf\" target=\"_blank\" rel=\"noopener\">PDF<\/a><\/div>\n<\/td>\n<\/tr>\n<tr>\n<td class=\"copy2-gray666-12\">\n<div align=\"center\">IECQ QC 080000:2005(Foshan)<\/div>\n<\/td>\n<td class=\"copy2-gray666-12\">\n<div align=\"center\">2014\/03\/12<\/div>\n<\/td>\n<td class=\"copy2-gray666-12\">\n<div align=\"center\"><a href=\"https:\/\/www.sunonusa.com\/wp-content\/uploads\/2015\/10\/IECQ-Foshan.pdf\" target=\"_blank\" rel=\"noopener\">PDF<\/a><\/div>\n<\/td>\n<\/tr>\n<tr>\n<td class=\"copy2-gray666-12\">\n<div align=\"center\">Cumplimiento con EICC<\/div>\n<\/td>\n<td class=\"copy2-gray666-12\">\n<div align=\"center\">&#8212;<\/div>\n<\/td>\n<td class=\"copy2-gray666-12\">\n<div align=\"center\">&#8212;<\/div>\n<\/td>\n<\/tr>\n<tr>\n<td class=\"copy2-gray666-12\" rowspan=\"6\">\n<div align=\"center\">Kunshan (China)<\/div>\n<\/td>\n<td class=\"copy2-gray666-12\">\n<div align=\"center\">ISO 9001:2008<\/div>\n<\/td>\n<td class=\"copy2-gray666-12\">\n<div align=\"center\">2012\/08\/31<\/div>\n<\/td>\n<td class=\"copy2-gray666-12\">\n<div align=\"center\"><a href=\"https:\/\/www.sunonusa.com\/wp-content\/uploads\/2015\/10\/ISO-9001.pdf\" target=\"_blank\" rel=\"noopener\">PDF<\/a><\/div>\n<\/td>\n<\/tr>\n<tr>\n<td class=\"copy2-gray666-12\">\n<div align=\"center\">ISO 14001: 2004<\/div>\n<\/td>\n<td class=\"copy2-gray666-12\">\n<div align=\"center\">2014\/01\/14<\/div>\n<\/td>\n<td class=\"copy2-gray666-12\">\n<div align=\"center\"><a href=\"https:\/\/www.sunonusa.com\/wp-content\/uploads\/2015\/10\/ISO-14001.pdf\" target=\"_blank\" rel=\"noopener\">PDF<\/a><\/div>\n<\/td>\n<\/tr>\n<tr>\n<td class=\"copy2-gray666-12\">\n<div align=\"center\">OHSAS 18001:2007<\/div>\n<\/td>\n<td class=\"copy2-gray666-12\">\n<div align=\"center\">2014\/02\/18<\/div>\n<\/td>\n<td class=\"copy2-gray666-12\">\n<div align=\"center\"><a href=\"https:\/\/www.sunonusa.com\/wp-content\/uploads\/2015\/10\/OHSAS-18001.pdf\" target=\"_blank\" rel=\"noopener\">PDF<\/a><\/div>\n<\/td>\n<\/tr>\n<tr>\n<td class=\"copy2-gray666-12\">\n<div align=\"center\">TS 16949:2009<\/div>\n<\/td>\n<td class=\"copy2-gray666-12\">\n<div align=\"center\">2012\/08\/01<\/div>\n<\/td>\n<td class=\"copy2-gray666-12\">\n<div align=\"center\"><a href=\"https:\/\/www.sunonusa.com\/wp-content\/uploads\/2015\/10\/TS-16949_kunshan.pdf\" target=\"_blank\" rel=\"noopener\">PDF<\/a><\/div>\n<\/td>\n<\/tr>\n<tr>\n<td class=\"copy2-gray666-12\">\n<div align=\"center\">IECQ-QC 080000\uff1a2005 (Kunshan)<\/div>\n<\/td>\n<td class=\"copy2-gray666-12\">\n<div align=\"center\">2014\/03\/12<\/div>\n<\/td>\n<td class=\"copy2-gray666-12\">\n<div align=\"center\"><a href=\"https:\/\/www.sunonusa.com\/wp-content\/uploads\/2015\/10\/IECQ-Kunshan.pdf\" target=\"_blank\" rel=\"noopener\">PDF<\/a><\/div>\n<\/td>\n<\/tr>\n<tr>\n<td class=\"copy2-gray666-12\">\n<div align=\"center\">Cumplimiento con EICC<\/div>\n<\/td>\n<td class=\"copy2-gray666-12\">\n<div align=\"center\">&#8212;<\/div>\n<\/td>\n<td class=\"copy2-gray666-12\">\n<div align=\"center\">&#8212;<\/div>\n<\/td>\n<\/tr>\n<tr>\n<td class=\"copy2-gray666-12\" rowspan=\"5\">\n<div align=\"center\">Beihai (China)<\/div>\n<\/td>\n<td class=\"copy2-gray666-12\">\n<div align=\"center\">ISO 9001:2008<\/div>\n<\/td>\n<td class=\"copy2-gray666-12\">\n<div align=\"center\">2012\/08\/31<\/div>\n<\/td>\n<td class=\"copy2-gray666-12\">\n<div align=\"center\"><a href=\"https:\/\/www.sunonusa.com\/wp-content\/uploads\/2015\/10\/ISO-9001.pdf\" target=\"_blank\" rel=\"noopener\">PDF<\/a><\/div>\n<\/td>\n<\/tr>\n<tr>\n<td class=\"copy2-gray666-12\">\n<div align=\"center\">ISO 14001: 2004<\/div>\n<\/td>\n<td class=\"copy2-gray666-12\">\n<div align=\"center\">2014\/01\/14<\/div>\n<\/td>\n<td class=\"copy2-gray666-12\">\n<div align=\"center\"><a href=\"https:\/\/www.sunonusa.com\/wp-content\/uploads\/2015\/10\/ISO-14001.pdf\" target=\"_blank\" rel=\"noopener\">PDF<\/a><\/div>\n<\/td>\n<\/tr>\n<tr>\n<td class=\"copy2-gray666-12\">\n<div align=\"center\">OHSAS 18001:2007<\/div>\n<\/td>\n<td class=\"copy2-gray666-12\">\n<div align=\"center\">2014\/02\/18<\/div>\n<\/td>\n<td class=\"copy2-gray666-12\">\n<div align=\"center\"><a href=\"https:\/\/www.sunonusa.com\/wp-content\/uploads\/2015\/10\/OHSAS-18001.pdf\" target=\"_blank\" rel=\"noopener\">PDF<\/a><\/div>\n<\/td>\n<\/tr>\n<tr>\n<td class=\"copy2-gray666-12\">\n<div align=\"center\">IECQ-QC 080000\uff1a2005 (BeiHai)<\/div>\n<\/td>\n<td class=\"copy2-gray666-12\">\n<div align=\"center\">2014\/03\/12<\/div>\n<\/td>\n<td class=\"copy2-gray666-12\">\n<div align=\"center\"><a href=\"https:\/\/www.sunonusa.com\/wp-content\/uploads\/2015\/10\/IECQ-BeiHai.pdf\" target=\"_blank\" rel=\"noopener\">PDF<\/a><\/div>\n<\/td>\n<\/tr>\n<tr>\n<td class=\"copy2-gray666-12\">\n<div align=\"center\">Cumplimiento con EICC<\/div>\n<\/td>\n<td class=\"copy2-gray666-12\">\n<div align=\"center\">&#8212;<\/div>\n<\/td>\n<td class=\"copy2-gray666-12\">\n<div align=\"center\">&#8212;<\/div>\n<\/td>\n<\/tr>\n<tr>\n<td class=\"copy2-gray666-12\" rowspan=\"5\">\n<div align=\"center\">Kaohsiung (Taiwan)<\/div>\n<\/td>\n<td class=\"copy2-gray666-12\">\n<div align=\"center\">ISO 9001:2008<\/div>\n<\/td>\n<td class=\"copy2-gray666-12\">\n<div align=\"center\">2012\/08\/31<\/div>\n<\/td>\n<td class=\"copy2-gray666-12\">\n<div align=\"center\"><a href=\"https:\/\/www.sunonusa.com\/wp-content\/uploads\/2015\/10\/ISO-9001.pdf\" target=\"_blank\" rel=\"noopener\">PDF<\/a><\/div>\n<\/td>\n<\/tr>\n<tr>\n<td class=\"copy2-gray666-12\">\n<div align=\"center\">ISO 14001: 2004<\/div>\n<\/td>\n<td class=\"copy2-gray666-12\">\n<div align=\"center\">2014\/01\/14<\/div>\n<\/td>\n<td class=\"copy2-gray666-12\">\n<div align=\"center\"><a href=\"https:\/\/www.sunonusa.com\/wp-content\/uploads\/2015\/10\/ISO-14001.pdf\" target=\"_blank\" rel=\"noopener\">PDF<\/a><\/div>\n<\/td>\n<\/tr>\n<tr>\n<td class=\"copy2-gray666-12\">\n<div align=\"center\">OHSAS 18001:2007<\/div>\n<\/td>\n<td class=\"copy2-gray666-12\">\n<div align=\"center\">2014\/02\/18<\/div>\n<\/td>\n<td class=\"copy2-gray666-12\">\n<div align=\"center\"><a href=\"https:\/\/www.sunonusa.com\/wp-content\/uploads\/2015\/10\/OHSAS-18001.pdf\" target=\"_blank\" rel=\"noopener\">PDF<\/a><\/div>\n<\/td>\n<\/tr>\n<tr>\n<td class=\"copy2-gray666-12\">\n<div align=\"center\">IECQ-QC 080000\uff1a2005 (Kaohsiung)<\/div>\n<\/td>\n<td class=\"copy2-gray666-12\">\n<div align=\"center\">2014\/03\/12<\/div>\n<\/td>\n<td class=\"copy2-gray666-12\">\n<div align=\"center\"><a href=\"https:\/\/www.sunonusa.com\/wp-content\/uploads\/2015\/10\/IECQ-Kaohsiung.pdf\" target=\"_blank\" rel=\"noopener\">PDF<\/a><\/div>\n<\/td>\n<\/tr>\n<tr>\n<td class=\"copy2-gray666-12\">\n<div align=\"center\">Cumplimiento con EICC<\/div>\n<\/td>\n<td class=\"copy2-gray666-12\">\n<div align=\"center\">&#8212;<\/div>\n<\/td>\n<td class=\"copy2-gray666-12\">\n<div align=\"center\">&#8212;<\/div>\n<\/td>\n<\/tr>\n<\/tbody>\n<\/table>\n<p>[\/vc_column_text][\/vc_column][\/vc_row]<\/p>\n","protected":false},"excerpt":{"rendered":"<p>[vc_row][vc_column][vc_column_text]Aseguramiento de la Calidad Los productos se fabrican en instalaciones certificadas ISO9001:2000 e ISO4001 para garantizar excelentes est\u00e1ndares de calidad y procesos, y para cumplir con los requisitos medioambientales a nivel mundial. Para garantizar la m\u00e1s alta calidad, la compa\u00f1\u00eda ha unificado sus operaciones y est\u00e1ndares de proceso para control de producci\u00f3n y calidad. Su [&hellip;]<\/p>\n","protected":false},"author":7,"featured_media":0,"parent":0,"menu_order":0,"comment_status":"closed","ping_status":"closed","template":"","meta":{"_et_pb_use_builder":"","_et_pb_old_content":"","_et_gb_content_width":"","_monsterinsights_skip_tracking":false,"_monsterinsights_sitenote_active":false,"_monsterinsights_sitenote_note":"","_monsterinsights_sitenote_category":0,"ngg_post_thumbnail":0,"footnotes":""},"class_list":["post-3882","page","type-page","status-publish","hentry","wpautop"],"yoast_head":"<!-- This site is optimized with the Yoast SEO plugin v22.8 - https:\/\/yoast.com\/wordpress\/plugins\/seo\/ -->\n<title>Certificaciones | Sunon Inc.<\/title>\n<meta name=\"robots\" content=\"noindex, follow, max-snippet:-1, max-image-preview:large, max-video-preview:-1\" \/>\n<meta property=\"og:locale\" content=\"es_ES\" \/>\n<meta property=\"og:type\" content=\"article\" \/>\n<meta property=\"og:title\" content=\"Certificaciones | Sunon Inc.\" \/>\n<meta property=\"og:description\" content=\"[vc_row][vc_column][vc_column_text]Aseguramiento de la Calidad Los productos se fabrican en instalaciones certificadas ISO9001:2000 e ISO4001 para garantizar excelentes est\u00e1ndares de calidad y procesos, y para cumplir con los requisitos medioambientales a nivel mundial. Para garantizar la m\u00e1s alta calidad, la compa\u00f1\u00eda ha unificado sus operaciones y est\u00e1ndares de proceso para control de producci\u00f3n y calidad. Su [&hellip;]\" \/>\n<meta property=\"og:url\" content=\"https:\/\/sunonusa.pulsechat.com\/es\/certifications\/\" \/>\n<meta property=\"og:site_name\" content=\"Sunon Inc.\" \/>\n<meta property=\"article:modified_time\" content=\"2018-07-17T21:16:46+00:00\" \/>\n<meta property=\"og:image\" content=\"https:\/\/sunonusa.pulsechat.com\/wp-content\/uploads\/2015\/11\/sunon-logo-1.jpg\" \/>\n\t<meta property=\"og:image:width\" content=\"565\" \/>\n\t<meta property=\"og:image:height\" content=\"109\" \/>\n\t<meta property=\"og:image:type\" content=\"image\/jpeg\" \/>\n<meta name=\"twitter:card\" content=\"summary_large_image\" \/>\n<meta name=\"twitter:label1\" content=\"Tiempo de lectura\" \/>\n\t<meta name=\"twitter:data1\" content=\"1 minuto\" \/>\n<script type=\"application\/ld+json\" class=\"yoast-schema-graph\">{\"@context\":\"https:\/\/schema.org\",\"@graph\":[{\"@type\":\"WebPage\",\"@id\":\"https:\/\/sunonusa.pulsechat.com\/es\/certifications\/\",\"url\":\"https:\/\/sunonusa.pulsechat.com\/es\/certifications\/\",\"name\":\"Certificaciones | Sunon Inc.\",\"isPartOf\":{\"@id\":\"https:\/\/sunonusa.pulsechat.com\/#website\"},\"datePublished\":\"2015-08-19T13:19:43+00:00\",\"dateModified\":\"2018-07-17T21:16:46+00:00\",\"breadcrumb\":{\"@id\":\"https:\/\/sunonusa.pulsechat.com\/es\/certifications\/#breadcrumb\"},\"inLanguage\":\"es\",\"potentialAction\":[{\"@type\":\"ReadAction\",\"target\":[\"https:\/\/sunonusa.pulsechat.com\/es\/certifications\/\"]}]},{\"@type\":\"BreadcrumbList\",\"@id\":\"https:\/\/sunonusa.pulsechat.com\/es\/certifications\/#breadcrumb\",\"itemListElement\":[{\"@type\":\"ListItem\",\"position\":1,\"name\":\"Home\",\"item\":\"https:\/\/sunonusa.pulsechat.com\/es\/?page_id=12550\"},{\"@type\":\"ListItem\",\"position\":2,\"name\":\"Certificaciones\"}]},{\"@type\":\"WebSite\",\"@id\":\"https:\/\/sunonusa.pulsechat.com\/#website\",\"url\":\"https:\/\/sunonusa.pulsechat.com\/\",\"name\":\"Sunon Inc.\",\"description\":\"\",\"publisher\":{\"@id\":\"https:\/\/sunonusa.pulsechat.com\/#organization\"},\"potentialAction\":[{\"@type\":\"SearchAction\",\"target\":{\"@type\":\"EntryPoint\",\"urlTemplate\":\"https:\/\/sunonusa.pulsechat.com\/?s={search_term_string}\"},\"query-input\":\"required name=search_term_string\"}],\"inLanguage\":\"es\"},{\"@type\":\"Organization\",\"@id\":\"https:\/\/sunonusa.pulsechat.com\/#organization\",\"name\":\"Sunon USA\",\"url\":\"https:\/\/sunonusa.pulsechat.com\/\",\"logo\":{\"@type\":\"ImageObject\",\"inLanguage\":\"es\",\"@id\":\"https:\/\/sunonusa.pulsechat.com\/#\/schema\/logo\/image\/\",\"url\":\"https:\/\/www.sunonusa.com\/wp-content\/uploads\/2015\/11\/sunon-logo-1.jpg\",\"contentUrl\":\"https:\/\/www.sunonusa.com\/wp-content\/uploads\/2015\/11\/sunon-logo-1.jpg\",\"width\":565,\"height\":109,\"caption\":\"Sunon USA\"},\"image\":{\"@id\":\"https:\/\/sunonusa.pulsechat.com\/#\/schema\/logo\/image\/\"}}]}<\/script>\n<!-- \/ Yoast SEO plugin. -->","yoast_head_json":{"title":"Certificaciones | Sunon Inc.","robots":{"index":"noindex","follow":"follow","max-snippet":"max-snippet:-1","max-image-preview":"max-image-preview:large","max-video-preview":"max-video-preview:-1"},"og_locale":"es_ES","og_type":"article","og_title":"Certificaciones | Sunon Inc.","og_description":"[vc_row][vc_column][vc_column_text]Aseguramiento de la Calidad Los productos se fabrican en instalaciones certificadas ISO9001:2000 e ISO4001 para garantizar excelentes est\u00e1ndares de calidad y procesos, y para cumplir con los requisitos medioambientales a nivel mundial. Para garantizar la m\u00e1s alta calidad, la compa\u00f1\u00eda ha unificado sus operaciones y est\u00e1ndares de proceso para control de producci\u00f3n y calidad. Su [&hellip;]","og_url":"https:\/\/sunonusa.pulsechat.com\/es\/certifications\/","og_site_name":"Sunon Inc.","article_modified_time":"2018-07-17T21:16:46+00:00","og_image":[{"width":565,"height":109,"url":"https:\/\/sunonusa.pulsechat.com\/wp-content\/uploads\/2015\/11\/sunon-logo-1.jpg","type":"image\/jpeg"}],"twitter_card":"summary_large_image","twitter_misc":{"Tiempo de lectura":"1 minuto"},"schema":{"@context":"https:\/\/schema.org","@graph":[{"@type":"WebPage","@id":"https:\/\/sunonusa.pulsechat.com\/es\/certifications\/","url":"https:\/\/sunonusa.pulsechat.com\/es\/certifications\/","name":"Certificaciones | Sunon Inc.","isPartOf":{"@id":"https:\/\/sunonusa.pulsechat.com\/#website"},"datePublished":"2015-08-19T13:19:43+00:00","dateModified":"2018-07-17T21:16:46+00:00","breadcrumb":{"@id":"https:\/\/sunonusa.pulsechat.com\/es\/certifications\/#breadcrumb"},"inLanguage":"es","potentialAction":[{"@type":"ReadAction","target":["https:\/\/sunonusa.pulsechat.com\/es\/certifications\/"]}]},{"@type":"BreadcrumbList","@id":"https:\/\/sunonusa.pulsechat.com\/es\/certifications\/#breadcrumb","itemListElement":[{"@type":"ListItem","position":1,"name":"Home","item":"https:\/\/sunonusa.pulsechat.com\/es\/?page_id=12550"},{"@type":"ListItem","position":2,"name":"Certificaciones"}]},{"@type":"WebSite","@id":"https:\/\/sunonusa.pulsechat.com\/#website","url":"https:\/\/sunonusa.pulsechat.com\/","name":"Sunon Inc.","description":"","publisher":{"@id":"https:\/\/sunonusa.pulsechat.com\/#organization"},"potentialAction":[{"@type":"SearchAction","target":{"@type":"EntryPoint","urlTemplate":"https:\/\/sunonusa.pulsechat.com\/?s={search_term_string}"},"query-input":"required name=search_term_string"}],"inLanguage":"es"},{"@type":"Organization","@id":"https:\/\/sunonusa.pulsechat.com\/#organization","name":"Sunon USA","url":"https:\/\/sunonusa.pulsechat.com\/","logo":{"@type":"ImageObject","inLanguage":"es","@id":"https:\/\/sunonusa.pulsechat.com\/#\/schema\/logo\/image\/","url":"https:\/\/www.sunonusa.com\/wp-content\/uploads\/2015\/11\/sunon-logo-1.jpg","contentUrl":"https:\/\/www.sunonusa.com\/wp-content\/uploads\/2015\/11\/sunon-logo-1.jpg","width":565,"height":109,"caption":"Sunon USA"},"image":{"@id":"https:\/\/sunonusa.pulsechat.com\/#\/schema\/logo\/image\/"}}]}},"_links":{"self":[{"href":"https:\/\/sunonusa.pulsechat.com\/es\/wp-json\/wp\/v2\/pages\/3882","targetHints":{"allow":["GET"]}}],"collection":[{"href":"https:\/\/sunonusa.pulsechat.com\/es\/wp-json\/wp\/v2\/pages"}],"about":[{"href":"https:\/\/sunonusa.pulsechat.com\/es\/wp-json\/wp\/v2\/types\/page"}],"author":[{"embeddable":true,"href":"https:\/\/sunonusa.pulsechat.com\/es\/wp-json\/wp\/v2\/users\/7"}],"replies":[{"embeddable":true,"href":"https:\/\/sunonusa.pulsechat.com\/es\/wp-json\/wp\/v2\/comments?post=3882"}],"version-history":[{"count":0,"href":"https:\/\/sunonusa.pulsechat.com\/es\/wp-json\/wp\/v2\/pages\/3882\/revisions"}],"wp:attachment":[{"href":"https:\/\/sunonusa.pulsechat.com\/es\/wp-json\/wp\/v2\/media?parent=3882"}],"curies":[{"name":"wp","href":"https:\/\/api.w.org\/{rel}","templated":true}]}}