{"id":3877,"date":"2015-09-22T12:18:25","date_gmt":"2015-09-22T12:18:25","guid":{"rendered":"https:\/\/www.sunonusa.com\/applications\/automotive\/"},"modified":"2018-07-17T14:08:00","modified_gmt":"2018-07-17T21:08:00","slug":"automotive","status":"publish","type":"page","link":"https:\/\/sunonusa.pulsechat.com\/es\/applications\/automotive\/","title":{"rendered":"Autom\u00f3viles"},"content":{"rendered":"<p>Durante m\u00e1s de 30 a\u00f1os, Sunon ha proporcionado nuestras soluciones de refrigeraci\u00f3n a los principales fabricantes y proveedores de productos electr\u00f3nicos, obteniendo una excelente reputaci\u00f3n como l\u00edder en gesti\u00f3n t\u00e9rmica.<\/p>\n<p>La cartera automotriz actual de Sunon incluye una amplia gama de soluciones de enfriamiento para sistemas de infoentretenimiento, ventilaci\u00f3n de asientos, paquete de bater\u00edas para veh\u00edculos el\u00e9ctricos, paquete de bater\u00edas para veh\u00edculos h\u00edbridos el\u00e9ctricos e iluminaci\u00f3n de cabezales LED. Ofrecemos sopladores de sensores para la calefacci\u00f3n, ventilaci\u00f3n y acondicionadores de aire (HVAC) que extraen el aire de la cabina para obtener una lectura de temperatura, proporcionando a los conductores y pasajeros un control total del clima dentro del veh\u00edculo.<\/p>\n<p><img loading=\"lazy\" decoding=\"async\" class=\"wp-image-2550 size-full alignleft\" src=\"https:\/\/www.sunonusa.com\/wp-content\/uploads\/2015\/09\/AutoCoolingSolution-e1446141957262.png\" alt=\"AutoCoolingSolution\" width=\"671\" height=\"429\" srcset=\"https:\/\/sunonusa.pulsechat.com\/wp-content\/uploads\/2015\/09\/AutoCoolingSolution-e1446141957262.png 671w, https:\/\/sunonusa.pulsechat.com\/wp-content\/uploads\/2015\/09\/AutoCoolingSolution-e1446141957262-600x384.png 600w\" sizes=\"(max-width: 671px) 100vw, 671px\" \/><\/p>\n<p>Ya sea que est\u00e9 buscando una gesti\u00f3n t\u00e9rmica b\u00e1sica o compleja, el equipo automotriz de Sunon trabajar\u00e1 con usted para identificar y crear la soluci\u00f3n que mejor se adapte a sus necesidades. Nuestros ventiladores y sopladores est\u00e1n optimizados para alcanzar el equilibrio perfecto entre flujo de aire, ruido, vibraci\u00f3n, confiabilidad y eficiencia energ\u00e9tica para cada aplicaci\u00f3n. Estamos certificados por ISO\/TS16949 y contamos con una l\u00ednea de producci\u00f3n de fabricaci\u00f3n dise\u00f1ada espec\u00edficamente para aplicaciones automotrices.<\/p>\n<div class=\"video-stage\">\n\t\t\t\t<a href=\"https:\/\/www.youtube.com\/embed\/11njqQYGUdw?version=3\" data-rel=\"lightcase:videoplay\"><img loading=\"lazy\" decoding=\"async\" src=\"http:\/\/img.youtube.com\/vi\/11njqQYGUdw\/maxresdefault.jpg\" width=\"570\" height=\"320\"><\/a>\n\t\t\t<\/div><ul class=\"video-playlist\"><\/ul>\n","protected":false},"excerpt":{"rendered":"<p>Durante m\u00e1s de 30 a\u00f1os, Sunon ha proporcionado nuestras soluciones de refrigeraci\u00f3n a los principales fabricantes y proveedores de productos electr\u00f3nicos, obteniendo una excelente reputaci\u00f3n como l\u00edder en gesti\u00f3n t\u00e9rmica. La cartera automotriz actual de Sunon incluye una amplia gama de soluciones de enfriamiento para sistemas de infoentretenimiento, ventilaci\u00f3n de asientos, paquete de bater\u00edas para [&hellip;]<\/p>\n","protected":false},"author":7,"featured_media":0,"parent":3711,"menu_order":6,"comment_status":"closed","ping_status":"closed","template":"","meta":{"_et_pb_use_builder":"","_et_pb_old_content":"","_et_gb_content_width":"","_monsterinsights_skip_tracking":false,"_monsterinsights_sitenote_active":false,"_monsterinsights_sitenote_note":"","_monsterinsights_sitenote_category":0,"ngg_post_thumbnail":0,"footnotes":""},"class_list":["post-3877","page","type-page","status-publish","hentry","wpautop"],"yoast_head":"<!-- This site is optimized with the Yoast SEO plugin v22.8 - https:\/\/yoast.com\/wordpress\/plugins\/seo\/ -->\n<title>Autom\u00f3viles | Sunon Inc.<\/title>\n<meta name=\"robots\" content=\"noindex, follow, max-snippet:-1, max-image-preview:large, max-video-preview:-1\" \/>\n<meta property=\"og:locale\" content=\"es_ES\" \/>\n<meta property=\"og:type\" content=\"article\" \/>\n<meta property=\"og:title\" content=\"Autom\u00f3viles | Sunon Inc.\" \/>\n<meta property=\"og:description\" content=\"Durante m\u00e1s de 30 a\u00f1os, Sunon ha proporcionado nuestras soluciones de refrigeraci\u00f3n a los principales fabricantes y proveedores de productos electr\u00f3nicos, obteniendo una excelente reputaci\u00f3n como l\u00edder en gesti\u00f3n t\u00e9rmica. La cartera automotriz actual de Sunon incluye una amplia gama de soluciones de enfriamiento para sistemas de infoentretenimiento, ventilaci\u00f3n de asientos, paquete de bater\u00edas para [&hellip;]\" \/>\n<meta property=\"og:url\" content=\"https:\/\/sunonusa.pulsechat.com\/es\/applications\/automotive\/\" \/>\n<meta property=\"og:site_name\" content=\"Sunon Inc.\" \/>\n<meta property=\"article:modified_time\" content=\"2018-07-17T21:08:00+00:00\" \/>\n<meta property=\"og:image\" content=\"https:\/\/www.sunonusa.com\/wp-content\/uploads\/2015\/09\/AutoCoolingSolution-e1446141957262.png\" \/>\n<meta name=\"twitter:card\" content=\"summary_large_image\" \/>\n<meta name=\"twitter:label1\" content=\"Tiempo de lectura\" \/>\n\t<meta name=\"twitter:data1\" content=\"1 minuto\" \/>\n<script type=\"application\/ld+json\" class=\"yoast-schema-graph\">{\"@context\":\"https:\/\/schema.org\",\"@graph\":[{\"@type\":\"WebPage\",\"@id\":\"https:\/\/sunonusa.pulsechat.com\/es\/applications\/automotive\/\",\"url\":\"https:\/\/sunonusa.pulsechat.com\/es\/applications\/automotive\/\",\"name\":\"Autom\u00f3viles | Sunon Inc.\",\"isPartOf\":{\"@id\":\"https:\/\/sunonusa.pulsechat.com\/#website\"},\"primaryImageOfPage\":{\"@id\":\"https:\/\/sunonusa.pulsechat.com\/es\/applications\/automotive\/#primaryimage\"},\"image\":{\"@id\":\"https:\/\/sunonusa.pulsechat.com\/es\/applications\/automotive\/#primaryimage\"},\"thumbnailUrl\":\"https:\/\/www.sunonusa.com\/wp-content\/uploads\/2015\/09\/AutoCoolingSolution-e1446141957262.png\",\"datePublished\":\"2015-09-22T12:18:25+00:00\",\"dateModified\":\"2018-07-17T21:08:00+00:00\",\"breadcrumb\":{\"@id\":\"https:\/\/sunonusa.pulsechat.com\/es\/applications\/automotive\/#breadcrumb\"},\"inLanguage\":\"es\",\"potentialAction\":[{\"@type\":\"ReadAction\",\"target\":[\"https:\/\/sunonusa.pulsechat.com\/es\/applications\/automotive\/\"]}]},{\"@type\":\"ImageObject\",\"inLanguage\":\"es\",\"@id\":\"https:\/\/sunonusa.pulsechat.com\/es\/applications\/automotive\/#primaryimage\",\"url\":\"https:\/\/www.sunonusa.com\/wp-content\/uploads\/2015\/09\/AutoCoolingSolution-e1446141957262.png\",\"contentUrl\":\"https:\/\/www.sunonusa.com\/wp-content\/uploads\/2015\/09\/AutoCoolingSolution-e1446141957262.png\"},{\"@type\":\"BreadcrumbList\",\"@id\":\"https:\/\/sunonusa.pulsechat.com\/es\/applications\/automotive\/#breadcrumb\",\"itemListElement\":[{\"@type\":\"ListItem\",\"position\":1,\"name\":\"Home\",\"item\":\"https:\/\/sunonusa.pulsechat.com\/es\/?page_id=12550\"},{\"@type\":\"ListItem\",\"position\":2,\"name\":\"Aplicaciones\",\"item\":\"https:\/\/sunonusa.pulsechat.com\/es\/applications\/\"},{\"@type\":\"ListItem\",\"position\":3,\"name\":\"Autom\u00f3viles\"}]},{\"@type\":\"WebSite\",\"@id\":\"https:\/\/sunonusa.pulsechat.com\/#website\",\"url\":\"https:\/\/sunonusa.pulsechat.com\/\",\"name\":\"Sunon Inc.\",\"description\":\"\",\"publisher\":{\"@id\":\"https:\/\/sunonusa.pulsechat.com\/#organization\"},\"potentialAction\":[{\"@type\":\"SearchAction\",\"target\":{\"@type\":\"EntryPoint\",\"urlTemplate\":\"https:\/\/sunonusa.pulsechat.com\/?s={search_term_string}\"},\"query-input\":\"required name=search_term_string\"}],\"inLanguage\":\"es\"},{\"@type\":\"Organization\",\"@id\":\"https:\/\/sunonusa.pulsechat.com\/#organization\",\"name\":\"Sunon USA\",\"url\":\"https:\/\/sunonusa.pulsechat.com\/\",\"logo\":{\"@type\":\"ImageObject\",\"inLanguage\":\"es\",\"@id\":\"https:\/\/sunonusa.pulsechat.com\/#\/schema\/logo\/image\/\",\"url\":\"https:\/\/www.sunonusa.com\/wp-content\/uploads\/2015\/11\/sunon-logo-1.jpg\",\"contentUrl\":\"https:\/\/www.sunonusa.com\/wp-content\/uploads\/2015\/11\/sunon-logo-1.jpg\",\"width\":565,\"height\":109,\"caption\":\"Sunon USA\"},\"image\":{\"@id\":\"https:\/\/sunonusa.pulsechat.com\/#\/schema\/logo\/image\/\"}}]}<\/script>\n<!-- \/ Yoast SEO plugin. -->","yoast_head_json":{"title":"Autom\u00f3viles | Sunon Inc.","robots":{"index":"noindex","follow":"follow","max-snippet":"max-snippet:-1","max-image-preview":"max-image-preview:large","max-video-preview":"max-video-preview:-1"},"og_locale":"es_ES","og_type":"article","og_title":"Autom\u00f3viles | Sunon Inc.","og_description":"Durante m\u00e1s de 30 a\u00f1os, Sunon ha proporcionado nuestras soluciones de refrigeraci\u00f3n a los principales fabricantes y proveedores de productos electr\u00f3nicos, obteniendo una excelente reputaci\u00f3n como l\u00edder en gesti\u00f3n t\u00e9rmica. La cartera automotriz actual de Sunon incluye una amplia gama de soluciones de enfriamiento para sistemas de infoentretenimiento, ventilaci\u00f3n de asientos, paquete de bater\u00edas para [&hellip;]","og_url":"https:\/\/sunonusa.pulsechat.com\/es\/applications\/automotive\/","og_site_name":"Sunon Inc.","article_modified_time":"2018-07-17T21:08:00+00:00","og_image":[{"url":"https:\/\/www.sunonusa.com\/wp-content\/uploads\/2015\/09\/AutoCoolingSolution-e1446141957262.png"}],"twitter_card":"summary_large_image","twitter_misc":{"Tiempo de lectura":"1 minuto"},"schema":{"@context":"https:\/\/schema.org","@graph":[{"@type":"WebPage","@id":"https:\/\/sunonusa.pulsechat.com\/es\/applications\/automotive\/","url":"https:\/\/sunonusa.pulsechat.com\/es\/applications\/automotive\/","name":"Autom\u00f3viles | Sunon Inc.","isPartOf":{"@id":"https:\/\/sunonusa.pulsechat.com\/#website"},"primaryImageOfPage":{"@id":"https:\/\/sunonusa.pulsechat.com\/es\/applications\/automotive\/#primaryimage"},"image":{"@id":"https:\/\/sunonusa.pulsechat.com\/es\/applications\/automotive\/#primaryimage"},"thumbnailUrl":"https:\/\/www.sunonusa.com\/wp-content\/uploads\/2015\/09\/AutoCoolingSolution-e1446141957262.png","datePublished":"2015-09-22T12:18:25+00:00","dateModified":"2018-07-17T21:08:00+00:00","breadcrumb":{"@id":"https:\/\/sunonusa.pulsechat.com\/es\/applications\/automotive\/#breadcrumb"},"inLanguage":"es","potentialAction":[{"@type":"ReadAction","target":["https:\/\/sunonusa.pulsechat.com\/es\/applications\/automotive\/"]}]},{"@type":"ImageObject","inLanguage":"es","@id":"https:\/\/sunonusa.pulsechat.com\/es\/applications\/automotive\/#primaryimage","url":"https:\/\/www.sunonusa.com\/wp-content\/uploads\/2015\/09\/AutoCoolingSolution-e1446141957262.png","contentUrl":"https:\/\/www.sunonusa.com\/wp-content\/uploads\/2015\/09\/AutoCoolingSolution-e1446141957262.png"},{"@type":"BreadcrumbList","@id":"https:\/\/sunonusa.pulsechat.com\/es\/applications\/automotive\/#breadcrumb","itemListElement":[{"@type":"ListItem","position":1,"name":"Home","item":"https:\/\/sunonusa.pulsechat.com\/es\/?page_id=12550"},{"@type":"ListItem","position":2,"name":"Aplicaciones","item":"https:\/\/sunonusa.pulsechat.com\/es\/applications\/"},{"@type":"ListItem","position":3,"name":"Autom\u00f3viles"}]},{"@type":"WebSite","@id":"https:\/\/sunonusa.pulsechat.com\/#website","url":"https:\/\/sunonusa.pulsechat.com\/","name":"Sunon Inc.","description":"","publisher":{"@id":"https:\/\/sunonusa.pulsechat.com\/#organization"},"potentialAction":[{"@type":"SearchAction","target":{"@type":"EntryPoint","urlTemplate":"https:\/\/sunonusa.pulsechat.com\/?s={search_term_string}"},"query-input":"required name=search_term_string"}],"inLanguage":"es"},{"@type":"Organization","@id":"https:\/\/sunonusa.pulsechat.com\/#organization","name":"Sunon USA","url":"https:\/\/sunonusa.pulsechat.com\/","logo":{"@type":"ImageObject","inLanguage":"es","@id":"https:\/\/sunonusa.pulsechat.com\/#\/schema\/logo\/image\/","url":"https:\/\/www.sunonusa.com\/wp-content\/uploads\/2015\/11\/sunon-logo-1.jpg","contentUrl":"https:\/\/www.sunonusa.com\/wp-content\/uploads\/2015\/11\/sunon-logo-1.jpg","width":565,"height":109,"caption":"Sunon USA"},"image":{"@id":"https:\/\/sunonusa.pulsechat.com\/#\/schema\/logo\/image\/"}}]}},"_links":{"self":[{"href":"https:\/\/sunonusa.pulsechat.com\/es\/wp-json\/wp\/v2\/pages\/3877","targetHints":{"allow":["GET"]}}],"collection":[{"href":"https:\/\/sunonusa.pulsechat.com\/es\/wp-json\/wp\/v2\/pages"}],"about":[{"href":"https:\/\/sunonusa.pulsechat.com\/es\/wp-json\/wp\/v2\/types\/page"}],"author":[{"embeddable":true,"href":"https:\/\/sunonusa.pulsechat.com\/es\/wp-json\/wp\/v2\/users\/7"}],"replies":[{"embeddable":true,"href":"https:\/\/sunonusa.pulsechat.com\/es\/wp-json\/wp\/v2\/comments?post=3877"}],"version-history":[{"count":0,"href":"https:\/\/sunonusa.pulsechat.com\/es\/wp-json\/wp\/v2\/pages\/3877\/revisions"}],"up":[{"embeddable":true,"href":"https:\/\/sunonusa.pulsechat.com\/es\/wp-json\/wp\/v2\/pages\/3711"}],"wp:attachment":[{"href":"https:\/\/sunonusa.pulsechat.com\/es\/wp-json\/wp\/v2\/media?parent=3877"}],"curies":[{"name":"wp","href":"https:\/\/api.w.org\/{rel}","templated":true}]}}