{"id":3871,"date":"2015-09-22T12:18:05","date_gmt":"2015-09-22T12:18:05","guid":{"rendered":"https:\/\/www.sunonusa.com\/applications\/refrigeration\/"},"modified":"2018-07-17T14:05:42","modified_gmt":"2018-07-17T21:05:42","slug":"refrigeration","status":"publish","type":"page","link":"https:\/\/sunonusa.pulsechat.com\/es\/applications\/refrigeration\/","title":{"rendered":"Enfriamiento"},"content":{"rendered":"<p>El \u00faltimo desarrollo de ventiladores de ahorro de energ\u00eda de Sunon es nuestra serie CE, que utiliza la tecnolog\u00eda avanzada de motores conmutados electr\u00f3nicamente (CE). Los ventiladores CE son motores CC sin escobillas que toman corriente alterna y usan controladores electr\u00f3nicos para cambiar a una corriente directa para alimentar el motor. En pocas palabras, los ventiladores CE son un motor CA con un convertidor de CA a CC integrado. Los ventiladores CE le dan la ventaja de un ventilador CC, como el control de velocidad al regular la potencia del motor. Los motores de alta eficiencia reducen el consumo de energ\u00eda hasta en un 75%, lo que resulta en un costo de operaci\u00f3n significativamente reducido. Esto es especialmente crucial para cumplir con los est\u00e1ndares y requisitos de Energy Star en el mercado de consumo. Adem\u00e1s, los motores CE funcionan en fr\u00edo y reducen dr\u00e1sticamente la cantidad de calor producido por un ventilador CA est\u00e1ndar.<\/p>\n<p>En comparaci\u00f3n con los motores CA tradicionales, los motores CE ofrecen un menor consumo de energ\u00eda, una vida \u00fatil m\u00e1s larga, un ensamblaje m\u00e1s compacto y son pr\u00e1cticamente silenciosos con el control de velocidad. La nueva tecnolog\u00eda CE de Sunon est\u00e1 dise\u00f1ada como un reemplazo ahorrativo de energ\u00eda para los motores CA tradicionales utilizados en una variedad de aplicaciones. Con el requisito de eficiencia establecido por Energy Star y TUV en cambio constante, estos ventiladores CE son excelentes soluciones para electrodom\u00e9sticos, l\u00ednea blanca y aparatos industriales como refrigeradores, congeladores, m\u00e1quinas expendedoras y acondicionadores de aire.<\/p>\n<div class=\"video-stage\">\n\t\t\t\t<a href=\"https:\/\/www.youtube.com\/embed\/gpRWSaDHf-4?version=3\" data-rel=\"lightcase:videoplay\"><img loading=\"lazy\" decoding=\"async\" src=\"http:\/\/img.youtube.com\/vi\/gpRWSaDHf-4\/maxresdefault.jpg\" width=\"570\" height=\"320\"><\/a>\n\t\t\t<\/div><ul class=\"video-playlist\"><\/ul>\n","protected":false},"excerpt":{"rendered":"<p>El \u00faltimo desarrollo de ventiladores de ahorro de energ\u00eda de Sunon es nuestra serie CE, que utiliza la tecnolog\u00eda avanzada de motores conmutados electr\u00f3nicamente (CE). Los ventiladores CE son motores CC sin escobillas que toman corriente alterna y usan controladores electr\u00f3nicos para cambiar a una corriente directa para alimentar el motor. En pocas palabras, los [&hellip;]<\/p>\n","protected":false},"author":7,"featured_media":0,"parent":3711,"menu_order":5,"comment_status":"closed","ping_status":"closed","template":"","meta":{"_et_pb_use_builder":"","_et_pb_old_content":"","_et_gb_content_width":"","_monsterinsights_skip_tracking":false,"_monsterinsights_sitenote_active":false,"_monsterinsights_sitenote_note":"","_monsterinsights_sitenote_category":0,"ngg_post_thumbnail":0,"footnotes":""},"class_list":["post-3871","page","type-page","status-publish","hentry","wpautop"],"yoast_head":"<!-- This site is optimized with the Yoast SEO plugin v22.8 - https:\/\/yoast.com\/wordpress\/plugins\/seo\/ -->\n<title>Enfriamiento | Sunon Inc.<\/title>\n<meta name=\"robots\" content=\"noindex, follow, max-snippet:-1, max-image-preview:large, max-video-preview:-1\" \/>\n<meta property=\"og:locale\" content=\"es_ES\" \/>\n<meta property=\"og:type\" content=\"article\" \/>\n<meta property=\"og:title\" content=\"Enfriamiento | Sunon Inc.\" \/>\n<meta property=\"og:description\" content=\"El \u00faltimo desarrollo de ventiladores de ahorro de energ\u00eda de Sunon es nuestra serie CE, que utiliza la tecnolog\u00eda avanzada de motores conmutados electr\u00f3nicamente (CE). Los ventiladores CE son motores CC sin escobillas que toman corriente alterna y usan controladores electr\u00f3nicos para cambiar a una corriente directa para alimentar el motor. En pocas palabras, los [&hellip;]\" \/>\n<meta property=\"og:url\" content=\"https:\/\/sunonusa.pulsechat.com\/es\/applications\/refrigeration\/\" \/>\n<meta property=\"og:site_name\" content=\"Sunon Inc.\" \/>\n<meta property=\"article:modified_time\" content=\"2018-07-17T21:05:42+00:00\" \/>\n<meta property=\"og:image\" content=\"https:\/\/sunonusa.pulsechat.com\/wp-content\/uploads\/2015\/11\/sunon-logo-1.jpg\" \/>\n\t<meta property=\"og:image:width\" content=\"565\" \/>\n\t<meta property=\"og:image:height\" content=\"109\" \/>\n\t<meta property=\"og:image:type\" content=\"image\/jpeg\" \/>\n<meta name=\"twitter:card\" content=\"summary_large_image\" \/>\n<meta name=\"twitter:label1\" content=\"Tiempo de lectura\" \/>\n\t<meta name=\"twitter:data1\" content=\"1 minuto\" \/>\n<script type=\"application\/ld+json\" class=\"yoast-schema-graph\">{\"@context\":\"https:\/\/schema.org\",\"@graph\":[{\"@type\":\"WebPage\",\"@id\":\"https:\/\/sunonusa.pulsechat.com\/es\/applications\/refrigeration\/\",\"url\":\"https:\/\/sunonusa.pulsechat.com\/es\/applications\/refrigeration\/\",\"name\":\"Enfriamiento | Sunon Inc.\",\"isPartOf\":{\"@id\":\"https:\/\/sunonusa.pulsechat.com\/#website\"},\"datePublished\":\"2015-09-22T12:18:05+00:00\",\"dateModified\":\"2018-07-17T21:05:42+00:00\",\"breadcrumb\":{\"@id\":\"https:\/\/sunonusa.pulsechat.com\/es\/applications\/refrigeration\/#breadcrumb\"},\"inLanguage\":\"es\",\"potentialAction\":[{\"@type\":\"ReadAction\",\"target\":[\"https:\/\/sunonusa.pulsechat.com\/es\/applications\/refrigeration\/\"]}]},{\"@type\":\"BreadcrumbList\",\"@id\":\"https:\/\/sunonusa.pulsechat.com\/es\/applications\/refrigeration\/#breadcrumb\",\"itemListElement\":[{\"@type\":\"ListItem\",\"position\":1,\"name\":\"Home\",\"item\":\"https:\/\/sunonusa.pulsechat.com\/es\/?page_id=12550\"},{\"@type\":\"ListItem\",\"position\":2,\"name\":\"Aplicaciones\",\"item\":\"https:\/\/sunonusa.pulsechat.com\/es\/applications\/\"},{\"@type\":\"ListItem\",\"position\":3,\"name\":\"Enfriamiento\"}]},{\"@type\":\"WebSite\",\"@id\":\"https:\/\/sunonusa.pulsechat.com\/#website\",\"url\":\"https:\/\/sunonusa.pulsechat.com\/\",\"name\":\"Sunon Inc.\",\"description\":\"\",\"publisher\":{\"@id\":\"https:\/\/sunonusa.pulsechat.com\/#organization\"},\"potentialAction\":[{\"@type\":\"SearchAction\",\"target\":{\"@type\":\"EntryPoint\",\"urlTemplate\":\"https:\/\/sunonusa.pulsechat.com\/?s={search_term_string}\"},\"query-input\":\"required name=search_term_string\"}],\"inLanguage\":\"es\"},{\"@type\":\"Organization\",\"@id\":\"https:\/\/sunonusa.pulsechat.com\/#organization\",\"name\":\"Sunon USA\",\"url\":\"https:\/\/sunonusa.pulsechat.com\/\",\"logo\":{\"@type\":\"ImageObject\",\"inLanguage\":\"es\",\"@id\":\"https:\/\/sunonusa.pulsechat.com\/#\/schema\/logo\/image\/\",\"url\":\"https:\/\/www.sunonusa.com\/wp-content\/uploads\/2015\/11\/sunon-logo-1.jpg\",\"contentUrl\":\"https:\/\/www.sunonusa.com\/wp-content\/uploads\/2015\/11\/sunon-logo-1.jpg\",\"width\":565,\"height\":109,\"caption\":\"Sunon USA\"},\"image\":{\"@id\":\"https:\/\/sunonusa.pulsechat.com\/#\/schema\/logo\/image\/\"}}]}<\/script>\n<!-- \/ Yoast SEO plugin. -->","yoast_head_json":{"title":"Enfriamiento | Sunon Inc.","robots":{"index":"noindex","follow":"follow","max-snippet":"max-snippet:-1","max-image-preview":"max-image-preview:large","max-video-preview":"max-video-preview:-1"},"og_locale":"es_ES","og_type":"article","og_title":"Enfriamiento | Sunon Inc.","og_description":"El \u00faltimo desarrollo de ventiladores de ahorro de energ\u00eda de Sunon es nuestra serie CE, que utiliza la tecnolog\u00eda avanzada de motores conmutados electr\u00f3nicamente (CE). Los ventiladores CE son motores CC sin escobillas que toman corriente alterna y usan controladores electr\u00f3nicos para cambiar a una corriente directa para alimentar el motor. En pocas palabras, los [&hellip;]","og_url":"https:\/\/sunonusa.pulsechat.com\/es\/applications\/refrigeration\/","og_site_name":"Sunon Inc.","article_modified_time":"2018-07-17T21:05:42+00:00","og_image":[{"width":565,"height":109,"url":"https:\/\/sunonusa.pulsechat.com\/wp-content\/uploads\/2015\/11\/sunon-logo-1.jpg","type":"image\/jpeg"}],"twitter_card":"summary_large_image","twitter_misc":{"Tiempo de lectura":"1 minuto"},"schema":{"@context":"https:\/\/schema.org","@graph":[{"@type":"WebPage","@id":"https:\/\/sunonusa.pulsechat.com\/es\/applications\/refrigeration\/","url":"https:\/\/sunonusa.pulsechat.com\/es\/applications\/refrigeration\/","name":"Enfriamiento | Sunon Inc.","isPartOf":{"@id":"https:\/\/sunonusa.pulsechat.com\/#website"},"datePublished":"2015-09-22T12:18:05+00:00","dateModified":"2018-07-17T21:05:42+00:00","breadcrumb":{"@id":"https:\/\/sunonusa.pulsechat.com\/es\/applications\/refrigeration\/#breadcrumb"},"inLanguage":"es","potentialAction":[{"@type":"ReadAction","target":["https:\/\/sunonusa.pulsechat.com\/es\/applications\/refrigeration\/"]}]},{"@type":"BreadcrumbList","@id":"https:\/\/sunonusa.pulsechat.com\/es\/applications\/refrigeration\/#breadcrumb","itemListElement":[{"@type":"ListItem","position":1,"name":"Home","item":"https:\/\/sunonusa.pulsechat.com\/es\/?page_id=12550"},{"@type":"ListItem","position":2,"name":"Aplicaciones","item":"https:\/\/sunonusa.pulsechat.com\/es\/applications\/"},{"@type":"ListItem","position":3,"name":"Enfriamiento"}]},{"@type":"WebSite","@id":"https:\/\/sunonusa.pulsechat.com\/#website","url":"https:\/\/sunonusa.pulsechat.com\/","name":"Sunon Inc.","description":"","publisher":{"@id":"https:\/\/sunonusa.pulsechat.com\/#organization"},"potentialAction":[{"@type":"SearchAction","target":{"@type":"EntryPoint","urlTemplate":"https:\/\/sunonusa.pulsechat.com\/?s={search_term_string}"},"query-input":"required name=search_term_string"}],"inLanguage":"es"},{"@type":"Organization","@id":"https:\/\/sunonusa.pulsechat.com\/#organization","name":"Sunon USA","url":"https:\/\/sunonusa.pulsechat.com\/","logo":{"@type":"ImageObject","inLanguage":"es","@id":"https:\/\/sunonusa.pulsechat.com\/#\/schema\/logo\/image\/","url":"https:\/\/www.sunonusa.com\/wp-content\/uploads\/2015\/11\/sunon-logo-1.jpg","contentUrl":"https:\/\/www.sunonusa.com\/wp-content\/uploads\/2015\/11\/sunon-logo-1.jpg","width":565,"height":109,"caption":"Sunon USA"},"image":{"@id":"https:\/\/sunonusa.pulsechat.com\/#\/schema\/logo\/image\/"}}]}},"_links":{"self":[{"href":"https:\/\/sunonusa.pulsechat.com\/es\/wp-json\/wp\/v2\/pages\/3871","targetHints":{"allow":["GET"]}}],"collection":[{"href":"https:\/\/sunonusa.pulsechat.com\/es\/wp-json\/wp\/v2\/pages"}],"about":[{"href":"https:\/\/sunonusa.pulsechat.com\/es\/wp-json\/wp\/v2\/types\/page"}],"author":[{"embeddable":true,"href":"https:\/\/sunonusa.pulsechat.com\/es\/wp-json\/wp\/v2\/users\/7"}],"replies":[{"embeddable":true,"href":"https:\/\/sunonusa.pulsechat.com\/es\/wp-json\/wp\/v2\/comments?post=3871"}],"version-history":[{"count":0,"href":"https:\/\/sunonusa.pulsechat.com\/es\/wp-json\/wp\/v2\/pages\/3871\/revisions"}],"up":[{"embeddable":true,"href":"https:\/\/sunonusa.pulsechat.com\/es\/wp-json\/wp\/v2\/pages\/3711"}],"wp:attachment":[{"href":"https:\/\/sunonusa.pulsechat.com\/es\/wp-json\/wp\/v2\/media?parent=3871"}],"curies":[{"name":"wp","href":"https:\/\/api.w.org\/{rel}","templated":true}]}}