{"id":3856,"date":"2015-09-22T12:17:25","date_gmt":"2015-09-22T12:17:25","guid":{"rendered":"https:\/\/www.sunonusa.com\/applications\/led-lighting\/"},"modified":"2018-07-17T13:45:47","modified_gmt":"2018-07-17T20:45:47","slug":"led-lighting","status":"publish","type":"page","link":"https:\/\/sunonusa.pulsechat.com\/es\/applications\/led-lighting\/","title":{"rendered":"Iluminaci\u00f3n LED"},"content":{"rendered":"<p>Con el aumento en la demanda de eficiencia energ\u00e9tica, la forma m\u00e1s eficiente de iluminar es a trav\u00e9s de LED. En comparaci\u00f3n con la iluminaci\u00f3n tradicional y los focos convencionales, la iluminaci\u00f3n LED es 80%\u201390% m\u00e1s eficiente de energ\u00eda, ofrece una mayor vida \u00fatil y f\u00e1cil de mantener. Esto significa que aproximadamente el 80% de la energ\u00eda el\u00e9ctrica se convierte en luz, mientras que aproximadamente el 20% se pierde y se convierte en otras formas de energ\u00eda, como el calor. La disipaci\u00f3n t\u00e9rmica efectiva prolonga la vida \u00fatil del LED y reduce el costo total de los sistemas de iluminaci\u00f3n LED al reducir la frecuencia de reemplazo y al permitir que los LED funcionen a niveles de potencia m\u00e1s altos. Sunon ofrece una amplia gama de soluciones t\u00e9rmicas personalizadas, dise\u00f1adas espec\u00edficamente para aplicaciones LED.<\/p>\n<p>Los disipadores de calor de aluminio ligeros de Sunon pueden resolver problemas de gesti\u00f3n t\u00e9rmica para los accesorios LED de bajo flujo. Los disipadores de calor LED de la serie SA de Sunon con estructura de aleta radial ofrecen flujo de aire omnidireccional con acabado est\u00e1ndar anodizado negro o plateado para un rendimiento t\u00e9rmico \u00f3ptimo. Los disipadores de calor con aletas radiales de la serie SA son ideales para enfriar focos LED.<\/p>\n<p>Para la salida de LED de alta luz, el enfriamiento pasivo simplemente no es suficiente y la gesti\u00f3n t\u00e9rmica puede convertirse en un desaf\u00edo. Sunon ofrece soluciones de enfriamiento activo para disipar el calor producido por los componentes LED con capacidades t\u00e9rmicas que son m\u00e1s efectivas que los disipadores de calor pasivos. El enfriamiento activo (el uso de ventilador m\u00e1s disipadores de calor) puede reducir significativamente el peso y el tama\u00f1o del accesorio de iluminaci\u00f3n. Por ejemplo, un accesorio de iluminaci\u00f3n para gran altura de 400 vatios con refrigeraci\u00f3n pasiva puede pesar hasta 75 libras. Una versi\u00f3n similar con enfriamiento activo puede pesar solo 15 libras y se reduce de tama\u00f1o. Cuando se utiliza el enfriamiento activo de Sunon para LED de alta luminosidad, la esperanza de vida puede exceder f\u00e1cilmente las 100,000 horas, mucho m\u00e1s que la expectativa de vida de los LED normales.<\/p>\n<div class=\"video-stage\">\n\t\t\t\t<a href=\"https:\/\/www.youtube.com\/embed\/GNyfES6DVcc?version=3\" data-rel=\"lightcase:videoplay\"><img loading=\"lazy\" decoding=\"async\" src=\"http:\/\/img.youtube.com\/vi\/GNyfES6DVcc\/maxresdefault.jpg\" width=\"570\" height=\"320\"><\/a>\n\t\t\t<\/div><ul class=\"video-playlist\"><\/ul>\n<p><img loading=\"lazy\" decoding=\"async\" class=\"size-full wp-image-2547 alignleft\" src=\"https:\/\/www.sunonusa.com\/wp-content\/uploads\/2015\/09\/application_LED_compare_en.jpg\" alt=\"application_LED_compare_en\" width=\"671\" height=\"618\" srcset=\"https:\/\/sunonusa.pulsechat.com\/wp-content\/uploads\/2015\/09\/application_LED_compare_en.jpg 671w, https:\/\/sunonusa.pulsechat.com\/wp-content\/uploads\/2015\/09\/application_LED_compare_en-600x553.jpg 600w, https:\/\/sunonusa.pulsechat.com\/wp-content\/uploads\/2015\/09\/application_LED_compare_en-300x276.jpg 300w\" sizes=\"(max-width: 671px) 100vw, 671px\" \/><\/p>\n","protected":false},"excerpt":{"rendered":"<p>Con el aumento en la demanda de eficiencia energ\u00e9tica, la forma m\u00e1s eficiente de iluminar es a trav\u00e9s de LED. En comparaci\u00f3n con la iluminaci\u00f3n tradicional y los focos convencionales, la iluminaci\u00f3n LED es 80%\u201390% m\u00e1s eficiente de energ\u00eda, ofrece una mayor vida \u00fatil y f\u00e1cil de mantener. Esto significa que aproximadamente el 80% de [&hellip;]<\/p>\n","protected":false},"author":7,"featured_media":0,"parent":3711,"menu_order":3,"comment_status":"closed","ping_status":"closed","template":"","meta":{"_et_pb_use_builder":"","_et_pb_old_content":"","_et_gb_content_width":"","_monsterinsights_skip_tracking":false,"_monsterinsights_sitenote_active":false,"_monsterinsights_sitenote_note":"","_monsterinsights_sitenote_category":0,"ngg_post_thumbnail":0,"footnotes":""},"class_list":["post-3856","page","type-page","status-publish","hentry","wpautop"],"yoast_head":"<!-- This site is optimized with the Yoast SEO plugin v22.8 - https:\/\/yoast.com\/wordpress\/plugins\/seo\/ -->\n<title>Iluminaci\u00f3n LED | Sunon Inc.<\/title>\n<meta name=\"robots\" content=\"noindex, follow, max-snippet:-1, max-image-preview:large, max-video-preview:-1\" \/>\n<meta property=\"og:locale\" content=\"es_ES\" \/>\n<meta property=\"og:type\" content=\"article\" \/>\n<meta property=\"og:title\" content=\"Iluminaci\u00f3n LED | Sunon Inc.\" \/>\n<meta property=\"og:description\" content=\"Con el aumento en la demanda de eficiencia energ\u00e9tica, la forma m\u00e1s eficiente de iluminar es a trav\u00e9s de LED. En comparaci\u00f3n con la iluminaci\u00f3n tradicional y los focos convencionales, la iluminaci\u00f3n LED es 80%\u201390% m\u00e1s eficiente de energ\u00eda, ofrece una mayor vida \u00fatil y f\u00e1cil de mantener. Esto significa que aproximadamente el 80% de [&hellip;]\" \/>\n<meta property=\"og:url\" content=\"https:\/\/sunonusa.pulsechat.com\/es\/applications\/led-lighting\/\" \/>\n<meta property=\"og:site_name\" content=\"Sunon Inc.\" \/>\n<meta property=\"article:modified_time\" content=\"2018-07-17T20:45:47+00:00\" \/>\n<meta property=\"og:image\" content=\"https:\/\/www.sunonusa.com\/wp-content\/uploads\/2015\/09\/application_LED_compare_en.jpg\" \/>\n<meta name=\"twitter:card\" content=\"summary_large_image\" \/>\n<meta name=\"twitter:label1\" content=\"Tiempo de lectura\" \/>\n\t<meta name=\"twitter:data1\" content=\"2 minutos\" \/>\n<script type=\"application\/ld+json\" class=\"yoast-schema-graph\">{\"@context\":\"https:\/\/schema.org\",\"@graph\":[{\"@type\":\"WebPage\",\"@id\":\"https:\/\/sunonusa.pulsechat.com\/es\/applications\/led-lighting\/\",\"url\":\"https:\/\/sunonusa.pulsechat.com\/es\/applications\/led-lighting\/\",\"name\":\"Iluminaci\u00f3n LED | Sunon Inc.\",\"isPartOf\":{\"@id\":\"https:\/\/sunonusa.pulsechat.com\/#website\"},\"primaryImageOfPage\":{\"@id\":\"https:\/\/sunonusa.pulsechat.com\/es\/applications\/led-lighting\/#primaryimage\"},\"image\":{\"@id\":\"https:\/\/sunonusa.pulsechat.com\/es\/applications\/led-lighting\/#primaryimage\"},\"thumbnailUrl\":\"https:\/\/www.sunonusa.com\/wp-content\/uploads\/2015\/09\/application_LED_compare_en.jpg\",\"datePublished\":\"2015-09-22T12:17:25+00:00\",\"dateModified\":\"2018-07-17T20:45:47+00:00\",\"breadcrumb\":{\"@id\":\"https:\/\/sunonusa.pulsechat.com\/es\/applications\/led-lighting\/#breadcrumb\"},\"inLanguage\":\"es\",\"potentialAction\":[{\"@type\":\"ReadAction\",\"target\":[\"https:\/\/sunonusa.pulsechat.com\/es\/applications\/led-lighting\/\"]}]},{\"@type\":\"ImageObject\",\"inLanguage\":\"es\",\"@id\":\"https:\/\/sunonusa.pulsechat.com\/es\/applications\/led-lighting\/#primaryimage\",\"url\":\"https:\/\/www.sunonusa.com\/wp-content\/uploads\/2015\/09\/application_LED_compare_en.jpg\",\"contentUrl\":\"https:\/\/www.sunonusa.com\/wp-content\/uploads\/2015\/09\/application_LED_compare_en.jpg\"},{\"@type\":\"BreadcrumbList\",\"@id\":\"https:\/\/sunonusa.pulsechat.com\/es\/applications\/led-lighting\/#breadcrumb\",\"itemListElement\":[{\"@type\":\"ListItem\",\"position\":1,\"name\":\"Home\",\"item\":\"https:\/\/sunonusa.pulsechat.com\/es\/?page_id=12550\"},{\"@type\":\"ListItem\",\"position\":2,\"name\":\"Aplicaciones\",\"item\":\"https:\/\/sunonusa.pulsechat.com\/es\/applications\/\"},{\"@type\":\"ListItem\",\"position\":3,\"name\":\"Iluminaci\u00f3n LED\"}]},{\"@type\":\"WebSite\",\"@id\":\"https:\/\/sunonusa.pulsechat.com\/#website\",\"url\":\"https:\/\/sunonusa.pulsechat.com\/\",\"name\":\"Sunon Inc.\",\"description\":\"\",\"publisher\":{\"@id\":\"https:\/\/sunonusa.pulsechat.com\/#organization\"},\"potentialAction\":[{\"@type\":\"SearchAction\",\"target\":{\"@type\":\"EntryPoint\",\"urlTemplate\":\"https:\/\/sunonusa.pulsechat.com\/?s={search_term_string}\"},\"query-input\":\"required name=search_term_string\"}],\"inLanguage\":\"es\"},{\"@type\":\"Organization\",\"@id\":\"https:\/\/sunonusa.pulsechat.com\/#organization\",\"name\":\"Sunon USA\",\"url\":\"https:\/\/sunonusa.pulsechat.com\/\",\"logo\":{\"@type\":\"ImageObject\",\"inLanguage\":\"es\",\"@id\":\"https:\/\/sunonusa.pulsechat.com\/#\/schema\/logo\/image\/\",\"url\":\"https:\/\/www.sunonusa.com\/wp-content\/uploads\/2015\/11\/sunon-logo-1.jpg\",\"contentUrl\":\"https:\/\/www.sunonusa.com\/wp-content\/uploads\/2015\/11\/sunon-logo-1.jpg\",\"width\":565,\"height\":109,\"caption\":\"Sunon USA\"},\"image\":{\"@id\":\"https:\/\/sunonusa.pulsechat.com\/#\/schema\/logo\/image\/\"}}]}<\/script>\n<!-- \/ Yoast SEO plugin. -->","yoast_head_json":{"title":"Iluminaci\u00f3n LED | Sunon Inc.","robots":{"index":"noindex","follow":"follow","max-snippet":"max-snippet:-1","max-image-preview":"max-image-preview:large","max-video-preview":"max-video-preview:-1"},"og_locale":"es_ES","og_type":"article","og_title":"Iluminaci\u00f3n LED | Sunon Inc.","og_description":"Con el aumento en la demanda de eficiencia energ\u00e9tica, la forma m\u00e1s eficiente de iluminar es a trav\u00e9s de LED. En comparaci\u00f3n con la iluminaci\u00f3n tradicional y los focos convencionales, la iluminaci\u00f3n LED es 80%\u201390% m\u00e1s eficiente de energ\u00eda, ofrece una mayor vida \u00fatil y f\u00e1cil de mantener. Esto significa que aproximadamente el 80% de [&hellip;]","og_url":"https:\/\/sunonusa.pulsechat.com\/es\/applications\/led-lighting\/","og_site_name":"Sunon Inc.","article_modified_time":"2018-07-17T20:45:47+00:00","og_image":[{"url":"https:\/\/www.sunonusa.com\/wp-content\/uploads\/2015\/09\/application_LED_compare_en.jpg"}],"twitter_card":"summary_large_image","twitter_misc":{"Tiempo de lectura":"2 minutos"},"schema":{"@context":"https:\/\/schema.org","@graph":[{"@type":"WebPage","@id":"https:\/\/sunonusa.pulsechat.com\/es\/applications\/led-lighting\/","url":"https:\/\/sunonusa.pulsechat.com\/es\/applications\/led-lighting\/","name":"Iluminaci\u00f3n LED | Sunon Inc.","isPartOf":{"@id":"https:\/\/sunonusa.pulsechat.com\/#website"},"primaryImageOfPage":{"@id":"https:\/\/sunonusa.pulsechat.com\/es\/applications\/led-lighting\/#primaryimage"},"image":{"@id":"https:\/\/sunonusa.pulsechat.com\/es\/applications\/led-lighting\/#primaryimage"},"thumbnailUrl":"https:\/\/www.sunonusa.com\/wp-content\/uploads\/2015\/09\/application_LED_compare_en.jpg","datePublished":"2015-09-22T12:17:25+00:00","dateModified":"2018-07-17T20:45:47+00:00","breadcrumb":{"@id":"https:\/\/sunonusa.pulsechat.com\/es\/applications\/led-lighting\/#breadcrumb"},"inLanguage":"es","potentialAction":[{"@type":"ReadAction","target":["https:\/\/sunonusa.pulsechat.com\/es\/applications\/led-lighting\/"]}]},{"@type":"ImageObject","inLanguage":"es","@id":"https:\/\/sunonusa.pulsechat.com\/es\/applications\/led-lighting\/#primaryimage","url":"https:\/\/www.sunonusa.com\/wp-content\/uploads\/2015\/09\/application_LED_compare_en.jpg","contentUrl":"https:\/\/www.sunonusa.com\/wp-content\/uploads\/2015\/09\/application_LED_compare_en.jpg"},{"@type":"BreadcrumbList","@id":"https:\/\/sunonusa.pulsechat.com\/es\/applications\/led-lighting\/#breadcrumb","itemListElement":[{"@type":"ListItem","position":1,"name":"Home","item":"https:\/\/sunonusa.pulsechat.com\/es\/?page_id=12550"},{"@type":"ListItem","position":2,"name":"Aplicaciones","item":"https:\/\/sunonusa.pulsechat.com\/es\/applications\/"},{"@type":"ListItem","position":3,"name":"Iluminaci\u00f3n LED"}]},{"@type":"WebSite","@id":"https:\/\/sunonusa.pulsechat.com\/#website","url":"https:\/\/sunonusa.pulsechat.com\/","name":"Sunon Inc.","description":"","publisher":{"@id":"https:\/\/sunonusa.pulsechat.com\/#organization"},"potentialAction":[{"@type":"SearchAction","target":{"@type":"EntryPoint","urlTemplate":"https:\/\/sunonusa.pulsechat.com\/?s={search_term_string}"},"query-input":"required name=search_term_string"}],"inLanguage":"es"},{"@type":"Organization","@id":"https:\/\/sunonusa.pulsechat.com\/#organization","name":"Sunon USA","url":"https:\/\/sunonusa.pulsechat.com\/","logo":{"@type":"ImageObject","inLanguage":"es","@id":"https:\/\/sunonusa.pulsechat.com\/#\/schema\/logo\/image\/","url":"https:\/\/www.sunonusa.com\/wp-content\/uploads\/2015\/11\/sunon-logo-1.jpg","contentUrl":"https:\/\/www.sunonusa.com\/wp-content\/uploads\/2015\/11\/sunon-logo-1.jpg","width":565,"height":109,"caption":"Sunon USA"},"image":{"@id":"https:\/\/sunonusa.pulsechat.com\/#\/schema\/logo\/image\/"}}]}},"_links":{"self":[{"href":"https:\/\/sunonusa.pulsechat.com\/es\/wp-json\/wp\/v2\/pages\/3856","targetHints":{"allow":["GET"]}}],"collection":[{"href":"https:\/\/sunonusa.pulsechat.com\/es\/wp-json\/wp\/v2\/pages"}],"about":[{"href":"https:\/\/sunonusa.pulsechat.com\/es\/wp-json\/wp\/v2\/types\/page"}],"author":[{"embeddable":true,"href":"https:\/\/sunonusa.pulsechat.com\/es\/wp-json\/wp\/v2\/users\/7"}],"replies":[{"embeddable":true,"href":"https:\/\/sunonusa.pulsechat.com\/es\/wp-json\/wp\/v2\/comments?post=3856"}],"version-history":[{"count":0,"href":"https:\/\/sunonusa.pulsechat.com\/es\/wp-json\/wp\/v2\/pages\/3856\/revisions"}],"up":[{"embeddable":true,"href":"https:\/\/sunonusa.pulsechat.com\/es\/wp-json\/wp\/v2\/pages\/3711"}],"wp:attachment":[{"href":"https:\/\/sunonusa.pulsechat.com\/es\/wp-json\/wp\/v2\/media?parent=3856"}],"curies":[{"name":"wp","href":"https:\/\/api.w.org\/{rel}","templated":true}]}}