{"id":3847,"date":"2015-09-22T12:16:49","date_gmt":"2015-09-22T12:16:49","guid":{"rendered":"https:\/\/www.sunonusa.com\/applications\/serverstorage\/"},"modified":"2018-07-17T13:37:09","modified_gmt":"2018-07-17T20:37:09","slug":"serverstorage","status":"publish","type":"page","link":"https:\/\/sunonusa.pulsechat.com\/es\/applications\/serverstorage\/","title":{"rendered":"Servidor\/Almacenamiento"},"content":{"rendered":"<p>La serie de ventiladores de enfriamiento de alta potencia P&#038;V de Sunon logra nuevos puntos de referencia para el rendimiento del flujo de aire y son los ventiladores m\u00e1s eficientes del mercado en la actualidad. Los ventiladores de la serie P&#038;V de Sunon est\u00e1n desarrollados con nuevos materiales de estator con menor conductividad el\u00e9ctrica. El resultado es una mayor eficiencia, mayor rendimiento y menor vibraci\u00f3n, una soluci\u00f3n de refrigeraci\u00f3n completa sin igual. Con el aumento de las demanda en el control t\u00e9rmico, la serie P de Sunon ofrece entrada de modulaci\u00f3n de ancho de pulso (PWM) est\u00e1ndar de 4 cables y funciones de salida de tac\u00f3metro en modelos seleccionados para regular la se\u00f1al de voltaje entre ciclos de trabajo para controlar la velocidad del ventilador y proporcionar comentarios sobre las RPM del ventilador.<\/p>\n<p>Sunon se esfuerza por simplificar el proceso de dise\u00f1o y el tiempo de entrega, poniendo a la disposici\u00f3n una funci\u00f3n PWM est\u00e1ndar y confiable de 4 cables. Adem\u00e1s, ofrecemos actualizaciones como recubrimiento IP y contrarrotaci\u00f3n para los ventiladores de la serie P &#038; V, para satisfacer sus necesidades. Los ventiladores CC de la serie P &#038; V de Sunon son ideales para el almacenamiento de datos y sistemas de bastidor de servidores, aplicaciones de enrutadores\/conmutadores y fuentes de alimentaci\u00f3n, entre otros.<\/p>\n<p>Nuestros ventiladores de la serie P &#038; V son ideales para aplicaciones de 1U, 2U, 3U y 4U, que van desde 36\u00d728 hasta 120\u00d728 de tama\u00f1o.<\/p>\n<div class=\"video-stage\">\n\t\t\t\t<a href=\"https:\/\/www.youtube.com\/embed\/QSRjg-88B5Y?version=3\" data-rel=\"lightcase:videoplay\"><img loading=\"lazy\" decoding=\"async\" src=\"http:\/\/img.youtube.com\/vi\/QSRjg-88B5Y\/maxresdefault.jpg\" width=\"570\" height=\"320\"><\/a>\n\t\t\t<\/div><ul class=\"video-playlist\"><\/ul>\n","protected":false},"excerpt":{"rendered":"<p>La serie de ventiladores de enfriamiento de alta potencia P&#038;V de Sunon logra nuevos puntos de referencia para el rendimiento del flujo de aire y son los ventiladores m\u00e1s eficientes del mercado en la actualidad. Los ventiladores de la serie P&#038;V de Sunon est\u00e1n desarrollados con nuevos materiales de estator con menor conductividad el\u00e9ctrica. El [&hellip;]<\/p>\n","protected":false},"author":7,"featured_media":0,"parent":3711,"menu_order":1,"comment_status":"closed","ping_status":"closed","template":"","meta":{"_et_pb_use_builder":"","_et_pb_old_content":"","_et_gb_content_width":"","_monsterinsights_skip_tracking":false,"_monsterinsights_sitenote_active":false,"_monsterinsights_sitenote_note":"","_monsterinsights_sitenote_category":0,"ngg_post_thumbnail":0,"footnotes":""},"class_list":["post-3847","page","type-page","status-publish","hentry","wpautop"],"yoast_head":"<!-- This site is optimized with the Yoast SEO plugin v22.8 - https:\/\/yoast.com\/wordpress\/plugins\/seo\/ -->\n<title>Servidor\/Almacenamiento | Sunon Inc.<\/title>\n<meta name=\"robots\" content=\"noindex, follow, max-snippet:-1, max-image-preview:large, max-video-preview:-1\" \/>\n<meta property=\"og:locale\" content=\"es_ES\" \/>\n<meta property=\"og:type\" content=\"article\" \/>\n<meta property=\"og:title\" content=\"Servidor\/Almacenamiento | Sunon Inc.\" \/>\n<meta property=\"og:description\" content=\"La serie de ventiladores de enfriamiento de alta potencia P&#038;V de Sunon logra nuevos puntos de referencia para el rendimiento del flujo de aire y son los ventiladores m\u00e1s eficientes del mercado en la actualidad. Los ventiladores de la serie P&#038;V de Sunon est\u00e1n desarrollados con nuevos materiales de estator con menor conductividad el\u00e9ctrica. El [&hellip;]\" \/>\n<meta property=\"og:url\" content=\"https:\/\/sunonusa.pulsechat.com\/es\/applications\/serverstorage\/\" \/>\n<meta property=\"og:site_name\" content=\"Sunon Inc.\" \/>\n<meta property=\"article:modified_time\" content=\"2018-07-17T20:37:09+00:00\" \/>\n<meta property=\"og:image\" content=\"https:\/\/sunonusa.pulsechat.com\/wp-content\/uploads\/2015\/11\/sunon-logo-1.jpg\" \/>\n\t<meta property=\"og:image:width\" content=\"565\" \/>\n\t<meta property=\"og:image:height\" content=\"109\" \/>\n\t<meta property=\"og:image:type\" content=\"image\/jpeg\" \/>\n<meta name=\"twitter:card\" content=\"summary_large_image\" \/>\n<meta name=\"twitter:label1\" content=\"Tiempo de lectura\" \/>\n\t<meta name=\"twitter:data1\" content=\"1 minuto\" \/>\n<script type=\"application\/ld+json\" class=\"yoast-schema-graph\">{\"@context\":\"https:\/\/schema.org\",\"@graph\":[{\"@type\":\"WebPage\",\"@id\":\"https:\/\/sunonusa.pulsechat.com\/es\/applications\/serverstorage\/\",\"url\":\"https:\/\/sunonusa.pulsechat.com\/es\/applications\/serverstorage\/\",\"name\":\"Servidor\/Almacenamiento | Sunon Inc.\",\"isPartOf\":{\"@id\":\"https:\/\/sunonusa.pulsechat.com\/#website\"},\"datePublished\":\"2015-09-22T12:16:49+00:00\",\"dateModified\":\"2018-07-17T20:37:09+00:00\",\"breadcrumb\":{\"@id\":\"https:\/\/sunonusa.pulsechat.com\/es\/applications\/serverstorage\/#breadcrumb\"},\"inLanguage\":\"es\",\"potentialAction\":[{\"@type\":\"ReadAction\",\"target\":[\"https:\/\/sunonusa.pulsechat.com\/es\/applications\/serverstorage\/\"]}]},{\"@type\":\"BreadcrumbList\",\"@id\":\"https:\/\/sunonusa.pulsechat.com\/es\/applications\/serverstorage\/#breadcrumb\",\"itemListElement\":[{\"@type\":\"ListItem\",\"position\":1,\"name\":\"Home\",\"item\":\"https:\/\/sunonusa.pulsechat.com\/es\/?page_id=12550\"},{\"@type\":\"ListItem\",\"position\":2,\"name\":\"Aplicaciones\",\"item\":\"https:\/\/sunonusa.pulsechat.com\/es\/applications\/\"},{\"@type\":\"ListItem\",\"position\":3,\"name\":\"Servidor\/Almacenamiento\"}]},{\"@type\":\"WebSite\",\"@id\":\"https:\/\/sunonusa.pulsechat.com\/#website\",\"url\":\"https:\/\/sunonusa.pulsechat.com\/\",\"name\":\"Sunon Inc.\",\"description\":\"\",\"publisher\":{\"@id\":\"https:\/\/sunonusa.pulsechat.com\/#organization\"},\"potentialAction\":[{\"@type\":\"SearchAction\",\"target\":{\"@type\":\"EntryPoint\",\"urlTemplate\":\"https:\/\/sunonusa.pulsechat.com\/?s={search_term_string}\"},\"query-input\":\"required name=search_term_string\"}],\"inLanguage\":\"es\"},{\"@type\":\"Organization\",\"@id\":\"https:\/\/sunonusa.pulsechat.com\/#organization\",\"name\":\"Sunon USA\",\"url\":\"https:\/\/sunonusa.pulsechat.com\/\",\"logo\":{\"@type\":\"ImageObject\",\"inLanguage\":\"es\",\"@id\":\"https:\/\/sunonusa.pulsechat.com\/#\/schema\/logo\/image\/\",\"url\":\"https:\/\/www.sunonusa.com\/wp-content\/uploads\/2015\/11\/sunon-logo-1.jpg\",\"contentUrl\":\"https:\/\/www.sunonusa.com\/wp-content\/uploads\/2015\/11\/sunon-logo-1.jpg\",\"width\":565,\"height\":109,\"caption\":\"Sunon USA\"},\"image\":{\"@id\":\"https:\/\/sunonusa.pulsechat.com\/#\/schema\/logo\/image\/\"}}]}<\/script>\n<!-- \/ Yoast SEO plugin. -->","yoast_head_json":{"title":"Servidor\/Almacenamiento | Sunon Inc.","robots":{"index":"noindex","follow":"follow","max-snippet":"max-snippet:-1","max-image-preview":"max-image-preview:large","max-video-preview":"max-video-preview:-1"},"og_locale":"es_ES","og_type":"article","og_title":"Servidor\/Almacenamiento | Sunon Inc.","og_description":"La serie de ventiladores de enfriamiento de alta potencia P&#038;V de Sunon logra nuevos puntos de referencia para el rendimiento del flujo de aire y son los ventiladores m\u00e1s eficientes del mercado en la actualidad. Los ventiladores de la serie P&#038;V de Sunon est\u00e1n desarrollados con nuevos materiales de estator con menor conductividad el\u00e9ctrica. El [&hellip;]","og_url":"https:\/\/sunonusa.pulsechat.com\/es\/applications\/serverstorage\/","og_site_name":"Sunon Inc.","article_modified_time":"2018-07-17T20:37:09+00:00","og_image":[{"width":565,"height":109,"url":"https:\/\/sunonusa.pulsechat.com\/wp-content\/uploads\/2015\/11\/sunon-logo-1.jpg","type":"image\/jpeg"}],"twitter_card":"summary_large_image","twitter_misc":{"Tiempo de lectura":"1 minuto"},"schema":{"@context":"https:\/\/schema.org","@graph":[{"@type":"WebPage","@id":"https:\/\/sunonusa.pulsechat.com\/es\/applications\/serverstorage\/","url":"https:\/\/sunonusa.pulsechat.com\/es\/applications\/serverstorage\/","name":"Servidor\/Almacenamiento | Sunon Inc.","isPartOf":{"@id":"https:\/\/sunonusa.pulsechat.com\/#website"},"datePublished":"2015-09-22T12:16:49+00:00","dateModified":"2018-07-17T20:37:09+00:00","breadcrumb":{"@id":"https:\/\/sunonusa.pulsechat.com\/es\/applications\/serverstorage\/#breadcrumb"},"inLanguage":"es","potentialAction":[{"@type":"ReadAction","target":["https:\/\/sunonusa.pulsechat.com\/es\/applications\/serverstorage\/"]}]},{"@type":"BreadcrumbList","@id":"https:\/\/sunonusa.pulsechat.com\/es\/applications\/serverstorage\/#breadcrumb","itemListElement":[{"@type":"ListItem","position":1,"name":"Home","item":"https:\/\/sunonusa.pulsechat.com\/es\/?page_id=12550"},{"@type":"ListItem","position":2,"name":"Aplicaciones","item":"https:\/\/sunonusa.pulsechat.com\/es\/applications\/"},{"@type":"ListItem","position":3,"name":"Servidor\/Almacenamiento"}]},{"@type":"WebSite","@id":"https:\/\/sunonusa.pulsechat.com\/#website","url":"https:\/\/sunonusa.pulsechat.com\/","name":"Sunon Inc.","description":"","publisher":{"@id":"https:\/\/sunonusa.pulsechat.com\/#organization"},"potentialAction":[{"@type":"SearchAction","target":{"@type":"EntryPoint","urlTemplate":"https:\/\/sunonusa.pulsechat.com\/?s={search_term_string}"},"query-input":"required name=search_term_string"}],"inLanguage":"es"},{"@type":"Organization","@id":"https:\/\/sunonusa.pulsechat.com\/#organization","name":"Sunon USA","url":"https:\/\/sunonusa.pulsechat.com\/","logo":{"@type":"ImageObject","inLanguage":"es","@id":"https:\/\/sunonusa.pulsechat.com\/#\/schema\/logo\/image\/","url":"https:\/\/www.sunonusa.com\/wp-content\/uploads\/2015\/11\/sunon-logo-1.jpg","contentUrl":"https:\/\/www.sunonusa.com\/wp-content\/uploads\/2015\/11\/sunon-logo-1.jpg","width":565,"height":109,"caption":"Sunon USA"},"image":{"@id":"https:\/\/sunonusa.pulsechat.com\/#\/schema\/logo\/image\/"}}]}},"_links":{"self":[{"href":"https:\/\/sunonusa.pulsechat.com\/es\/wp-json\/wp\/v2\/pages\/3847","targetHints":{"allow":["GET"]}}],"collection":[{"href":"https:\/\/sunonusa.pulsechat.com\/es\/wp-json\/wp\/v2\/pages"}],"about":[{"href":"https:\/\/sunonusa.pulsechat.com\/es\/wp-json\/wp\/v2\/types\/page"}],"author":[{"embeddable":true,"href":"https:\/\/sunonusa.pulsechat.com\/es\/wp-json\/wp\/v2\/users\/7"}],"replies":[{"embeddable":true,"href":"https:\/\/sunonusa.pulsechat.com\/es\/wp-json\/wp\/v2\/comments?post=3847"}],"version-history":[{"count":0,"href":"https:\/\/sunonusa.pulsechat.com\/es\/wp-json\/wp\/v2\/pages\/3847\/revisions"}],"up":[{"embeddable":true,"href":"https:\/\/sunonusa.pulsechat.com\/es\/wp-json\/wp\/v2\/pages\/3711"}],"wp:attachment":[{"href":"https:\/\/sunonusa.pulsechat.com\/es\/wp-json\/wp\/v2\/media?parent=3847"}],"curies":[{"name":"wp","href":"https:\/\/api.w.org\/{rel}","templated":true}]}}