{"id":3842,"date":"2015-09-22T12:16:30","date_gmt":"2015-09-22T12:16:30","guid":{"rendered":"https:\/\/www.sunonusa.com\/applications\/telecom\/"},"modified":"2018-07-17T13:33:08","modified_gmt":"2018-07-17T20:33:08","slug":"telecom","status":"publish","type":"page","link":"https:\/\/sunonusa.pulsechat.com\/es\/applications\/telecom\/","title":{"rendered":"Telecom"},"content":{"rendered":"<p>Con la tendencia actual de la globalizaci\u00f3n en la tecnolog\u00eda de red, los equipos de comunicaci\u00f3n se han convertido en una parte clave de la infraestructura en todos los pa\u00edses del mundo. Las caracter\u00edsticas tales como operar todo el d\u00eda, comunicaci\u00f3n r\u00e1pida y sin interrupciones, ahorro de energ\u00eda, resistencia a la intemperie y m\u00e1s, se han convertido en requisitos est\u00e1ndar para todos los productos de comunicaci\u00f3n. Para proporcionar la mejor soluci\u00f3n de enfriamiento para equipos de comunicaciones, Sunon ofrece ventiladores y productos de m\u00f3dulos de ventiladores con alto flujo de aire, alta presi\u00f3n de aire, alta protecci\u00f3n de ingreso, ahorro de energ\u00eda, dise\u00f1o de circuito de freno apagado y otras caracter\u00edsticas, hechas a medida para la industria.<\/p>\n<div class=\"video-stage\">\n\t\t\t\t<a href=\"https:\/\/www.youtube.com\/embed\/-X-Ue63geOk?version=3\" data-rel=\"lightcase:videoplay\"><img loading=\"lazy\" decoding=\"async\" src=\"http:\/\/img.youtube.com\/vi\/-X-Ue63geOk\/maxresdefault.jpg\" width=\"570\" height=\"320\"><\/a>\n\t\t\t<\/div><ul class=\"video-playlist\"><\/ul>\n<p><img loading=\"lazy\" decoding=\"async\" class=\"size-full wp-image-2556 alignleft\" src=\"https:\/\/www.sunonusa.com\/wp-content\/uploads\/2015\/09\/Telecom.jpg\" alt=\"Telecom\" width=\"514\" height=\"385\" srcset=\"https:\/\/sunonusa.pulsechat.com\/wp-content\/uploads\/2015\/09\/Telecom.jpg 514w, https:\/\/sunonusa.pulsechat.com\/wp-content\/uploads\/2015\/09\/Telecom-300x225.jpg 300w\" sizes=\"(max-width: 514px) 100vw, 514px\" \/><\/p>\n","protected":false},"excerpt":{"rendered":"<p>Con la tendencia actual de la globalizaci\u00f3n en la tecnolog\u00eda de red, los equipos de comunicaci\u00f3n se han convertido en una parte clave de la infraestructura en todos los pa\u00edses del mundo. Las caracter\u00edsticas tales como operar todo el d\u00eda, comunicaci\u00f3n r\u00e1pida y sin interrupciones, ahorro de energ\u00eda, resistencia a la intemperie y m\u00e1s, se [&hellip;]<\/p>\n","protected":false},"author":7,"featured_media":0,"parent":3711,"menu_order":0,"comment_status":"closed","ping_status":"closed","template":"","meta":{"_et_pb_use_builder":"","_et_pb_old_content":"","_et_gb_content_width":"","_monsterinsights_skip_tracking":false,"_monsterinsights_sitenote_active":false,"_monsterinsights_sitenote_note":"","_monsterinsights_sitenote_category":0,"ngg_post_thumbnail":0,"footnotes":""},"class_list":["post-3842","page","type-page","status-publish","hentry","wpautop"],"yoast_head":"<!-- This site is optimized with the Yoast SEO plugin v22.8 - https:\/\/yoast.com\/wordpress\/plugins\/seo\/ -->\n<title>Telecom | Sunon Inc.<\/title>\n<meta name=\"robots\" content=\"noindex, follow, max-snippet:-1, max-image-preview:large, max-video-preview:-1\" \/>\n<meta property=\"og:locale\" content=\"es_ES\" \/>\n<meta property=\"og:type\" content=\"article\" \/>\n<meta property=\"og:title\" content=\"Telecom | Sunon Inc.\" \/>\n<meta property=\"og:description\" content=\"Con la tendencia actual de la globalizaci\u00f3n en la tecnolog\u00eda de red, los equipos de comunicaci\u00f3n se han convertido en una parte clave de la infraestructura en todos los pa\u00edses del mundo. Las caracter\u00edsticas tales como operar todo el d\u00eda, comunicaci\u00f3n r\u00e1pida y sin interrupciones, ahorro de energ\u00eda, resistencia a la intemperie y m\u00e1s, se [&hellip;]\" \/>\n<meta property=\"og:url\" content=\"https:\/\/sunonusa.pulsechat.com\/es\/applications\/telecom\/\" \/>\n<meta property=\"og:site_name\" content=\"Sunon Inc.\" \/>\n<meta property=\"article:modified_time\" content=\"2018-07-17T20:33:08+00:00\" \/>\n<meta property=\"og:image\" content=\"https:\/\/www.sunonusa.com\/wp-content\/uploads\/2015\/09\/Telecom.jpg\" \/>\n<meta name=\"twitter:card\" content=\"summary_large_image\" \/>\n<meta name=\"twitter:label1\" content=\"Tiempo de lectura\" \/>\n\t<meta name=\"twitter:data1\" content=\"1 minuto\" \/>\n<script type=\"application\/ld+json\" class=\"yoast-schema-graph\">{\"@context\":\"https:\/\/schema.org\",\"@graph\":[{\"@type\":\"WebPage\",\"@id\":\"https:\/\/sunonusa.pulsechat.com\/es\/applications\/telecom\/\",\"url\":\"https:\/\/sunonusa.pulsechat.com\/es\/applications\/telecom\/\",\"name\":\"Telecom | Sunon Inc.\",\"isPartOf\":{\"@id\":\"https:\/\/sunonusa.pulsechat.com\/#website\"},\"primaryImageOfPage\":{\"@id\":\"https:\/\/sunonusa.pulsechat.com\/es\/applications\/telecom\/#primaryimage\"},\"image\":{\"@id\":\"https:\/\/sunonusa.pulsechat.com\/es\/applications\/telecom\/#primaryimage\"},\"thumbnailUrl\":\"https:\/\/www.sunonusa.com\/wp-content\/uploads\/2015\/09\/Telecom.jpg\",\"datePublished\":\"2015-09-22T12:16:30+00:00\",\"dateModified\":\"2018-07-17T20:33:08+00:00\",\"breadcrumb\":{\"@id\":\"https:\/\/sunonusa.pulsechat.com\/es\/applications\/telecom\/#breadcrumb\"},\"inLanguage\":\"es\",\"potentialAction\":[{\"@type\":\"ReadAction\",\"target\":[\"https:\/\/sunonusa.pulsechat.com\/es\/applications\/telecom\/\"]}]},{\"@type\":\"ImageObject\",\"inLanguage\":\"es\",\"@id\":\"https:\/\/sunonusa.pulsechat.com\/es\/applications\/telecom\/#primaryimage\",\"url\":\"https:\/\/www.sunonusa.com\/wp-content\/uploads\/2015\/09\/Telecom.jpg\",\"contentUrl\":\"https:\/\/www.sunonusa.com\/wp-content\/uploads\/2015\/09\/Telecom.jpg\"},{\"@type\":\"BreadcrumbList\",\"@id\":\"https:\/\/sunonusa.pulsechat.com\/es\/applications\/telecom\/#breadcrumb\",\"itemListElement\":[{\"@type\":\"ListItem\",\"position\":1,\"name\":\"Home\",\"item\":\"https:\/\/sunonusa.pulsechat.com\/es\/?page_id=12550\"},{\"@type\":\"ListItem\",\"position\":2,\"name\":\"Aplicaciones\",\"item\":\"https:\/\/sunonusa.pulsechat.com\/es\/applications\/\"},{\"@type\":\"ListItem\",\"position\":3,\"name\":\"Telecom\"}]},{\"@type\":\"WebSite\",\"@id\":\"https:\/\/sunonusa.pulsechat.com\/#website\",\"url\":\"https:\/\/sunonusa.pulsechat.com\/\",\"name\":\"Sunon Inc.\",\"description\":\"\",\"publisher\":{\"@id\":\"https:\/\/sunonusa.pulsechat.com\/#organization\"},\"potentialAction\":[{\"@type\":\"SearchAction\",\"target\":{\"@type\":\"EntryPoint\",\"urlTemplate\":\"https:\/\/sunonusa.pulsechat.com\/?s={search_term_string}\"},\"query-input\":\"required name=search_term_string\"}],\"inLanguage\":\"es\"},{\"@type\":\"Organization\",\"@id\":\"https:\/\/sunonusa.pulsechat.com\/#organization\",\"name\":\"Sunon USA\",\"url\":\"https:\/\/sunonusa.pulsechat.com\/\",\"logo\":{\"@type\":\"ImageObject\",\"inLanguage\":\"es\",\"@id\":\"https:\/\/sunonusa.pulsechat.com\/#\/schema\/logo\/image\/\",\"url\":\"https:\/\/www.sunonusa.com\/wp-content\/uploads\/2015\/11\/sunon-logo-1.jpg\",\"contentUrl\":\"https:\/\/www.sunonusa.com\/wp-content\/uploads\/2015\/11\/sunon-logo-1.jpg\",\"width\":565,\"height\":109,\"caption\":\"Sunon USA\"},\"image\":{\"@id\":\"https:\/\/sunonusa.pulsechat.com\/#\/schema\/logo\/image\/\"}}]}<\/script>\n<!-- \/ Yoast SEO plugin. -->","yoast_head_json":{"title":"Telecom | Sunon Inc.","robots":{"index":"noindex","follow":"follow","max-snippet":"max-snippet:-1","max-image-preview":"max-image-preview:large","max-video-preview":"max-video-preview:-1"},"og_locale":"es_ES","og_type":"article","og_title":"Telecom | Sunon Inc.","og_description":"Con la tendencia actual de la globalizaci\u00f3n en la tecnolog\u00eda de red, los equipos de comunicaci\u00f3n se han convertido en una parte clave de la infraestructura en todos los pa\u00edses del mundo. Las caracter\u00edsticas tales como operar todo el d\u00eda, comunicaci\u00f3n r\u00e1pida y sin interrupciones, ahorro de energ\u00eda, resistencia a la intemperie y m\u00e1s, se [&hellip;]","og_url":"https:\/\/sunonusa.pulsechat.com\/es\/applications\/telecom\/","og_site_name":"Sunon Inc.","article_modified_time":"2018-07-17T20:33:08+00:00","og_image":[{"url":"https:\/\/www.sunonusa.com\/wp-content\/uploads\/2015\/09\/Telecom.jpg"}],"twitter_card":"summary_large_image","twitter_misc":{"Tiempo de lectura":"1 minuto"},"schema":{"@context":"https:\/\/schema.org","@graph":[{"@type":"WebPage","@id":"https:\/\/sunonusa.pulsechat.com\/es\/applications\/telecom\/","url":"https:\/\/sunonusa.pulsechat.com\/es\/applications\/telecom\/","name":"Telecom | Sunon Inc.","isPartOf":{"@id":"https:\/\/sunonusa.pulsechat.com\/#website"},"primaryImageOfPage":{"@id":"https:\/\/sunonusa.pulsechat.com\/es\/applications\/telecom\/#primaryimage"},"image":{"@id":"https:\/\/sunonusa.pulsechat.com\/es\/applications\/telecom\/#primaryimage"},"thumbnailUrl":"https:\/\/www.sunonusa.com\/wp-content\/uploads\/2015\/09\/Telecom.jpg","datePublished":"2015-09-22T12:16:30+00:00","dateModified":"2018-07-17T20:33:08+00:00","breadcrumb":{"@id":"https:\/\/sunonusa.pulsechat.com\/es\/applications\/telecom\/#breadcrumb"},"inLanguage":"es","potentialAction":[{"@type":"ReadAction","target":["https:\/\/sunonusa.pulsechat.com\/es\/applications\/telecom\/"]}]},{"@type":"ImageObject","inLanguage":"es","@id":"https:\/\/sunonusa.pulsechat.com\/es\/applications\/telecom\/#primaryimage","url":"https:\/\/www.sunonusa.com\/wp-content\/uploads\/2015\/09\/Telecom.jpg","contentUrl":"https:\/\/www.sunonusa.com\/wp-content\/uploads\/2015\/09\/Telecom.jpg"},{"@type":"BreadcrumbList","@id":"https:\/\/sunonusa.pulsechat.com\/es\/applications\/telecom\/#breadcrumb","itemListElement":[{"@type":"ListItem","position":1,"name":"Home","item":"https:\/\/sunonusa.pulsechat.com\/es\/?page_id=12550"},{"@type":"ListItem","position":2,"name":"Aplicaciones","item":"https:\/\/sunonusa.pulsechat.com\/es\/applications\/"},{"@type":"ListItem","position":3,"name":"Telecom"}]},{"@type":"WebSite","@id":"https:\/\/sunonusa.pulsechat.com\/#website","url":"https:\/\/sunonusa.pulsechat.com\/","name":"Sunon Inc.","description":"","publisher":{"@id":"https:\/\/sunonusa.pulsechat.com\/#organization"},"potentialAction":[{"@type":"SearchAction","target":{"@type":"EntryPoint","urlTemplate":"https:\/\/sunonusa.pulsechat.com\/?s={search_term_string}"},"query-input":"required name=search_term_string"}],"inLanguage":"es"},{"@type":"Organization","@id":"https:\/\/sunonusa.pulsechat.com\/#organization","name":"Sunon USA","url":"https:\/\/sunonusa.pulsechat.com\/","logo":{"@type":"ImageObject","inLanguage":"es","@id":"https:\/\/sunonusa.pulsechat.com\/#\/schema\/logo\/image\/","url":"https:\/\/www.sunonusa.com\/wp-content\/uploads\/2015\/11\/sunon-logo-1.jpg","contentUrl":"https:\/\/www.sunonusa.com\/wp-content\/uploads\/2015\/11\/sunon-logo-1.jpg","width":565,"height":109,"caption":"Sunon USA"},"image":{"@id":"https:\/\/sunonusa.pulsechat.com\/#\/schema\/logo\/image\/"}}]}},"_links":{"self":[{"href":"https:\/\/sunonusa.pulsechat.com\/es\/wp-json\/wp\/v2\/pages\/3842","targetHints":{"allow":["GET"]}}],"collection":[{"href":"https:\/\/sunonusa.pulsechat.com\/es\/wp-json\/wp\/v2\/pages"}],"about":[{"href":"https:\/\/sunonusa.pulsechat.com\/es\/wp-json\/wp\/v2\/types\/page"}],"author":[{"embeddable":true,"href":"https:\/\/sunonusa.pulsechat.com\/es\/wp-json\/wp\/v2\/users\/7"}],"replies":[{"embeddable":true,"href":"https:\/\/sunonusa.pulsechat.com\/es\/wp-json\/wp\/v2\/comments?post=3842"}],"version-history":[{"count":0,"href":"https:\/\/sunonusa.pulsechat.com\/es\/wp-json\/wp\/v2\/pages\/3842\/revisions"}],"up":[{"embeddable":true,"href":"https:\/\/sunonusa.pulsechat.com\/es\/wp-json\/wp\/v2\/pages\/3711"}],"wp:attachment":[{"href":"https:\/\/sunonusa.pulsechat.com\/es\/wp-json\/wp\/v2\/media?parent=3842"}],"curies":[{"name":"wp","href":"https:\/\/api.w.org\/{rel}","templated":true}]}}