{"id":3803,"date":"2015-08-19T16:00:35","date_gmt":"2015-08-19T16:00:35","guid":{"rendered":"https:\/\/www.sunonusa.com\/engineering-lab\/"},"modified":"2018-07-17T12:21:31","modified_gmt":"2018-07-17T19:21:31","slug":"engineering-lab","status":"publish","type":"page","link":"https:\/\/sunonusa.pulsechat.com\/es\/engineering-lab\/","title":{"rendered":"Laboratorio de ingenier\u00eda"},"content":{"rendered":"<h6>Lo \u00faltimo en la industria<\/h6>\n<p><img loading=\"lazy\" decoding=\"async\" class=\"alignright wp-image-1476 size-full\" src=\"https:\/\/www.sunonusa.com\/wp-content\/uploads\/2015\/08\/eng_lrgmachine.jpg\" alt=\"eng_lrgmachine\" width=\"163\" height=\"265\" \/>El departamento de I + D forma la base fundamental de Sunon. La innovaci\u00f3n siempre ha sido nuestro \u00e9nfasis y fortaleza.<\/p>\n<p>En nuestros laboratorios, creamos soluciones para nuestros clientes para ayudarlos a combatir sus problemas cada vez m\u00e1s complejos relacionados con el calor.<\/p>\n<p>Hemos acumulado las habilidades de m\u00e1s de 400 ingenieros, ubicados en Taiw\u00e1n y en las distintas filiales en todo el mundo, para ofrecer un soporte sin igual a nuestros clientes.<\/p>\n<p><img loading=\"lazy\" decoding=\"async\" class=\"alignleft wp-image-1478 size-full\" src=\"https:\/\/www.sunonusa.com\/wp-content\/uploads\/2015\/08\/eng_machine2.jpg\" alt=\"eng_machine2\" width=\"234\" height=\"168\" \/>En el laboratorio de los EE. UU., ubicado en Brea, California, nuestra misi\u00f3n es responder a las demandas espec\u00edficas relacionadas con los mercados americanos, desde Canad\u00e1 en el norte hasta el extremo sur de Chile y Argentina.<\/p>\n<p>&nbsp;<\/p>\n<p>Nuestro enfoque es:<\/p>\n<ul>\n<li>Responder a preguntas t\u00e9cnicas y brindar asistencia de dise\u00f1o en tiempo real.<\/li>\n<li>Analizar y evaluar la necesidad del cliente para proporcionar la soluci\u00f3n m\u00e1s personalizada para su aplicaci\u00f3n.<\/li>\n<li>Cooperar estrechamente en la investigaci\u00f3n y desarrollo de los nuevos productos en colaboraci\u00f3n con el departamento de I + D de la sede taiwanesa.<\/li>\n<\/ul>\n<p><img loading=\"lazy\" decoding=\"async\" class=\"alignright wp-image-1482 size-full\" src=\"https:\/\/www.sunonusa.com\/wp-content\/uploads\/2015\/08\/eng_machine.jpg\" alt=\"eng_machine\" width=\"150\" height=\"171\" \/>Nuestro laboratorio en California cuenta con equipos de \u00faltima generaci\u00f3n que nos permiten ofrecer:<\/p>\n<ul>\n<li>Ventiladores controlados t\u00e9rmicamente.<\/li>\n<li>Ventiladores de modulaci\u00f3n de ancho de pulso (PWM)<br \/>\nVentiladores de velocidad a medida.<\/li>\n<li>Placas de circuito impreso (PCB) dise\u00f1adas a medida para ventiladores t\u00e9rmicos o controlados por PWM.<\/li>\n<li>Pruebas de temperatura ambiente controlado.<\/li>\n<li>Flujo de aire preciso y prueba de presi\u00f3n est\u00e1tica.<\/li>\n<li>Dise\u00f1o personalizado de bobinados de motor \u00fanicos.<\/li>\n<\/ul>\n<p>&nbsp;<\/p>\n","protected":false},"excerpt":{"rendered":"<p>Lo \u00faltimo en la industria El departamento de I + D forma la base fundamental de Sunon. La innovaci\u00f3n siempre ha sido nuestro \u00e9nfasis y fortaleza. En nuestros laboratorios, creamos soluciones para nuestros clientes para ayudarlos a combatir sus problemas cada vez m\u00e1s complejos relacionados con el calor. Hemos acumulado las habilidades de m\u00e1s de [&hellip;]<\/p>\n","protected":false},"author":7,"featured_media":0,"parent":0,"menu_order":0,"comment_status":"closed","ping_status":"closed","template":"","meta":{"_et_pb_use_builder":"","_et_pb_old_content":"","_et_gb_content_width":"","_monsterinsights_skip_tracking":false,"_monsterinsights_sitenote_active":false,"_monsterinsights_sitenote_note":"","_monsterinsights_sitenote_category":0,"ngg_post_thumbnail":0,"footnotes":""},"class_list":["post-3803","page","type-page","status-publish","hentry","wpautop"],"yoast_head":"<!-- This site is optimized with the Yoast SEO plugin v22.8 - https:\/\/yoast.com\/wordpress\/plugins\/seo\/ -->\n<title>Laboratorio de ingenier\u00eda | Sunon Inc.<\/title>\n<meta name=\"robots\" content=\"noindex, follow, max-snippet:-1, max-image-preview:large, max-video-preview:-1\" \/>\n<meta property=\"og:locale\" content=\"es_ES\" \/>\n<meta property=\"og:type\" content=\"article\" \/>\n<meta property=\"og:title\" content=\"Laboratorio de ingenier\u00eda | Sunon Inc.\" \/>\n<meta property=\"og:description\" content=\"Lo \u00faltimo en la industria El departamento de I + D forma la base fundamental de Sunon. La innovaci\u00f3n siempre ha sido nuestro \u00e9nfasis y fortaleza. En nuestros laboratorios, creamos soluciones para nuestros clientes para ayudarlos a combatir sus problemas cada vez m\u00e1s complejos relacionados con el calor. Hemos acumulado las habilidades de m\u00e1s de [&hellip;]\" \/>\n<meta property=\"og:url\" content=\"https:\/\/sunonusa.pulsechat.com\/es\/engineering-lab\/\" \/>\n<meta property=\"og:site_name\" content=\"Sunon Inc.\" \/>\n<meta property=\"article:modified_time\" content=\"2018-07-17T19:21:31+00:00\" \/>\n<meta property=\"og:image\" content=\"https:\/\/www.sunonusa.com\/wp-content\/uploads\/2015\/08\/eng_lrgmachine.jpg\" \/>\n<meta name=\"twitter:card\" content=\"summary_large_image\" \/>\n<meta name=\"twitter:label1\" content=\"Tiempo de lectura\" \/>\n\t<meta name=\"twitter:data1\" content=\"1 minuto\" \/>\n<script type=\"application\/ld+json\" class=\"yoast-schema-graph\">{\"@context\":\"https:\/\/schema.org\",\"@graph\":[{\"@type\":\"WebPage\",\"@id\":\"https:\/\/sunonusa.pulsechat.com\/es\/engineering-lab\/\",\"url\":\"https:\/\/sunonusa.pulsechat.com\/es\/engineering-lab\/\",\"name\":\"Laboratorio de ingenier\u00eda | Sunon Inc.\",\"isPartOf\":{\"@id\":\"https:\/\/sunonusa.pulsechat.com\/#website\"},\"primaryImageOfPage\":{\"@id\":\"https:\/\/sunonusa.pulsechat.com\/es\/engineering-lab\/#primaryimage\"},\"image\":{\"@id\":\"https:\/\/sunonusa.pulsechat.com\/es\/engineering-lab\/#primaryimage\"},\"thumbnailUrl\":\"https:\/\/www.sunonusa.com\/wp-content\/uploads\/2015\/08\/eng_lrgmachine.jpg\",\"datePublished\":\"2015-08-19T16:00:35+00:00\",\"dateModified\":\"2018-07-17T19:21:31+00:00\",\"breadcrumb\":{\"@id\":\"https:\/\/sunonusa.pulsechat.com\/es\/engineering-lab\/#breadcrumb\"},\"inLanguage\":\"es\",\"potentialAction\":[{\"@type\":\"ReadAction\",\"target\":[\"https:\/\/sunonusa.pulsechat.com\/es\/engineering-lab\/\"]}]},{\"@type\":\"ImageObject\",\"inLanguage\":\"es\",\"@id\":\"https:\/\/sunonusa.pulsechat.com\/es\/engineering-lab\/#primaryimage\",\"url\":\"https:\/\/www.sunonusa.com\/wp-content\/uploads\/2015\/08\/eng_lrgmachine.jpg\",\"contentUrl\":\"https:\/\/www.sunonusa.com\/wp-content\/uploads\/2015\/08\/eng_lrgmachine.jpg\"},{\"@type\":\"BreadcrumbList\",\"@id\":\"https:\/\/sunonusa.pulsechat.com\/es\/engineering-lab\/#breadcrumb\",\"itemListElement\":[{\"@type\":\"ListItem\",\"position\":1,\"name\":\"Home\",\"item\":\"https:\/\/sunonusa.pulsechat.com\/es\/?page_id=12550\"},{\"@type\":\"ListItem\",\"position\":2,\"name\":\"Laboratorio de ingenier\u00eda\"}]},{\"@type\":\"WebSite\",\"@id\":\"https:\/\/sunonusa.pulsechat.com\/#website\",\"url\":\"https:\/\/sunonusa.pulsechat.com\/\",\"name\":\"Sunon Inc.\",\"description\":\"\",\"publisher\":{\"@id\":\"https:\/\/sunonusa.pulsechat.com\/#organization\"},\"potentialAction\":[{\"@type\":\"SearchAction\",\"target\":{\"@type\":\"EntryPoint\",\"urlTemplate\":\"https:\/\/sunonusa.pulsechat.com\/?s={search_term_string}\"},\"query-input\":\"required name=search_term_string\"}],\"inLanguage\":\"es\"},{\"@type\":\"Organization\",\"@id\":\"https:\/\/sunonusa.pulsechat.com\/#organization\",\"name\":\"Sunon USA\",\"url\":\"https:\/\/sunonusa.pulsechat.com\/\",\"logo\":{\"@type\":\"ImageObject\",\"inLanguage\":\"es\",\"@id\":\"https:\/\/sunonusa.pulsechat.com\/#\/schema\/logo\/image\/\",\"url\":\"https:\/\/www.sunonusa.com\/wp-content\/uploads\/2015\/11\/sunon-logo-1.jpg\",\"contentUrl\":\"https:\/\/www.sunonusa.com\/wp-content\/uploads\/2015\/11\/sunon-logo-1.jpg\",\"width\":565,\"height\":109,\"caption\":\"Sunon USA\"},\"image\":{\"@id\":\"https:\/\/sunonusa.pulsechat.com\/#\/schema\/logo\/image\/\"}}]}<\/script>\n<!-- \/ Yoast SEO plugin. -->","yoast_head_json":{"title":"Laboratorio de ingenier\u00eda | Sunon Inc.","robots":{"index":"noindex","follow":"follow","max-snippet":"max-snippet:-1","max-image-preview":"max-image-preview:large","max-video-preview":"max-video-preview:-1"},"og_locale":"es_ES","og_type":"article","og_title":"Laboratorio de ingenier\u00eda | Sunon Inc.","og_description":"Lo \u00faltimo en la industria El departamento de I + D forma la base fundamental de Sunon. La innovaci\u00f3n siempre ha sido nuestro \u00e9nfasis y fortaleza. En nuestros laboratorios, creamos soluciones para nuestros clientes para ayudarlos a combatir sus problemas cada vez m\u00e1s complejos relacionados con el calor. Hemos acumulado las habilidades de m\u00e1s de [&hellip;]","og_url":"https:\/\/sunonusa.pulsechat.com\/es\/engineering-lab\/","og_site_name":"Sunon Inc.","article_modified_time":"2018-07-17T19:21:31+00:00","og_image":[{"url":"https:\/\/www.sunonusa.com\/wp-content\/uploads\/2015\/08\/eng_lrgmachine.jpg"}],"twitter_card":"summary_large_image","twitter_misc":{"Tiempo de lectura":"1 minuto"},"schema":{"@context":"https:\/\/schema.org","@graph":[{"@type":"WebPage","@id":"https:\/\/sunonusa.pulsechat.com\/es\/engineering-lab\/","url":"https:\/\/sunonusa.pulsechat.com\/es\/engineering-lab\/","name":"Laboratorio de ingenier\u00eda | Sunon Inc.","isPartOf":{"@id":"https:\/\/sunonusa.pulsechat.com\/#website"},"primaryImageOfPage":{"@id":"https:\/\/sunonusa.pulsechat.com\/es\/engineering-lab\/#primaryimage"},"image":{"@id":"https:\/\/sunonusa.pulsechat.com\/es\/engineering-lab\/#primaryimage"},"thumbnailUrl":"https:\/\/www.sunonusa.com\/wp-content\/uploads\/2015\/08\/eng_lrgmachine.jpg","datePublished":"2015-08-19T16:00:35+00:00","dateModified":"2018-07-17T19:21:31+00:00","breadcrumb":{"@id":"https:\/\/sunonusa.pulsechat.com\/es\/engineering-lab\/#breadcrumb"},"inLanguage":"es","potentialAction":[{"@type":"ReadAction","target":["https:\/\/sunonusa.pulsechat.com\/es\/engineering-lab\/"]}]},{"@type":"ImageObject","inLanguage":"es","@id":"https:\/\/sunonusa.pulsechat.com\/es\/engineering-lab\/#primaryimage","url":"https:\/\/www.sunonusa.com\/wp-content\/uploads\/2015\/08\/eng_lrgmachine.jpg","contentUrl":"https:\/\/www.sunonusa.com\/wp-content\/uploads\/2015\/08\/eng_lrgmachine.jpg"},{"@type":"BreadcrumbList","@id":"https:\/\/sunonusa.pulsechat.com\/es\/engineering-lab\/#breadcrumb","itemListElement":[{"@type":"ListItem","position":1,"name":"Home","item":"https:\/\/sunonusa.pulsechat.com\/es\/?page_id=12550"},{"@type":"ListItem","position":2,"name":"Laboratorio de ingenier\u00eda"}]},{"@type":"WebSite","@id":"https:\/\/sunonusa.pulsechat.com\/#website","url":"https:\/\/sunonusa.pulsechat.com\/","name":"Sunon Inc.","description":"","publisher":{"@id":"https:\/\/sunonusa.pulsechat.com\/#organization"},"potentialAction":[{"@type":"SearchAction","target":{"@type":"EntryPoint","urlTemplate":"https:\/\/sunonusa.pulsechat.com\/?s={search_term_string}"},"query-input":"required name=search_term_string"}],"inLanguage":"es"},{"@type":"Organization","@id":"https:\/\/sunonusa.pulsechat.com\/#organization","name":"Sunon USA","url":"https:\/\/sunonusa.pulsechat.com\/","logo":{"@type":"ImageObject","inLanguage":"es","@id":"https:\/\/sunonusa.pulsechat.com\/#\/schema\/logo\/image\/","url":"https:\/\/www.sunonusa.com\/wp-content\/uploads\/2015\/11\/sunon-logo-1.jpg","contentUrl":"https:\/\/www.sunonusa.com\/wp-content\/uploads\/2015\/11\/sunon-logo-1.jpg","width":565,"height":109,"caption":"Sunon USA"},"image":{"@id":"https:\/\/sunonusa.pulsechat.com\/#\/schema\/logo\/image\/"}}]}},"_links":{"self":[{"href":"https:\/\/sunonusa.pulsechat.com\/es\/wp-json\/wp\/v2\/pages\/3803","targetHints":{"allow":["GET"]}}],"collection":[{"href":"https:\/\/sunonusa.pulsechat.com\/es\/wp-json\/wp\/v2\/pages"}],"about":[{"href":"https:\/\/sunonusa.pulsechat.com\/es\/wp-json\/wp\/v2\/types\/page"}],"author":[{"embeddable":true,"href":"https:\/\/sunonusa.pulsechat.com\/es\/wp-json\/wp\/v2\/users\/7"}],"replies":[{"embeddable":true,"href":"https:\/\/sunonusa.pulsechat.com\/es\/wp-json\/wp\/v2\/comments?post=3803"}],"version-history":[{"count":0,"href":"https:\/\/sunonusa.pulsechat.com\/es\/wp-json\/wp\/v2\/pages\/3803\/revisions"}],"wp:attachment":[{"href":"https:\/\/sunonusa.pulsechat.com\/es\/wp-json\/wp\/v2\/media?parent=3803"}],"curies":[{"name":"wp","href":"https:\/\/api.w.org\/{rel}","templated":true}]}}