{"id":3790,"date":"2015-08-19T15:09:18","date_gmt":"2015-08-19T15:09:18","guid":{"rendered":"https:\/\/www.sunonusa.com\/emi-resolution\/"},"modified":"2018-07-17T12:03:47","modified_gmt":"2018-07-17T19:03:47","slug":"emi-resolution","status":"publish","type":"page","link":"https:\/\/sunonusa.pulsechat.com\/es\/emi-resolution\/","title":{"rendered":"Resoluci\u00f3n de la interferencia electromagn\u00e9tica"},"content":{"rendered":"<h4>Interferencia Electromagn\u00e9tica<\/h4>\n<p>Hay dos tipos de interferencia electromagn\u00e9tica (EMI), referidas por energ\u00edas de interferencia no deseadas conducidas como corrientes o radiadas como campos electromagn\u00e9ticos. Las agencias, como la Comisi\u00f3n Federal de Comunicaciones (FCC) y Verband Deutscher Elektrotechniker (VDE), han establecido normas que rigen las emisiones de interferencia electromagn\u00e9tica. Es importante que los ingenieros filtren el ruido o eliminen los bucles de tierra. Si se resuelve a nivel inicial del dise\u00f1o del ventilador, un condensador de derivaci\u00f3n simple o un cord\u00f3n de ferrita puede mejorar el problema  de interferencia electromagn\u00e9tico.<\/p>\n","protected":false},"excerpt":{"rendered":"<p>Interferencia Electromagn\u00e9tica Hay dos tipos de interferencia electromagn\u00e9tica (EMI), referidas por energ\u00edas de interferencia no deseadas conducidas como corrientes o radiadas como campos electromagn\u00e9ticos. Las agencias, como la Comisi\u00f3n Federal de Comunicaciones (FCC) y Verband Deutscher Elektrotechniker (VDE), han establecido normas que rigen las emisiones de interferencia electromagn\u00e9tica. Es importante que los ingenieros filtren el [&hellip;]<\/p>\n","protected":false},"author":7,"featured_media":0,"parent":0,"menu_order":0,"comment_status":"closed","ping_status":"closed","template":"","meta":{"_et_pb_use_builder":"","_et_pb_old_content":"","_et_gb_content_width":"","_monsterinsights_skip_tracking":false,"_monsterinsights_sitenote_active":false,"_monsterinsights_sitenote_note":"","_monsterinsights_sitenote_category":0,"ngg_post_thumbnail":0,"footnotes":""},"class_list":["post-3790","page","type-page","status-publish","hentry","wpautop"],"yoast_head":"<!-- This site is optimized with the Yoast SEO plugin v22.8 - https:\/\/yoast.com\/wordpress\/plugins\/seo\/ -->\n<title>Resoluci\u00f3n de la interferencia electromagn\u00e9tica | Sunon Inc.<\/title>\n<meta name=\"robots\" content=\"noindex, follow, max-snippet:-1, max-image-preview:large, max-video-preview:-1\" \/>\n<meta property=\"og:locale\" content=\"es_ES\" \/>\n<meta property=\"og:type\" content=\"article\" \/>\n<meta property=\"og:title\" content=\"Resoluci\u00f3n de la interferencia electromagn\u00e9tica | Sunon Inc.\" \/>\n<meta property=\"og:description\" content=\"Interferencia Electromagn\u00e9tica Hay dos tipos de interferencia electromagn\u00e9tica (EMI), referidas por energ\u00edas de interferencia no deseadas conducidas como corrientes o radiadas como campos electromagn\u00e9ticos. Las agencias, como la Comisi\u00f3n Federal de Comunicaciones (FCC) y Verband Deutscher Elektrotechniker (VDE), han establecido normas que rigen las emisiones de interferencia electromagn\u00e9tica. Es importante que los ingenieros filtren el [&hellip;]\" \/>\n<meta property=\"og:url\" content=\"https:\/\/sunonusa.pulsechat.com\/es\/emi-resolution\/\" \/>\n<meta property=\"og:site_name\" content=\"Sunon Inc.\" \/>\n<meta property=\"article:modified_time\" content=\"2018-07-17T19:03:47+00:00\" \/>\n<meta property=\"og:image\" content=\"https:\/\/sunonusa.pulsechat.com\/wp-content\/uploads\/2015\/11\/sunon-logo-1.jpg\" \/>\n\t<meta property=\"og:image:width\" content=\"565\" \/>\n\t<meta property=\"og:image:height\" content=\"109\" \/>\n\t<meta property=\"og:image:type\" content=\"image\/jpeg\" \/>\n<meta name=\"twitter:card\" content=\"summary_large_image\" \/>\n<script type=\"application\/ld+json\" class=\"yoast-schema-graph\">{\"@context\":\"https:\/\/schema.org\",\"@graph\":[{\"@type\":\"WebPage\",\"@id\":\"https:\/\/sunonusa.pulsechat.com\/es\/emi-resolution\/\",\"url\":\"https:\/\/sunonusa.pulsechat.com\/es\/emi-resolution\/\",\"name\":\"Resoluci\u00f3n de la interferencia electromagn\u00e9tica | Sunon Inc.\",\"isPartOf\":{\"@id\":\"https:\/\/sunonusa.pulsechat.com\/#website\"},\"datePublished\":\"2015-08-19T15:09:18+00:00\",\"dateModified\":\"2018-07-17T19:03:47+00:00\",\"breadcrumb\":{\"@id\":\"https:\/\/sunonusa.pulsechat.com\/es\/emi-resolution\/#breadcrumb\"},\"inLanguage\":\"es\",\"potentialAction\":[{\"@type\":\"ReadAction\",\"target\":[\"https:\/\/sunonusa.pulsechat.com\/es\/emi-resolution\/\"]}]},{\"@type\":\"BreadcrumbList\",\"@id\":\"https:\/\/sunonusa.pulsechat.com\/es\/emi-resolution\/#breadcrumb\",\"itemListElement\":[{\"@type\":\"ListItem\",\"position\":1,\"name\":\"Home\",\"item\":\"https:\/\/sunonusa.pulsechat.com\/es\/?page_id=12550\"},{\"@type\":\"ListItem\",\"position\":2,\"name\":\"Resoluci\u00f3n de la interferencia electromagn\u00e9tica\"}]},{\"@type\":\"WebSite\",\"@id\":\"https:\/\/sunonusa.pulsechat.com\/#website\",\"url\":\"https:\/\/sunonusa.pulsechat.com\/\",\"name\":\"Sunon Inc.\",\"description\":\"\",\"publisher\":{\"@id\":\"https:\/\/sunonusa.pulsechat.com\/#organization\"},\"potentialAction\":[{\"@type\":\"SearchAction\",\"target\":{\"@type\":\"EntryPoint\",\"urlTemplate\":\"https:\/\/sunonusa.pulsechat.com\/?s={search_term_string}\"},\"query-input\":\"required name=search_term_string\"}],\"inLanguage\":\"es\"},{\"@type\":\"Organization\",\"@id\":\"https:\/\/sunonusa.pulsechat.com\/#organization\",\"name\":\"Sunon USA\",\"url\":\"https:\/\/sunonusa.pulsechat.com\/\",\"logo\":{\"@type\":\"ImageObject\",\"inLanguage\":\"es\",\"@id\":\"https:\/\/sunonusa.pulsechat.com\/#\/schema\/logo\/image\/\",\"url\":\"https:\/\/www.sunonusa.com\/wp-content\/uploads\/2015\/11\/sunon-logo-1.jpg\",\"contentUrl\":\"https:\/\/www.sunonusa.com\/wp-content\/uploads\/2015\/11\/sunon-logo-1.jpg\",\"width\":565,\"height\":109,\"caption\":\"Sunon USA\"},\"image\":{\"@id\":\"https:\/\/sunonusa.pulsechat.com\/#\/schema\/logo\/image\/\"}}]}<\/script>\n<!-- \/ Yoast SEO plugin. -->","yoast_head_json":{"title":"Resoluci\u00f3n de la interferencia electromagn\u00e9tica | Sunon Inc.","robots":{"index":"noindex","follow":"follow","max-snippet":"max-snippet:-1","max-image-preview":"max-image-preview:large","max-video-preview":"max-video-preview:-1"},"og_locale":"es_ES","og_type":"article","og_title":"Resoluci\u00f3n de la interferencia electromagn\u00e9tica | Sunon Inc.","og_description":"Interferencia Electromagn\u00e9tica Hay dos tipos de interferencia electromagn\u00e9tica (EMI), referidas por energ\u00edas de interferencia no deseadas conducidas como corrientes o radiadas como campos electromagn\u00e9ticos. Las agencias, como la Comisi\u00f3n Federal de Comunicaciones (FCC) y Verband Deutscher Elektrotechniker (VDE), han establecido normas que rigen las emisiones de interferencia electromagn\u00e9tica. Es importante que los ingenieros filtren el [&hellip;]","og_url":"https:\/\/sunonusa.pulsechat.com\/es\/emi-resolution\/","og_site_name":"Sunon Inc.","article_modified_time":"2018-07-17T19:03:47+00:00","og_image":[{"width":565,"height":109,"url":"https:\/\/sunonusa.pulsechat.com\/wp-content\/uploads\/2015\/11\/sunon-logo-1.jpg","type":"image\/jpeg"}],"twitter_card":"summary_large_image","schema":{"@context":"https:\/\/schema.org","@graph":[{"@type":"WebPage","@id":"https:\/\/sunonusa.pulsechat.com\/es\/emi-resolution\/","url":"https:\/\/sunonusa.pulsechat.com\/es\/emi-resolution\/","name":"Resoluci\u00f3n de la interferencia electromagn\u00e9tica | Sunon Inc.","isPartOf":{"@id":"https:\/\/sunonusa.pulsechat.com\/#website"},"datePublished":"2015-08-19T15:09:18+00:00","dateModified":"2018-07-17T19:03:47+00:00","breadcrumb":{"@id":"https:\/\/sunonusa.pulsechat.com\/es\/emi-resolution\/#breadcrumb"},"inLanguage":"es","potentialAction":[{"@type":"ReadAction","target":["https:\/\/sunonusa.pulsechat.com\/es\/emi-resolution\/"]}]},{"@type":"BreadcrumbList","@id":"https:\/\/sunonusa.pulsechat.com\/es\/emi-resolution\/#breadcrumb","itemListElement":[{"@type":"ListItem","position":1,"name":"Home","item":"https:\/\/sunonusa.pulsechat.com\/es\/?page_id=12550"},{"@type":"ListItem","position":2,"name":"Resoluci\u00f3n de la interferencia electromagn\u00e9tica"}]},{"@type":"WebSite","@id":"https:\/\/sunonusa.pulsechat.com\/#website","url":"https:\/\/sunonusa.pulsechat.com\/","name":"Sunon Inc.","description":"","publisher":{"@id":"https:\/\/sunonusa.pulsechat.com\/#organization"},"potentialAction":[{"@type":"SearchAction","target":{"@type":"EntryPoint","urlTemplate":"https:\/\/sunonusa.pulsechat.com\/?s={search_term_string}"},"query-input":"required name=search_term_string"}],"inLanguage":"es"},{"@type":"Organization","@id":"https:\/\/sunonusa.pulsechat.com\/#organization","name":"Sunon USA","url":"https:\/\/sunonusa.pulsechat.com\/","logo":{"@type":"ImageObject","inLanguage":"es","@id":"https:\/\/sunonusa.pulsechat.com\/#\/schema\/logo\/image\/","url":"https:\/\/www.sunonusa.com\/wp-content\/uploads\/2015\/11\/sunon-logo-1.jpg","contentUrl":"https:\/\/www.sunonusa.com\/wp-content\/uploads\/2015\/11\/sunon-logo-1.jpg","width":565,"height":109,"caption":"Sunon USA"},"image":{"@id":"https:\/\/sunonusa.pulsechat.com\/#\/schema\/logo\/image\/"}}]}},"_links":{"self":[{"href":"https:\/\/sunonusa.pulsechat.com\/es\/wp-json\/wp\/v2\/pages\/3790","targetHints":{"allow":["GET"]}}],"collection":[{"href":"https:\/\/sunonusa.pulsechat.com\/es\/wp-json\/wp\/v2\/pages"}],"about":[{"href":"https:\/\/sunonusa.pulsechat.com\/es\/wp-json\/wp\/v2\/types\/page"}],"author":[{"embeddable":true,"href":"https:\/\/sunonusa.pulsechat.com\/es\/wp-json\/wp\/v2\/users\/7"}],"replies":[{"embeddable":true,"href":"https:\/\/sunonusa.pulsechat.com\/es\/wp-json\/wp\/v2\/comments?post=3790"}],"version-history":[{"count":0,"href":"https:\/\/sunonusa.pulsechat.com\/es\/wp-json\/wp\/v2\/pages\/3790\/revisions"}],"wp:attachment":[{"href":"https:\/\/sunonusa.pulsechat.com\/es\/wp-json\/wp\/v2\/media?parent=3790"}],"curies":[{"name":"wp","href":"https:\/\/api.w.org\/{rel}","templated":true}]}}