{"id":3784,"date":"2015-08-19T15:07:09","date_gmt":"2015-08-19T15:07:09","guid":{"rendered":"https:\/\/www.sunonusa.com\/low-noise-design\/"},"modified":"2018-07-17T11:34:58","modified_gmt":"2018-07-17T18:34:58","slug":"low-noise-design","status":"publish","type":"page","link":"https:\/\/sunonusa.pulsechat.com\/es\/low-noise-design\/","title":{"rendered":"Dise\u00f1o de bajo ruido"},"content":{"rendered":"<h4>Nivel de ruido auditivo<\/h4>\n<p><img loading=\"lazy\" decoding=\"async\" class=\"alignright wp-image-1438 size-full\" src=\"https:\/\/www.sunonusa.com\/wp-content\/uploads\/2015\/08\/emi_drawing.gif\" alt=\"emi_drawing\" width=\"240\" height=\"95\" \/>La medici\u00f3n del sonido ac\u00fastico de los ventiladores SUNON se realiza en una sala anecoica con un ruido de fondo inferior a 15 dBA. El ventilador medido funciona al aire libre con un micr\u00f3fono a una distancia de un metro de la entrada del ventilador.<\/p>\n<p>El nivel de presi\u00f3n ac\u00fastica (SPL, por sus siglas en ingl\u00e9s), que es ambientalmente dependiente, y el nivel de potencia ac\u00fastica (SPL) se definen de la siguiente manera:<\/p>\n<p>SPL = 20\u00a1\u00ea P\u00a1\u00fePref and SWL = 10\u00a1\u00ea W\u00a1\u00feWref<\/p>\n<p>donde,<\/p>\n<ul>\n<li>P = Presi\u00f3n<\/li>\n<li>Pref = Una presi\u00f3n de referencia<\/li>\n<li>W = Potencia ac\u00fastica de la fuente<\/li>\n<li>Wref = Una potencia de referencia ac\u00fastica<\/li>\n<\/ul>\n<p>Los datos de ruido del ventilador usualmente se trazan como SPL contra las bandas de frecuencia de octava. A continuaci\u00f3n, se proporciona una indicaci\u00f3n del efecto de los cambios de dBA:<\/p>\n<ul>\n<li>3 dBA Quase Apenas perceptible<\/li>\n<li>5 dBA  Perceptible<\/li>\n<li>10 dBA Doble de fuerte<\/li>\n<\/ul>\n<p>Niveles de ruido:<\/p>\n<ul>\n<li>0 ~ 20 dBA Muy d\u00e9bil<\/li>\n<li>20 ~ 40 dBA D\u00e9bil<\/li>\n<li>40 ~ 60 dBA Moderado<\/li>\n<li>60 ~ 80 dBA Fuerte<\/li>\n<li>80 ~ 100 dBA Muy fuerte<\/li>\n<li>100 ~ 140 dBA Atronador<\/li>\n<\/ul>\n<h5>C\u00f3mo lograr un nivel bajo de ruido<\/h5>\n<p>Las siguientes cinco pautas brindan a los usuarios de ventiladores los mejores enfoques para minimizar el ruido del ventilador.<\/p>\n<ol>\n<li><strong>Impedancia del sistema <\/strong>De acuerdo a lo sabido, el \u00e1rea entre los puertos de entrada y de salida de un gabinete constituye entre el 60% y el 80% de la impedancia total del sistema. Adem\u00e1s, cuanto mayor sea el flujo de aire, mayor ser\u00e1 el nivel de ruido. Cuanto m\u00e1s alta es la impedancia total del sistema, m\u00e1s flujo de aire se requiere para proporcionar la refrigeraci\u00f3n necesaria. Por lo tanto, la impedancia del sistema se debe reducir al nivel m\u00e1s bajo posible para reducir el ruido al m\u00ednimo.<\/li>\n<li><strong>Disturbio de flujo <\/strong>Obstrucciones a lo largo del camino del flujo del ruido generado por el aire turbulento. Por lo tanto, se deben evitar las obstrucciones, especialmente en el \u00e1rea cr\u00edtica de entrada y salida, para reducir el nivel de ruido.<\/li>\n<li><strong>Velocidad y tama\u00f1o del ventilador  <\/strong>Dado que un ventilador de alta velocidad normalmente genera m\u00e1s ruido que un ventilador de baja velocidad, se debe probar y usar un ventilador de baja velocidad siempre que sea posible. Muy a menudo, un ventilador m\u00e1s grande y m\u00e1s lento es m\u00e1s silencioso que un ventilador m\u00e1s peque\u00f1o y m\u00e1s r\u00e1pido, y ambos proporcionan el mismo flujo de aire.<\/li>\n<li><strong>Aumento de la temperatura <\/strong>El flujo de aire es inversamente proporcional al aumento de temperatura permitido dentro de un sistema. Un peque\u00f1o cambio en el aumento de temperatura permitido conduce a un cambio significativo en el flujo de aire requerido. Por lo tanto, si hay un peque\u00f1o compromiso con el l\u00edmite impuesto sobre el aumento de temperatura permitido, habr\u00e1 una cantidad considerablemente menor de flujo de aire requerido. Como resultado, el ruido se reduce notablemente.<\/li>\n<li><strong>Vibraci\u00f3n <\/strong>En algunos casos, cuando el sistema es liviano o se especifica en algunos m\u00e9todos operativos, se recomienda un aislador suave y flexible para evitar la transmisi\u00f3n de vibraciones.<\/li>\n<li><strong>Variaci\u00f3n de voltaje <\/strong>La variaci\u00f3n de voltaje afecta el nivel de ruido ac\u00fastico. Cuando se aplica un voltaje m\u00e1s alto al ventilador, se genera una mayor vibraci\u00f3n debido al aumento de las revoluciones por minuto. Por lo tanto, se genera un nivel mayor de ruido.<\/li>\n<li><strong>Consideraciones de dise\u00f1o <\/strong>El dise\u00f1o de cada componente del ventilador afecta el nivel de ruido ac\u00fastico. Se pueden lograr bajos niveles de ruido por la dimensi\u00f3n del n\u00facleo del devanado, por el dise\u00f1o de las palas y la carcasa del impulsor, y por la fabricaci\u00f3n y el equilibrio de precisi\u00f3n.<\/li>\n<\/ol>\n","protected":false},"excerpt":{"rendered":"<p>Nivel de ruido auditivo La medici\u00f3n del sonido ac\u00fastico de los ventiladores SUNON se realiza en una sala anecoica con un ruido de fondo inferior a 15 dBA. El ventilador medido funciona al aire libre con un micr\u00f3fono a una distancia de un metro de la entrada del ventilador. El nivel de presi\u00f3n ac\u00fastica (SPL, [&hellip;]<\/p>\n","protected":false},"author":7,"featured_media":0,"parent":0,"menu_order":0,"comment_status":"closed","ping_status":"closed","template":"","meta":{"_et_pb_use_builder":"","_et_pb_old_content":"","_et_gb_content_width":"","_monsterinsights_skip_tracking":false,"_monsterinsights_sitenote_active":false,"_monsterinsights_sitenote_note":"","_monsterinsights_sitenote_category":0,"ngg_post_thumbnail":0,"footnotes":""},"class_list":["post-3784","page","type-page","status-publish","hentry","wpautop"],"yoast_head":"<!-- This site is optimized with the Yoast SEO plugin v22.8 - https:\/\/yoast.com\/wordpress\/plugins\/seo\/ -->\n<title>Dise\u00f1o de bajo ruido | Sunon Inc.<\/title>\n<meta name=\"robots\" content=\"noindex, follow, max-snippet:-1, max-image-preview:large, max-video-preview:-1\" \/>\n<meta property=\"og:locale\" content=\"es_ES\" \/>\n<meta property=\"og:type\" content=\"article\" \/>\n<meta property=\"og:title\" content=\"Dise\u00f1o de bajo ruido | Sunon Inc.\" \/>\n<meta property=\"og:description\" content=\"Nivel de ruido auditivo La medici\u00f3n del sonido ac\u00fastico de los ventiladores SUNON se realiza en una sala anecoica con un ruido de fondo inferior a 15 dBA. El ventilador medido funciona al aire libre con un micr\u00f3fono a una distancia de un metro de la entrada del ventilador. El nivel de presi\u00f3n ac\u00fastica (SPL, [&hellip;]\" \/>\n<meta property=\"og:url\" content=\"https:\/\/sunonusa.pulsechat.com\/es\/low-noise-design\/\" \/>\n<meta property=\"og:site_name\" content=\"Sunon Inc.\" \/>\n<meta property=\"article:modified_time\" content=\"2018-07-17T18:34:58+00:00\" \/>\n<meta property=\"og:image\" content=\"https:\/\/www.sunonusa.com\/wp-content\/uploads\/2015\/08\/emi_drawing.gif\" \/>\n<meta name=\"twitter:card\" content=\"summary_large_image\" \/>\n<meta name=\"twitter:label1\" content=\"Tiempo de lectura\" \/>\n\t<meta name=\"twitter:data1\" content=\"3 minutos\" \/>\n<script type=\"application\/ld+json\" class=\"yoast-schema-graph\">{\"@context\":\"https:\/\/schema.org\",\"@graph\":[{\"@type\":\"WebPage\",\"@id\":\"https:\/\/sunonusa.pulsechat.com\/es\/low-noise-design\/\",\"url\":\"https:\/\/sunonusa.pulsechat.com\/es\/low-noise-design\/\",\"name\":\"Dise\u00f1o de bajo ruido | Sunon Inc.\",\"isPartOf\":{\"@id\":\"https:\/\/sunonusa.pulsechat.com\/#website\"},\"primaryImageOfPage\":{\"@id\":\"https:\/\/sunonusa.pulsechat.com\/es\/low-noise-design\/#primaryimage\"},\"image\":{\"@id\":\"https:\/\/sunonusa.pulsechat.com\/es\/low-noise-design\/#primaryimage\"},\"thumbnailUrl\":\"https:\/\/www.sunonusa.com\/wp-content\/uploads\/2015\/08\/emi_drawing.gif\",\"datePublished\":\"2015-08-19T15:07:09+00:00\",\"dateModified\":\"2018-07-17T18:34:58+00:00\",\"breadcrumb\":{\"@id\":\"https:\/\/sunonusa.pulsechat.com\/es\/low-noise-design\/#breadcrumb\"},\"inLanguage\":\"es\",\"potentialAction\":[{\"@type\":\"ReadAction\",\"target\":[\"https:\/\/sunonusa.pulsechat.com\/es\/low-noise-design\/\"]}]},{\"@type\":\"ImageObject\",\"inLanguage\":\"es\",\"@id\":\"https:\/\/sunonusa.pulsechat.com\/es\/low-noise-design\/#primaryimage\",\"url\":\"https:\/\/www.sunonusa.com\/wp-content\/uploads\/2015\/08\/emi_drawing.gif\",\"contentUrl\":\"https:\/\/www.sunonusa.com\/wp-content\/uploads\/2015\/08\/emi_drawing.gif\"},{\"@type\":\"BreadcrumbList\",\"@id\":\"https:\/\/sunonusa.pulsechat.com\/es\/low-noise-design\/#breadcrumb\",\"itemListElement\":[{\"@type\":\"ListItem\",\"position\":1,\"name\":\"Home\",\"item\":\"https:\/\/sunonusa.pulsechat.com\/es\/?page_id=12550\"},{\"@type\":\"ListItem\",\"position\":2,\"name\":\"Dise\u00f1o de bajo ruido\"}]},{\"@type\":\"WebSite\",\"@id\":\"https:\/\/sunonusa.pulsechat.com\/#website\",\"url\":\"https:\/\/sunonusa.pulsechat.com\/\",\"name\":\"Sunon Inc.\",\"description\":\"\",\"publisher\":{\"@id\":\"https:\/\/sunonusa.pulsechat.com\/#organization\"},\"potentialAction\":[{\"@type\":\"SearchAction\",\"target\":{\"@type\":\"EntryPoint\",\"urlTemplate\":\"https:\/\/sunonusa.pulsechat.com\/?s={search_term_string}\"},\"query-input\":\"required name=search_term_string\"}],\"inLanguage\":\"es\"},{\"@type\":\"Organization\",\"@id\":\"https:\/\/sunonusa.pulsechat.com\/#organization\",\"name\":\"Sunon USA\",\"url\":\"https:\/\/sunonusa.pulsechat.com\/\",\"logo\":{\"@type\":\"ImageObject\",\"inLanguage\":\"es\",\"@id\":\"https:\/\/sunonusa.pulsechat.com\/#\/schema\/logo\/image\/\",\"url\":\"https:\/\/www.sunonusa.com\/wp-content\/uploads\/2015\/11\/sunon-logo-1.jpg\",\"contentUrl\":\"https:\/\/www.sunonusa.com\/wp-content\/uploads\/2015\/11\/sunon-logo-1.jpg\",\"width\":565,\"height\":109,\"caption\":\"Sunon USA\"},\"image\":{\"@id\":\"https:\/\/sunonusa.pulsechat.com\/#\/schema\/logo\/image\/\"}}]}<\/script>\n<!-- \/ Yoast SEO plugin. -->","yoast_head_json":{"title":"Dise\u00f1o de bajo ruido | Sunon Inc.","robots":{"index":"noindex","follow":"follow","max-snippet":"max-snippet:-1","max-image-preview":"max-image-preview:large","max-video-preview":"max-video-preview:-1"},"og_locale":"es_ES","og_type":"article","og_title":"Dise\u00f1o de bajo ruido | Sunon Inc.","og_description":"Nivel de ruido auditivo La medici\u00f3n del sonido ac\u00fastico de los ventiladores SUNON se realiza en una sala anecoica con un ruido de fondo inferior a 15 dBA. El ventilador medido funciona al aire libre con un micr\u00f3fono a una distancia de un metro de la entrada del ventilador. El nivel de presi\u00f3n ac\u00fastica (SPL, [&hellip;]","og_url":"https:\/\/sunonusa.pulsechat.com\/es\/low-noise-design\/","og_site_name":"Sunon Inc.","article_modified_time":"2018-07-17T18:34:58+00:00","og_image":[{"url":"https:\/\/www.sunonusa.com\/wp-content\/uploads\/2015\/08\/emi_drawing.gif"}],"twitter_card":"summary_large_image","twitter_misc":{"Tiempo de lectura":"3 minutos"},"schema":{"@context":"https:\/\/schema.org","@graph":[{"@type":"WebPage","@id":"https:\/\/sunonusa.pulsechat.com\/es\/low-noise-design\/","url":"https:\/\/sunonusa.pulsechat.com\/es\/low-noise-design\/","name":"Dise\u00f1o de bajo ruido | Sunon Inc.","isPartOf":{"@id":"https:\/\/sunonusa.pulsechat.com\/#website"},"primaryImageOfPage":{"@id":"https:\/\/sunonusa.pulsechat.com\/es\/low-noise-design\/#primaryimage"},"image":{"@id":"https:\/\/sunonusa.pulsechat.com\/es\/low-noise-design\/#primaryimage"},"thumbnailUrl":"https:\/\/www.sunonusa.com\/wp-content\/uploads\/2015\/08\/emi_drawing.gif","datePublished":"2015-08-19T15:07:09+00:00","dateModified":"2018-07-17T18:34:58+00:00","breadcrumb":{"@id":"https:\/\/sunonusa.pulsechat.com\/es\/low-noise-design\/#breadcrumb"},"inLanguage":"es","potentialAction":[{"@type":"ReadAction","target":["https:\/\/sunonusa.pulsechat.com\/es\/low-noise-design\/"]}]},{"@type":"ImageObject","inLanguage":"es","@id":"https:\/\/sunonusa.pulsechat.com\/es\/low-noise-design\/#primaryimage","url":"https:\/\/www.sunonusa.com\/wp-content\/uploads\/2015\/08\/emi_drawing.gif","contentUrl":"https:\/\/www.sunonusa.com\/wp-content\/uploads\/2015\/08\/emi_drawing.gif"},{"@type":"BreadcrumbList","@id":"https:\/\/sunonusa.pulsechat.com\/es\/low-noise-design\/#breadcrumb","itemListElement":[{"@type":"ListItem","position":1,"name":"Home","item":"https:\/\/sunonusa.pulsechat.com\/es\/?page_id=12550"},{"@type":"ListItem","position":2,"name":"Dise\u00f1o de bajo ruido"}]},{"@type":"WebSite","@id":"https:\/\/sunonusa.pulsechat.com\/#website","url":"https:\/\/sunonusa.pulsechat.com\/","name":"Sunon Inc.","description":"","publisher":{"@id":"https:\/\/sunonusa.pulsechat.com\/#organization"},"potentialAction":[{"@type":"SearchAction","target":{"@type":"EntryPoint","urlTemplate":"https:\/\/sunonusa.pulsechat.com\/?s={search_term_string}"},"query-input":"required name=search_term_string"}],"inLanguage":"es"},{"@type":"Organization","@id":"https:\/\/sunonusa.pulsechat.com\/#organization","name":"Sunon USA","url":"https:\/\/sunonusa.pulsechat.com\/","logo":{"@type":"ImageObject","inLanguage":"es","@id":"https:\/\/sunonusa.pulsechat.com\/#\/schema\/logo\/image\/","url":"https:\/\/www.sunonusa.com\/wp-content\/uploads\/2015\/11\/sunon-logo-1.jpg","contentUrl":"https:\/\/www.sunonusa.com\/wp-content\/uploads\/2015\/11\/sunon-logo-1.jpg","width":565,"height":109,"caption":"Sunon USA"},"image":{"@id":"https:\/\/sunonusa.pulsechat.com\/#\/schema\/logo\/image\/"}}]}},"_links":{"self":[{"href":"https:\/\/sunonusa.pulsechat.com\/es\/wp-json\/wp\/v2\/pages\/3784","targetHints":{"allow":["GET"]}}],"collection":[{"href":"https:\/\/sunonusa.pulsechat.com\/es\/wp-json\/wp\/v2\/pages"}],"about":[{"href":"https:\/\/sunonusa.pulsechat.com\/es\/wp-json\/wp\/v2\/types\/page"}],"author":[{"embeddable":true,"href":"https:\/\/sunonusa.pulsechat.com\/es\/wp-json\/wp\/v2\/users\/7"}],"replies":[{"embeddable":true,"href":"https:\/\/sunonusa.pulsechat.com\/es\/wp-json\/wp\/v2\/comments?post=3784"}],"version-history":[{"count":0,"href":"https:\/\/sunonusa.pulsechat.com\/es\/wp-json\/wp\/v2\/pages\/3784\/revisions"}],"wp:attachment":[{"href":"https:\/\/sunonusa.pulsechat.com\/es\/wp-json\/wp\/v2\/media?parent=3784"}],"curies":[{"name":"wp","href":"https:\/\/api.w.org\/{rel}","templated":true}]}}